{"id":146323,"date":"2023-05-23T12:14:10","date_gmt":"2023-05-23T09:14:10","guid":{"rendered":"https:\/\/medclinics.com\/mascara-cosmelan\/"},"modified":"2024-04-04T19:32:55","modified_gmt":"2024-04-04T16:32:55","slug":"mascara-cosmelan","status":"publish","type":"page","link":"https:\/\/medclinics.com\/es\/mascara-cosmelan\/","title":{"rendered":"M\u00e1scara Cosmelan"},"content":{"rendered":"\n<h2 class=\"wp-block-heading\">Adi\u00f3s a las manchas con Cosmelan Mask.<\/h2>\n\n<p>La mascarilla Cosmelan es un tratamiento cut\u00e1neo de alto nivel que combate <a href=\"https:\/\/en.wikipedia.org\/wiki\/Hyperpigmentation\" target=\"_blank\" rel=\"noopener\">la hiperpigmentaci\u00f3n<\/a>, <a href=\"https:\/\/en.wikipedia.org\/wiki\/Melasma\" target=\"_blank\" rel=\"noreferrer noopener\">el melasma<\/a> y otras formas de decoloraci\u00f3n con eficacia profesional. No es de extra\u00f1ar que este m\u00e9todo de despigmentaci\u00f3n se haya convertido en el preferido de dermat\u00f3logos y profesionales del cuidado de la piel.<\/p>\n\n<p>Este sistema en dos partes consta de una aplicaci\u00f3n inicial -la Mascarilla Cosmelan 1- seguida de un mantenimiento continuado con la Crema Cosmelan 2. As\u00ed es como funciona:<\/p>\n\n<p>En primer lugar, su experto profesional del cuidado de la piel aplicar\u00e1 la potente combinaci\u00f3n de ingredientes activos que se encuentran en la Mascarilla Cosmelan 1 para suprimir la producci\u00f3n de melanina (el pigmento responsable del color de nuestra piel), \u00a1al tiempo que inhibe tambi\u00e9n su enzima de s\u00edntesis! Despu\u00e9s de dejarlo actuar seg\u00fan le haya aconsejado su especialista, \u00a1tendr\u00e1 la piel completamente limpia y lista para seguir trat\u00e1ndose!<\/p>\n\n<p>Entra en escena por la izquierda: La crema de mantenimiento Cosmelen II, que ayuda a continuar el proceso de despigmentaci\u00f3n y previene futuras apariciones gracias al retinol, la vitamina C y la hidroquinona, que trabajan juntos de forma armoniosa para aclarar cualquier pigmento o mancha restante.<\/p>\n\n<p>Para obtener unos resultados \u00f3ptimos, siga utiliz\u00e1ndolo durante varias semanas despu\u00e9s de completar el primer paso: \u00a1su nuevo cutis resplandeciente le espera!<\/p>\n\n<h3 class=\"wp-block-heading\">Todo lo que necesita saber sobre el <a href=\"https:\/\/medclinics.com\/es\/belleza\/\" target=\"_blank\" rel=\"noreferrer noopener\">tratamiento de belleza<\/a>, incluido el precio, los cuidados posteriores y el proceso de curaci\u00f3n, o p\u00f3ngase <a href=\"#requestform\">en contacto con nosotros<\/a>.<\/h3>\n\n<h2 class=\"wp-block-heading\">PREGUNTAS FRECUENTES <\/h2>\n<div id=\"rank-math-faq\" class=\"rank-math-block\">\n<div class=\"rank-math-list \">\n<div id=\"faq-question-1684843677829\" class=\"rank-math-list-item\">\n<h3 class=\"rank-math-question \">\u00bfCosmelan es permanente?<\/h3>\n<div class=\"rank-math-answer \">\n\n<p>Cosmelan es un tratamiento despigmentante que puede proporcionar resultados duraderos, pero no es permanente. El mantenimiento y la protecci\u00f3n solar son necesarios para mantener los efectos. Pueden ser necesarios tratamientos de retoque peri\u00f3dicos.<\/p>\n\n<\/div>\n<\/div>\n<div id=\"faq-question-1684843808866\" class=\"rank-math-list-item\">\n<h3 class=\"rank-math-question \">\u00bfSe puede hacer cosmelan peel en casa?<\/h3>\n<div class=\"rank-math-answer \">\n\n<p>No, la exfoliaci\u00f3n Cosmelan no debe hacerse en casa. La solicitud implica un proceso de dos pasos que suele comenzar con una solicitud profesional en un entorno cl\u00ednico. La mascarilla inicial se deja sobre la piel durante varias horas o toda la noche, y a continuaci\u00f3n se utilizan productos espec\u00edficos de cuidado domiciliario para un mantenimiento continuo.<br \/>El peeling Cosmelan contiene potentes principios activos y requiere una aplicaci\u00f3n cuidadosa y el control de un profesional cualificado. Est\u00e1 dise\u00f1ado para tratar problemas espec\u00edficos de la piel, como el melasma o la hiperpigmentaci\u00f3n, y debe administrarse bajo la supervisi\u00f3n de un dermat\u00f3logo o un profesional cualificado del cuidado de la piel.<\/p>\n\n<\/div>\n<\/div>\n<\/div>\n<\/div>\n<p><\/p>\n\n<h3 class=\"wp-block-heading\">P\u00f3ngase en contacto con nosotros si tiene alguna pregunta.<\/h3>\n","protected":false},"excerpt":{"rendered":"<p>Adi\u00f3s a las manchas con Cosmelan Mask. La mascarilla Cosmelan es un tratamiento cut\u00e1neo de alto nivel que combate la [&hellip;]<\/p>\n","protected":false},"author":4,"featured_media":92685,"parent":0,"menu_order":0,"comment_status":"closed","ping_status":"closed","template":"","meta":{"site-sidebar-layout":"default","site-content-layout":"","ast-site-content-layout":"default","site-content-style":"default","site-sidebar-style":"default","ast-global-header-display":"","ast-banner-title-visibility":"","ast-main-header-display":"","ast-hfb-above-header-display":"","ast-hfb-below-header-display":"","ast-hfb-mobile-header-display":"","site-post-title":"","ast-breadcrumbs-content":"","ast-featured-img":"","footer-sml-layout":"","ast-disable-related-posts":"","theme-transparent-header-meta":"","adv-header-id-meta":"","stick-header-meta":"","header-above-stick-meta":"","header-main-stick-meta":"","header-below-stick-meta":"","astra-migrate-meta-layouts":"default","ast-page-background-enabled":"default","ast-page-background-meta":{"desktop":{"background-color":"var(--ast-global-color-4)","background-image":"","background-repeat":"repeat","background-position":"center center","background-size":"auto","background-attachment":"scroll","background-type":"","background-media":"","overlay-type":"","overlay-color":"","overlay-opacity":"","overlay-gradient":""},"tablet":{"background-color":"","background-image":"","background-repeat":"repeat","background-position":"center center","background-size":"auto","background-attachment":"scroll","background-type":"","background-media":"","overlay-type":"","overlay-color":"","overlay-opacity":"","overlay-gradient":""},"mobile":{"background-color":"","background-image":"","background-repeat":"repeat","background-position":"center center","background-size":"auto","background-attachment":"scroll","background-type":"","background-media":"","overlay-type":"","overlay-color":"","overlay-opacity":"","overlay-gradient":""}},"ast-content-background-meta":{"desktop":{"background-color":"var(--ast-global-color-5)","background-image":"","background-repeat":"repeat","background-position":"center center","background-size":"auto","background-attachment":"scroll","background-type":"","background-media":"","overlay-type":"","overlay-color":"","overlay-opacity":"","overlay-gradient":""},"tablet":{"background-color":"var(--ast-global-color-5)","background-image":"","background-repeat":"repeat","background-position":"center center","background-size":"auto","background-attachment":"scroll","background-type":"","background-media":"","overlay-type":"","overlay-color":"","overlay-opacity":"","overlay-gradient":""},"mobile":{"background-color":"var(--ast-global-color-5)","background-image":"","background-repeat":"repeat","background-position":"center center","background-size":"auto","background-attachment":"scroll","background-type":"","background-media":"","overlay-type":"","overlay-color":"","overlay-opacity":"","overlay-gradient":""}},"footnotes":""},"class_list":["post-146323","page","type-page","status-publish","has-post-thumbnail","hentry"],"_links":{"self":[{"href":"https:\/\/medclinics.com\/es\/wp-json\/wp\/v2\/pages\/146323","targetHints":{"allow":["GET"]}}],"collection":[{"href":"https:\/\/medclinics.com\/es\/wp-json\/wp\/v2\/pages"}],"about":[{"href":"https:\/\/medclinics.com\/es\/wp-json\/wp\/v2\/types\/page"}],"author":[{"embeddable":true,"href":"https:\/\/medclinics.com\/es\/wp-json\/wp\/v2\/users\/4"}],"replies":[{"embeddable":true,"href":"https:\/\/medclinics.com\/es\/wp-json\/wp\/v2\/comments?post=146323"}],"version-history":[{"count":0,"href":"https:\/\/medclinics.com\/es\/wp-json\/wp\/v2\/pages\/146323\/revisions"}],"wp:featuredmedia":[{"embeddable":true,"href":"https:\/\/medclinics.com\/es\/wp-json\/wp\/v2\/media\/92685"}],"wp:attachment":[{"href":"https:\/\/medclinics.com\/es\/wp-json\/wp\/v2\/media?parent=146323"}],"curies":[{"name":"wp","href":"https:\/\/api.w.org\/{rel}","templated":true}]}}