{"id":146311,"date":"2023-05-23T12:01:33","date_gmt":"2023-05-23T09:01:33","guid":{"rendered":"https:\/\/medclinics.com\/mesoterapia-celulitis\/"},"modified":"2024-04-04T19:27:33","modified_gmt":"2024-04-04T16:27:33","slug":"mesoterapia-celulitis","status":"publish","type":"page","link":"https:\/\/medclinics.com\/es\/mesoterapia-celulitis\/","title":{"rendered":"Mesoterapia Celulitis"},"content":{"rendered":"\n<h2 class=\"wp-block-heading\">\u00bfEst\u00e1 cansada de sentirse acomplejada por la aparici\u00f3n de celulitis en muslos, nalgas o abdomen? La mesoterapia anticelul\u00edtica puede ser justo lo que necesita para reducir su aspecto abultado y con hoyuelos.<\/h2>\n\n<p>Este procedimiento cosm\u00e9tico, la <a href=\"https:\/\/en.wikipedia.org\/wiki\/Mesotherapy\" target=\"_blank\" rel=\"noreferrer noopener\">mesoterapia<\/a>, consiste en inyectar una combinaci\u00f3n de medicamentos, vitaminas, enzimas y extractos de hierbas en las zonas afectadas.<\/p>\n\n<p>Al atacar las capas de grasa subcut\u00e1nea con estas sustancias durante las sesiones de tratamiento dirigidas por profesionales de la salud como nosotros, podemos ayudar a descomponer las grasas no deseadas a la vez que mejoramos la circulaci\u00f3n en esas regiones. Adem\u00e1s, al favorecer la producci\u00f3n de col\u00e1geno, se reduce el aspecto antiest\u00e9tico de la celulitis.<\/p>\n\n<p>Aunque algunos expertos m\u00e9dicos debaten sobre la eficacia de este m\u00e9todo, debido en gran parte a la escasez de pruebas cient\u00edficas que lo respalden, muchos clientes satisfechos han informado de los resultados positivos de la experiencia de someterse a estos tratamientos en nuestra cl\u00ednica.  <\/p>\n\n<p>No obstante, antes de plantearse cualquier tratamiento, aseg\u00farese de contar con la orientaci\u00f3n de un profesional cualificado, que siempre debe tomarse en serio a la hora de sopesar las opciones disponibles para lograr los resultados deseados de forma segura y sin da\u00f1os innecesarios para uno mismo, ya que existen riesgos potenciales, como infecciones, hematomas, reacciones al\u00e9rgicas, etc.<\/p>\n\n<h3 class=\"wp-block-heading\">Todo lo que necesita saber sobre el <a href=\"https:\/\/medclinics.com\/es\/belleza\/\" target=\"_blank\" rel=\"noreferrer noopener\">tratamiento de belleza<\/a>, incluido el precio, los cuidados posteriores y el proceso de curaci\u00f3n, o p\u00f3ngase <a href=\"#requestform\">en contacto con nosotros<\/a>.<\/h3>\n\n<h2 class=\"wp-block-heading\">PREGUNTAS FRECUENTES <\/h2>\n<div id=\"rank-math-faq\" class=\"rank-math-block\">\n<div class=\"rank-math-list \">\n<div id=\"faq-question-1684842610900\" class=\"rank-math-list-item\">\n<h3 class=\"rank-math-question \">\u00bfFunciona la mesoterapia contra la celulitis?<\/h3>\n<div class=\"rank-math-answer \">\n\n<p>La mesoterapia es una t\u00e9cnica m\u00e9dica que consiste en inyectar peque\u00f1as cantidades de diversas sustancias, como vitaminas, minerales y medicamentos, en la capa media de la piel (mesodermo) para tratar diversas afecciones. Aunque la mesoterapia se ha utilizado con distintos fines, como el rejuvenecimiento de la piel y la reducci\u00f3n de la grasa localizada, su eficacia en el tratamiento de la celulitis es objeto de debate. La celulitis es la aparici\u00f3n de hoyuelos o bultos en la piel, normalmente en muslos, nalgas y caderas. Se produce cuando los dep\u00f3sitos de grasa subyacentes empujan a trav\u00e9s del tejido conjuntivo situado bajo la piel. Los partidarios de la mesoterapia afirman que inyectar sustancias directamente en las zonas afectadas puede ayudar a descomponer la grasa, mejorar la circulaci\u00f3n y reducir el aspecto de la celulitis.<\/p>\n\n<\/div>\n<\/div>\n<div id=\"faq-question-1684842835084\" class=\"rank-math-list-item\">\n<h3 class=\"rank-math-question \">\u00bfCu\u00e1ntas sesiones de mesoterapia anticelul\u00edtica?<\/h3>\n<div class=\"rank-math-answer \">\n\n<p>El n\u00famero de tratamientos de celulitemesoterapia puede variar en funci\u00f3n de varios factores, como la gravedad de la celulitis, la respuesta individual al tratamiento y el protocolo espec\u00edfico utilizado por el profesional. Normalmente, un tratamiento de mesoterapia para la celulitis puede incluir varias sesiones repartidas a lo largo de varias semanas o meses.<\/p>\n\n<\/div>\n<\/div>\n<div id=\"faq-question-1684842890432\" class=\"rank-math-list-item\">\n<h3 class=\"rank-math-question \">\u00bfQu\u00e9 son las t\u00e9cnicas de tratamiento de mesoterapia anticelul\u00edtica?<\/h3>\n<div class=\"rank-math-answer \">\n\n<p>Las t\u00e9cnicas de tratamiento de mesoterapia anticelul\u00edtica consisten en inyectar peque\u00f1as cantidades de diversas sustancias directamente en las zonas afectadas para combatir la celulitis. Las t\u00e9cnicas espec\u00edficas utilizadas para la mesoterapia anticelul\u00edtica pueden variar en funci\u00f3n del profesional y de su enfoque. He aqu\u00ed algunas t\u00e9cnicas habituales utilizadas en la mesoterapia anticelul\u00edtica:<br \/>T\u00e9cnica de multiinyecci\u00f3n: Esta t\u00e9cnica consiste en m\u00faltiples inyecciones de la soluci\u00f3n de mesoterapia en el tejido subcut\u00e1neo. Las inyecciones suelen administrarse mediante una pistola de mesoterapia especializada o una t\u00e9cnica de inyecci\u00f3n manual.<br \/>T\u00e9cnica de nappage: La t\u00e9cnica nappage consiste en inyectar la soluci\u00f3n de mesoterapia mediante una serie de peque\u00f1as inyecciones superficiales en toda la zona afectada. Las inyecciones se espacian poco para garantizar una distribuci\u00f3n uniforme de la soluci\u00f3n.<br \/>T\u00e9cnica punto a punto: En esta t\u00e9cnica, la soluci\u00f3n de mesoterapia se inyecta directamente en puntos espec\u00edficos o zonas diana dentro de la regi\u00f3n afectada por la celulitis. Estos puntos suelen determinarse en funci\u00f3n de la localizaci\u00f3n y la gravedad de los hoyuelos de la celulitis.<br \/>T\u00e9cnica mesogun: Algunos profesionales utilizan una mesogun, que es un dispositivo que automatiza el proceso de inyecci\u00f3n. La mesogun administra la soluci\u00f3n de mesoterapia mediante una serie de inyecciones r\u00e1pidas y precisas, lo que garantiza una administraci\u00f3n uniforme y reduce las molestias.<\/p>\n\n<\/div>\n<\/div>\n<\/div>\n<\/div>\n<p><\/p>\n\n<h3 class=\"wp-block-heading\">P\u00f3ngase en contacto con nosotros si tiene alguna pregunta.<\/h3>\n","protected":false},"excerpt":{"rendered":"<p>\u00bfEst\u00e1 cansada de sentirse acomplejada por la aparici\u00f3n de celulitis en muslos, nalgas o abdomen? La mesoterapia anticelul\u00edtica puede ser [&hellip;]<\/p>\n","protected":false},"author":4,"featured_media":92607,"parent":0,"menu_order":0,"comment_status":"closed","ping_status":"closed","template":"","meta":{"site-sidebar-layout":"default","site-content-layout":"","ast-site-content-layout":"default","site-content-style":"default","site-sidebar-style":"default","ast-global-header-display":"","ast-banner-title-visibility":"","ast-main-header-display":"","ast-hfb-above-header-display":"","ast-hfb-below-header-display":"","ast-hfb-mobile-header-display":"","site-post-title":"","ast-breadcrumbs-content":"","ast-featured-img":"","footer-sml-layout":"","ast-disable-related-posts":"","theme-transparent-header-meta":"","adv-header-id-meta":"","stick-header-meta":"","header-above-stick-meta":"","header-main-stick-meta":"","header-below-stick-meta":"","astra-migrate-meta-layouts":"default","ast-page-background-enabled":"default","ast-page-background-meta":{"desktop":{"background-color":"var(--ast-global-color-4)","background-image":"","background-repeat":"repeat","background-position":"center center","background-size":"auto","background-attachment":"scroll","background-type":"","background-media":"","overlay-type":"","overlay-color":"","overlay-opacity":"","overlay-gradient":""},"tablet":{"background-color":"","background-image":"","background-repeat":"repeat","background-position":"center center","background-size":"auto","background-attachment":"scroll","background-type":"","background-media":"","overlay-type":"","overlay-color":"","overlay-opacity":"","overlay-gradient":""},"mobile":{"background-color":"","background-image":"","background-repeat":"repeat","background-position":"center center","background-size":"auto","background-attachment":"scroll","background-type":"","background-media":"","overlay-type":"","overlay-color":"","overlay-opacity":"","overlay-gradient":""}},"ast-content-background-meta":{"desktop":{"background-color":"var(--ast-global-color-5)","background-image":"","background-repeat":"repeat","background-position":"center center","background-size":"auto","background-attachment":"scroll","background-type":"","background-media":"","overlay-type":"","overlay-color":"","overlay-opacity":"","overlay-gradient":""},"tablet":{"background-color":"var(--ast-global-color-5)","background-image":"","background-repeat":"repeat","background-position":"center center","background-size":"auto","background-attachment":"scroll","background-type":"","background-media":"","overlay-type":"","overlay-color":"","overlay-opacity":"","overlay-gradient":""},"mobile":{"background-color":"var(--ast-global-color-5)","background-image":"","background-repeat":"repeat","background-position":"center center","background-size":"auto","background-attachment":"scroll","background-type":"","background-media":"","overlay-type":"","overlay-color":"","overlay-opacity":"","overlay-gradient":""}},"footnotes":""},"class_list":["post-146311","page","type-page","status-publish","has-post-thumbnail","hentry"],"_links":{"self":[{"href":"https:\/\/medclinics.com\/es\/wp-json\/wp\/v2\/pages\/146311","targetHints":{"allow":["GET"]}}],"collection":[{"href":"https:\/\/medclinics.com\/es\/wp-json\/wp\/v2\/pages"}],"about":[{"href":"https:\/\/medclinics.com\/es\/wp-json\/wp\/v2\/types\/page"}],"author":[{"embeddable":true,"href":"https:\/\/medclinics.com\/es\/wp-json\/wp\/v2\/users\/4"}],"replies":[{"embeddable":true,"href":"https:\/\/medclinics.com\/es\/wp-json\/wp\/v2\/comments?post=146311"}],"version-history":[{"count":0,"href":"https:\/\/medclinics.com\/es\/wp-json\/wp\/v2\/pages\/146311\/revisions"}],"wp:featuredmedia":[{"embeddable":true,"href":"https:\/\/medclinics.com\/es\/wp-json\/wp\/v2\/media\/92607"}],"wp:attachment":[{"href":"https:\/\/medclinics.com\/es\/wp-json\/wp\/v2\/media?parent=146311"}],"curies":[{"name":"wp","href":"https:\/\/api.w.org\/{rel}","templated":true}]}}