{"id":146297,"date":"2023-05-23T11:43:22","date_gmt":"2023-05-23T11:43:22","guid":{"rendered":"https:\/\/medclinics.com\/mesoterapia-para-el-acne\/"},"modified":"2024-04-04T19:27:38","modified_gmt":"2024-04-04T16:27:38","slug":"mesoterapia-para-el-acne","status":"publish","type":"page","link":"https:\/\/medclinics.com\/es\/mesoterapia-para-el-acne\/","title":{"rendered":"Mesoterapia para el acn\u00e9"},"content":{"rendered":"\n<h2 class=\"wp-block-heading\">Desp\u00eddase para siempre de los granos rebeldes con el tratamiento de mesoterapia para el acn\u00e9 hoy mismo.<\/h2>\n\n<p>La mesoterapia para el acn\u00e9 es un procedimiento cosm\u00e9tico revolucionario que fusiona el poder de la mesoterapia con el objetivo de tratar eficazmente el acn\u00e9. Esta t\u00e9cnica consiste en inyectar peque\u00f1as cantidades de diversas sustancias en la capa media de la piel, conocida como capa mesod\u00e9rmica. Estos ingredientes pueden incluir vitaminas y minerales esenciales, amino\u00e1cidos, extractos de plantas o medicamentos.<\/p>\n\n<p>Los componentes espec\u00edficos utilizados en este tratamiento var\u00edan en funci\u00f3n de las necesidades individuales y las preferencias del profesional. Las inyecciones se administran directamente en las zonas afectadas por lesiones de <a href=\"https:\/\/en.wikipedia.org\/wiki\/Acne\" target=\"_blank\" rel=\"noreferrer noopener\">acn\u00e9<\/a>, como el rostro, para obtener resultados \u00f3ptimos.<\/p>\n\n<p>Al suministrar ingredientes espec\u00edficos directamente donde m\u00e1s se necesitan, en las capas profundas de la piel, se favorece el rejuvenecimiento al tiempo que se reduce la inflamaci\u00f3n causada por los molestos granos. Los factores causantes del acn\u00e9 tambi\u00e9n se combaten con este m\u00e9todo innovador.<\/p>\n\n<h3 class=\"wp-block-heading\">Todo lo que necesita saber sobre <a href=\"https:\/\/medclinics.com\/es\/belleza\/\" target=\"_blank\" rel=\"noreferrer noopener\">tratamientos de belleza<\/a>, incluido el precio y mucho m\u00e1s, o <a href=\"#requestform\">p\u00f3ngase en contacto con nosotros<\/a>.<\/h3>\n\n<h2 class=\"wp-block-heading\">PREGUNTAS FRECUENTES <\/h2>\n<div id=\"rank-math-faq\" class=\"rank-math-block\">\n<div class=\"rank-math-list \">\n<div id=\"faq-question-1684841914568\" class=\"rank-math-list-item\">\n<h3 class=\"rank-math-question \">\u00bfEs buena la mesoterapia para el acn\u00e9?<\/h3>\n<div class=\"rank-math-answer \">\n\n<p>El acn\u00e9 suele requerir una combinaci\u00f3n de enfoques, como medicamentos y cambios en el estilo de vida. Lo mejor es consultar con un dermat\u00f3logo para obtener tratamientos basados en la evidencia.<\/p>\n\n<\/div>\n<\/div>\n<div id=\"faq-question-1684841997742\" class=\"rank-math-list-item\">\n<h3 class=\"rank-math-question \">\u00bfPuede la mesoterapia provocar acn\u00e9?<\/h3>\n<div class=\"rank-math-answer \">\n\n<p>Aunque en general la mesoterapia se considera segura, existe el riesgo potencial de que provoque acn\u00e9 en algunas personas. La mesoterapia consiste en inyectar sustancias en la piel y, dependiendo de las sustancias concretas que se utilicen, existe la posibilidad de desencadenar o exacerbar los brotes de acn\u00e9. Algunas soluciones de mesoterapia pueden contener aceites, grasas u otras sustancias que podr\u00edan obstruir los poros y contribuir a la aparici\u00f3n de acn\u00e9. Adem\u00e1s, las propias inyecciones pueden causar una irritaci\u00f3n o inflamaci\u00f3n temporal, que en algunos casos puede dar lugar a la formaci\u00f3n de lesiones de acn\u00e9.<\/p>\n\n<\/div>\n<\/div>\n<div id=\"faq-question-1684842119467\" class=\"rank-math-list-item\">\n<h3 class=\"rank-math-question \">\u00bfEs segura la mesoterapia para el acn\u00e9?<\/h3>\n<div class=\"rank-math-answer \">\n\n<p>En general, la mesoterapia para el acn\u00e9 se considera un procedimiento relativamente seguro cuando lo realiza un profesional sanitario cualificado y con experiencia. Sin embargo, es importante se\u00f1alar que la seguridad y eficacia de la mesoterapia para tratar el acn\u00e9 no han sido estudiadas en profundidad ni aprobadas por los organismos reguladores.<\/p>\n\n<\/div>\n<\/div>\n<\/div>\n<\/div>\n<p><\/p>\n\n<h3 class=\"wp-block-heading\">P\u00f3ngase en contacto con nosotros si tiene alguna pregunta.<\/h3>\n","protected":false},"excerpt":{"rendered":"<p>Desp\u00eddase para siempre de los granos rebeldes con el tratamiento de mesoterapia para el acn\u00e9 hoy mismo. La mesoterapia para [&hellip;]<\/p>\n","protected":false},"author":4,"featured_media":92585,"parent":0,"menu_order":0,"comment_status":"closed","ping_status":"closed","template":"","meta":{"site-sidebar-layout":"default","site-content-layout":"","ast-site-content-layout":"default","site-content-style":"default","site-sidebar-style":"default","ast-global-header-display":"","ast-banner-title-visibility":"","ast-main-header-display":"","ast-hfb-above-header-display":"","ast-hfb-below-header-display":"","ast-hfb-mobile-header-display":"","site-post-title":"","ast-breadcrumbs-content":"","ast-featured-img":"","footer-sml-layout":"","ast-disable-related-posts":"","theme-transparent-header-meta":"","adv-header-id-meta":"","stick-header-meta":"","header-above-stick-meta":"","header-main-stick-meta":"","header-below-stick-meta":"","astra-migrate-meta-layouts":"default","ast-page-background-enabled":"default","ast-page-background-meta":{"desktop":{"background-color":"var(--ast-global-color-4)","background-image":"","background-repeat":"repeat","background-position":"center center","background-size":"auto","background-attachment":"scroll","background-type":"","background-media":"","overlay-type":"","overlay-color":"","overlay-opacity":"","overlay-gradient":""},"tablet":{"background-color":"","background-image":"","background-repeat":"repeat","background-position":"center center","background-size":"auto","background-attachment":"scroll","background-type":"","background-media":"","overlay-type":"","overlay-color":"","overlay-opacity":"","overlay-gradient":""},"mobile":{"background-color":"","background-image":"","background-repeat":"repeat","background-position":"center center","background-size":"auto","background-attachment":"scroll","background-type":"","background-media":"","overlay-type":"","overlay-color":"","overlay-opacity":"","overlay-gradient":""}},"ast-content-background-meta":{"desktop":{"background-color":"var(--ast-global-color-5)","background-image":"","background-repeat":"repeat","background-position":"center center","background-size":"auto","background-attachment":"scroll","background-type":"","background-media":"","overlay-type":"","overlay-color":"","overlay-opacity":"","overlay-gradient":""},"tablet":{"background-color":"var(--ast-global-color-5)","background-image":"","background-repeat":"repeat","background-position":"center center","background-size":"auto","background-attachment":"scroll","background-type":"","background-media":"","overlay-type":"","overlay-color":"","overlay-opacity":"","overlay-gradient":""},"mobile":{"background-color":"var(--ast-global-color-5)","background-image":"","background-repeat":"repeat","background-position":"center center","background-size":"auto","background-attachment":"scroll","background-type":"","background-media":"","overlay-type":"","overlay-color":"","overlay-opacity":"","overlay-gradient":""}},"footnotes":""},"class_list":["post-146297","page","type-page","status-publish","has-post-thumbnail","hentry"],"_links":{"self":[{"href":"https:\/\/medclinics.com\/es\/wp-json\/wp\/v2\/pages\/146297","targetHints":{"allow":["GET"]}}],"collection":[{"href":"https:\/\/medclinics.com\/es\/wp-json\/wp\/v2\/pages"}],"about":[{"href":"https:\/\/medclinics.com\/es\/wp-json\/wp\/v2\/types\/page"}],"author":[{"embeddable":true,"href":"https:\/\/medclinics.com\/es\/wp-json\/wp\/v2\/users\/4"}],"replies":[{"embeddable":true,"href":"https:\/\/medclinics.com\/es\/wp-json\/wp\/v2\/comments?post=146297"}],"version-history":[{"count":0,"href":"https:\/\/medclinics.com\/es\/wp-json\/wp\/v2\/pages\/146297\/revisions"}],"wp:featuredmedia":[{"embeddable":true,"href":"https:\/\/medclinics.com\/es\/wp-json\/wp\/v2\/media\/92585"}],"wp:attachment":[{"href":"https:\/\/medclinics.com\/es\/wp-json\/wp\/v2\/media?parent=146297"}],"curies":[{"name":"wp","href":"https:\/\/api.w.org\/{rel}","templated":true}]}}