{"id":146283,"date":"2023-03-18T11:25:00","date_gmt":"2023-03-18T08:25:00","guid":{"rendered":"https:\/\/medclinics.com\/vaginoplastia\/"},"modified":"2024-07-15T16:13:20","modified_gmt":"2024-07-15T13:13:20","slug":"vaginoplastia","status":"publish","type":"page","link":"https:\/\/medclinics.com\/es\/vaginoplastia\/","title":{"rendered":"Estiramiento de la vagina (vaginoplastia)"},"content":{"rendered":"\n<h2 class=\"wp-block-heading\">\u00bfBuscas una est\u00e9tica vaginal debido al parto, el envejecimiento u otros factores? Si es as\u00ed, existen opciones para el estrechamiento de la vagina: Vaginoplastia.<\/h2>\n\n<p>Los procedimientos de estrechamiento vaginal, como la <a href=\"https:\/\/en.wikipedia.org\/wiki\/Vaginoplasty\" target=\"_blank\" rel=\"noreferrer noopener\">vaginoplastia<\/a>, pueden reconstruir la vagina eliminando el tejido sobrante y suturando los tejidos restantes para conseguir una abertura y un canal m\u00e1s estrechos. Esta intervenci\u00f3n quir\u00fargica se realiza bajo anestesia general con un tiempo de recuperaci\u00f3n de varias semanas.<\/p>\n\n<p>Si la cirug\u00eda no es una opci\u00f3n para usted, los tratamientos no quir\u00fargicos como la terapia l\u00e1ser o la radiofrecuencia pueden ser alternativas m\u00e1s adecuadas. La tecnolog\u00eda l\u00e1ser estimula la producci\u00f3n de col\u00e1geno mediante l\u00e1seres fraccionados de CO2. Tensa las paredes de la vagina y favorece la regeneraci\u00f3n sin tiempo de inactividad. La terapia de radiofrecuencia utiliza calor controlado que remodela el tejido a la vez que estimula el crecimiento de col\u00e1geno. Se trata de otra soluci\u00f3n eficaz para tensar los m\u00fasculos sueltos.<\/p>\n\n<p>No dejes que este problema siga afectando a tu confianza. \u00a1Act\u00fae hoy mismo para recuperar un bienestar \u00f3ptimo con estas soluciones que le cambiar\u00e1n la vida!<\/p>\n\n<h3 class=\"wp-block-heading\">Todo lo que necesita saber sobre la <a href=\"https:\/\/medclinics.com\/es\/estetica-genital\/\" target=\"_blank\" rel=\"noreferrer noopener\">est\u00e9tica genital<\/a>, incluido el precio y m\u00e1s, \u00a1o <a href=\"#requestform\">p\u00f3ngase en contacto con nosotros<\/a>!<\/h3>\n\n<h2 class=\"wp-block-heading\">PREGUNTAS FRECUENTES<\/h2>\n<div id=\"rank-math-faq\" class=\"rank-math-block\">\n<div class=\"rank-math-list \">\n<div id=\"faq-question-1684841003905\" class=\"rank-math-list-item\">\n<h3 class=\"rank-math-question \">\u00bfQu\u00e9 es la vaginoplastia?<\/h3>\n<div class=\"rank-math-answer \">\n\n<p>La vaginoplastia es una intervenci\u00f3n quir\u00fargica que consiste en reconstruir o remodelar la vagina. Suele realizarse por razones m\u00e9dicas o de afirmaci\u00f3n de g\u00e9nero.<\/p>\n\n<\/div>\n<\/div>\n<div id=\"faq-question-1684841027721\" class=\"rank-math-list-item\">\n<h3 class=\"rank-math-question \">\u00bfCu\u00e1les son los tipos habituales de vaginoplastia?<\/h3>\n<div class=\"rank-math-answer \">\n\n<p>Abarca dos tipos comunes de procedimientos: la vaginoplastia de reafirmaci\u00f3n de g\u00e9nero y la reconstrucci\u00f3n vaginal. La vaginoplastia de reafirmaci\u00f3n de g\u00e9nero se realiza como parte de la cirug\u00eda de confirmaci\u00f3n de g\u00e9nero para mujeres transexuales, y consiste en la creaci\u00f3n de una neovagina que se ajuste a su identidad de g\u00e9nero. La intervenci\u00f3n suele incluir la extirpaci\u00f3n de los test\u00edculos, la remodelaci\u00f3n de la piel del pene para convertirla en un canal vaginal y la construcci\u00f3n de un capuch\u00f3n para el cl\u00edtoris. Por otro lado, la reconstrucci\u00f3n vaginal tiene por objeto restaurar o crear una vagina funcional, y suele realizarse por razones m\u00e9dicas como traumatismos, operaciones de c\u00e1ncer o anomal\u00edas cong\u00e9nitas. Este procedimiento consiste en crear un canal vaginal utilizando injertos de tejido, ya sea del propio cuerpo de la paciente o de un donante. Ambos tipos son cirug\u00edas complejas que requieren conocimientos especializados en cirug\u00eda pl\u00e1stica y reconstructiva. Es crucial consultar con un cirujano especializado para analizar a fondo los posibles riesgos, beneficios y resultados.<\/p>\n\n<\/div>\n<\/div>\n<\/div>\n<\/div>\n<p>\u00a0<\/p>\n\n<h3 class=\"wp-block-heading\">P\u00f3ngase en contacto con nosotros si tiene alguna pregunta.<\/h3>\n","protected":false},"excerpt":{"rendered":"<p>\u00bfBuscas una est\u00e9tica vaginal debido al parto, el envejecimiento u otros factores? Si es as\u00ed, existen opciones para el estrechamiento [&hellip;]<\/p>\n","protected":false},"author":4,"featured_media":91499,"parent":0,"menu_order":0,"comment_status":"closed","ping_status":"closed","template":"","meta":{"site-sidebar-layout":"default","site-content-layout":"","ast-site-content-layout":"default","site-content-style":"default","site-sidebar-style":"default","ast-global-header-display":"","ast-banner-title-visibility":"","ast-main-header-display":"","ast-hfb-above-header-display":"","ast-hfb-below-header-display":"","ast-hfb-mobile-header-display":"","site-post-title":"","ast-breadcrumbs-content":"","ast-featured-img":"","footer-sml-layout":"","ast-disable-related-posts":"","theme-transparent-header-meta":"","adv-header-id-meta":"","stick-header-meta":"","header-above-stick-meta":"","header-main-stick-meta":"","header-below-stick-meta":"","astra-migrate-meta-layouts":"default","ast-page-background-enabled":"default","ast-page-background-meta":{"desktop":{"background-color":"var(--ast-global-color-4)","background-image":"","background-repeat":"repeat","background-position":"center center","background-size":"auto","background-attachment":"scroll","background-type":"","background-media":"","overlay-type":"","overlay-color":"","overlay-opacity":"","overlay-gradient":""},"tablet":{"background-color":"","background-image":"","background-repeat":"repeat","background-position":"center center","background-size":"auto","background-attachment":"scroll","background-type":"","background-media":"","overlay-type":"","overlay-color":"","overlay-opacity":"","overlay-gradient":""},"mobile":{"background-color":"","background-image":"","background-repeat":"repeat","background-position":"center center","background-size":"auto","background-attachment":"scroll","background-type":"","background-media":"","overlay-type":"","overlay-color":"","overlay-opacity":"","overlay-gradient":""}},"ast-content-background-meta":{"desktop":{"background-color":"var(--ast-global-color-5)","background-image":"","background-repeat":"repeat","background-position":"center center","background-size":"auto","background-attachment":"scroll","background-type":"","background-media":"","overlay-type":"","overlay-color":"","overlay-opacity":"","overlay-gradient":""},"tablet":{"background-color":"var(--ast-global-color-5)","background-image":"","background-repeat":"repeat","background-position":"center center","background-size":"auto","background-attachment":"scroll","background-type":"","background-media":"","overlay-type":"","overlay-color":"","overlay-opacity":"","overlay-gradient":""},"mobile":{"background-color":"var(--ast-global-color-5)","background-image":"","background-repeat":"repeat","background-position":"center center","background-size":"auto","background-attachment":"scroll","background-type":"","background-media":"","overlay-type":"","overlay-color":"","overlay-opacity":"","overlay-gradient":""}},"footnotes":""},"class_list":["post-146283","page","type-page","status-publish","has-post-thumbnail","hentry"],"_links":{"self":[{"href":"https:\/\/medclinics.com\/es\/wp-json\/wp\/v2\/pages\/146283","targetHints":{"allow":["GET"]}}],"collection":[{"href":"https:\/\/medclinics.com\/es\/wp-json\/wp\/v2\/pages"}],"about":[{"href":"https:\/\/medclinics.com\/es\/wp-json\/wp\/v2\/types\/page"}],"author":[{"embeddable":true,"href":"https:\/\/medclinics.com\/es\/wp-json\/wp\/v2\/users\/4"}],"replies":[{"embeddable":true,"href":"https:\/\/medclinics.com\/es\/wp-json\/wp\/v2\/comments?post=146283"}],"version-history":[{"count":0,"href":"https:\/\/medclinics.com\/es\/wp-json\/wp\/v2\/pages\/146283\/revisions"}],"wp:featuredmedia":[{"embeddable":true,"href":"https:\/\/medclinics.com\/es\/wp-json\/wp\/v2\/media\/91499"}],"wp:attachment":[{"href":"https:\/\/medclinics.com\/es\/wp-json\/wp\/v2\/media?parent=146283"}],"curies":[{"name":"wp","href":"https:\/\/api.w.org\/{rel}","templated":true}]}}