{"id":146273,"date":"2023-04-10T11:17:00","date_gmt":"2023-04-10T08:17:00","guid":{"rendered":"https:\/\/medclinics.com\/estetica-escrotal\/"},"modified":"2025-01-02T23:59:18","modified_gmt":"2025-01-02T20:59:18","slug":"estetica-escrotal","status":"publish","type":"page","link":"https:\/\/medclinics.com\/es\/estetica-escrotal\/","title":{"rendered":"Est\u00e9tica escrotal"},"content":{"rendered":"\n<h2 class=\"wp-block-heading\">\u00bfEst\u00e1 descontento con el aspecto de su escroto?<\/h2>\n\n<p>La est\u00e9tica escrotal, tambi\u00e9n conocida como rejuvenecimiento o realce escrotal, puede ayudar a mejorar su aspecto general. Estos procedimientos cosm\u00e9ticos no son necesarios desde el punto de vista m\u00e9dico, pero tienen por objeto mejorar la bolsa de piel que contiene los test\u00edculos.<\/p>\n\n<p>Existen varios m\u00e9todos para mejorar el aspecto del <a href=\"https:\/\/en.wikipedia.org\/wiki\/Scrotum\" target=\"_blank\" rel=\"noreferrer noopener\">escroto<\/a>. Puede optar por t\u00e9cnicas quir\u00fargicas como el lifting o la reducci\u00f3n si el problema es el exceso de piel o la flacidez. Alternativamente, pueden inyectarse rellenos d\u00e9rmicos en la zona para tratar las arrugas y las irregularidades del contorno, al tiempo que se mejora el volumen.<\/p>\n\n<p>Si le interesa aclarar el color de la piel del escroto, existen cremas y tratamientos especializados para este fin. La terapia l\u00e1ser ofrece otra opci\u00f3n al reducir los problemas de pigmentaci\u00f3n, como las lesiones benignas denominadas angioqueratomas, al tiempo que mejora la textura.<\/p>\n\n<p>Al igual que cualquier otro procedimiento cosm\u00e9tico que hay hoy en d\u00eda &#8211; es importante tener siempre en cuenta los riesgos potenciales y las complicaciones asociadas con este tipo de cirug\u00edas &#8211; incluyendo el riesgo de infecci\u00f3n de la cirug\u00eda en s\u00ed todo el camino hasta reacciones al\u00e9rgicas post-operatorio experiencia insatisfacci\u00f3n resultados obtenidos durante el per\u00edodo de recuperaci\u00f3n que podr\u00eda conducir de nuevo bajo el bistur\u00ed poco despu\u00e9s del tratamiento inicial.<\/p>\n\n<h3 class=\"wp-block-heading\">Todo lo que necesita saber sobre la <a href=\"https:\/\/medclinics.com\/es\/estetica-genital\/\" target=\"_blank\" rel=\"noreferrer noopener\">est\u00e9tica genital<\/a>, incluidos todos los pasos, \u00a1o <a href=\"#requestform\">p\u00f3ngase en contacto con nosotros<\/a>!<\/h3>\n\n<h2 class=\"wp-block-heading\">PREGUNTAS FRECUENTES<\/h2>\n<div id=\"rank-math-faq\" class=\"rank-math-block\">\n<div class=\"rank-math-list \">\n<div id=\"faq-question-1684840505946\" class=\"rank-math-list-item\">\n<h3 class=\"rank-math-question \">\u00bfQu\u00e9 es la est\u00e9tica escrotal?<\/h3>\n<div class=\"rank-math-answer \">\n\n<p>La est\u00e9tica escrotal, tambi\u00e9n conocida como rejuvenecimiento escrotal o cirug\u00eda est\u00e9tica escrotal, hace referencia a un conjunto de procedimientos y tratamientos m\u00e9dicos dise\u00f1ados para mejorar el aspecto del escroto. El escroto es la bolsa de piel que alberga los test\u00edculos en los varones. Estos procedimientos son solicitados principalmente con fines est\u00e9ticos por personas que no est\u00e1n satisfechas con el aspecto de su escroto. Los problemas suelen ser el exceso de piel, la flacidez, la asimetr\u00eda o las arrugas.<\/p>\n\n<\/div>\n<\/div>\n<div id=\"faq-question-1684840533957\" class=\"rank-math-list-item\">\n<h3 class=\"rank-math-question \">\u00bfCu\u00e1les son las t\u00e9cnicas para mejorar el aspecto est\u00e9tico del escroto?<\/h3>\n<div class=\"rank-math-answer \">\n\n<p>En la est\u00e9tica escrotal se utilizan diversas t\u00e9cnicas para mejorar el aspecto del escroto. Entre ellas se incluyen el lifting\/estiramiento escrotal para reducir la flacidez, los rellenos escrotales para dar volumen y contorno, el blanqueamiento escrotal para aclarar el tono de la piel y la depilaci\u00f3n escrotal para un aspecto m\u00e1s suave.<\/p>\n\n<\/div>\n<\/div>\n<\/div>\n<\/div>\n<p>\u00a0<\/p>\n\n<h3 class=\"wp-block-heading\">P\u00f3ngase en contacto con nosotros si tiene alguna pregunta.<\/h3>\n","protected":false},"excerpt":{"rendered":"<p>\u00bfEst\u00e1 descontento con el aspecto de su escroto? La est\u00e9tica escrotal, tambi\u00e9n conocida como rejuvenecimiento o realce escrotal, puede ayudar [&hellip;]<\/p>\n","protected":false},"author":4,"featured_media":91513,"parent":0,"menu_order":0,"comment_status":"closed","ping_status":"closed","template":"","meta":{"site-sidebar-layout":"default","site-content-layout":"","ast-site-content-layout":"default","site-content-style":"default","site-sidebar-style":"default","ast-global-header-display":"","ast-banner-title-visibility":"","ast-main-header-display":"","ast-hfb-above-header-display":"","ast-hfb-below-header-display":"","ast-hfb-mobile-header-display":"","site-post-title":"","ast-breadcrumbs-content":"","ast-featured-img":"","footer-sml-layout":"","ast-disable-related-posts":"","theme-transparent-header-meta":"","adv-header-id-meta":"","stick-header-meta":"","header-above-stick-meta":"","header-main-stick-meta":"","header-below-stick-meta":"","astra-migrate-meta-layouts":"default","ast-page-background-enabled":"default","ast-page-background-meta":{"desktop":{"background-color":"var(--ast-global-color-4)","background-image":"","background-repeat":"repeat","background-position":"center center","background-size":"auto","background-attachment":"scroll","background-type":"","background-media":"","overlay-type":"","overlay-color":"","overlay-opacity":"","overlay-gradient":""},"tablet":{"background-color":"","background-image":"","background-repeat":"repeat","background-position":"center center","background-size":"auto","background-attachment":"scroll","background-type":"","background-media":"","overlay-type":"","overlay-color":"","overlay-opacity":"","overlay-gradient":""},"mobile":{"background-color":"","background-image":"","background-repeat":"repeat","background-position":"center center","background-size":"auto","background-attachment":"scroll","background-type":"","background-media":"","overlay-type":"","overlay-color":"","overlay-opacity":"","overlay-gradient":""}},"ast-content-background-meta":{"desktop":{"background-color":"var(--ast-global-color-5)","background-image":"","background-repeat":"repeat","background-position":"center center","background-size":"auto","background-attachment":"scroll","background-type":"","background-media":"","overlay-type":"","overlay-color":"","overlay-opacity":"","overlay-gradient":""},"tablet":{"background-color":"var(--ast-global-color-5)","background-image":"","background-repeat":"repeat","background-position":"center center","background-size":"auto","background-attachment":"scroll","background-type":"","background-media":"","overlay-type":"","overlay-color":"","overlay-opacity":"","overlay-gradient":""},"mobile":{"background-color":"var(--ast-global-color-5)","background-image":"","background-repeat":"repeat","background-position":"center center","background-size":"auto","background-attachment":"scroll","background-type":"","background-media":"","overlay-type":"","overlay-color":"","overlay-opacity":"","overlay-gradient":""}},"footnotes":""},"class_list":["post-146273","page","type-page","status-publish","has-post-thumbnail","hentry"],"_links":{"self":[{"href":"https:\/\/medclinics.com\/es\/wp-json\/wp\/v2\/pages\/146273","targetHints":{"allow":["GET"]}}],"collection":[{"href":"https:\/\/medclinics.com\/es\/wp-json\/wp\/v2\/pages"}],"about":[{"href":"https:\/\/medclinics.com\/es\/wp-json\/wp\/v2\/types\/page"}],"author":[{"embeddable":true,"href":"https:\/\/medclinics.com\/es\/wp-json\/wp\/v2\/users\/4"}],"replies":[{"embeddable":true,"href":"https:\/\/medclinics.com\/es\/wp-json\/wp\/v2\/comments?post=146273"}],"version-history":[{"count":0,"href":"https:\/\/medclinics.com\/es\/wp-json\/wp\/v2\/pages\/146273\/revisions"}],"wp:featuredmedia":[{"embeddable":true,"href":"https:\/\/medclinics.com\/es\/wp-json\/wp\/v2\/media\/91513"}],"wp:attachment":[{"href":"https:\/\/medclinics.com\/es\/wp-json\/wp\/v2\/media?parent=146273"}],"curies":[{"name":"wp","href":"https:\/\/api.w.org\/{rel}","templated":true}]}}