{"id":146263,"date":"2023-03-14T11:08:00","date_gmt":"2023-03-14T08:08:00","guid":{"rendered":"https:\/\/medclinics.com\/estetica-del-pene-rejuvenecimiento-cutaneo-del-pene\/"},"modified":"2024-04-01T16:03:42","modified_gmt":"2024-04-01T13:03:42","slug":"estetica-del-pene-rejuvenecimiento-cutaneo-del-pene","status":"publish","type":"page","link":"https:\/\/medclinics.com\/es\/estetica-del-pene-rejuvenecimiento-cutaneo-del-pene\/","title":{"rendered":"Est\u00e9tica del pene &#8211; Rejuvenecimiento cut\u00e1neo del pene"},"content":{"rendered":"\n<p>El rejuvenecimiento de la piel del pene es una intervenci\u00f3n m\u00e9dica que pretende mejorar la calidad visual y textural de la piel del pene. El procedimiento implica la aplicaci\u00f3n de diversas t\u00e9cnicas destinadas a eliminar el tejido da\u00f1ado o irregular y promover al mismo tiempo un rebrote sano.<\/p>\n\n<p>Existen m\u00faltiples m\u00e9todos para este proceso, como el rejuvenecimiento con l\u00e1ser, los peelings qu\u00edmicos, la dermoabrasi\u00f3n y las micropuntas. Un profesional sanitario determinar\u00e1 qu\u00e9 t\u00e9cnica se adapta mejor a las necesidades espec\u00edficas de cada persona para el rejuvenecimiento de la piel del pene.<\/p>\n\n<p>El rejuvenecimiento con l\u00e1ser consiste en utilizar l\u00e1seres precisos para eliminar las capas externas de c\u00e9lulas cut\u00e1neas da\u00f1adas de la regi\u00f3n del pene. Este m\u00e9todo fomenta la producci\u00f3n de col\u00e1geno y estimula el crecimiento de nuevas c\u00e9lulas, lo que se traduce en una epidermis de aspecto m\u00e1s terso y joven.<\/p>\n\n<p>Las exfoliaciones qu\u00edmicas requieren la aplicaci\u00f3n de productos qu\u00edmicos en las zonas afectadas y la posterior eliminaci\u00f3n de los tejidos muertos, lo que deja al descubierto superficies subyacentes frescas y sin imperfecciones que suelen presentarse como regiones lisas y de textura uniforme.<\/p>\n\n<p>La <a href=\"https:\/\/en.wikipedia.org\/wiki\/Dermabrasion\" target=\"_blank\" rel=\"noreferrer noopener\">dermoabrasi\u00f3n<\/a> emplea instrumentos rotatorios que exfolian suavemente las texturas \u00e1speras de la superficie mejorando el aspecto general mediante el tratamiento de varias afecciones dermatol\u00f3gicas que afectan a la carnosidad del pene.<\/p>\n\n<p>La micropunci\u00f3n induce lesiones microsc\u00f3picas controladas a trav\u00e9s de diminutas agujas que penetran en secciones espec\u00edficas, estimulando la s\u00edntesis de col\u00e1geno y produciendo efectos rejuvenecedores en las zonas tratadas.<\/p>\n\n<p>El tratamiento de rejuvenecimiento de la piel del pene puede recomendarse para personas con problemas de decoloraci\u00f3n, cicatrices o irregularidades en la textura de la zona genital; tambi\u00e9n puede aportar beneficios cosm\u00e9ticos que mejoren el aspecto est\u00e9tico si as\u00ed se desea.<\/p>\n\n<h3 class=\"wp-block-heading\">Todo lo que necesita saber sobre <a href=\"https:\/\/medclinics.com\/es\/estetica-genital\/\" target=\"_blank\" rel=\"noreferrer noopener\">est\u00e9tica genital<\/a> est\u00e1 aqu\u00ed, <a href=\"#requestform\">\u00a1cont\u00e1ctenos<\/a> ahora!<\/h3>\n\n<h2 class=\"wp-block-heading\">PREGUNTAS FRECUENTES <\/h2>\n<div id=\"rank-math-faq\" class=\"rank-math-block\">\n<div class=\"rank-math-list \">\n<div id=\"faq-question-1684839795079\" class=\"rank-math-list-item\">\n<h3 class=\"rank-math-question \">\u00bfQu\u00e9 es el rejuvenecimiento del pene?<\/h3>\n<div class=\"rank-math-answer \">\n\n<p>El rejuvenecimiento de la piel del pene es un procedimiento quir\u00fargico que consiste en sustituir la piel da\u00f1ada o ausente del pene por piel sana tomada de otra parte del cuerpo. Se realiza para reparar la p\u00e9rdida de piel, cicatrices o deformidades y tiene por objeto restaurar tanto los aspectos funcionales como est\u00e9ticos del pene.<\/p>\n\n<\/div>\n<\/div>\n<div id=\"faq-question-1684839853702\" class=\"rank-math-list-item\">\n<h3 class=\"rank-math-question \">\u00bfPuede volver a crecer la piel del pene?<\/h3>\n<div class=\"rank-math-answer \">\n\n<p>No, la piel del pene no vuelve a crecer de forma natural una vez que se ha perdido o da\u00f1ado. Sin embargo, pueden utilizarse t\u00e9cnicas quir\u00fargicas como el injerto de piel del pene para sustituir la piel da\u00f1ada o ausente por piel sana tomada de otra parte del cuerpo. Esto permite reconstruir y restaurar la piel del pene.<\/p>\n\n<\/div>\n<\/div>\n<\/div>\n<\/div>\n<p><\/p>\n\n<h3 class=\"wp-block-heading\">P\u00f3ngase en contacto con nosotros si tiene alguna pregunta.<\/h3>\n","protected":false},"excerpt":{"rendered":"<p>El rejuvenecimiento de la piel del pene es una intervenci\u00f3n m\u00e9dica que pretende mejorar la calidad visual y textural de [&hellip;]<\/p>\n","protected":false},"author":4,"featured_media":94659,"parent":0,"menu_order":0,"comment_status":"closed","ping_status":"closed","template":"","meta":{"site-sidebar-layout":"default","site-content-layout":"","ast-site-content-layout":"default","site-content-style":"default","site-sidebar-style":"default","ast-global-header-display":"","ast-banner-title-visibility":"","ast-main-header-display":"","ast-hfb-above-header-display":"","ast-hfb-below-header-display":"","ast-hfb-mobile-header-display":"","site-post-title":"","ast-breadcrumbs-content":"","ast-featured-img":"","footer-sml-layout":"","ast-disable-related-posts":"","theme-transparent-header-meta":"","adv-header-id-meta":"","stick-header-meta":"","header-above-stick-meta":"","header-main-stick-meta":"","header-below-stick-meta":"","astra-migrate-meta-layouts":"default","ast-page-background-enabled":"default","ast-page-background-meta":{"desktop":{"background-color":"var(--ast-global-color-4)","background-image":"","background-repeat":"repeat","background-position":"center center","background-size":"auto","background-attachment":"scroll","background-type":"","background-media":"","overlay-type":"","overlay-color":"","overlay-opacity":"","overlay-gradient":""},"tablet":{"background-color":"","background-image":"","background-repeat":"repeat","background-position":"center center","background-size":"auto","background-attachment":"scroll","background-type":"","background-media":"","overlay-type":"","overlay-color":"","overlay-opacity":"","overlay-gradient":""},"mobile":{"background-color":"","background-image":"","background-repeat":"repeat","background-position":"center center","background-size":"auto","background-attachment":"scroll","background-type":"","background-media":"","overlay-type":"","overlay-color":"","overlay-opacity":"","overlay-gradient":""}},"ast-content-background-meta":{"desktop":{"background-color":"var(--ast-global-color-5)","background-image":"","background-repeat":"repeat","background-position":"center center","background-size":"auto","background-attachment":"scroll","background-type":"","background-media":"","overlay-type":"","overlay-color":"","overlay-opacity":"","overlay-gradient":""},"tablet":{"background-color":"var(--ast-global-color-5)","background-image":"","background-repeat":"repeat","background-position":"center center","background-size":"auto","background-attachment":"scroll","background-type":"","background-media":"","overlay-type":"","overlay-color":"","overlay-opacity":"","overlay-gradient":""},"mobile":{"background-color":"var(--ast-global-color-5)","background-image":"","background-repeat":"repeat","background-position":"center center","background-size":"auto","background-attachment":"scroll","background-type":"","background-media":"","overlay-type":"","overlay-color":"","overlay-opacity":"","overlay-gradient":""}},"footnotes":""},"class_list":["post-146263","page","type-page","status-publish","has-post-thumbnail","hentry"],"_links":{"self":[{"href":"https:\/\/medclinics.com\/es\/wp-json\/wp\/v2\/pages\/146263","targetHints":{"allow":["GET"]}}],"collection":[{"href":"https:\/\/medclinics.com\/es\/wp-json\/wp\/v2\/pages"}],"about":[{"href":"https:\/\/medclinics.com\/es\/wp-json\/wp\/v2\/types\/page"}],"author":[{"embeddable":true,"href":"https:\/\/medclinics.com\/es\/wp-json\/wp\/v2\/users\/4"}],"replies":[{"embeddable":true,"href":"https:\/\/medclinics.com\/es\/wp-json\/wp\/v2\/comments?post=146263"}],"version-history":[{"count":0,"href":"https:\/\/medclinics.com\/es\/wp-json\/wp\/v2\/pages\/146263\/revisions"}],"wp:featuredmedia":[{"embeddable":true,"href":"https:\/\/medclinics.com\/es\/wp-json\/wp\/v2\/media\/94659"}],"wp:attachment":[{"href":"https:\/\/medclinics.com\/es\/wp-json\/wp\/v2\/media?parent=146263"}],"curies":[{"name":"wp","href":"https:\/\/api.w.org\/{rel}","templated":true}]}}