{"id":146251,"date":"2023-03-19T10:56:00","date_gmt":"2023-03-19T07:56:00","guid":{"rendered":"https:\/\/medclinics.com\/monsplastia\/"},"modified":"2025-01-02T17:09:47","modified_gmt":"2025-01-02T14:09:47","slug":"monsplastia","status":"publish","type":"page","link":"https:\/\/medclinics.com\/es\/monsplastia\/","title":{"rendered":"Monsplastia"},"content":{"rendered":"\n<h2 class=\"wp-block-heading\">Si no est\u00e1 satisfecho con el aspecto o el tama\u00f1o de su monte de Venus, existe una soluci\u00f3n: La monsplastia.<\/h2>\n\n<p>Esta intervenci\u00f3n quir\u00fargica puede remodelar y contornear la zona triangular adiposa situada por encima del <a href=\"https:\/\/en.wikipedia.org\/wiki\/Pubis_(bone)\" target=\"_blank\" rel=\"noreferrer noopener\">pubis<\/a> y delante de los genitales.<\/p>\n\n<p>Hay muchas razones por las que las personas deciden someterse a esta cirug\u00eda. Algunas personas pueden tener un exceso de grasa o piel fl\u00e1cida debido a fluctuaciones de peso, envejecimiento o factores gen\u00e9ticos, lo que provoca un bulto poco atractivo en la regi\u00f3n del monte de Venus. Otros pueden sufrir desniveles o asimetr\u00edas que les hacen sentirse acomplejados por las proporciones de su cuerpo.<\/p>\n\n<p>Para quienes buscan mejorar la est\u00e9tica genital, ya sea reduciendo la prominencia para mejorar el equilibrio general, la monsplastia ofrece una forma de avanzar eliminando cualquier tejido no deseado y minimizando las cicatrices visibles gracias a la cuidadosa colocaci\u00f3n de las incisiones durante la cirug\u00eda.<\/p>\n\n<p>Sin embargo, como ocurre con todas las intervenciones quir\u00fargicas, existen riesgos, como el riesgo de infecci\u00f3n asociado a complicaciones hemorr\u00e1gicas postoperatorias, que no deber\u00edan disuadir a nadie de someterse a la monospalst\u00eda, dados sus numerosos beneficios.<\/p>\n\n<h3 class=\"wp-block-heading\">Todo lo que necesita saber sobre la <a href=\"https:\/\/medclinics.com\/es\/estetica-genital\/\" target=\"_blank\" rel=\"noreferrer noopener\">est\u00e9tica genital<\/a>, incluido el precio, los cuidados posteriores y el proceso de cicatrizaci\u00f3n, \u00a1o <a href=\"#requestform\">p\u00f3ngase en contacto con nosotros<\/a>!<\/h3>\n\n<h2 class=\"wp-block-heading\">PREGUNTAS FRECUENTES<\/h2>\n<div id=\"rank-math-faq\" class=\"rank-math-block\">\n<div class=\"rank-math-list \">\n<div id=\"faq-question-1684839089777\" class=\"rank-math-list-item\">\n<h3 class=\"rank-math-question \">\u00bfQu\u00e9 es la monoesplastia?<\/h3>\n<div class=\"rank-math-answer \">\n\n<p>La cirug\u00eda de monsplastia, tambi\u00e9n conocida como cirug\u00eda de reducci\u00f3n del monte de Venus o cirug\u00eda de lifting p\u00fabico, es un procedimiento est\u00e9tico cuyo objetivo es remodelar y reducir el tama\u00f1o del monte de Venus, el tejido graso situado sobre el hueso p\u00fabico. Aborda problemas como la flacidez, el exceso de grasa o piel y la asimetr\u00eda. La intervenci\u00f3n consiste en eliminar el exceso de tejido, tensar la piel y remodelar el monte de Venus para mejorar el aspecto est\u00e9tico. Puede realizarse de forma ambulatoria bajo anestesia, y el tiempo de recuperaci\u00f3n var\u00eda.  <\/p>\n\n<\/div>\n<\/div>\n<div id=\"faq-question-1684839152373\" class=\"rank-math-list-item\">\n<h3 class=\"rank-math-question \">\u00bfCu\u00e1nto cuesta una monoesplastia?<\/h3>\n<div class=\"rank-math-answer \">\n\n<p>El coste de la monsplastia, o cirug\u00eda de reducci\u00f3n del monte de Venus, puede variar en funci\u00f3n de factores como la ubicaci\u00f3n geogr\u00e1fica, la experiencia del cirujano, la cl\u00ednica espec\u00edfica y los honorarios adicionales asociados al procedimiento. En general, el coste de la cirug\u00eda de monsplastia puede oscilar entre 2.000 y 5.000 euros o m\u00e1s en los pa\u00edses europeos. En Turqu\u00eda, el coste de la cirug\u00eda de monsplastia puede variar en funci\u00f3n de varios factores, como la cl\u00ednica, la experiencia del cirujano y la complejidad de la intervenci\u00f3n. Por t\u00e9rmino medio, el coste de la monoesplastia en Turqu\u00eda puede oscilar entre 1.500 y 3.500 euros o m\u00e1s.<\/p>\n\n<\/div>\n<\/div>\n<\/div>\n<\/div>\n<p>\u00a0<\/p>\n\n<h3 class=\"wp-block-heading\">P\u00f3ngase en contacto con nosotros si tiene alguna pregunta.<\/h3>\n","protected":false},"excerpt":{"rendered":"<p>Si no est\u00e1 satisfecho con el aspecto o el tama\u00f1o de su monte de Venus, existe una soluci\u00f3n: La monsplastia. [&hellip;]<\/p>\n","protected":false},"author":4,"featured_media":91457,"parent":0,"menu_order":0,"comment_status":"closed","ping_status":"closed","template":"","meta":{"site-sidebar-layout":"default","site-content-layout":"","ast-site-content-layout":"default","site-content-style":"default","site-sidebar-style":"default","ast-global-header-display":"","ast-banner-title-visibility":"","ast-main-header-display":"","ast-hfb-above-header-display":"","ast-hfb-below-header-display":"","ast-hfb-mobile-header-display":"","site-post-title":"","ast-breadcrumbs-content":"","ast-featured-img":"","footer-sml-layout":"","ast-disable-related-posts":"","theme-transparent-header-meta":"","adv-header-id-meta":"","stick-header-meta":"","header-above-stick-meta":"","header-main-stick-meta":"","header-below-stick-meta":"","astra-migrate-meta-layouts":"default","ast-page-background-enabled":"default","ast-page-background-meta":{"desktop":{"background-color":"var(--ast-global-color-4)","background-image":"","background-repeat":"repeat","background-position":"center center","background-size":"auto","background-attachment":"scroll","background-type":"","background-media":"","overlay-type":"","overlay-color":"","overlay-opacity":"","overlay-gradient":""},"tablet":{"background-color":"","background-image":"","background-repeat":"repeat","background-position":"center center","background-size":"auto","background-attachment":"scroll","background-type":"","background-media":"","overlay-type":"","overlay-color":"","overlay-opacity":"","overlay-gradient":""},"mobile":{"background-color":"","background-image":"","background-repeat":"repeat","background-position":"center center","background-size":"auto","background-attachment":"scroll","background-type":"","background-media":"","overlay-type":"","overlay-color":"","overlay-opacity":"","overlay-gradient":""}},"ast-content-background-meta":{"desktop":{"background-color":"var(--ast-global-color-5)","background-image":"","background-repeat":"repeat","background-position":"center center","background-size":"auto","background-attachment":"scroll","background-type":"","background-media":"","overlay-type":"","overlay-color":"","overlay-opacity":"","overlay-gradient":""},"tablet":{"background-color":"var(--ast-global-color-5)","background-image":"","background-repeat":"repeat","background-position":"center center","background-size":"auto","background-attachment":"scroll","background-type":"","background-media":"","overlay-type":"","overlay-color":"","overlay-opacity":"","overlay-gradient":""},"mobile":{"background-color":"var(--ast-global-color-5)","background-image":"","background-repeat":"repeat","background-position":"center center","background-size":"auto","background-attachment":"scroll","background-type":"","background-media":"","overlay-type":"","overlay-color":"","overlay-opacity":"","overlay-gradient":""}},"footnotes":""},"class_list":["post-146251","page","type-page","status-publish","has-post-thumbnail","hentry"],"_links":{"self":[{"href":"https:\/\/medclinics.com\/es\/wp-json\/wp\/v2\/pages\/146251","targetHints":{"allow":["GET"]}}],"collection":[{"href":"https:\/\/medclinics.com\/es\/wp-json\/wp\/v2\/pages"}],"about":[{"href":"https:\/\/medclinics.com\/es\/wp-json\/wp\/v2\/types\/page"}],"author":[{"embeddable":true,"href":"https:\/\/medclinics.com\/es\/wp-json\/wp\/v2\/users\/4"}],"replies":[{"embeddable":true,"href":"https:\/\/medclinics.com\/es\/wp-json\/wp\/v2\/comments?post=146251"}],"version-history":[{"count":0,"href":"https:\/\/medclinics.com\/es\/wp-json\/wp\/v2\/pages\/146251\/revisions"}],"wp:featuredmedia":[{"embeddable":true,"href":"https:\/\/medclinics.com\/es\/wp-json\/wp\/v2\/media\/91457"}],"wp:attachment":[{"href":"https:\/\/medclinics.com\/es\/wp-json\/wp\/v2\/media?parent=146251"}],"curies":[{"name":"wp","href":"https:\/\/api.w.org\/{rel}","templated":true}]}}