{"id":146239,"date":"2023-03-14T10:44:00","date_gmt":"2023-03-14T07:44:00","guid":{"rendered":"https:\/\/medclinics.com\/rejuvenecimiento-vaginal-con-laser\/"},"modified":"2025-01-02T16:31:41","modified_gmt":"2025-01-02T13:31:41","slug":"rejuvenecimiento-vaginal-con-laser","status":"publish","type":"page","link":"https:\/\/medclinics.com\/es\/rejuvenecimiento-vaginal-con-laser\/","title":{"rendered":"Rejuvenecimiento vaginal con l\u00e1ser"},"content":{"rendered":"\n<p>Le rajeunissement vaginal au laser, \u00e9galement appel\u00e9 resserrement ou th\u00e9rapie <a href=\"https:\/\/en.wikipedia.org\/wiki\/Vaginoplasty\" target=\"_blank\" rel=\"noreferrer noopener\">vaginale<\/a> au laser, est une proc\u00e9dure cosm\u00e9tique non chirurgicale r\u00e9volutionnaire qui peut transformer l&#8217;apparence et la fonction de votre zone intime. Mediante el uso de tecnolog\u00eda l\u00e1ser avanzada para estimular la producci\u00f3n de col\u00e1geno en los tejidos que rodean la vagina, este tratamiento reafirma y mejora la salud general.<\/p>\n\n<p>El proceso consiste en utilizar l\u00e1seres especializados que emiten pulsos controlados de energ\u00eda directamente en zonas concretas del cuerpo. El calor generado por estos haces estimula el crecimiento natural de col\u00e1geno, que proporciona estructura y elasticidad a las c\u00e9lulas de la piel, lo que se traduce en una mejora del tono y la textura, as\u00ed como en un aumento de la firmeza en todas las regiones afectadas por procesos de envejecimiento como el parto o los cambios hormonales.<\/p>\n\n<p>Con beneficios como unos m\u00fasculos m\u00e1s tensos para una mayor satisfacci\u00f3n sexual durante el coito, en el que ambos miembros de la pareja sienten m\u00e1s placer que antes; alivio de los s\u00edntomas de p\u00e9rdidas urinarias de esfuerzo causadas cuando los m\u00fasculos del suelo p\u00e9lvico se debilitan con el tiempo debido a problemas relacionados con la edad; alivio de la sequedad experimentada despu\u00e9s de la menopausia hasta los a\u00f1os de la posmenopausia, en los que los niveles de estr\u00f3geno disminuyen significativamente causando atrofia &#8211; \u00a1hay muchas razones por las que deber\u00eda considerar someterse a un rejuvenecimiento vaginal con l\u00e1ser hoy mismo!<\/p>\n\n<h3 class=\"wp-block-heading\">Todo lo que necesita saber sobre la <a href=\"https:\/\/medclinics.com\/es\/estetica-genital\/\" target=\"_blank\" rel=\"noreferrer noopener\">est\u00e9tica genital<\/a>, incluido el precio, los cuidados posteriores y el proceso de cicatrizaci\u00f3n, \u00a1o <a href=\"#requestform\">p\u00f3ngase en contacto con nosotros<\/a>!<\/h3>\n\n<h2 class=\"wp-block-heading\">PREGUNTAS FRECUENTES<\/h2>\n<div id=\"rank-math-faq\" class=\"rank-math-block\">\n<div class=\"rank-math-list \">\n<div id=\"faq-question-1684838623282\" class=\"rank-math-list-item\">\n<h3 class=\"rank-math-question \">\u00bfQu\u00e9 es el rejuvenecimiento vaginal?<\/h3>\n<div class=\"rank-math-answer \">\n\n<p>El rejuvenecimiento vaginal se refiere a una serie de procedimientos y tratamientos destinados a mejorar el aspecto, la funci\u00f3n y la salud general de la zona vaginal. Estos procedimientos pueden abordar problemas como la laxitud vaginal, la sequedad, la p\u00e9rdida de elasticidad, la incontinencia urinaria o cambios en la sensibilidad.<br \/>El rejuvenecimiento vaginal puede implicar tratamientos no quir\u00fargicos como la terapia l\u00e1ser o los dispositivos de radiofrecuencia para estimular la producci\u00f3n de col\u00e1geno y tensar los tejidos vaginales. Tambi\u00e9n puede incluir procedimientos quir\u00fargicos como la vaginoplastia o la labioplastia para tensar o remodelar el canal vaginal o los labios.<\/p>\n\n<\/div>\n<\/div>\n<div id=\"faq-question-1684838350690\" class=\"rank-math-list-item\">\n<h3 class=\"rank-math-question \">\u00bfQu\u00e9 es la cirug\u00eda de rejuvenecimiento vaginal?<\/h3>\n<div class=\"rank-math-answer \">\n\n<p>La cirug\u00eda de rejuvenecimiento vaginal, tambi\u00e9n conocida como vaginoplastia o cirug\u00eda de estiramiento vaginal, es un procedimiento quir\u00fargico cuyo objetivo es restaurar o mejorar el tono, la fuerza y el aspecto del canal vaginal y los tejidos circundantes. Suele realizarse para tratar problemas como la laxitud vaginal, el debilitamiento de los m\u00fasculos del suelo p\u00e9lvico o cambios en la anatom\u00eda vaginal debidos al parto, el envejecimiento u otros factores.<br \/>La intervenci\u00f3n puede incluir diversas t\u00e9cnicas, como el tensado de los m\u00fasculos vaginales, la eliminaci\u00f3n del exceso de tejido, la reparaci\u00f3n de defectos de la pared vaginal o la remodelaci\u00f3n de los labios. La cirug\u00eda de rejuvenecimiento vaginal suele realizarse de forma ambulatoria con anestesia general o local, dependiendo del procedimiento espec\u00edfico y de las preferencias de la paciente. Es importante consultar a un profesional sanitario cualificado o a un cirujano pl\u00e1stico especializado en rejuvenecimiento vaginal para analizar los problemas espec\u00edficos, los objetivos, los posibles riesgos y los resultados esperados de la intervenci\u00f3n. Pueden proporcionar orientaci\u00f3n personalizada y determinar si la cirug\u00eda de rejuvenecimiento vaginal es adecuada para las circunstancias particulares de cada persona.<\/p>\n\n<\/div>\n<\/div>\n<\/div>\n<\/div>\n<p>\u00a0<\/p>\n\n<h3 class=\"wp-block-heading\">P\u00f3ngase en contacto con nosotros si tiene alguna pregunta.<\/h3>\n","protected":false},"excerpt":{"rendered":"<p>Le rajeunissement vaginal au laser, \u00e9galement appel\u00e9 resserrement ou th\u00e9rapie vaginale au laser, est une proc\u00e9dure cosm\u00e9tique non chirurgicale r\u00e9volutionnaire [&hellip;]<\/p>\n","protected":false},"author":4,"featured_media":91443,"parent":0,"menu_order":0,"comment_status":"closed","ping_status":"closed","template":"","meta":{"site-sidebar-layout":"default","site-content-layout":"","ast-site-content-layout":"default","site-content-style":"default","site-sidebar-style":"default","ast-global-header-display":"","ast-banner-title-visibility":"","ast-main-header-display":"","ast-hfb-above-header-display":"","ast-hfb-below-header-display":"","ast-hfb-mobile-header-display":"","site-post-title":"","ast-breadcrumbs-content":"","ast-featured-img":"","footer-sml-layout":"","ast-disable-related-posts":"","theme-transparent-header-meta":"","adv-header-id-meta":"","stick-header-meta":"","header-above-stick-meta":"","header-main-stick-meta":"","header-below-stick-meta":"","astra-migrate-meta-layouts":"default","ast-page-background-enabled":"default","ast-page-background-meta":{"desktop":{"background-color":"var(--ast-global-color-4)","background-image":"","background-repeat":"repeat","background-position":"center center","background-size":"auto","background-attachment":"scroll","background-type":"","background-media":"","overlay-type":"","overlay-color":"","overlay-opacity":"","overlay-gradient":""},"tablet":{"background-color":"","background-image":"","background-repeat":"repeat","background-position":"center center","background-size":"auto","background-attachment":"scroll","background-type":"","background-media":"","overlay-type":"","overlay-color":"","overlay-opacity":"","overlay-gradient":""},"mobile":{"background-color":"","background-image":"","background-repeat":"repeat","background-position":"center center","background-size":"auto","background-attachment":"scroll","background-type":"","background-media":"","overlay-type":"","overlay-color":"","overlay-opacity":"","overlay-gradient":""}},"ast-content-background-meta":{"desktop":{"background-color":"var(--ast-global-color-5)","background-image":"","background-repeat":"repeat","background-position":"center center","background-size":"auto","background-attachment":"scroll","background-type":"","background-media":"","overlay-type":"","overlay-color":"","overlay-opacity":"","overlay-gradient":""},"tablet":{"background-color":"var(--ast-global-color-5)","background-image":"","background-repeat":"repeat","background-position":"center center","background-size":"auto","background-attachment":"scroll","background-type":"","background-media":"","overlay-type":"","overlay-color":"","overlay-opacity":"","overlay-gradient":""},"mobile":{"background-color":"var(--ast-global-color-5)","background-image":"","background-repeat":"repeat","background-position":"center center","background-size":"auto","background-attachment":"scroll","background-type":"","background-media":"","overlay-type":"","overlay-color":"","overlay-opacity":"","overlay-gradient":""}},"footnotes":""},"class_list":["post-146239","page","type-page","status-publish","has-post-thumbnail","hentry"],"_links":{"self":[{"href":"https:\/\/medclinics.com\/es\/wp-json\/wp\/v2\/pages\/146239","targetHints":{"allow":["GET"]}}],"collection":[{"href":"https:\/\/medclinics.com\/es\/wp-json\/wp\/v2\/pages"}],"about":[{"href":"https:\/\/medclinics.com\/es\/wp-json\/wp\/v2\/types\/page"}],"author":[{"embeddable":true,"href":"https:\/\/medclinics.com\/es\/wp-json\/wp\/v2\/users\/4"}],"replies":[{"embeddable":true,"href":"https:\/\/medclinics.com\/es\/wp-json\/wp\/v2\/comments?post=146239"}],"version-history":[{"count":0,"href":"https:\/\/medclinics.com\/es\/wp-json\/wp\/v2\/pages\/146239\/revisions"}],"wp:featuredmedia":[{"embeddable":true,"href":"https:\/\/medclinics.com\/es\/wp-json\/wp\/v2\/media\/91443"}],"wp:attachment":[{"href":"https:\/\/medclinics.com\/es\/wp-json\/wp\/v2\/media?parent=146239"}],"curies":[{"name":"wp","href":"https:\/\/api.w.org\/{rel}","templated":true}]}}