{"id":146225,"date":"2023-03-15T10:33:00","date_gmt":"2023-03-15T07:33:00","guid":{"rendered":"https:\/\/medclinics.com\/labioplastia\/"},"modified":"2025-01-02T16:30:46","modified_gmt":"2025-01-02T13:30:46","slug":"labioplastia","status":"publish","type":"page","link":"https:\/\/medclinics.com\/es\/labioplastia\/","title":{"rendered":"Labioplastia"},"content":{"rendered":"\n<p>La labioplastia, tambi\u00e9n conocida como labiaplastia, es un procedimiento quir\u00fargico que aborda los problemas est\u00e9ticos y f\u00edsicos relacionados con los pliegues internos y externos de la piel que rodea el orificio vaginal. Este procedimiento puede ser beneficioso para las personas que se sienten acomplejadas o descontentas con el tama\u00f1o, la forma o la simetr\u00eda de sus labios vaginales; que experimentan molestias durante actividades f\u00edsicas como el coito; o que tienen dificultades para mantener una higiene adecuada debido al agrandamiento de los labios vaginales.<\/p>\n\n<p>Existen dos tipos de esta cirug\u00eda: la labioplastia de recorte de bordes consiste en eliminar el exceso de tejido a lo largo del borde, mientras que la <a href=\"https:\/\/en.wikipedia.org\/wiki\/Labiaplasty\" target=\"_blank\" rel=\"noopener\">labioplastia<\/a> de resecci\u00f3n en cu\u00f1a elimina una pieza en forma de cu\u00f1a de la parte menor antes de suturar los bordes restantes, lo que da lugar a un aspecto natural.<\/p>\n\n<p>La cirug\u00eda en s\u00ed puede realizarse con anestesia local, dependiendo de factores de complejidad como la preferencia del paciente. Nuestro equipo ofrece una atenci\u00f3n personalizada adaptada espec\u00edficamente a sus necesidades.<\/p>\n\n<p>Tras esta operaci\u00f3n que cambia la vida viene la recuperaci\u00f3n, que requiere paciencia pero que, en \u00faltima instancia, te lleva a volver a sentirte seguro de ti mismo.<\/p>\n\n<p>Como MedClinics, estamos aqu\u00ed para encontrar el mejor cirujano labioplastia Turqu\u00eda y en el extranjero. P\u00f3ngase en contacto con nosotros.<\/p>\n\n<h3 class=\"wp-block-heading\">Todo lo que necesita saber sobre <a href=\"https:\/\/medclinics.com\/es\/estetica-genital\/\" target=\"_blank\" rel=\"noreferrer noopener\">est\u00e9tica genital<\/a> est\u00e1 aqu\u00ed, <a href=\"#requestform\">\u00a1cont\u00e1ctenos<\/a>!<\/h3>\n\n<h2 class=\"wp-block-heading\">PREGUNTAS FRECUENTES<\/h2>\n<div id=\"rank-math-faq\" class=\"rank-math-block\">\n<div class=\"rank-math-list \">\n<div id=\"faq-question-1684837646045\" class=\"rank-math-list-item\">\n<h3 class=\"rank-math-question \">\u00bfSon dolorosas las labioplastias?<\/h3>\n<div class=\"rank-math-answer \">\n\n<p>La labioplastia puede causar algunas molestias y dolor durante el periodo de recuperaci\u00f3n, pero se aplican medidas adecuadas de control del dolor para ayudar a aliviarlo. Seguir las instrucciones postoperatorias y tomar los analg\u00e9sicos prescritos puede contribuir a un proceso de curaci\u00f3n m\u00e1s c\u00f3modo.<\/p>\n\n<\/div>\n<\/div>\n<div id=\"faq-question-1684837736928\" class=\"rank-math-list-item\">\n<h3 class=\"rank-math-question \">\u00bfPor qu\u00e9 se realiza una labioplastia?<\/h3>\n<div class=\"rank-math-answer \">\n\n<p>La labioplastia se realiza por varios motivos, como reducir el tama\u00f1o o la asimetr\u00eda de los labios menores o mayores, tratar las molestias o irritaciones causadas por el aumento de tama\u00f1o de los labios, mejorar el aspecto est\u00e9tico de la zona genital, aumentar la confianza en uno mismo y tratar problemas funcionales que pueden afectar a la actividad sexual o a la vida cotidiana. El procedimiento se personaliza en funci\u00f3n de las necesidades y deseos del individuo, y su objetivo es proporcionar beneficios f\u00edsicos y psicol\u00f3gicos.<\/p>\n\n<\/div>\n<\/div>\n<div id=\"faq-question-1684837803889\" class=\"rank-math-list-item\">\n<h3 class=\"rank-math-question \">\u00bfEs frecuente la labioplastia?<\/h3>\n<div class=\"rank-math-answer \">\n\n<p>La labioplastia se ha hecho cada vez m\u00e1s com\u00fan en los \u00faltimos a\u00f1os. Es un procedimiento que est\u00e1 ganando popularidad a medida que m\u00e1s personas conocen su disponibilidad y sus posibles beneficios. La decisi\u00f3n de someterse es personal y var\u00eda de un individuo a otro, en funci\u00f3n de sus preocupaciones y objetivos espec\u00edficos. Es importante consultar a un profesional sanitario cualificado o a un cirujano pl\u00e1stico para analizar la intervenci\u00f3n, los posibles riesgos y los resultados esperados, a fin de determinar si la labioplastia es la opci\u00f3n adecuada.<\/p>\n\n<\/div>\n<\/div>\n<\/div>\n<\/div>\n<p>\u00a0<\/p>\n\n<h3 class=\"wp-block-heading\">P\u00f3ngase en contacto con nosotros si tiene alguna pregunta.<\/h3>\n","protected":false},"excerpt":{"rendered":"<p>La labioplastia, tambi\u00e9n conocida como labiaplastia, es un procedimiento quir\u00fargico que aborda los problemas est\u00e9ticos y f\u00edsicos relacionados con los [&hellip;]<\/p>\n","protected":false},"author":4,"featured_media":91429,"parent":0,"menu_order":0,"comment_status":"closed","ping_status":"closed","template":"","meta":{"site-sidebar-layout":"default","site-content-layout":"","ast-site-content-layout":"default","site-content-style":"default","site-sidebar-style":"default","ast-global-header-display":"","ast-banner-title-visibility":"","ast-main-header-display":"","ast-hfb-above-header-display":"","ast-hfb-below-header-display":"","ast-hfb-mobile-header-display":"","site-post-title":"","ast-breadcrumbs-content":"","ast-featured-img":"","footer-sml-layout":"","ast-disable-related-posts":"","theme-transparent-header-meta":"","adv-header-id-meta":"","stick-header-meta":"","header-above-stick-meta":"","header-main-stick-meta":"","header-below-stick-meta":"","astra-migrate-meta-layouts":"default","ast-page-background-enabled":"default","ast-page-background-meta":{"desktop":{"background-color":"var(--ast-global-color-4)","background-image":"","background-repeat":"repeat","background-position":"center center","background-size":"auto","background-attachment":"scroll","background-type":"","background-media":"","overlay-type":"","overlay-color":"","overlay-opacity":"","overlay-gradient":""},"tablet":{"background-color":"","background-image":"","background-repeat":"repeat","background-position":"center center","background-size":"auto","background-attachment":"scroll","background-type":"","background-media":"","overlay-type":"","overlay-color":"","overlay-opacity":"","overlay-gradient":""},"mobile":{"background-color":"","background-image":"","background-repeat":"repeat","background-position":"center center","background-size":"auto","background-attachment":"scroll","background-type":"","background-media":"","overlay-type":"","overlay-color":"","overlay-opacity":"","overlay-gradient":""}},"ast-content-background-meta":{"desktop":{"background-color":"var(--ast-global-color-5)","background-image":"","background-repeat":"repeat","background-position":"center center","background-size":"auto","background-attachment":"scroll","background-type":"","background-media":"","overlay-type":"","overlay-color":"","overlay-opacity":"","overlay-gradient":""},"tablet":{"background-color":"var(--ast-global-color-5)","background-image":"","background-repeat":"repeat","background-position":"center center","background-size":"auto","background-attachment":"scroll","background-type":"","background-media":"","overlay-type":"","overlay-color":"","overlay-opacity":"","overlay-gradient":""},"mobile":{"background-color":"var(--ast-global-color-5)","background-image":"","background-repeat":"repeat","background-position":"center center","background-size":"auto","background-attachment":"scroll","background-type":"","background-media":"","overlay-type":"","overlay-color":"","overlay-opacity":"","overlay-gradient":""}},"footnotes":""},"class_list":["post-146225","page","type-page","status-publish","has-post-thumbnail","hentry"],"_links":{"self":[{"href":"https:\/\/medclinics.com\/es\/wp-json\/wp\/v2\/pages\/146225","targetHints":{"allow":["GET"]}}],"collection":[{"href":"https:\/\/medclinics.com\/es\/wp-json\/wp\/v2\/pages"}],"about":[{"href":"https:\/\/medclinics.com\/es\/wp-json\/wp\/v2\/types\/page"}],"author":[{"embeddable":true,"href":"https:\/\/medclinics.com\/es\/wp-json\/wp\/v2\/users\/4"}],"replies":[{"embeddable":true,"href":"https:\/\/medclinics.com\/es\/wp-json\/wp\/v2\/comments?post=146225"}],"version-history":[{"count":0,"href":"https:\/\/medclinics.com\/es\/wp-json\/wp\/v2\/pages\/146225\/revisions"}],"wp:featuredmedia":[{"embeddable":true,"href":"https:\/\/medclinics.com\/es\/wp-json\/wp\/v2\/media\/91429"}],"wp:attachment":[{"href":"https:\/\/medclinics.com\/es\/wp-json\/wp\/v2\/media?parent=146225"}],"curies":[{"name":"wp","href":"https:\/\/api.w.org\/{rel}","templated":true}]}}