{"id":146215,"date":"2023-03-15T10:17:00","date_gmt":"2023-03-15T07:17:00","guid":{"rendered":"https:\/\/medclinics.com\/himenoplastia\/"},"modified":"2025-01-02T16:08:23","modified_gmt":"2025-01-02T13:08:23","slug":"himenoplastia","status":"publish","type":"page","link":"https:\/\/medclinics.com\/es\/himenoplastia\/","title":{"rendered":"Himenoplastia"},"content":{"rendered":"\n<p>La himenoplastia es una soluci\u00f3n quir\u00fargica que reconstruye o repara el himen, situado en el orificio vaginal. La forma y el tama\u00f1o de esta fina membrana pueden variar de una persona a otra y pueden estirarse o desgarrarse debido a actividades f\u00edsicas como el sexo, el ejercicio o el uso de tampones.<\/p>\n\n<p>Las personas recurren a la himenoplastia por motivos culturales, religiosos o personales, ya que su objetivo es restaurar su estado original antes de que se produjera cualquier desgarro. Este procedimiento consiste en reparar los restos del tejido del himen existente o crear nuevas estructuras utilizando los tejidos circundantes.<\/p>\n\n<p>Es importante entender que, si bien no es m\u00e9dicamente necesaria, sino m\u00e1s bien de naturaleza cosm\u00e9tica, su prop\u00f3sito principal es dar una apariencia similar a la de tener una estructura himeneal intacta. <a href=\"https:\/\/en.wikipedia.org\/wiki\/Hymenorrhaphy\" target=\"_blank\" rel=\"noopener\">Las himnoplastias<\/a> se realizan normalmente de forma ambulatoria con tiempos de recuperaci\u00f3n cortos despu\u00e9s de la cirug\u00eda.<\/p>\n\n<p>Antes de someterse a una intervenci\u00f3n de este tipo, debe comunicarse abiertamente con cirujanos pl\u00e1sticos cualificados que le proporcionar\u00e1n informaci\u00f3n detallada sobre las expectativas relativas a los resultados y abordar\u00e1n las preocupaciones que pueda tener en relaci\u00f3n con las implicaciones culturales, \u00e9ticas y sociales, as\u00ed como las motivaciones individuales que subyacen a su proceso de toma de decisiones.<\/p>\n\n<h3 class=\"wp-block-heading\">Todo lo que necesita saber sobre la <a href=\"https:\/\/medclinics.com\/es\/estetica-genital\/\" target=\"_blank\" rel=\"noreferrer noopener\">est\u00e9tica genital<\/a>, incluido el precio, los cuidados posteriores y el proceso de cicatrizaci\u00f3n, \u00a1o <a href=\"#requestform\">p\u00f3ngase en contacto con nosotros<\/a>!<\/h3>\n\n<h2 class=\"wp-block-heading\">PREGUNTAS FRECUENTES<\/h2>\n<div id=\"rank-math-faq\" class=\"rank-math-block\">\n<div class=\"rank-math-list \">\n<div id=\"faq-question-1684836770900\" class=\"rank-math-list-item\">\n<h3 class=\"rank-math-question \">\u00bfQu\u00e9 es la himenoplastia?<\/h3>\n<div class=\"rank-math-answer \">\n\n<p>La himenoplastia es una intervenci\u00f3n quir\u00fargica cuyo objetivo es reconstruir o reparar el himen, una fina membrana situada a la entrada de la vagina. A menudo se busca por motivos personales, culturales o sociales y consiste en suturar o recrear el anillo himeneal.<\/p>\n\n<\/div>\n<\/div>\n<div id=\"faq-question-1684836822286\" class=\"rank-math-list-item\">\n<h3 class=\"rank-math-question \">\u00bfEn qu\u00e9 consiste la himenoplastia?<\/h3>\n<div class=\"rank-math-answer \">\n\n<p>La himenoplastia es un procedimiento quir\u00fargico que consiste en la reconstrucci\u00f3n o reparaci\u00f3n del himen. La intervenci\u00f3n suele suturar los restos del himen o utilizar injertos de tejido para recrear el anillo himeneal, con el fin de restaurar su aspecto.<\/p>\n\n<\/div>\n<\/div>\n<\/div>\n<\/div>\n<p>\u00a0<\/p>\n\n<h3 class=\"wp-block-heading\">P\u00f3ngase en contacto con nosotros si tiene alguna pregunta.<\/h3>\n","protected":false},"excerpt":{"rendered":"<p>La himenoplastia es una soluci\u00f3n quir\u00fargica que reconstruye o repara el himen, situado en el orificio vaginal. La forma y [&hellip;]<\/p>\n","protected":false},"author":4,"featured_media":93072,"parent":0,"menu_order":0,"comment_status":"closed","ping_status":"closed","template":"","meta":{"site-sidebar-layout":"default","site-content-layout":"","ast-site-content-layout":"default","site-content-style":"default","site-sidebar-style":"default","ast-global-header-display":"","ast-banner-title-visibility":"","ast-main-header-display":"","ast-hfb-above-header-display":"","ast-hfb-below-header-display":"","ast-hfb-mobile-header-display":"","site-post-title":"","ast-breadcrumbs-content":"","ast-featured-img":"","footer-sml-layout":"","ast-disable-related-posts":"","theme-transparent-header-meta":"","adv-header-id-meta":"","stick-header-meta":"","header-above-stick-meta":"","header-main-stick-meta":"","header-below-stick-meta":"","astra-migrate-meta-layouts":"default","ast-page-background-enabled":"default","ast-page-background-meta":{"desktop":{"background-color":"var(--ast-global-color-4)","background-image":"","background-repeat":"repeat","background-position":"center center","background-size":"auto","background-attachment":"scroll","background-type":"","background-media":"","overlay-type":"","overlay-color":"","overlay-opacity":"","overlay-gradient":""},"tablet":{"background-color":"","background-image":"","background-repeat":"repeat","background-position":"center center","background-size":"auto","background-attachment":"scroll","background-type":"","background-media":"","overlay-type":"","overlay-color":"","overlay-opacity":"","overlay-gradient":""},"mobile":{"background-color":"","background-image":"","background-repeat":"repeat","background-position":"center center","background-size":"auto","background-attachment":"scroll","background-type":"","background-media":"","overlay-type":"","overlay-color":"","overlay-opacity":"","overlay-gradient":""}},"ast-content-background-meta":{"desktop":{"background-color":"var(--ast-global-color-5)","background-image":"","background-repeat":"repeat","background-position":"center center","background-size":"auto","background-attachment":"scroll","background-type":"","background-media":"","overlay-type":"","overlay-color":"","overlay-opacity":"","overlay-gradient":""},"tablet":{"background-color":"var(--ast-global-color-5)","background-image":"","background-repeat":"repeat","background-position":"center center","background-size":"auto","background-attachment":"scroll","background-type":"","background-media":"","overlay-type":"","overlay-color":"","overlay-opacity":"","overlay-gradient":""},"mobile":{"background-color":"var(--ast-global-color-5)","background-image":"","background-repeat":"repeat","background-position":"center center","background-size":"auto","background-attachment":"scroll","background-type":"","background-media":"","overlay-type":"","overlay-color":"","overlay-opacity":"","overlay-gradient":""}},"footnotes":""},"class_list":["post-146215","page","type-page","status-publish","has-post-thumbnail","hentry"],"_links":{"self":[{"href":"https:\/\/medclinics.com\/es\/wp-json\/wp\/v2\/pages\/146215","targetHints":{"allow":["GET"]}}],"collection":[{"href":"https:\/\/medclinics.com\/es\/wp-json\/wp\/v2\/pages"}],"about":[{"href":"https:\/\/medclinics.com\/es\/wp-json\/wp\/v2\/types\/page"}],"author":[{"embeddable":true,"href":"https:\/\/medclinics.com\/es\/wp-json\/wp\/v2\/users\/4"}],"replies":[{"embeddable":true,"href":"https:\/\/medclinics.com\/es\/wp-json\/wp\/v2\/comments?post=146215"}],"version-history":[{"count":0,"href":"https:\/\/medclinics.com\/es\/wp-json\/wp\/v2\/pages\/146215\/revisions"}],"wp:featuredmedia":[{"embeddable":true,"href":"https:\/\/medclinics.com\/es\/wp-json\/wp\/v2\/media\/93072"}],"wp:attachment":[{"href":"https:\/\/medclinics.com\/es\/wp-json\/wp\/v2\/media?parent=146215"}],"curies":[{"name":"wp","href":"https:\/\/api.w.org\/{rel}","templated":true}]}}