{"id":146203,"date":"2023-03-13T09:23:22","date_gmt":"2023-03-13T09:23:22","guid":{"rendered":"https:\/\/medclinics.com\/estetica-del-pene-circuncision\/"},"modified":"2024-04-01T15:56:48","modified_gmt":"2024-04-01T12:56:48","slug":"estetica-del-pene-circuncision","status":"publish","type":"page","link":"https:\/\/medclinics.com\/es\/estetica-del-pene-circuncision\/","title":{"rendered":"Est\u00e9tica del pene &#8211; Circuncisi\u00f3n"},"content":{"rendered":"\n<p>La circuncisi\u00f3n es un procedimiento quir\u00fargico que consiste en la extirpaci\u00f3n del prepucio, que cubre la cabeza del pene. Esta pr\u00e1ctica tiene un gran significado cultural, religioso y m\u00e9dico en distintas partes del mundo.<\/p>\n\n<p>Circuncisi\u00f3n religiosa: En las comunidades jud\u00eda e isl\u00e1mica, la circuncisi\u00f3n se practica como ritual a los ni\u00f1os varones para establecer un pacto con Dios o por otras razones espirituales. Es una tradici\u00f3n importante que se ha transmitido de generaci\u00f3n en generaci\u00f3n.<\/p>\n\n<p>Circuncisi\u00f3n cultural: Algunas culturas practican la circuncisi\u00f3n como parte de sus pr\u00e1cticas tradicionales sin ning\u00fan v\u00ednculo necesario con la religi\u00f3n. El acto puede utilizarse simb\u00f3licamente durante ceremonias de ritos de paso o rituales de iniciaci\u00f3n, dependiendo del rango de edad o del contexto de cada cultura.<\/p>\n\n<p>Circuncisi\u00f3n m\u00e9dica: los profesionales m\u00e9dicos recomiendan esta cirug\u00eda para tratar ciertas afecciones como fimosis (prepucio apretado), balanitis (inflamaci\u00f3n) recurrente, infecciones del tracto urinario y prevenci\u00f3n del c\u00e1ncer de pene, entre otras, incluidas enfermedades de transmisi\u00f3n sexual como el VIH\/SIDA; todas estas son preocupaciones de salud v\u00e1lidas. \u00a1Donde las <a href=\"https:\/\/en.wikipedia.org\/wiki\/Circumcision\" target=\"_blank\" rel=\"noopener\">circuncisiones<\/a> pueden ayudar a reducir los riesgos significativamente!<\/p>\n\n<p>En conclusi\u00f3n, independientemente de si se hace por motivos religiosos, tradiciones culturales o por recomendaci\u00f3n m\u00e9dica, la circuncisi\u00f3n tiene muchas ventajas.<\/p>\n\n<h3 class=\"wp-block-heading\">Todo lo que necesita saber sobre la <a href=\"https:\/\/medclinics.com\/es\/estetica-genital\/\" target=\"_blank\" rel=\"noreferrer noopener\">est\u00e9tica genital<\/a>, incluido el precio, los cuidados posteriores y el proceso de cicatrizaci\u00f3n, \u00a1o <a href=\"#requestform\">p\u00f3ngase en contacto con nosotros<\/a>!<\/h3>\n\n<h2 class=\"wp-block-heading\">PREGUNTAS FRECUENTES<\/h2>\n<div id=\"rank-math-faq\" class=\"rank-math-block\">\n<div class=\"rank-math-list \">\n<div id=\"faq-question-1684830656279\" class=\"rank-math-list-item\">\n<h3 class=\"rank-math-question \">\u00bfSon dolorosas las circuncisiones?<\/h3>\n<div class=\"rank-math-answer \">\n\n<p>La experiencia del dolor durante la circuncisi\u00f3n var\u00eda, y normalmente se utiliza anestesia para minimizar o eliminar el dolor durante el procedimiento. Los reci\u00e9n nacidos reciben anestesia local para insensibilizar la zona, mientras que los ni\u00f1os mayores y los adultos pueden recibir anestesia general. Las t\u00e9cnicas de tratamiento del dolor y los cuidados adecuados son importantes para aliviar las molestias durante el proceso de cicatrizaci\u00f3n. Los profesionales sanitarios deben discutir las opciones de tratamiento del dolor y proporcionar el apoyo necesario para la comodidad de las personas sometidas a circuncisi\u00f3n.<\/p>\n\n<\/div>\n<\/div>\n<div id=\"faq-question-1684830690206\" class=\"rank-math-list-item\">\n<h3 class=\"rank-math-question \">\u00bfC\u00f3mo cura la circuncisi\u00f3n?<\/h3>\n<div class=\"rank-math-answer \">\n\n<p>El proceso de cicatrizaci\u00f3n tras la circuncisi\u00f3n consta de varias etapas. Inmediatamente despu\u00e9s de la intervenci\u00f3n, se aplica un ap\u00f3sito protector y puede haber algunas molestias, hinchaz\u00f3n y sensibilidad en la zona. Pueden recetarse analg\u00e9sicos para controlar el dolor. En los d\u00edas siguientes, se retira el ap\u00f3sito y se inicia una limpieza suave de la zona siguiendo las instrucciones del profesional sanitario. Mantener la zona limpia y seca es importante para prevenir infecciones. En el transcurso de varias semanas, el lugar de la incisi\u00f3n se cura gradualmente, y el enrojecimiento, la hinchaz\u00f3n y la sensibilidad iniciales remiten. Es esencial evitar las actividades extenuantes y seguir las instrucciones de cuidado que se proporcionen. Suele programarse una cita de seguimiento con el profesional sanitario para controlar el progreso de la cicatrizaci\u00f3n y abordar cualquier duda. La experiencia de curaci\u00f3n de cada individuo puede variar, por lo que es importante seguir las instrucciones espec\u00edficas de cuidado proporcionadas para un proceso de curaci\u00f3n satisfactorio.<\/p>\n\n<\/div>\n<\/div>\n<div id=\"faq-question-1684830753654\" class=\"rank-math-list-item\">\n<h3 class=\"rank-math-question \">\u00bfQu\u00e9 m\u00e9todo de circuncisi\u00f3n es mejor para los beb\u00e9s?<\/h3>\n<div class=\"rank-math-answer \">\n\n<p>A la hora de elegir el mejor m\u00e9todo de circuncisi\u00f3n para beb\u00e9s, la decisi\u00f3n suele depender de varios factores. Dos m\u00e9todos com\u00fanmente utilizados son el m\u00e9todo plastibell y el m\u00e9todo de pinza Gomco o Mogen. El m\u00e9todo plastibell consiste en colocar un anillo o campana de pl\u00e1stico sobre el glande y dejar que el exceso de prepucio se elimine de forma natural a medida que el anillo corta el riego sangu\u00edneo. El m\u00e9todo de pinza Gomco o Mogen consiste en utilizar una pinza para sujetar el prepucio antes de extirparlo, y el lugar de la incisi\u00f3n se cierra con puntos de sutura solubles. La elecci\u00f3n del m\u00e9todo puede variar en funci\u00f3n de la experiencia del profesional sanitario, la edad del beb\u00e9 y consideraciones m\u00e9dicas espec\u00edficas. Es importante consultar con un profesional sanitario cualificado para analizar las opciones disponibles y tomar una decisi\u00f3n informada que se adapte mejor a las circunstancias individuales del beb\u00e9.<\/p>\n\n<\/div>\n<\/div>\n<\/div>\n<\/div>\n<p>\u00a0<\/p>\n\n<h3 class=\"wp-block-heading\">P\u00f3ngase en contacto con nosotros si tiene alguna pregunta.<\/h3>\n","protected":false},"excerpt":{"rendered":"<p>La circuncisi\u00f3n es un procedimiento quir\u00fargico que consiste en la extirpaci\u00f3n del prepucio, que cubre la cabeza del pene. Esta [&hellip;]<\/p>\n","protected":false},"author":4,"featured_media":93193,"parent":0,"menu_order":0,"comment_status":"closed","ping_status":"closed","template":"","meta":{"site-sidebar-layout":"default","site-content-layout":"","ast-site-content-layout":"default","site-content-style":"default","site-sidebar-style":"default","ast-global-header-display":"","ast-banner-title-visibility":"","ast-main-header-display":"","ast-hfb-above-header-display":"","ast-hfb-below-header-display":"","ast-hfb-mobile-header-display":"","site-post-title":"","ast-breadcrumbs-content":"","ast-featured-img":"","footer-sml-layout":"","ast-disable-related-posts":"","theme-transparent-header-meta":"","adv-header-id-meta":"","stick-header-meta":"","header-above-stick-meta":"","header-main-stick-meta":"","header-below-stick-meta":"","astra-migrate-meta-layouts":"default","ast-page-background-enabled":"default","ast-page-background-meta":{"desktop":{"background-color":"var(--ast-global-color-4)","background-image":"","background-repeat":"repeat","background-position":"center center","background-size":"auto","background-attachment":"scroll","background-type":"","background-media":"","overlay-type":"","overlay-color":"","overlay-opacity":"","overlay-gradient":""},"tablet":{"background-color":"","background-image":"","background-repeat":"repeat","background-position":"center center","background-size":"auto","background-attachment":"scroll","background-type":"","background-media":"","overlay-type":"","overlay-color":"","overlay-opacity":"","overlay-gradient":""},"mobile":{"background-color":"","background-image":"","background-repeat":"repeat","background-position":"center center","background-size":"auto","background-attachment":"scroll","background-type":"","background-media":"","overlay-type":"","overlay-color":"","overlay-opacity":"","overlay-gradient":""}},"ast-content-background-meta":{"desktop":{"background-color":"var(--ast-global-color-5)","background-image":"","background-repeat":"repeat","background-position":"center center","background-size":"auto","background-attachment":"scroll","background-type":"","background-media":"","overlay-type":"","overlay-color":"","overlay-opacity":"","overlay-gradient":""},"tablet":{"background-color":"var(--ast-global-color-5)","background-image":"","background-repeat":"repeat","background-position":"center center","background-size":"auto","background-attachment":"scroll","background-type":"","background-media":"","overlay-type":"","overlay-color":"","overlay-opacity":"","overlay-gradient":""},"mobile":{"background-color":"var(--ast-global-color-5)","background-image":"","background-repeat":"repeat","background-position":"center center","background-size":"auto","background-attachment":"scroll","background-type":"","background-media":"","overlay-type":"","overlay-color":"","overlay-opacity":"","overlay-gradient":""}},"footnotes":""},"class_list":["post-146203","page","type-page","status-publish","has-post-thumbnail","hentry"],"_links":{"self":[{"href":"https:\/\/medclinics.com\/es\/wp-json\/wp\/v2\/pages\/146203","targetHints":{"allow":["GET"]}}],"collection":[{"href":"https:\/\/medclinics.com\/es\/wp-json\/wp\/v2\/pages"}],"about":[{"href":"https:\/\/medclinics.com\/es\/wp-json\/wp\/v2\/types\/page"}],"author":[{"embeddable":true,"href":"https:\/\/medclinics.com\/es\/wp-json\/wp\/v2\/users\/4"}],"replies":[{"embeddable":true,"href":"https:\/\/medclinics.com\/es\/wp-json\/wp\/v2\/comments?post=146203"}],"version-history":[{"count":0,"href":"https:\/\/medclinics.com\/es\/wp-json\/wp\/v2\/pages\/146203\/revisions"}],"wp:featuredmedia":[{"embeddable":true,"href":"https:\/\/medclinics.com\/es\/wp-json\/wp\/v2\/media\/93193"}],"wp:attachment":[{"href":"https:\/\/medclinics.com\/es\/wp-json\/wp\/v2\/media?parent=146203"}],"curies":[{"name":"wp","href":"https:\/\/api.w.org\/{rel}","templated":true}]}}