{"id":146181,"date":"2023-03-14T09:20:00","date_gmt":"2023-03-14T06:20:00","guid":{"rendered":"https:\/\/medclinics.com\/reduccion-del-capuchon-del-clitoris\/"},"modified":"2024-12-30T19:22:50","modified_gmt":"2024-12-30T16:22:50","slug":"reduccion-del-capuchon-del-clitoris","status":"publish","type":"page","link":"https:\/\/medclinics.com\/es\/reduccion-del-capuchon-del-clitoris\/","title":{"rendered":"Reducci\u00f3n del capuch\u00f3n del cl\u00edtoris"},"content":{"rendered":"\n<h2 class=\"wp-block-heading\">Si experimenta molestias debido a problemas de tama\u00f1o de un capuch\u00f3n de cl\u00edtoris agrandado, la reducci\u00f3n del capuch\u00f3n de cl\u00edtoris podr\u00eda ser beneficiosa.<\/h2>\n\n<p>La <a href=\"https:\/\/en.wikipedia.org\/wiki\/Clitoral_hood_reduction\" target=\"_blank\" rel=\"noreferrer noopener\">reducci\u00f3n<\/a> del capuch\u00f3n del cl\u00edtoris, tambi\u00e9n denominada hoodectom\u00eda del cl\u00edtoris o hoodplastia del cl\u00edtoris, es una opci\u00f3n quir\u00fargica que puede ayudar a reducir el exceso de tejido del pliegue que cubre el cl\u00edtoris. Aunque este procedimiento ayuda a proteger y estimular durante la actividad sexual, algunas pueden sentirse cohibidas por su cl\u00edtoris protuberante o de gran tama\u00f1o.<\/p>\n\n<p>Durante la operaci\u00f3n bajo anestesia local, los cirujanos eliminan los tejidos sobrantes preservando al mismo tiempo las funciones esenciales y la sensibilidad para obtener unos resultados \u00f3ptimos adaptados espec\u00edficamente a las necesidades anat\u00f3micas individuales.<\/p>\n\n<p>Sin embargo, al igual que cualquier otra intervenci\u00f3n m\u00e9dica, existen riesgos como infecciones, hemorragias, cicatrices, p\u00e9rdida de sensibilidad, etc., por lo que es importante no s\u00f3lo discutir a fondo estas preocupaciones, sino tambi\u00e9n tener expectativas realistas antes de tomar cualquier decisi\u00f3n final con respecto a las cirug\u00edas est\u00e9ticas.<\/p>\n\n<h3 class=\"wp-block-heading\">Todo lo que necesita saber sobre la <a href=\"https:\/\/medclinics.com\/es\/estetica-genital\/\" target=\"_blank\" rel=\"noreferrer noopener\">est\u00e9tica genital<\/a>, incluido el precio, los cuidados posteriores y el proceso de cicatrizaci\u00f3n, \u00a1o <a href=\"#requestform\">p\u00f3ngase en contacto con nosotros<\/a>!<\/h3>\n\n<h2 class=\"wp-block-heading\">PREGUNTAS FRECUENTES<\/h2>\n<div id=\"rank-math-faq\" class=\"rank-math-block\">\n<div class=\"rank-math-list \">\n<div id=\"faq-question-1684831298996\" class=\"rank-math-list-item\">\n<h3 class=\"rank-math-question \">\u00bfSe puede reducir el capuch\u00f3n del cl\u00edtoris?<\/h3>\n<div class=\"rank-math-answer \">\n\n<p>S\u00ed, el capuch\u00f3n del cl\u00edtoris puede reducirse mediante un procedimiento quir\u00fargico denominado reducci\u00f3n del capuch\u00f3n del cl\u00edtoris o hoodectom\u00eda del cl\u00edtoris. Este procedimiento consiste en eliminar el exceso de tejido del capuch\u00f3n del cl\u00edtoris para exponerlo y aumentar su visibilidad. La reducci\u00f3n del capuch\u00f3n del cl\u00edtoris se realiza a menudo por razones est\u00e9ticas o para aliviar las molestias causadas por un tejido excesivo o redundante. Es importante consultar a un profesional sanitario cualificado o a un cirujano pl\u00e1stico especializado en este procedimiento para analizar los posibles riesgos, beneficios y resultados esperados en funci\u00f3n de las circunstancias individuales.<\/p>\n\n<\/div>\n<\/div>\n<div id=\"faq-question-1684831318284\" class=\"rank-math-list-item\">\n<h3 class=\"rank-math-question \">\u00bfPor qu\u00e9 me duele el capuch\u00f3n del cl\u00edtoris?<\/h3>\n<div class=\"rank-math-answer \">\n\n<p>Experimentar molestias o dolor en el capuch\u00f3n del cl\u00edtoris puede ser angustioso, y existen varias causas potenciales para esta sensaci\u00f3n. La irritaci\u00f3n o inflamaci\u00f3n del capuch\u00f3n del cl\u00edtoris puede deberse a factores como la fricci\u00f3n, la ropa ajustada o la exposici\u00f3n a sustancias irritantes. Infecciones como las infecciones por hongos o la vaginosis bacteriana tambi\u00e9n pueden provocar inflamaci\u00f3n y molestias en el capuch\u00f3n del cl\u00edtoris. Adem\u00e1s, los traumatismos o lesiones del capuch\u00f3n del cl\u00edtoris, as\u00ed como las adherencias del capuch\u00f3n del cl\u00edtoris, pueden contribuir al dolor o la sensibilidad. Si experimenta dolor persistente o intenso en el capuch\u00f3n del cl\u00edtoris, es aconsejable que consulte a un profesional sanitario o ginec\u00f3logo que pueda evaluar sus s\u00edntomas, realizarle un examen y proporcionarle orientaci\u00f3n adecuada y opciones de tratamiento adaptadas a su situaci\u00f3n espec\u00edfica.<\/p>\n\n<\/div>\n<\/div>\n<div id=\"faq-question-1684831417949\" class=\"rank-math-list-item\">\n<h3 class=\"rank-math-question \">\u00bfQu\u00e9 ocurre si se retira el capuch\u00f3n del cl\u00edtoris?<\/h3>\n<div class=\"rank-math-answer \">\n\n<p>El principal resultado de la reducci\u00f3n del capuch\u00f3n del cl\u00edtoris es una mayor exposici\u00f3n del cl\u00edtoris, lo que puede mejorar la estimulaci\u00f3n sexual y la sensibilidad. Adem\u00e1s, el procedimiento puede dar lugar a cambios est\u00e9ticos, haciendo que el cl\u00edtoris sea m\u00e1s visible o prominente. Es importante tener en cuenta que, como cualquier procedimiento quir\u00fargico, la extirpaci\u00f3n del capuch\u00f3n del cl\u00edtoris conlleva posibles riesgos y complicaciones, como hemorragias, infecciones, cicatrices o cambios en la sensibilidad. Las experiencias y los resultados personales pueden variar, por lo que es fundamental consultar a un profesional sanitario cualificado o a un cirujano pl\u00e1stico especializado en este procedimiento para analizar los posibles beneficios, riesgos y resultados esperados en funci\u00f3n de sus necesidades y deseos individuales.<\/p>\n\n<\/div>\n<\/div>\n<\/div>\n<\/div>\n<p>\u00a0<\/p>\n\n<h3 class=\"wp-block-heading\">P\u00f3ngase en contacto con nosotros si tiene alguna pregunta.<\/h3>\n","protected":false},"excerpt":{"rendered":"<p>Si experimenta molestias debido a problemas de tama\u00f1o de un capuch\u00f3n de cl\u00edtoris agrandado, la reducci\u00f3n del capuch\u00f3n de cl\u00edtoris [&hellip;]<\/p>\n","protected":false},"author":4,"featured_media":91335,"parent":0,"menu_order":0,"comment_status":"closed","ping_status":"closed","template":"","meta":{"site-sidebar-layout":"default","site-content-layout":"","ast-site-content-layout":"default","site-content-style":"default","site-sidebar-style":"default","ast-global-header-display":"","ast-banner-title-visibility":"","ast-main-header-display":"","ast-hfb-above-header-display":"","ast-hfb-below-header-display":"","ast-hfb-mobile-header-display":"","site-post-title":"","ast-breadcrumbs-content":"","ast-featured-img":"","footer-sml-layout":"","ast-disable-related-posts":"","theme-transparent-header-meta":"","adv-header-id-meta":"","stick-header-meta":"","header-above-stick-meta":"","header-main-stick-meta":"","header-below-stick-meta":"","astra-migrate-meta-layouts":"default","ast-page-background-enabled":"default","ast-page-background-meta":{"desktop":{"background-color":"var(--ast-global-color-4)","background-image":"","background-repeat":"repeat","background-position":"center center","background-size":"auto","background-attachment":"scroll","background-type":"","background-media":"","overlay-type":"","overlay-color":"","overlay-opacity":"","overlay-gradient":""},"tablet":{"background-color":"","background-image":"","background-repeat":"repeat","background-position":"center center","background-size":"auto","background-attachment":"scroll","background-type":"","background-media":"","overlay-type":"","overlay-color":"","overlay-opacity":"","overlay-gradient":""},"mobile":{"background-color":"","background-image":"","background-repeat":"repeat","background-position":"center center","background-size":"auto","background-attachment":"scroll","background-type":"","background-media":"","overlay-type":"","overlay-color":"","overlay-opacity":"","overlay-gradient":""}},"ast-content-background-meta":{"desktop":{"background-color":"var(--ast-global-color-5)","background-image":"","background-repeat":"repeat","background-position":"center center","background-size":"auto","background-attachment":"scroll","background-type":"","background-media":"","overlay-type":"","overlay-color":"","overlay-opacity":"","overlay-gradient":""},"tablet":{"background-color":"var(--ast-global-color-5)","background-image":"","background-repeat":"repeat","background-position":"center center","background-size":"auto","background-attachment":"scroll","background-type":"","background-media":"","overlay-type":"","overlay-color":"","overlay-opacity":"","overlay-gradient":""},"mobile":{"background-color":"var(--ast-global-color-5)","background-image":"","background-repeat":"repeat","background-position":"center center","background-size":"auto","background-attachment":"scroll","background-type":"","background-media":"","overlay-type":"","overlay-color":"","overlay-opacity":"","overlay-gradient":""}},"footnotes":""},"class_list":["post-146181","page","type-page","status-publish","has-post-thumbnail","hentry"],"_links":{"self":[{"href":"https:\/\/medclinics.com\/es\/wp-json\/wp\/v2\/pages\/146181","targetHints":{"allow":["GET"]}}],"collection":[{"href":"https:\/\/medclinics.com\/es\/wp-json\/wp\/v2\/pages"}],"about":[{"href":"https:\/\/medclinics.com\/es\/wp-json\/wp\/v2\/types\/page"}],"author":[{"embeddable":true,"href":"https:\/\/medclinics.com\/es\/wp-json\/wp\/v2\/users\/4"}],"replies":[{"embeddable":true,"href":"https:\/\/medclinics.com\/es\/wp-json\/wp\/v2\/comments?post=146181"}],"version-history":[{"count":0,"href":"https:\/\/medclinics.com\/es\/wp-json\/wp\/v2\/pages\/146181\/revisions"}],"wp:featuredmedia":[{"embeddable":true,"href":"https:\/\/medclinics.com\/es\/wp-json\/wp\/v2\/media\/91335"}],"wp:attachment":[{"href":"https:\/\/medclinics.com\/es\/wp-json\/wp\/v2\/media?parent=146181"}],"curies":[{"name":"wp","href":"https:\/\/api.w.org\/{rel}","templated":true}]}}