{"id":146165,"date":"2023-05-23T08:12:59","date_gmt":"2023-05-23T05:12:59","guid":{"rendered":"https:\/\/medclinics.com\/cirugia-de-columna\/"},"modified":"2025-01-03T00:15:45","modified_gmt":"2025-01-02T21:15:45","slug":"cirugia-de-columna","status":"publish","type":"page","link":"https:\/\/medclinics.com\/es\/cirugia-de-columna\/","title":{"rendered":"Cirug\u00eda de columna"},"content":{"rendered":"\n<h2 class=\"wp-block-heading\">Si est\u00e1 buscando una forma transformadora de aliviar el dolor de columna y recuperar una vida sin dolor, no busque m\u00e1s, recurra a la cirug\u00eda de columna.<\/h2>\n\n<p>La cirug\u00eda de la columna vertebral se ocupa de la correcci\u00f3n de <strong>enfermedades y <a href=\"https:\/\/en.wikipedia.org\/wiki\/Spinal_disease\" target=\"_blank\" rel=\"noreferrer noopener\">trastornos de la columna vertebral<\/a> y la m\u00e9dula espinal.<\/strong> Tambi\u00e9n incluye tratamientos conservadores que pueden realizarse sin cirug\u00eda.<\/p>\n\n<p>La cirug\u00eda de la columna vertebral debe realizarla siempre un <strong>cirujano especialmente formado<\/strong>. A menudo se utilizan t\u00e9cnicas de imagen para ayudar en la cirug\u00eda.<br\/>La duraci\u00f3n de la estancia hospitalaria depende de la enfermedad subyacente y var\u00eda mucho de una persona a otra. Durante la fase de rehabilitaci\u00f3n tras la cirug\u00eda de la columna vertebral, as\u00ed como con fisioterapia, deben recuperarse la fuerza y la movilidad.<\/p>\n\n<h3 class=\"wp-block-heading\">Tipos de cirug\u00eda de la columna vertebral<\/h3>\n\n<p>Cuando se han agotado los m\u00e9todos conservadores, la cirug\u00eda suele ser la \u00fanica opci\u00f3n que queda para aliviar el dolor y evitar da\u00f1os mayores en la columna vertebral. A menudo, la movilidad limitada de los pacientes puede restablecerse por completo tras una intervenci\u00f3n quir\u00fargica realizada por profesionales. La cirug\u00eda de la columna vertebral debe realizarla siempre un especialista con gran experiencia.<\/p>\n\n<p>Se <strong>diferencia<\/strong> entre cirug\u00eda de descompresi\u00f3n, cirug\u00eda de fusi\u00f3n, cirug\u00eda de sustituci\u00f3n discal y cirug\u00eda m\u00ednimamente invasiva, entre otras.<\/p>\n\n<p>La <strong>cirug\u00eda de descompresi\u00f3n<\/strong> consiste en ejercer presi\u00f3n sobre los nervios ensanchando el canal espinal.<\/p>\n\n<p><strong>En la<\/strong> <strong>cirug\u00eda de fusi\u00f3n<\/strong>, como su nombre indica, la secci\u00f3n afectada de las v\u00e9rtebras se une mediante tornillos o los llamados caches. Se fijan quir\u00fargicamente a la columna vertebral y devuelven las v\u00e9rtebras a su posici\u00f3n correcta.<\/p>\n\n<p>En la <strong>cirug\u00eda de sustituci\u00f3n discal<\/strong>, los discos da\u00f1ados se sustituyen por otros artificiales que asumen la funci\u00f3n natural del disco y restablecen la movilidad.<\/p>\n\n<p>La <strong>cirug\u00eda m\u00ednimamente invasiva<\/strong> s\u00f3lo requiere peque\u00f1as incisiones en la piel y evita cicatrices largas y grandes. Esto acorta el tiempo de recuperaci\u00f3n del paciente. La cirug\u00eda m\u00ednimamente invasiva se utiliza para diversos procedimientos de la columna vertebral.<\/p>\n\n<p>El especialista que le atienda hablar\u00e1 con usted y estudiar\u00e1 detenidamente qu\u00e9 m\u00e9todo quir\u00fargico es adecuado para usted.<\/p>\n\n<h3 class=\"wp-block-heading\">Todo lo que necesita saber sobre los <a href=\"https:\/\/medclinics.com\/orthopedic-treatments-fight-against-immobility\/\" target=\"_blank\" rel=\"noreferrer noopener\">tratamientos ortop\u00e9dicos<\/a>, incluido el precio, los cuidados postoperatorios y el proceso de curaci\u00f3n, o p\u00f3ngase <a href=\"#requestform\">en contacto con nosotros<\/a>.<\/h3>\n\n<figure class=\"wp-block-image size-full\"><img fetchpriority=\"high\" decoding=\"async\" width=\"960\" height=\"540\" class=\"wp-image-97274\" src=\"https:\/\/medclinics.com\/wp-content\/uploads\/2023\/07\/spine-surgery-near-me.jpg\" alt=\"Cirug&#xED;a de Columna Cerca de M&#xED;\" srcset=\"https:\/\/medclinics.com\/wp-content\/uploads\/2023\/07\/spine-surgery-near-me.jpg 960w, https:\/\/medclinics.com\/wp-content\/uploads\/2023\/07\/spine-surgery-near-me-500x281.jpg 500w, https:\/\/medclinics.com\/wp-content\/uploads\/2023\/07\/spine-surgery-near-me-768x432.jpg 768w, https:\/\/medclinics.com\/wp-content\/uploads\/2023\/07\/spine-surgery-near-me-24x14.jpg 24w, https:\/\/medclinics.com\/wp-content\/uploads\/2023\/07\/spine-surgery-near-me-36x20.jpg 36w, https:\/\/medclinics.com\/wp-content\/uploads\/2023\/07\/spine-surgery-near-me-48x27.jpg 48w\" sizes=\"(max-width: 960px) 100vw, 960px\" \/><\/figure>\n\n<h2 class=\"wp-block-heading\">PREGUNTAS FRECUENTES<\/h2>\n<div id=\"rank-math-faq\" class=\"rank-math-block\">\n<div class=\"rank-math-list \">\n<div id=\"faq-question-1684829388578\" class=\"rank-math-list-item\">\n<h3 class=\"rank-math-question \">\u00bfQu\u00e9 es la cirug\u00eda de columna?<\/h3>\n<div class=\"rank-math-answer \">\n\n<p>La cirug\u00eda de la columna vertebral es un procedimiento m\u00e9dico que se realiza para tratar afecciones que afectan a la columna vertebral, como deformidades de la columna, hernias discales, estenosis espinal o lesiones de la columna. Consiste en una serie de t\u00e9cnicas quir\u00fargicas destinadas a aliviar el dolor, mejorar la estabilidad de la columna vertebral, restablecer la funci\u00f3n y abordar los problemas vertebrales subyacentes.<\/p>\n\n<\/div>\n<\/div>\n<div id=\"faq-question-1684829444627\" class=\"rank-math-list-item\">\n<h3 class=\"rank-math-question \">\u00bfQu\u00e9 cirug\u00eda de fusi\u00f3n espinal?<\/h3>\n<div class=\"rank-math-answer \">\n\n<p>La cirug\u00eda de fusi\u00f3n espinal es un procedimiento que se realiza para unir dos o m\u00e1s v\u00e9rtebras de la columna vertebral, creando una estructura \u00f3sea s\u00f3lida. Consiste en utilizar injertos \u00f3seos, implantes met\u00e1licos o ambos para favorecer la fusi\u00f3n de las v\u00e9rtebras. El objetivo de la fusi\u00f3n espinal es estabilizar la columna vertebral, reducir el dolor y tratar afecciones como deformidades espinales, fracturas espinales, enfermedad degenerativa discal o inestabilidad espinal.<\/p>\n\n<\/div>\n<\/div>\n<div id=\"faq-question-1684829264389\" class=\"rank-math-list-item\">\n<h3 class=\"rank-math-question \">\u00bfMerece la pena una operaci\u00f3n de columna?<\/h3>\n<div class=\"rank-math-answer \">\n\n<p>El valor de la cirug\u00eda de columna depende de las circunstancias y condiciones individuales de cada persona. En muchos casos, la cirug\u00eda de la columna vertebral puede ser muy beneficiosa para aliviar el dolor debilitante, mejorar la funcionalidad y aumentar la calidad de vida. Sin embargo, se trata de una decisi\u00f3n importante que debe considerarse detenidamente en consulta con un especialista cualificado en columna vertebral. Pueden evaluar su enfermedad, analizar los posibles beneficios y riesgos y ayudarle a tomar una decisi\u00f3n informada basada en su situaci\u00f3n particular y sus objetivos de tratamiento. Es importante sopesar los posibles beneficios frente a los riesgos y tener expectativas realistas sobre los resultados de la cirug\u00eda.<\/p>\n\n<\/div>\n<\/div>\n<div id=\"faq-question-1684829316804\" class=\"rank-math-list-item\">\n<h3 class=\"rank-math-question \">\u00bfEs peligrosa la cirug\u00eda de columna?<\/h3>\n<div class=\"rank-math-answer \">\n\n<p>La cirug\u00eda de la columna vertebral, como cualquier intervenci\u00f3n quir\u00fargica, conlleva riesgos inherentes. Sin embargo, gracias a los avances de la tecnolog\u00eda m\u00e9dica, la mejora de las t\u00e9cnicas quir\u00fargicas y la pericia de cirujanos expertos, la cirug\u00eda de la columna vertebral se ha hecho m\u00e1s segura con el paso de los a\u00f1os. La seguridad de la cirug\u00eda de columna tambi\u00e9n depende de diversos factores, como el procedimiento espec\u00edfico, el estado general de salud del paciente y la experiencia del equipo quir\u00fargico.<\/p>\n\n<\/div>\n<\/div>\n<\/div>\n<\/div>\n<p>\u00a0<\/p>\n\n<h3 class=\"wp-block-heading\">P\u00f3ngase en contacto con nosotros si tiene alguna pregunta.<\/h3>\n","protected":false},"excerpt":{"rendered":"<p>Si est\u00e1 buscando una forma transformadora de aliviar el dolor de columna y recuperar una vida sin dolor, no busque [&hellip;]<\/p>\n","protected":false},"author":4,"featured_media":91761,"parent":0,"menu_order":0,"comment_status":"closed","ping_status":"closed","template":"","meta":{"site-sidebar-layout":"default","site-content-layout":"","ast-site-content-layout":"default","site-content-style":"default","site-sidebar-style":"default","ast-global-header-display":"","ast-banner-title-visibility":"","ast-main-header-display":"","ast-hfb-above-header-display":"","ast-hfb-below-header-display":"","ast-hfb-mobile-header-display":"","site-post-title":"","ast-breadcrumbs-content":"","ast-featured-img":"","footer-sml-layout":"","ast-disable-related-posts":"","theme-transparent-header-meta":"","adv-header-id-meta":"","stick-header-meta":"","header-above-stick-meta":"","header-main-stick-meta":"","header-below-stick-meta":"","astra-migrate-meta-layouts":"default","ast-page-background-enabled":"default","ast-page-background-meta":{"desktop":{"background-color":"var(--ast-global-color-4)","background-image":"","background-repeat":"repeat","background-position":"center center","background-size":"auto","background-attachment":"scroll","background-type":"","background-media":"","overlay-type":"","overlay-color":"","overlay-opacity":"","overlay-gradient":""},"tablet":{"background-color":"","background-image":"","background-repeat":"repeat","background-position":"center center","background-size":"auto","background-attachment":"scroll","background-type":"","background-media":"","overlay-type":"","overlay-color":"","overlay-opacity":"","overlay-gradient":""},"mobile":{"background-color":"","background-image":"","background-repeat":"repeat","background-position":"center center","background-size":"auto","background-attachment":"scroll","background-type":"","background-media":"","overlay-type":"","overlay-color":"","overlay-opacity":"","overlay-gradient":""}},"ast-content-background-meta":{"desktop":{"background-color":"var(--ast-global-color-5)","background-image":"","background-repeat":"repeat","background-position":"center center","background-size":"auto","background-attachment":"scroll","background-type":"","background-media":"","overlay-type":"","overlay-color":"","overlay-opacity":"","overlay-gradient":""},"tablet":{"background-color":"var(--ast-global-color-5)","background-image":"","background-repeat":"repeat","background-position":"center center","background-size":"auto","background-attachment":"scroll","background-type":"","background-media":"","overlay-type":"","overlay-color":"","overlay-opacity":"","overlay-gradient":""},"mobile":{"background-color":"var(--ast-global-color-5)","background-image":"","background-repeat":"repeat","background-position":"center center","background-size":"auto","background-attachment":"scroll","background-type":"","background-media":"","overlay-type":"","overlay-color":"","overlay-opacity":"","overlay-gradient":""}},"footnotes":""},"class_list":["post-146165","page","type-page","status-publish","has-post-thumbnail","hentry"],"_links":{"self":[{"href":"https:\/\/medclinics.com\/es\/wp-json\/wp\/v2\/pages\/146165","targetHints":{"allow":["GET"]}}],"collection":[{"href":"https:\/\/medclinics.com\/es\/wp-json\/wp\/v2\/pages"}],"about":[{"href":"https:\/\/medclinics.com\/es\/wp-json\/wp\/v2\/types\/page"}],"author":[{"embeddable":true,"href":"https:\/\/medclinics.com\/es\/wp-json\/wp\/v2\/users\/4"}],"replies":[{"embeddable":true,"href":"https:\/\/medclinics.com\/es\/wp-json\/wp\/v2\/comments?post=146165"}],"version-history":[{"count":0,"href":"https:\/\/medclinics.com\/es\/wp-json\/wp\/v2\/pages\/146165\/revisions"}],"wp:featuredmedia":[{"embeddable":true,"href":"https:\/\/medclinics.com\/es\/wp-json\/wp\/v2\/media\/91761"}],"wp:attachment":[{"href":"https:\/\/medclinics.com\/es\/wp-json\/wp\/v2\/media?parent=146165"}],"curies":[{"name":"wp","href":"https:\/\/api.w.org\/{rel}","templated":true}]}}