{"id":146155,"date":"2023-05-23T07:56:45","date_gmt":"2023-05-23T04:56:45","guid":{"rendered":"https:\/\/medclinics.com\/sustitucion-de-la-articulacion-del-hombro\/"},"modified":"2025-01-03T00:17:56","modified_gmt":"2025-01-02T21:17:56","slug":"sustitucion-de-la-articulacion-del-hombro","status":"publish","type":"page","link":"https:\/\/medclinics.com\/es\/sustitucion-de-la-articulacion-del-hombro\/","title":{"rendered":"Sustituci\u00f3n de la articulaci\u00f3n del hombro"},"content":{"rendered":"\n<h2 class=\"wp-block-heading\">Si est\u00e1 buscando una forma de aliviar el dolor persistente de hombro y redescubrir la libertad de movimiento sin dolor, la cirug\u00eda de reemplazo de articulaci\u00f3n de hombro puede ser la soluci\u00f3n perfecta.<\/h2>\n\n<p>Al igual que la cadera, la articulaci\u00f3n del hombro es una r\u00f3tula y se considera la articulaci\u00f3n m\u00e1s m\u00f3vil del cuerpo humano. La articulaci\u00f3n del hombro nos <strong>permite mover los brazos en casi todas las direcciones<\/strong>. Numerosos m\u00fasculos y ligamentos estabilizan la articulaci\u00f3n. Sin embargo, es m\u00e1s sensible que otras articulaciones. Por eso puede ocurrir f\u00e1cilmente que te disloques el hombro, por ejemplo, en una ca\u00edda.<\/p>\n\n<p><a href=\"https:\/\/en.wikipedia.org\/wiki\/Shoulder_replacement\" target=\"_blank\" rel=\"noopener\">La articulaci\u00f3n<\/a> del hombro consta de una bola articular, que forma el extremo superior del brazo, y una cavidad en el om\u00f3plato. Como la cavidad no es tan profunda como la de la articulaci\u00f3n de la cadera, es posible una gran amplitud de movimiento. Ambas partes de la articulaci\u00f3n est\u00e1n cubiertas por una capa de cart\u00edlago, y el l\u00edquido sinovial que hay entre ellas reduce la fricci\u00f3n y permite un movimiento sin dolor.<\/p>\n\n<p>Lo m\u00e1s frecuente es utilizar una <strong>articulaci\u00f3n artificial de<\/strong> hombro debido a la artrosis de hombro. Esto conduce a un mayor desgaste de la capa cartilaginosa, que acaba provocando un dolor casi insoportable. Los pacientes se ven gravemente limitados en sus movimientos y, por tanto, tambi\u00e9n en su calidad de vida.<\/p>\n\n<p>Antes de la intervenci\u00f3n quir\u00fargica, el m\u00e9dico se asegurar\u00e1 primero de que se han agotado todos los dem\u00e1s m\u00e9todos de tratamiento.<br\/>La cirug\u00eda de la articulaci\u00f3n del hombro dura <strong>aproximadamente una hora y media<\/strong> y suele realizarse bajo anestesia general.<\/p>\n\n<figure class=\"wp-block-image size-full\"><img fetchpriority=\"high\" decoding=\"async\" width=\"960\" height=\"540\" class=\"wp-image-97283\" src=\"https:\/\/medclinics.com\/wp-content\/uploads\/2023\/07\/shoulder-joint-replacement-near-me.jpg\" alt=\"\" srcset=\"https:\/\/medclinics.com\/wp-content\/uploads\/2023\/07\/shoulder-joint-replacement-near-me.jpg 960w, https:\/\/medclinics.com\/wp-content\/uploads\/2023\/07\/shoulder-joint-replacement-near-me-500x281.jpg 500w, https:\/\/medclinics.com\/wp-content\/uploads\/2023\/07\/shoulder-joint-replacement-near-me-768x432.jpg 768w, https:\/\/medclinics.com\/wp-content\/uploads\/2023\/07\/shoulder-joint-replacement-near-me-24x14.jpg 24w, https:\/\/medclinics.com\/wp-content\/uploads\/2023\/07\/shoulder-joint-replacement-near-me-36x20.jpg 36w, https:\/\/medclinics.com\/wp-content\/uploads\/2023\/07\/shoulder-joint-replacement-near-me-48x27.jpg 48w\" sizes=\"(max-width: 960px) 100vw, 960px\" \/><\/figure>\n\n<p>Existen <strong>diferentes tipos de articulaciones artificiales de hombro<\/strong>. Se puede sustituir s\u00f3lo la cavidad glenoidea, s\u00f3lo el c\u00f3ndilo o ambos juntos. En este caso, se denomina pr\u00f3tesis total. Tambi\u00e9n en este caso existen diferentes tipos y modelos, en funci\u00f3n del estado individual del paciente. El m\u00e9dico que le atienda decidir\u00e1 con usted qu\u00e9 m\u00e9todo y modelo son los m\u00e1s adecuados para usted.<\/p>\n\n<p>Durante la cirug\u00eda de sustituci\u00f3n de la articulaci\u00f3n del hombro, el cirujano suele hacer una <strong>incisi\u00f3n<\/strong> de unos 6-10 cm de longitud, normalmente en la parte delantera del hombro porque all\u00ed hay menos nervios. Se expone la articulaci\u00f3n, para lo que suele ser necesario separar un m\u00fasculo, que se vuelve a unir despu\u00e9s. Se extraen el hueso y el cart\u00edlago enfermos y se inserta la articulaci\u00f3n artificial. Tras una prueba de funcionamiento precisa, se completa la operaci\u00f3n.<\/p>\n\n<p>La durabilidad de las articulaciones artificiales de hombro sol\u00eda ser de unos 10 a\u00f1os, pero hoy se estima que es de <strong>unos 15 a\u00f1os<\/strong>. La estancia en el hospital dura <strong>s\u00f3lo unos d\u00edas<\/strong>, y primero hay que inmovilizar el brazo operado para evitar un dolor excesivo.<\/p>\n\n<p>La fase de rehabilitaci\u00f3n se realiza en r\u00e9gimen ambulatorio y dura unas tres semanas. El objetivo es que los pacientes puedan volver a realizar las actividades de la vida diaria de forma independiente y sin dolor. Por ejemplo, vestirse, lavarse los dientes, afeitarse, peinarse, cocinar y comer.<\/p>\n\n<p>Tras la inserci\u00f3n de una articulaci\u00f3n artificial de hombro, deben evitarse los deportes con riesgo de ca\u00eddas o muchos movimientos bruscos, como el tenis, el f\u00fatbol y la mayor\u00eda de los deportes de pelota. La nataci\u00f3n, el footing, el senderismo o el baile, por nombrar algunos, son m\u00e1s adecuados para ti.<\/p>\n\n<p>La artroplastia de hombro se considera un <strong>procedimiento est\u00e1ndar<\/strong> en la actualidad. En Alemania se implantan cada a\u00f1o unas 60.000 articulaciones artificiales de hombro.<\/p>\n\n<h3 class=\"wp-block-heading\">Todo lo que necesita saber sobre los <a href=\"https:\/\/medclinics.com\/orthopedic-treatments-fight-against-immobility\/\" target=\"_blank\" rel=\"noreferrer noopener\">tratamientos ortop\u00e9dicos<\/a>, incluido el precio, los cuidados postoperatorios y el proceso de curaci\u00f3n, o p\u00f3ngase <a href=\"#requestform\">en contacto con nosotros<\/a>.<\/h3>\n\n<figure class=\"wp-block-image size-full\"><img decoding=\"async\" width=\"960\" height=\"540\" class=\"wp-image-97291\" src=\"https:\/\/medclinics.com\/wp-content\/uploads\/2023\/07\/shoulder-joint-replacement-near-me-istanbul.jpg\" alt=\"Reemplazo de la articulaci&#xF3;n del hombro cerca de m&#xED; Estambul\" srcset=\"https:\/\/medclinics.com\/wp-content\/uploads\/2023\/07\/shoulder-joint-replacement-near-me-istanbul.jpg 960w, https:\/\/medclinics.com\/wp-content\/uploads\/2023\/07\/shoulder-joint-replacement-near-me-istanbul-500x281.jpg 500w, https:\/\/medclinics.com\/wp-content\/uploads\/2023\/07\/shoulder-joint-replacement-near-me-istanbul-768x432.jpg 768w, https:\/\/medclinics.com\/wp-content\/uploads\/2023\/07\/shoulder-joint-replacement-near-me-istanbul-24x14.jpg 24w, https:\/\/medclinics.com\/wp-content\/uploads\/2023\/07\/shoulder-joint-replacement-near-me-istanbul-36x20.jpg 36w, https:\/\/medclinics.com\/wp-content\/uploads\/2023\/07\/shoulder-joint-replacement-near-me-istanbul-48x27.jpg 48w\" sizes=\"(max-width: 960px) 100vw, 960px\" \/><\/figure>\n\n<h2 class=\"wp-block-heading\">PREGUNTAS FRECUENTES<\/h2>\n<div id=\"rank-math-faq\" class=\"rank-math-block\">\n<div class=\"rank-math-list \">\n<div id=\"faq-question-1684828491801\" class=\"rank-math-list-item\">\n<h3 class=\"rank-math-question \">\u00bfQu\u00e9 es la artroplastia de hombro?<\/h3>\n<div class=\"rank-math-answer \">\n\n<p>La sustituci\u00f3n de la articulaci\u00f3n del hombro, tambi\u00e9n conocida como artroplastia de hombro, es un procedimiento quir\u00fargico que consiste en sustituir las partes da\u00f1adas o enfermas de la articulaci\u00f3n del hombro por componentes artificiales. Se realiza para aliviar el dolor, aumentar la movilidad y restaurar la funci\u00f3n en personas con afecciones como artritis grave, artropat\u00eda por desgarro del manguito rotador o fracturas que causan da\u00f1os irreversibles en la articulaci\u00f3n del hombro.<\/p>\n\n<\/div>\n<\/div>\n<div id=\"faq-question-1684828322117\" class=\"rank-math-list-item\">\n<h3 class=\"rank-math-question \">\u00bfCu\u00e1les son los s\u00edntomas de una pr\u00f3tesis de hombro?<\/h3>\n<div class=\"rank-math-answer \">\n\n<p>Entre los signos que pueden indicar la necesidad de una sustituci\u00f3n de hombro, conocida como artroplastia de hombro, se incluyen el dolor de hombro persistente e intenso que no responde a los tratamientos conservadores, como el reposo o la medicaci\u00f3n. La limitaci\u00f3n de la amplitud de movimiento y la dificultad para realizar las actividades cotidianas debido al dolor y la rigidez del hombro son indicadores comunes. Las afecciones como la artrosis o la artritis reumatoide que afectan a la articulaci\u00f3n del hombro y provocan dolor, inflamaci\u00f3n y limitaciones funcionales pueden hacer necesaria una artroplastia de hombro. La artropat\u00eda por desgarro del manguito de los rotadores, caracterizada por un desgarro irreparable del manguito de los rotadores y la consiguiente degeneraci\u00f3n articular, tambi\u00e9n puede ser un signo de sustituci\u00f3n del hombro. Si los tratamientos anteriores no han conseguido aliviar el dolor o mejorar la funci\u00f3n, puede considerarse la sustituci\u00f3n del hombro. La consulta con un especialista ortop\u00e9dico es crucial para una evaluaci\u00f3n completa, incluyendo im\u00e1genes m\u00e9dicas, para determinar la idoneidad de un reemplazo de hombro basado en sus s\u00edntomas espec\u00edficos, historial m\u00e9dico y salud en general.<\/p>\n\n<\/div>\n<\/div>\n<div id=\"faq-question-1684828342214\" class=\"rank-math-list-item\">\n<h3 class=\"rank-math-question \">\u00bfPuede sustituirse una articulaci\u00f3n del hombro?<\/h3>\n<div class=\"rank-math-answer \">\n\n<p>S\u00ed, la sustituci\u00f3n de la articulaci\u00f3n del hombro, tambi\u00e9n conocida como artroplastia de hombro, es un procedimiento quir\u00fargico en el que se sustituye una articulaci\u00f3n del hombro da\u00f1ada o enferma por una articulaci\u00f3n artificial o pr\u00f3tesis. La intervenci\u00f3n consiste en extraer las partes da\u00f1adas de la articulaci\u00f3n del hombro, incluida la bola (cabeza del hueso de la parte superior del brazo o h\u00famero) y la cavidad (glenoides), y sustituirlas por componentes artificiales de metal, pl\u00e1stico o una combinaci\u00f3n de ambos.<\/p>\n\n<\/div>\n<\/div>\n<div id=\"faq-question-1684828410835\" class=\"rank-math-list-item\">\n<h3 class=\"rank-math-question \">\u00bfQu\u00e9 \u00e9xito tiene una pr\u00f3tesis de hombro?<\/h3>\n<div class=\"rank-math-answer \">\n\n<p>En general, la cirug\u00eda de reemplazo de hombro tiene un alto \u00edndice de \u00e9xito en t\u00e9rminos de alivio del dolor y mejora funcional. Los estudios han demostrado que la mayor\u00eda de los pacientes experimentan una reducci\u00f3n significativa del dolor y una mejora de la funci\u00f3n del hombro tras la intervenci\u00f3n. Seg\u00fan la investigaci\u00f3n y los datos cl\u00ednicos, las tasas de \u00e9xito de la cirug\u00eda de pr\u00f3tesis de hombro oscilan entre el 80% y el 95% en t\u00e9rminos de alivio del dolor y satisfacci\u00f3n del paciente. Entre los factores que pueden influir en el \u00e9xito de la artroplastia de hombro se incluyen la selecci\u00f3n adecuada del paciente, el cumplimiento de la rehabilitaci\u00f3n y la terapia postoperatorias, y la habilidad y experiencia del cirujano que realiza el procedimiento. Es importante que los pacientes sigan las recomendaciones del cirujano en cuanto a cuidados postoperatorios y rehabilitaci\u00f3n para optimizar las posibilidades de \u00e9xito.<\/p>\n\n<\/div>\n<\/div>\n<\/div>\n<\/div>\n<p>\u00a0<\/p>\n\n<h3 class=\"wp-block-heading\">P\u00f3ngase en contacto con nosotros si tiene alguna pregunta.<\/h3>\n","protected":false},"excerpt":{"rendered":"<p>Si est\u00e1 buscando una forma de aliviar el dolor persistente de hombro y redescubrir la libertad de movimiento sin dolor, [&hellip;]<\/p>\n","protected":false},"author":4,"featured_media":91731,"parent":0,"menu_order":0,"comment_status":"closed","ping_status":"closed","template":"","meta":{"site-sidebar-layout":"default","site-content-layout":"","ast-site-content-layout":"default","site-content-style":"default","site-sidebar-style":"default","ast-global-header-display":"","ast-banner-title-visibility":"","ast-main-header-display":"","ast-hfb-above-header-display":"","ast-hfb-below-header-display":"","ast-hfb-mobile-header-display":"","site-post-title":"","ast-breadcrumbs-content":"","ast-featured-img":"","footer-sml-layout":"","ast-disable-related-posts":"","theme-transparent-header-meta":"","adv-header-id-meta":"","stick-header-meta":"","header-above-stick-meta":"","header-main-stick-meta":"","header-below-stick-meta":"","astra-migrate-meta-layouts":"default","ast-page-background-enabled":"default","ast-page-background-meta":{"desktop":{"background-color":"var(--ast-global-color-4)","background-image":"","background-repeat":"repeat","background-position":"center center","background-size":"auto","background-attachment":"scroll","background-type":"","background-media":"","overlay-type":"","overlay-color":"","overlay-opacity":"","overlay-gradient":""},"tablet":{"background-color":"","background-image":"","background-repeat":"repeat","background-position":"center center","background-size":"auto","background-attachment":"scroll","background-type":"","background-media":"","overlay-type":"","overlay-color":"","overlay-opacity":"","overlay-gradient":""},"mobile":{"background-color":"","background-image":"","background-repeat":"repeat","background-position":"center center","background-size":"auto","background-attachment":"scroll","background-type":"","background-media":"","overlay-type":"","overlay-color":"","overlay-opacity":"","overlay-gradient":""}},"ast-content-background-meta":{"desktop":{"background-color":"var(--ast-global-color-5)","background-image":"","background-repeat":"repeat","background-position":"center center","background-size":"auto","background-attachment":"scroll","background-type":"","background-media":"","overlay-type":"","overlay-color":"","overlay-opacity":"","overlay-gradient":""},"tablet":{"background-color":"var(--ast-global-color-5)","background-image":"","background-repeat":"repeat","background-position":"center center","background-size":"auto","background-attachment":"scroll","background-type":"","background-media":"","overlay-type":"","overlay-color":"","overlay-opacity":"","overlay-gradient":""},"mobile":{"background-color":"var(--ast-global-color-5)","background-image":"","background-repeat":"repeat","background-position":"center center","background-size":"auto","background-attachment":"scroll","background-type":"","background-media":"","overlay-type":"","overlay-color":"","overlay-opacity":"","overlay-gradient":""}},"footnotes":""},"class_list":["post-146155","page","type-page","status-publish","has-post-thumbnail","hentry"],"_links":{"self":[{"href":"https:\/\/medclinics.com\/es\/wp-json\/wp\/v2\/pages\/146155","targetHints":{"allow":["GET"]}}],"collection":[{"href":"https:\/\/medclinics.com\/es\/wp-json\/wp\/v2\/pages"}],"about":[{"href":"https:\/\/medclinics.com\/es\/wp-json\/wp\/v2\/types\/page"}],"author":[{"embeddable":true,"href":"https:\/\/medclinics.com\/es\/wp-json\/wp\/v2\/users\/4"}],"replies":[{"embeddable":true,"href":"https:\/\/medclinics.com\/es\/wp-json\/wp\/v2\/comments?post=146155"}],"version-history":[{"count":0,"href":"https:\/\/medclinics.com\/es\/wp-json\/wp\/v2\/pages\/146155\/revisions"}],"wp:featuredmedia":[{"embeddable":true,"href":"https:\/\/medclinics.com\/es\/wp-json\/wp\/v2\/media\/91731"}],"wp:attachment":[{"href":"https:\/\/medclinics.com\/es\/wp-json\/wp\/v2\/media?parent=146155"}],"curies":[{"name":"wp","href":"https:\/\/api.w.org\/{rel}","templated":true}]}}