{"id":146145,"date":"2023-05-23T07:41:48","date_gmt":"2023-05-23T04:41:48","guid":{"rendered":"https:\/\/medclinics.com\/protesis-de-cadera\/"},"modified":"2025-01-02T16:10:26","modified_gmt":"2025-01-02T13:10:26","slug":"protesis-de-cadera","status":"publish","type":"page","link":"https:\/\/medclinics.com\/es\/protesis-de-cadera\/","title":{"rendered":"Pr\u00f3tesis de cadera"},"content":{"rendered":"\n<h2 class=\"wp-block-heading\">Si est\u00e1 buscando una soluci\u00f3n para aliviar el dolor constante de cadera y redescubrir la alegr\u00eda de moverse sin restricciones, no busque m\u00e1s all\u00e1 de la cirug\u00eda de reemplazo de articulaci\u00f3n de cadera.<\/h2>\n\n<p>La cadera es una r\u00f3tula y <strong>una de las articulaciones m\u00e1s grandes del cuerpo humano<\/strong>. Tiene la misi\u00f3n de transferir el peso del cuerpo uniformemente a las piernas y, al mismo tiempo, estabilizar la parte superior del cuerpo. Al tratarse de una r\u00f3tula, es posible realizar movimientos en distintas direcciones.<\/p>\n\n<p>La pr\u00f3tesis de cadera est\u00e1 formada por el acet\u00e1bulo, que forma parte del hueso p\u00e9lvico, y la denominada cabeza femoral, que constituye el extremo superior del f\u00e9mur. Tanto el acet\u00e1bulo como la cabeza femoral est\u00e1n cubiertos por una capa de cart\u00edlago. Entre ellos hay l\u00edquido sinovial que se desliza y reduce la fricci\u00f3n.<\/p>\n\n<p><strong>La artrosis<\/strong> se considera una de las enfermedades m\u00e1s comunes de la cadera. En este proceso, la capa de cart\u00edlago se desgasta y se produce dolor durante los movimientos. La artrosis de cadera suele aparecer entre los 50 y los 60 a\u00f1os, pero tambi\u00e9n puede manifestarse a una edad m\u00e1s temprana. Las causas var\u00edan, pero entre los factores desencadenantes de la artrosis de cadera figuran los deportes con muchos movimientos de parada y arranque, las enfermedades reum\u00e1ticas, la predisposici\u00f3n hereditaria o las enfermedades metab\u00f3licas.<\/p>\n\n<p>Dependiendo de la situaci\u00f3n individual o de la sensibilidad al dolor, as\u00ed como de las restricciones en la vida cotidiana, puede considerarse la posibilidad de una <strong>articulaci\u00f3n artificial de cadera<\/strong>. El m\u00e9dico se asegurar\u00e1 primero de que se han agotado todos los m\u00e9todos de tratamiento cl\u00e1sicos antes de realizar una intervenci\u00f3n quir\u00fargica ortop\u00e9dica.<\/p>\n\n<figure class=\"wp-block-image size-full\"><img fetchpriority=\"high\" decoding=\"async\" width=\"960\" height=\"540\" class=\"wp-image-97299\" src=\"https:\/\/medclinics.com\/wp-content\/uploads\/2023\/07\/hip-joint-replacement-near-me.jpg\" alt=\"Pr&#xF3;tesis de cadera cerca de casa\" srcset=\"https:\/\/medclinics.com\/wp-content\/uploads\/2023\/07\/hip-joint-replacement-near-me.jpg 960w, https:\/\/medclinics.com\/wp-content\/uploads\/2023\/07\/hip-joint-replacement-near-me-500x281.jpg 500w, https:\/\/medclinics.com\/wp-content\/uploads\/2023\/07\/hip-joint-replacement-near-me-768x432.jpg 768w, https:\/\/medclinics.com\/wp-content\/uploads\/2023\/07\/hip-joint-replacement-near-me-24x14.jpg 24w, https:\/\/medclinics.com\/wp-content\/uploads\/2023\/07\/hip-joint-replacement-near-me-36x20.jpg 36w, https:\/\/medclinics.com\/wp-content\/uploads\/2023\/07\/hip-joint-replacement-near-me-48x27.jpg 48w\" sizes=\"(max-width: 960px) 100vw, 960px\" \/><\/figure>\n\n<p>La operaci\u00f3n de cadera, que dura <strong>entre una y una<\/strong> hora y media, puede realizarse con anestesia raqu\u00eddea o general. Junto con su m\u00e9dico, decidir\u00e1 qu\u00e9 es lo mejor para usted.<\/p>\n\n<p>Se distingue entre la <strong>cirug\u00eda cl\u00e1sica de cadera<\/strong>, en la que se practica una incisi\u00f3n de unos 15 cm en el muslo. En este caso, tambi\u00e9n se cortan m\u00fasculos, que luego se vuelven a coser. Esto prolonga el periodo de rehabilitaci\u00f3n del paciente.<\/p>\n\n<p>En el <strong>m\u00e9todo quir\u00fargico m\u00ednimamente invasivo<\/strong>, la incisi\u00f3n es mucho m\u00e1s peque\u00f1a y no se cortan m\u00fasculos, s\u00f3lo se empujan hacia un lado. Este procedimiento requiere instrumentos especiales y una gran experiencia del cirujano.<\/p>\n\n<p>En ambos casos, la cirug\u00eda consiste en extirpar los huesos da\u00f1ados y sustituir la cabeza femoral y el acet\u00e1bulo por otros artificiales. Una vez comprobado el funcionamiento de la nueva articulaci\u00f3n de cadera, se da por concluida la operaci\u00f3n.<\/p>\n\n<p>La durabilidad de una articulaci\u00f3n artificial de cadera es de <strong>unos 15-20 a\u00f1os<\/strong>. A menudo, la pr\u00f3tesis se afloja y deja de estar firmemente sujeta al hueso. Esto se nota a trav\u00e9s del dolor. En tales casos, debe sustituirse la articulaci\u00f3n artificial de la cadera.<\/p>\n\n<p>Tras <strong>unos d\u00edas en el hospital<\/strong>, los pacientes reciben el alta. Ahora comienza la fase de rehabilitaci\u00f3n, que dura entre 3 y 5 semanas. Se trata de fortalecer el sistema musculoesquel\u00e9tico mediante el aumento de la musculatura y de que el paciente aprenda a caminar de nuevo sin muletas. En la mayor\u00eda de los casos, a continuaci\u00f3n se prescribe fisioterapia para completar el tratamiento.<\/p>\n\n<p>Al cabo de unos 2 o 3 meses, puede <strong>volver al trabajo<\/strong>, centr\u00e1ndose en actividades f\u00edsicas ligeras o sedentarias. Se ha demostrado que permanecer de pie o caminar con regularidad sobre andamios y escaleras es desfavorable para una articulaci\u00f3n artificial de cadera.<br\/>En Alemania se implantan cada a\u00f1o unas 200.000 <a href=\"https:\/\/en.wikipedia.org\/wiki\/Hip_replacement\" target=\"_blank\" rel=\"noopener\">articulaciones artificiales de cadera<\/a>. Aproximadamente tres cuartas partes de los pacientes se someten a cirug\u00eda debido a la artrosis.<\/p>\n\n<h3 class=\"wp-block-heading\">Todo lo que necesita saber sobre los <a href=\"https:\/\/medclinics.com\/orthopedic-treatments-fight-against-immobility\/\" target=\"_blank\" rel=\"noreferrer noopener\">tratamientos ortop\u00e9dicos<\/a>, incluidos los cuidados postoperatorios, el proceso de curaci\u00f3n y los precios, o p\u00f3ngase <a href=\"#requestform\">en contacto con nosotros<\/a>.<\/h3>\n\n<figure class=\"wp-block-image size-full\"><img decoding=\"async\" width=\"960\" height=\"540\" class=\"wp-image-97307\" src=\"https:\/\/medclinics.com\/wp-content\/uploads\/2023\/07\/hip-joint-replacement-near-me-istanbul.jpg\" alt=\"Pr&#xF3;tesis de cadera cerca de m&#xED; Estambul\" srcset=\"https:\/\/medclinics.com\/wp-content\/uploads\/2023\/07\/hip-joint-replacement-near-me-istanbul.jpg 960w, https:\/\/medclinics.com\/wp-content\/uploads\/2023\/07\/hip-joint-replacement-near-me-istanbul-500x281.jpg 500w, https:\/\/medclinics.com\/wp-content\/uploads\/2023\/07\/hip-joint-replacement-near-me-istanbul-768x432.jpg 768w, https:\/\/medclinics.com\/wp-content\/uploads\/2023\/07\/hip-joint-replacement-near-me-istanbul-24x14.jpg 24w, https:\/\/medclinics.com\/wp-content\/uploads\/2023\/07\/hip-joint-replacement-near-me-istanbul-36x20.jpg 36w, https:\/\/medclinics.com\/wp-content\/uploads\/2023\/07\/hip-joint-replacement-near-me-istanbul-48x27.jpg 48w\" sizes=\"(max-width: 960px) 100vw, 960px\" \/><\/figure>\n\n<h2 class=\"wp-block-heading\">PREGUNTAS FRECUENTES<\/h2>\n<div id=\"rank-math-faq\" class=\"rank-math-block\">\n<div class=\"rank-math-list \">\n<div id=\"faq-question-1684827477673\" class=\"rank-math-list-item\">\n<h3 class=\"rank-math-question \">\u00bfQu\u00e9 es una pr\u00f3tesis de cadera?<\/h3>\n<div class=\"rank-math-answer \">\n\n<p>La artroplastia de cadera es un procedimiento quir\u00fargico que consiste en sustituir una articulaci\u00f3n de la cadera da\u00f1ada o enferma por una articulaci\u00f3n artificial para aliviar el dolor, mejorar la movilidad y aumentar la calidad de vida en general.<\/p>\n\n<\/div>\n<\/div>\n<div id=\"faq-question-1682666956133\" class=\"rank-math-list-item\">\n<h3 class=\"rank-math-question \">\u00bfQu\u00e9 pr\u00f3tesis de cadera es mejor?<\/h3>\n<div class=\"rank-math-answer \">\n\n<p>La elecci\u00f3n de la mejor t\u00e9cnica de pr\u00f3tesis de cadera la determina normalmente el cirujano bas\u00e1ndose en su experiencia, en factores espec\u00edficos del paciente y en los objetivos de la intervenci\u00f3n. Cada enfoque tiene sus ventajas y consideraciones. Por ejemplo, el abordaje anterior puede ofrecer ventajas potenciales como una recuperaci\u00f3n m\u00e1s r\u00e1pida y un menor da\u00f1o muscular, mientras que el abordaje posterior es una t\u00e9cnica m\u00e1s utilizada y establecida.<\/p>\n\n<\/div>\n<\/div>\n<div id=\"faq-question-1684827552969\" class=\"rank-math-list-item\">\n<h3 class=\"rank-math-question \">\u00bfC\u00f3mo se realiza la artroplastia de cadera?<\/h3>\n<div class=\"rank-math-answer \">\n\n<p>La cirug\u00eda de pr\u00f3tesis de cadera, tambi\u00e9n conocida como artroplastia de cadera, es un procedimiento realizado por un cirujano ortop\u00e9dico para sustituir una articulaci\u00f3n de cadera da\u00f1ada o enferma por una articulaci\u00f3n artificial. La intervenci\u00f3n comienza con la administraci\u00f3n de anestesia para garantizar la comodidad del paciente durante todo el procedimiento. Se practica una incisi\u00f3n en la parte lateral o posterior de la cadera, que permite acceder a la articulaci\u00f3n de la cadera. El cirujano extrae cuidadosamente el hueso y el cart\u00edlago da\u00f1ados, incluida la cabeza femoral y la cavidad da\u00f1ada. A continuaci\u00f3n, se colocan los componentes de la articulaci\u00f3n artificial, que suelen incluir un encaje prot\u00e9sico y un v\u00e1stago met\u00e1lico con un componente en forma de bola. La incisi\u00f3n se cierra con suturas o grapas, y pueden insertarse tubos de drenaje. Tras la intervenci\u00f3n, el paciente pasa un periodo de recuperaci\u00f3n en el hospital y realiza fisioterapia y rehabilitaci\u00f3n para facilitar la cicatrizaci\u00f3n, recuperar fuerzas y mejorar la movilidad. Aunque existen t\u00e9cnicas y variaciones espec\u00edficas, la cirug\u00eda de pr\u00f3tesis de cadera tiene como objetivo aliviar el dolor, mejorar la funci\u00f3n de la articulaci\u00f3n de la cadera y aumentar la calidad de vida general del paciente. La consulta con un cirujano ortop\u00e9dico le proporcionar\u00e1 una comprensi\u00f3n m\u00e1s detallada del procedimiento y sus consideraciones individuales.<\/p>\n\n<\/div>\n<\/div>\n<\/div>\n<\/div>\n<p>\u00a0<\/p>\n\n<h3 class=\"wp-block-heading\">P\u00f3ngase en contacto con nosotros si tiene alguna pregunta.<\/h3>\n","protected":false},"excerpt":{"rendered":"<p>Si est\u00e1 buscando una soluci\u00f3n para aliviar el dolor constante de cadera y redescubrir la alegr\u00eda de moverse sin restricciones, [&hellip;]<\/p>\n","protected":false},"author":4,"featured_media":91582,"parent":0,"menu_order":0,"comment_status":"closed","ping_status":"closed","template":"","meta":{"site-sidebar-layout":"default","site-content-layout":"","ast-site-content-layout":"default","site-content-style":"default","site-sidebar-style":"default","ast-global-header-display":"","ast-banner-title-visibility":"","ast-main-header-display":"","ast-hfb-above-header-display":"","ast-hfb-below-header-display":"","ast-hfb-mobile-header-display":"","site-post-title":"","ast-breadcrumbs-content":"","ast-featured-img":"","footer-sml-layout":"","ast-disable-related-posts":"","theme-transparent-header-meta":"","adv-header-id-meta":"","stick-header-meta":"","header-above-stick-meta":"","header-main-stick-meta":"","header-below-stick-meta":"","astra-migrate-meta-layouts":"default","ast-page-background-enabled":"default","ast-page-background-meta":{"desktop":{"background-color":"var(--ast-global-color-4)","background-image":"","background-repeat":"repeat","background-position":"center center","background-size":"auto","background-attachment":"scroll","background-type":"","background-media":"","overlay-type":"","overlay-color":"","overlay-opacity":"","overlay-gradient":""},"tablet":{"background-color":"","background-image":"","background-repeat":"repeat","background-position":"center center","background-size":"auto","background-attachment":"scroll","background-type":"","background-media":"","overlay-type":"","overlay-color":"","overlay-opacity":"","overlay-gradient":""},"mobile":{"background-color":"","background-image":"","background-repeat":"repeat","background-position":"center center","background-size":"auto","background-attachment":"scroll","background-type":"","background-media":"","overlay-type":"","overlay-color":"","overlay-opacity":"","overlay-gradient":""}},"ast-content-background-meta":{"desktop":{"background-color":"var(--ast-global-color-5)","background-image":"","background-repeat":"repeat","background-position":"center center","background-size":"auto","background-attachment":"scroll","background-type":"","background-media":"","overlay-type":"","overlay-color":"","overlay-opacity":"","overlay-gradient":""},"tablet":{"background-color":"var(--ast-global-color-5)","background-image":"","background-repeat":"repeat","background-position":"center center","background-size":"auto","background-attachment":"scroll","background-type":"","background-media":"","overlay-type":"","overlay-color":"","overlay-opacity":"","overlay-gradient":""},"mobile":{"background-color":"var(--ast-global-color-5)","background-image":"","background-repeat":"repeat","background-position":"center center","background-size":"auto","background-attachment":"scroll","background-type":"","background-media":"","overlay-type":"","overlay-color":"","overlay-opacity":"","overlay-gradient":""}},"footnotes":""},"class_list":["post-146145","page","type-page","status-publish","has-post-thumbnail","hentry"],"_links":{"self":[{"href":"https:\/\/medclinics.com\/es\/wp-json\/wp\/v2\/pages\/146145","targetHints":{"allow":["GET"]}}],"collection":[{"href":"https:\/\/medclinics.com\/es\/wp-json\/wp\/v2\/pages"}],"about":[{"href":"https:\/\/medclinics.com\/es\/wp-json\/wp\/v2\/types\/page"}],"author":[{"embeddable":true,"href":"https:\/\/medclinics.com\/es\/wp-json\/wp\/v2\/users\/4"}],"replies":[{"embeddable":true,"href":"https:\/\/medclinics.com\/es\/wp-json\/wp\/v2\/comments?post=146145"}],"version-history":[{"count":0,"href":"https:\/\/medclinics.com\/es\/wp-json\/wp\/v2\/pages\/146145\/revisions"}],"wp:featuredmedia":[{"embeddable":true,"href":"https:\/\/medclinics.com\/es\/wp-json\/wp\/v2\/media\/91582"}],"wp:attachment":[{"href":"https:\/\/medclinics.com\/es\/wp-json\/wp\/v2\/media?parent=146145"}],"curies":[{"name":"wp","href":"https:\/\/api.w.org\/{rel}","templated":true}]}}