{"id":146127,"date":"2023-05-23T07:20:23","date_gmt":"2023-05-23T04:20:23","guid":{"rendered":"https:\/\/medclinics.com\/protesis-de-rodilla\/"},"modified":"2025-01-02T16:31:25","modified_gmt":"2025-01-02T13:31:25","slug":"protesis-de-rodilla","status":"publish","type":"page","link":"https:\/\/medclinics.com\/es\/protesis-de-rodilla\/","title":{"rendered":"Pr\u00f3tesis de rodilla"},"content":{"rendered":"\n<h2 class=\"wp-block-heading\">Si est\u00e1 buscando un remedio que le cambie la vida para superar el dolor cr\u00f3nico de rodilla y recuperar la libertad de movimiento, la cirug\u00eda de sustituci\u00f3n articular de rodilla es la respuesta que estaba buscando.<\/h2>\n\n<p>En la mayor\u00eda de los casos, los pacientes sufren <strong>un dolor<\/strong> casi insoportable y tienen <strong>una movilidad muy una movilidad.<\/strong> Ya se han agotado todas las opciones de tratamiento, y la \u00faltima esperanza de llevar una vida \u00abnormal\u00bb reside en la sustituci\u00f3n de la articulaci\u00f3n de la rodilla.<\/p>\n\n<p>Dado que todo el peso del cuerpo descansa sobre las rodillas durante la locomoci\u00f3n, la articulaci\u00f3n de la rodilla es una de las m\u00e1s importantes de nuestro sistema musculoesquel\u00e9tico. Una disfunci\u00f3n puede compensarse durante un tiempo, pero si el dolor es insoportable, la cirug\u00eda suele ser el \u00faltimo recurso.<\/p>\n\n<p>En esta operaci\u00f3n ortop\u00e9dica, el cirujano sustituir\u00e1 la articulaci\u00f3n natural de la rodilla, que ya no puede realizar correctamente su funci\u00f3n, por una artificial.<\/p>\n\n<p>Por regla general, una operaci\u00f3n de este tipo dura unas 2-3 horas. Puede realizarse bajo anestesia general o con anestesia raqu\u00eddea. El m\u00e9dico que le atienda decidir\u00e1 con usted qu\u00e9 forma de anestesia es la mejor para usted.<\/p>\n\n<p>Durante la operaci\u00f3n de pr\u00f3tesis de rodilla, la r\u00f3tula se desplaza hacia un lado para que el cirujano pueda extraer el ligamento cruzado anterior y, en caso necesario, el posterior, y recortar las superficies articulares da\u00f1adas. A continuaci\u00f3n se inserta la articulaci\u00f3n artificial. Tras las pruebas finales de funcionamiento de la rodilla con la nueva articulaci\u00f3n, se da por concluida la operaci\u00f3n.<\/p>\n\n<figure class=\"wp-block-image size-full\"><img fetchpriority=\"high\" decoding=\"async\" width=\"960\" height=\"540\" class=\"wp-image-97315\" src=\"https:\/\/medclinics.com\/wp-content\/uploads\/2023\/07\/knee-joint-replacement-near-me.jpg\" alt=\"Reemplazo de articulaci&#xF3;n de rodilla cerca de m&#xED;\" srcset=\"https:\/\/medclinics.com\/wp-content\/uploads\/2023\/07\/knee-joint-replacement-near-me.jpg 960w, https:\/\/medclinics.com\/wp-content\/uploads\/2023\/07\/knee-joint-replacement-near-me-500x281.jpg 500w, https:\/\/medclinics.com\/wp-content\/uploads\/2023\/07\/knee-joint-replacement-near-me-768x432.jpg 768w, https:\/\/medclinics.com\/wp-content\/uploads\/2023\/07\/knee-joint-replacement-near-me-24x14.jpg 24w, https:\/\/medclinics.com\/wp-content\/uploads\/2023\/07\/knee-joint-replacement-near-me-36x20.jpg 36w, https:\/\/medclinics.com\/wp-content\/uploads\/2023\/07\/knee-joint-replacement-near-me-48x27.jpg 48w\" sizes=\"(max-width: 960px) 100vw, 960px\" \/><\/figure>\n\n<p>La <strong>vida \u00fatil de una articulaci\u00f3n de rodilla artificial<\/strong> es de unos 15 a\u00f1os. Un estudio demostr\u00f3 que, al cabo de 20 a\u00f1os, el 90% de las articulaciones de rodilla artificiales segu\u00edan intactas, y al cabo de 25 a\u00f1os, el 73%.<\/p>\n\n<p>La <strong>estancia hospitalaria<\/strong> para una operaci\u00f3n de articulaci\u00f3n de rodilla es de unos pocos d\u00edas. Despu\u00e9s comienza la fase de rehabilitaci\u00f3n, para la que cabe esperar unas 3-4 semanas. A la mayor\u00eda de los pacientes se les ofrece despu\u00e9s fisioterapia.<\/p>\n\n<p>Depende mucho de la situaci\u00f3n individual del paciente el tiempo que sea necesario <strong>caminar con muletas<\/strong> despu\u00e9s de la operaci\u00f3n. Sin embargo, por t\u00e9rmino medio, cabe esperar entre 3 y 6 semanas.<\/p>\n\n<p>Al cabo de unos 3 meses, los pacientes suelen poder <strong>volver al trabajo<\/strong>. Debe tenerse en cuenta que, con una articulaci\u00f3n de rodilla artificial, deben evitarse las actividades que ejerzan mucha tensi\u00f3n sobre la <a href=\"https:\/\/en.wikipedia.org\/wiki\/Knee_replacement\" target=\"_blank\" rel=\"noopener\">articulaci\u00f3n de la rodilla.<\/a> Por ejemplo, arrodillarse con frecuencia, levantar objetos pesados o trabajar en cuclillas.<\/p>\n\n<p>Con m\u00e1s de 165.000 articulaciones de rodilla artificiales implantadas al a\u00f1o s\u00f3lo en Alemania, el procedimiento es <strong>una de las operaciones m\u00e1s comunes <\/strong>en el campo de la cirug\u00eda ortop\u00e9dica.<\/p>\n\n<h3 class=\"wp-block-heading\">Todo lo que necesita saber sobre <a href=\"https:\/\/medclinics.com\/orthopedic-treatments-fight-against-immobility\/\" target=\"_blank\" rel=\"noreferrer noopener\">tratamientos ortop\u00e9dicos<\/a> est\u00e1 aqu\u00ed, <a href=\"#requestform\">\u00a1cont\u00e1ctenos<\/a>!<\/h3>\n\n<figure class=\"wp-block-image size-full\"><img decoding=\"async\" width=\"960\" height=\"540\" class=\"wp-image-97323\" src=\"https:\/\/medclinics.com\/wp-content\/uploads\/2023\/07\/knee-joint-replacement-near-me-istanbul.jpg\" alt=\"Reemplazo de articulaci&#xF3;n de rodilla cerca de m&#xED; Estambul\" srcset=\"https:\/\/medclinics.com\/wp-content\/uploads\/2023\/07\/knee-joint-replacement-near-me-istanbul.jpg 960w, https:\/\/medclinics.com\/wp-content\/uploads\/2023\/07\/knee-joint-replacement-near-me-istanbul-500x281.jpg 500w, https:\/\/medclinics.com\/wp-content\/uploads\/2023\/07\/knee-joint-replacement-near-me-istanbul-768x432.jpg 768w, https:\/\/medclinics.com\/wp-content\/uploads\/2023\/07\/knee-joint-replacement-near-me-istanbul-24x14.jpg 24w, https:\/\/medclinics.com\/wp-content\/uploads\/2023\/07\/knee-joint-replacement-near-me-istanbul-36x20.jpg 36w, https:\/\/medclinics.com\/wp-content\/uploads\/2023\/07\/knee-joint-replacement-near-me-istanbul-48x27.jpg 48w\" sizes=\"(max-width: 960px) 100vw, 960px\" \/><\/figure>\n\n<h2 class=\"wp-block-heading\">PREGUNTAS FRECUENTES<\/h2>\n<div id=\"rank-math-faq\" class=\"rank-math-block\">\n<div class=\"rank-math-list \">\n<div id=\"faq-question-1684825308962\" class=\"rank-math-list-item\">\n<h3 class=\"rank-math-question \">\u00bfQu\u00e9 es la artroplastia de rodilla?<\/h3>\n<div class=\"rank-math-answer \">\n\n<p>La artroplastia de rodilla, tambi\u00e9n conocida como artroplastia total de rodilla, es un procedimiento quir\u00fargico que consiste en sustituir una articulaci\u00f3n de rodilla da\u00f1ada por una articulaci\u00f3n artificial. Suele recomendarse a personas con fuertes dolores de rodilla y movilidad limitada a causa de artritis o lesiones. Durante la intervenci\u00f3n, se extraen las partes da\u00f1adas de la articulaci\u00f3n de la rodilla y se implantan componentes met\u00e1licos y pl\u00e1sticos para recrear la funci\u00f3n natural de la rodilla. La recuperaci\u00f3n de la artroplastia de rodilla implica rehabilitaci\u00f3n y fisioterapia para recuperar la fuerza y la movilidad. Aunque la cirug\u00eda conlleva riesgos, puede aliviar considerablemente el dolor y mejorar la calidad de vida de muchos pacientes.<\/p>\n\n<\/div>\n<\/div>\n<div id=\"faq-question-1684825375182\" class=\"rank-math-list-item\">\n<h3 class=\"rank-math-question \">\u00bfCu\u00e1l es el principal motivo de una pr\u00f3tesis de rodilla?<\/h3>\n<div class=\"rank-math-answer \">\n\n<p>Las causas m\u00e1s comunes que conducen a una pr\u00f3tesis de rodilla son la artrosis, en la que el cart\u00edlago protector se desgasta con el tiempo, la artritis reumatoide, una enfermedad autoinmune que provoca inflamaci\u00f3n articular, la artritis postraum\u00e1tica resultante de una lesi\u00f3n grave de rodilla y otras afecciones como la necrosis avascular o trastornos gen\u00e9ticos que afectan a la articulaci\u00f3n de la rodilla. El objetivo principal de la cirug\u00eda de pr\u00f3tesis de rodilla es aliviar el dolor, aumentar la movilidad y mejorar la calidad de vida general de los pacientes que han agotado los tratamientos no quir\u00fargicos y sufren problemas importantes en la articulaci\u00f3n de la rodilla.<\/p>\n\n<\/div>\n<\/div>\n<div id=\"faq-question-1684825378446\" class=\"rank-math-list-item\">\n<h3 class=\"rank-math-question \">\u00bfEs dolorosa la pr\u00f3tesis de rodilla?<\/h3>\n<div class=\"rank-math-answer \">\n\n<p>La experiencia del dolor durante una operaci\u00f3n de pr\u00f3tesis de rodilla puede variar de una persona a otra. Sin embargo, es importante tener en cuenta que la intervenci\u00f3n suele realizarse bajo anestesia, lo que significa que no sentir\u00e1 dolor durante la misma. La anestesia puede administrarse de distintas formas, incluida la anestesia general (en la que usted est\u00e1 inconsciente) o la anestesia regional (como la anestesia epidural o raqu\u00eddea), que adormece la parte inferior del cuerpo mientras usted permanece despierto.<br \/>Tras la intervenci\u00f3n, es habitual experimentar cierto dolor y molestias en la regi\u00f3n de la rodilla. El nivel de dolor postoperatorio puede variar en funci\u00f3n de factores como el umbral de dolor de la persona, el alcance de la intervenci\u00f3n quir\u00fargica y la presencia de cualquier enfermedad subyacente. Sin embargo, los profesionales sanitarios intentan controlar el dolor de forma eficaz recetando analg\u00e9sicos y utilizando otras t\u00e9cnicas de tratamiento del dolor, como la anestesia local, los bloqueos nerviosos o los cat\u00e9teres epidurales. Estos enfoques ayudan a controlar el dolor y favorecen una recuperaci\u00f3n m\u00e1s c\u00f3moda.<\/p>\n\n<\/div>\n<\/div>\n<div id=\"faq-question-1684825379422\" class=\"rank-math-list-item\">\n<h3 class=\"rank-math-question \">\u00bfTienen \u00e9xito las pr\u00f3tesis completas de rodilla?<\/h3>\n<div class=\"rank-math-answer \">\n\n<p>Las pr\u00f3tesis completas de rodilla se consideran intervenciones quir\u00fargicas de \u00e9xito para personas que sufren dolor intenso de rodilla y limitaci\u00f3n de la funci\u00f3n debido a afecciones como la artrosis o la artritis reumatoide. El \u00e9xito de las pr\u00f3tesis articulares de rodilla puede evaluarse en funci\u00f3n del alivio del dolor, la mejora funcional, la satisfacci\u00f3n del paciente y la longevidad de la pr\u00f3tesis articular. Los estudios han demostrado que la mayor\u00eda de los pacientes experimentan una reducci\u00f3n significativa del dolor y una mejora de la calidad de vida tras la intervenci\u00f3n. Desde el punto de vista funcional, las personas suelen observar una mayor movilidad y la capacidad de realizar las actividades cotidianas con mayor facilidad. Los \u00edndices de satisfacci\u00f3n de los pacientes suelen ser altos, ya que las pr\u00f3tesis de rodilla les permiten recuperar un estilo de vida activo y participar en actividades recreativas. Adem\u00e1s, los avances en el dise\u00f1o y los materiales de los implantes han mejorado la durabilidad de las articulaciones prot\u00e9sicas, muchas de las cuales duran entre 15 y 20 a\u00f1os o m\u00e1s. Aunque las experiencias individuales pueden variar, en general, las pr\u00f3tesis articulares de rodilla tienen un alto \u00edndice de \u00e9xito en t\u00e9rminos de alivio del dolor, mejora funcional y satisfacci\u00f3n del paciente cuando las realizan cirujanos expertos y se apoyan en unos cuidados postoperatorios adecuados.<\/p>\n\n<\/div>\n<\/div>\n<\/div>\n<\/div>\n<p>\u00a0<\/p>\n\n<h3 class=\"wp-block-heading\">P\u00f3ngase en contacto con nosotros si tiene alguna pregunta.<\/h3>\n","protected":false},"excerpt":{"rendered":"<p>Si est\u00e1 buscando un remedio que le cambie la vida para superar el dolor cr\u00f3nico de rodilla y recuperar la [&hellip;]<\/p>\n","protected":false},"author":4,"featured_media":91672,"parent":0,"menu_order":0,"comment_status":"closed","ping_status":"closed","template":"","meta":{"site-sidebar-layout":"default","site-content-layout":"","ast-site-content-layout":"default","site-content-style":"default","site-sidebar-style":"default","ast-global-header-display":"","ast-banner-title-visibility":"","ast-main-header-display":"","ast-hfb-above-header-display":"","ast-hfb-below-header-display":"","ast-hfb-mobile-header-display":"","site-post-title":"","ast-breadcrumbs-content":"","ast-featured-img":"","footer-sml-layout":"","ast-disable-related-posts":"","theme-transparent-header-meta":"","adv-header-id-meta":"","stick-header-meta":"","header-above-stick-meta":"","header-main-stick-meta":"","header-below-stick-meta":"","astra-migrate-meta-layouts":"default","ast-page-background-enabled":"default","ast-page-background-meta":{"desktop":{"background-color":"var(--ast-global-color-4)","background-image":"","background-repeat":"repeat","background-position":"center center","background-size":"auto","background-attachment":"scroll","background-type":"","background-media":"","overlay-type":"","overlay-color":"","overlay-opacity":"","overlay-gradient":""},"tablet":{"background-color":"","background-image":"","background-repeat":"repeat","background-position":"center center","background-size":"auto","background-attachment":"scroll","background-type":"","background-media":"","overlay-type":"","overlay-color":"","overlay-opacity":"","overlay-gradient":""},"mobile":{"background-color":"","background-image":"","background-repeat":"repeat","background-position":"center center","background-size":"auto","background-attachment":"scroll","background-type":"","background-media":"","overlay-type":"","overlay-color":"","overlay-opacity":"","overlay-gradient":""}},"ast-content-background-meta":{"desktop":{"background-color":"var(--ast-global-color-5)","background-image":"","background-repeat":"repeat","background-position":"center center","background-size":"auto","background-attachment":"scroll","background-type":"","background-media":"","overlay-type":"","overlay-color":"","overlay-opacity":"","overlay-gradient":""},"tablet":{"background-color":"var(--ast-global-color-5)","background-image":"","background-repeat":"repeat","background-position":"center center","background-size":"auto","background-attachment":"scroll","background-type":"","background-media":"","overlay-type":"","overlay-color":"","overlay-opacity":"","overlay-gradient":""},"mobile":{"background-color":"var(--ast-global-color-5)","background-image":"","background-repeat":"repeat","background-position":"center center","background-size":"auto","background-attachment":"scroll","background-type":"","background-media":"","overlay-type":"","overlay-color":"","overlay-opacity":"","overlay-gradient":""}},"footnotes":""},"class_list":["post-146127","page","type-page","status-publish","has-post-thumbnail","hentry"],"_links":{"self":[{"href":"https:\/\/medclinics.com\/es\/wp-json\/wp\/v2\/pages\/146127","targetHints":{"allow":["GET"]}}],"collection":[{"href":"https:\/\/medclinics.com\/es\/wp-json\/wp\/v2\/pages"}],"about":[{"href":"https:\/\/medclinics.com\/es\/wp-json\/wp\/v2\/types\/page"}],"author":[{"embeddable":true,"href":"https:\/\/medclinics.com\/es\/wp-json\/wp\/v2\/users\/4"}],"replies":[{"embeddable":true,"href":"https:\/\/medclinics.com\/es\/wp-json\/wp\/v2\/comments?post=146127"}],"version-history":[{"count":0,"href":"https:\/\/medclinics.com\/es\/wp-json\/wp\/v2\/pages\/146127\/revisions"}],"wp:featuredmedia":[{"embeddable":true,"href":"https:\/\/medclinics.com\/es\/wp-json\/wp\/v2\/media\/91672"}],"wp:attachment":[{"href":"https:\/\/medclinics.com\/es\/wp-json\/wp\/v2\/media?parent=146127"}],"curies":[{"name":"wp","href":"https:\/\/api.w.org\/{rel}","templated":true}]}}