{"id":146093,"date":"2023-05-21T19:51:42","date_gmt":"2023-05-21T19:51:42","guid":{"rendered":"https:\/\/medclinics.com\/fiv-fecundacion-in-vitro-2\/"},"modified":"2024-04-01T15:18:37","modified_gmt":"2024-04-01T12:18:37","slug":"fiv-fecundacion-in-vitro-2","status":"publish","type":"page","link":"https:\/\/medclinics.com\/es\/fiv-fecundacion-in-vitro-2\/","title":{"rendered":"FIV &#8211; Fecundaci\u00f3n in vitro Larga duraci\u00f3n"},"content":{"rendered":"\n<p>La FIV son diversos m\u00e9todos para inducir artificialmente el embarazo cuando \u00e9ste no ha funcionado por v\u00edas naturales.<\/p>\n\n<div class=\"wp-block-rank-math-toc-block\" id=\"rank-math-toc\"><h2>Tabla de contenidos<\/h2><nav><ul><li><a href=\"#so-what-is\">\u00bfQu\u00e9 es<\/a><\/li><li><a href=\"#types-and-methods\">Tipos y m\u00e9todos<\/a><\/li><li><a href=\"#treatment-plan\">Plan de tratamiento<\/a><\/li><li><a href=\"#good-to-know-before-ivf-treatment-in-turkey\">Lo que conviene saber antes de someterse a un tratamiento de FIV en Turqu\u00eda<\/a><\/li><li><a href=\"#aftercare\">Cuidado posterior<\/a><\/li><li><a href=\"#top-ivf-treatment-costs-by-country\">Costes de los tratamientos de FIV m\u00e1s caros por pa\u00eds<\/a><\/li><li><a href=\"#faq\">PREGUNTAS FRECUENTES<\/a><\/li><li><a href=\"#history\">Historia<\/a><\/li><\/ul><\/nav><\/div>\n\n<h2 class=\"wp-block-heading\" id=\"so-what-is\">\u00bfQu\u00e9 es<\/h2>\n\n<ul class=\"wp-block-list\">\n<li>La <a href=\"https:\/\/medclinics.com\/ivf-in-vitro-fertilisation\/\" target=\"_blank\" rel=\"noreferrer noopener\">FIV o inseminaci\u00f3n artificial<\/a> se utiliza para lograr un embarazo en un laboratorio. Para este proceso se necesita la tecnolog\u00eda m\u00e1s moderna.<\/li>\n\n\n\n<li>Turqu\u00eda es uno de los pa\u00edses m\u00e1s solicitados en el campo de la FIV.<\/li>\n\n\n\n<li>La transferencia gen\u00e9tica intratub\u00e1rica, por su parte, implica el uso de asistencia t\u00e9cnica para facilitar la fecundaci\u00f3n dentro del cuerpo de la mujer.<\/li>\n\n\n\n<li>Dependiendo de factores m\u00e9dicos, las parejas pueden utilizar su propio esperma y \u00f3vulos o material de donante para lograr el embarazo.<\/li>\n\n\n\n<li>Tenga en cuenta que en Turqu\u00eda la donaci\u00f3n de \u00f3vulos, esperma y embriones no est\u00e1 permitida por la ley. S\u00f3lo se aceptar\u00e1n parejas casadas para estos tratamientos<\/li>\n<\/ul>\n\n<h2 class=\"wp-block-heading\" id=\"types-and-methods\">Tipos y m\u00e9todos<\/h2>\n\n<p>Existen varios tipos de fecundaci\u00f3n in vitro:<\/p>\n\n<ul class=\"wp-block-list\">\n<li><a href=\"https:\/\/medclinics.com\/es\/inseminacion\/\" target=\"_blank\" rel=\"noreferrer noopener\">Inseminaci\u00f3n<\/a><\/li>\n\n\n\n<li><a href=\"https:\/\/medclinics.com\/es\/fiv-2\/\" target=\"_blank\" rel=\"noreferrer noopener\">FIV<\/a><\/li>\n\n\n\n<li><a href=\"https:\/\/medclinics.com\/es\/inyeccion-intracitoplasmatica-de-espermatozoides-icsi\/\" target=\"_blank\" rel=\"noreferrer noopener\">Inyecci\u00f3n intracitoplasm\u00e1tica de espermatozoides (ICSI)<\/a><\/li>\n\n\n\n<li><a href=\"https:\/\/medclinics.com\/es\/transferencia-intratubarica-de-gametos-gift\/\" target=\"_blank\" rel=\"noreferrer noopener\">Transferencia intratub\u00e1rica de gametos (GIFT)<\/a><\/li>\n<\/ul>\n\n<h2 class=\"wp-block-heading\" id=\"treatment-plan\">Plan de tratamiento<\/h2>\n\n<p>El tratamiento de <a href=\"https:\/\/en.wikipedia.org\/wiki\/In_vitro_fertilisation\" target=\"_blank\" rel=\"noreferrer noopener\">fecundaci\u00f3n in vitro<\/a> es un tratamiento completo que requiere preparaci\u00f3n y paciencia.<\/p>\n\n<p>El plan de tratamiento es muy individual y se elaborar\u00e1 espec\u00edficamente para usted con su m\u00e9dico tratante, teniendo en cuenta su historial m\u00e9dico y sus necesidades personales.<\/p>\n\n<h3 class=\"wp-block-heading\">FIV para<\/h3>\n\n<p>Todas las parejas que no pueden quedarse embarazadas de forma natural<\/p>\n\n<h3 class=\"wp-block-heading\">Duraci\u00f3n de la FIV<\/h3>\n\n<p>El tratamiento de FIV es un proceso de larga duraci\u00f3n que requiere paciencia. Su m\u00e9dico tratante aclarar\u00e1 todos los detalles con usted de antemano.<\/p>\n\n<h3 class=\"wp-block-heading\">Posibles riesgos del tratamiento de FIV<\/h3>\n\n<ul class=\"wp-block-list\">\n<li>Embarazos m\u00faltiples<\/li>\n\n\n\n<li>S\u00edndrome de hiperestimulaci\u00f3n ov\u00e1rica (SHO)<\/li>\n\n\n\n<li>Embarazo ect\u00f3pico<\/li>\n\n\n\n<li>Defectos de nacimiento<\/li>\n\n\n\n<li>Efectos emocionales y psicol\u00f3gicos<\/li>\n\n\n\n<li>Carga financiera<\/li>\n\n\n\n<li>Efectos a largo plazo desconocidos<\/li>\n<\/ul>\n\n<h2 class=\"wp-block-heading\" id=\"good-to-know-before-ivf-treatment-in-turkey\">Lo que conviene saber antes de someterse a un tratamiento de FIV en Turqu\u00eda<\/h2>\n\n<ul class=\"wp-block-list\">\n<li>En Turqu\u00eda, la donaci\u00f3n de \u00f3vulos, esperma y embriones est\u00e1 estrictamente prohibida por la ley, y la gestaci\u00f3n subrogada no est\u00e1 permitida.<\/li>\n\n\n\n<li>S\u00f3lo las parejas casadas pueden participar en un tratamiento de inseminaci\u00f3n artificial en Turqu\u00eda<\/li>\n\n\n\n<li>Aunque por ley no hay l\u00edmite de edad para estos tratamientos, algunas cl\u00ednicas no tratan a mujeres mayores de 46 a\u00f1os.<\/li>\n\n\n\n<li>En el caso de las mujeres menores de 35 a\u00f1os, s\u00f3lo puede transferirse un embri\u00f3n en el primer y segundo ciclo, mientras que en el tercero pueden transferirse tres embriones.<br\/>Para las mujeres mayores de 35 a\u00f1os, se permite la transferencia de 2 embriones en el primer ciclo.<\/li>\n\n\n\n<li>Las cl\u00ednicas pueden conservar los embriones durante 10 a\u00f1os, pero debe aportar una raz\u00f3n v\u00e1lida para esta solicitud. Esto se aplica, por ejemplo, a las pacientes con c\u00e1ncer y a las mujeres con reserva ov\u00e1rica limitada.<\/li>\n\n\n\n<li>El DGP (diagn\u00f3stico gen\u00e9tico preimplantacional) y el DGP (cribado de aneuploides) est\u00e1n permitidos, pero la ley no permite la selecci\u00f3n de sexo.<\/li>\n\n\n\n<li>Para lograr el mayor porcentaje de \u00e9xito posible, el laboratorio desempe\u00f1a un papel muy crucial. S\u00f3lo en un entorno sano puede producirse con \u00e9xito la fecundaci\u00f3n y el cultivo de embriones.<\/li>\n\n\n\n<li>Otro papel crucial lo desempe\u00f1an la experiencia y la cualificaci\u00f3n de los embri\u00f3logos, que deben estar familiarizados con todos los procedimientos modernos.<\/li>\n<\/ul>\n\n<h2 class=\"wp-block-heading\" id=\"aftercare\">Cuidado posterior<\/h2>\n\n<p>En las primeras 24 horas tras la transferencia embrionaria, es muy importante que la mujer descanse. Durante el primer d\u00eda, se espera que el embri\u00f3n se implante correctamente en el \u00fatero.<br\/>Qu\u00e9dese en casa c\u00f3modo y descansado. No se prescribe reposo en cama, pero debe evitar el trabajo pesado, el esfuerzo f\u00edsico y el levantamiento de objetos pesados en cualquier circunstancia.<\/p>\n\n<h2 class=\"wp-block-heading\" id=\"top-ivf-treatment-costs-by-country\">Costes de los tratamientos de FIV m\u00e1s caros por pa\u00eds<\/h2>\n\n<p>El coste del tratamiento de FIV depende de la experiencia de los m\u00e9dicos, la t\u00e9cnica utilizada, la cl\u00ednica u hospital que elija y su estado de salud individual.<br\/>Los precios que figuran a continuaci\u00f3n pretenden darle una idea aproximada de los costes del tratamiento de FIV y no constituyen un presupuesto definitivo. Su asesor de MedClincs estar\u00e1 encantado de facilitarle m\u00e1s informaci\u00f3n.<\/p>\n\n<figure class=\"wp-block-table\"><table><thead><tr><th>Pa\u00eds<\/th><th>Precio<\/th><th>Clasificaci\u00f3n<\/th><\/tr><\/thead><tbody><tr><td>Turqu\u00eda<\/td><td>~ 2000\u20ac &#8211; 2900\u20ac<\/td><td>\u2605\u2605\u2605\u2605\u2605<\/td><\/tr><tr><td>Polonia<\/td><td>~ 2700\u20ac &#8211; 3500\u20ac<\/td><td>\u2605\u2605\u2605<\/td><\/tr><tr><td>Alemania<\/td><td>~ 5000\u20ac &#8211; 10000\u20ac<\/td><td>\u2605\u2605\u2605\u2605<\/td><\/tr><tr><td>REINO UNIDO<\/td><td>~ 6500\u20ac &#8211; 10500\u20ac<\/td><td>\u2605\u2605\u2605<\/td><\/tr><tr><td>EE.UU.<\/td><td>~ 10000\u20ac &#8211; 12500\u20ac<\/td><td>\u2605\u2605\u2605\u2605<\/td><\/tr><\/tbody><\/table><\/figure>\n\n<h2 class=\"wp-block-heading\" id=\"faq\">PREGUNTAS FRECUENTES<\/h2>\n<div id=\"rank-math-faq\" class=\"rank-math-block\">\n<div class=\"rank-math-list \">\n<div id=\"faq-question-1684698413219\" class=\"rank-math-list-item\">\n<h3 class=\"rank-math-question \">\u00bfCu\u00e1l es el porcentaje de \u00e9xito de la FIV?<\/h3>\n<div class=\"rank-math-answer \">\n\n<p>Por t\u00e9rmino medio, se considera que la tasa de \u00e9xito de la FIV es del 30-40%. Tambi\u00e9n depende de sus antecedentes personales, de su estado general de salud y de factores individuales.<br \/>Seg\u00fan la Sociedad Americana de Medicina Reproductiva (ASRM), aproximadamente el 80% de las mujeres que se someten a un tratamiento de FIV se quedan embarazadas en los tres o cuatro primeros ciclos.<\/p>\n\n<\/div>\n<\/div>\n<div id=\"faq-question-1684698415052\" class=\"rank-math-list-item\">\n<h3 class=\"rank-math-question \">\u00bfSon normales los beb\u00e9s nacidos por FIV?<\/h3>\n<div class=\"rank-math-answer \">\n\n<p>S\u00ed, por lo general, los beb\u00e9s nacidos por FIV se desarrollan igual que los nacidos por concepci\u00f3n natural. Las parejas est\u00e1n estrechamente vigiladas y cuidadosamente supervisadas durante el tratamiento. En la mayor\u00eda de los casos, dan a luz a un beb\u00e9 sano.<\/p>\n\n<\/div>\n<\/div>\n<div id=\"faq-question-1684698416187\" class=\"rank-math-list-item\">\n<h3 class=\"rank-math-question \">\u00bfCu\u00e1les son los riesgos de la FIV?<\/h3>\n<div class=\"rank-math-answer \">\n\n<p>Aunque la FIV es ahora un m\u00e9todo de tratamiento de eficacia probada, existe un ligero riesgo de que los beb\u00e9s concebidos mediante FIV tengan menor peso al nacer y nazcan prematuramente. Su m\u00e9dico tratante le explicar\u00e1 los detalles.<\/p>\n\n<\/div>\n<\/div>\n<div id=\"faq-question-1684698417402\" class=\"rank-math-list-item\">\n<h3 class=\"rank-math-question \">\u00bfPuedo elegir sexo con la FIV?<\/h3>\n<div class=\"rank-math-answer \">\n\n<p>En Turqu\u00eda est\u00e1n permitidos el diagn\u00f3stico gen\u00e9tico preimplantacional (DGP) y el cribado de aneuploides, pero la ley no permite la selecci\u00f3n de sexo.<\/p>\n\n<\/div>\n<\/div>\n<div id=\"faq-question-1684698422423\" class=\"rank-math-list-item\">\n<h3 class=\"rank-math-question \">\u00bfCu\u00e1ntos \u00f3vulos se necesitan para la FIV?<\/h3>\n<div class=\"rank-math-answer \">\n\n<p>Durante el tratamiento, la mujer se someter\u00e1 a una terapia hormonal para estimular sus ovarios. Adem\u00e1s, la calidad de los \u00f3vulos es un factor importante y no todos los \u00f3vulos pueden utilizarse para la FIV. Sin embargo, cuantos m\u00e1s huevos haya disponibles, mayor ser\u00e1 el cambio para el \u00e9xito.  <\/p>\n\n<\/div>\n<\/div>\n<div id=\"faq-question-1684698423449\" class=\"rank-math-list-item\">\n<h3 class=\"rank-math-question \">\u00bfQu\u00e9 ocurre con los \u00f3vulos no utilizados?<\/h3>\n<div class=\"rank-math-answer \">\n\n<p>En Turqu\u00eda, la donaci\u00f3n de esperma y \u00f3vulos est\u00e1 prohibida por ley. Esto significa que los \u00f3vulos no utilizados deben destruirse o almacenarse.<br \/>Los \u00f3vulos pueden almacenarse en determinadas cl\u00ednicas, pero se necesita un motivo plausible para tal solicitud, por ejemplo, un tratamiento contra el c\u00e1ncer u otro. Habr\u00e1 un pago adicional por el almacenamiento. La duraci\u00f3n m\u00e1xima de almacenamiento es de 5 a\u00f1os.<\/p>\n\n<\/div>\n<\/div>\n<div id=\"faq-question-1684698424487\" class=\"rank-math-list-item\">\n<h3 class=\"rank-math-question \">\u00bfQu\u00e9 diferencia hay entre la inseminaci\u00f3n y el tratamiento de FIV?<\/h3>\n<div class=\"rank-math-answer \">\n\n<p>Durante la inseminaci\u00f3n, tambi\u00e9n llamada inseminaci\u00f3n artificial, se inyectan los espermatozoides en el cuerpo de la mujer. Para este procedimiento, existen diferentes m\u00e9todos, como la IIU, la ICI o la ITI. La fecundaci\u00f3n tiene lugar en el cuerpo de la mujer.<br \/>Durante un tratamiento de FIV, la fecundaci\u00f3n se realiza en un laboratorio.<\/p>\n\n<\/div>\n<\/div>\n<div id=\"faq-question-1684698425367\" class=\"rank-math-list-item\">\n<h3 class=\"rank-math-question \">\u00bfNecesito medicaci\u00f3n hormonal antes de la inseminaci\u00f3n?<\/h3>\n<div class=\"rank-math-answer \">\n\n<p>Su m\u00e9dico puede recetarle alg\u00fan medicamento antes del tratamiento de inseminaci\u00f3n, dependiendo de su situaci\u00f3n individual. Puede utilizarse medicaci\u00f3n hormonal para estimular los ovarios, de modo que se produzcan m\u00e1s \u00f3vulos y aumenten las probabilidades de \u00e9xito de la inseminaci\u00f3n.<\/p>\n\n<\/div>\n<\/div>\n<div id=\"faq-question-1684698428980\" class=\"rank-math-list-item\">\n<h3 class=\"rank-math-question \">\u00bfPuedo obtener una donaci\u00f3n de esperma en Turqu\u00eda?<\/h3>\n<div class=\"rank-math-answer \">\n\n<p>No, en Turqu\u00eda, tanto la donaci\u00f3n de esperma como la de \u00f3vulos no est\u00e1n permitidas por la ley. S\u00f3lo las parejas casadas pueden someterse a un tratamiento de fecundaci\u00f3n.<\/p>\n\n<\/div>\n<\/div>\n<div id=\"faq-question-1684698429918\" class=\"rank-math-list-item\">\n<h3 class=\"rank-math-question \">\u00bfA qu\u00e9 edad tiene m\u00e1s \u00e9xito la FIV?<\/h3>\n<div class=\"rank-math-answer \">\n\n<p>En general, cuanto m\u00e1s joven es la mujer, m\u00e1s \u00e9xito tiene el tratamiento. A edades m\u00e1s tempranas, el organismo produce m\u00e1s \u00f3vulos y tambi\u00e9n de mayor calidad, lo que aumenta las posibilidades de \u00e9xito del tratamiento. Seg\u00fan las estad\u00edsticas, el porcentaje de \u00e9xito es mayor cuando la mujer tiene menos de 35 a\u00f1os.  <\/p>\n\n<\/div>\n<\/div>\n<div id=\"faq-question-1684698430849\" class=\"rank-math-list-item\">\n<h3 class=\"rank-math-question \">\u00bfCu\u00e1ntas veces puedo hacer la FIV en un a\u00f1o?<\/h3>\n<div class=\"rank-math-answer \">\n\n<p>En principio, no hay limitaci\u00f3n para el n\u00famero de tratamientos al a\u00f1o. Sin embargo, a medida que avanza el tratamiento con medicaci\u00f3n hormonal, la mayor\u00eda de las mujeres optan por un descanso entre los tratamientos para recuperarse tanto f\u00edsica como ps\u00edquicamente.<\/p>\n\n<\/div>\n<\/div>\n<\/div>\n<\/div>\n<h2 class=\"wp-block-heading\" id=\"history\">Historia<\/h2>\n\n<p>1934: Se produce en conejos la primera fecundaci\u00f3n con \u00e9xito de un \u00f3vulo fuera del cuerpo.<\/p>\n\n<p>1959: Se produce la primera fecundaci\u00f3n con \u00e9xito de un \u00f3vulo humano fuera del cuerpo, pero el embri\u00f3n no sobrevive.<\/p>\n\n<p>1969: el cient\u00edfico brit\u00e1nico Robert Edwards y su colega Patrick Steptoe empiezan a trabajar juntos para desarrollar un tratamiento de FIV para humanos.<\/p>\n\n<p>1978: Nace en Inglaterra Louise Brown, el primer embarazo logrado mediante FIV.<\/p>\n\n<p>1981: Se logra el primer embarazo por FIV con \u00e9xito en Estados Unidos, con el nacimiento de Elizabeth Jordan Carr.<\/p>\n\n<p>1983: se realiza la primera transferencia de embriones congelados que da lugar a un embarazo con \u00e9xito.<\/p>\n\n<p>1985: Se consigue por primera vez un embarazo mediante inyecci\u00f3n intracitoplasm\u00e1tica de espermatozoides (ICSI).<\/p>\n\n<p>1992: Desde este a\u00f1o, con el diagn\u00f3stico gen\u00e9tico preimplantacional (DGP) se pueden detectar trastornos gen\u00e9ticos en los embriones.<\/p>\n\n<p>2002: Se produce el primer nacimiento con \u00e9xito de un ni\u00f1o a partir de un \u00f3vulo congelado.<\/p>\n","protected":false},"excerpt":{"rendered":"<p>La FIV son diversos m\u00e9todos para inducir artificialmente el embarazo cuando \u00e9ste no ha funcionado por v\u00edas naturales. \u00bfQu\u00e9 es [&hellip;]<\/p>\n","protected":false},"author":4,"featured_media":0,"parent":0,"menu_order":0,"comment_status":"closed","ping_status":"closed","template":"","meta":{"site-sidebar-layout":"default","site-content-layout":"","ast-site-content-layout":"default","site-content-style":"default","site-sidebar-style":"default","ast-global-header-display":"","ast-banner-title-visibility":"","ast-main-header-display":"","ast-hfb-above-header-display":"","ast-hfb-below-header-display":"","ast-hfb-mobile-header-display":"","site-post-title":"","ast-breadcrumbs-content":"","ast-featured-img":"","footer-sml-layout":"","ast-disable-related-posts":"","theme-transparent-header-meta":"","adv-header-id-meta":"","stick-header-meta":"","header-above-stick-meta":"","header-main-stick-meta":"","header-below-stick-meta":"","astra-migrate-meta-layouts":"default","ast-page-background-enabled":"default","ast-page-background-meta":{"desktop":{"background-color":"var(--ast-global-color-4)","background-image":"","background-repeat":"repeat","background-position":"center center","background-size":"auto","background-attachment":"scroll","background-type":"","background-media":"","overlay-type":"","overlay-color":"","overlay-opacity":"","overlay-gradient":""},"tablet":{"background-color":"","background-image":"","background-repeat":"repeat","background-position":"center center","background-size":"auto","background-attachment":"scroll","background-type":"","background-media":"","overlay-type":"","overlay-color":"","overlay-opacity":"","overlay-gradient":""},"mobile":{"background-color":"","background-image":"","background-repeat":"repeat","background-position":"center center","background-size":"auto","background-attachment":"scroll","background-type":"","background-media":"","overlay-type":"","overlay-color":"","overlay-opacity":"","overlay-gradient":""}},"ast-content-background-meta":{"desktop":{"background-color":"var(--ast-global-color-5)","background-image":"","background-repeat":"repeat","background-position":"center center","background-size":"auto","background-attachment":"scroll","background-type":"","background-media":"","overlay-type":"","overlay-color":"","overlay-opacity":"","overlay-gradient":""},"tablet":{"background-color":"var(--ast-global-color-5)","background-image":"","background-repeat":"repeat","background-position":"center center","background-size":"auto","background-attachment":"scroll","background-type":"","background-media":"","overlay-type":"","overlay-color":"","overlay-opacity":"","overlay-gradient":""},"mobile":{"background-color":"var(--ast-global-color-5)","background-image":"","background-repeat":"repeat","background-position":"center center","background-size":"auto","background-attachment":"scroll","background-type":"","background-media":"","overlay-type":"","overlay-color":"","overlay-opacity":"","overlay-gradient":""}},"footnotes":""},"class_list":["post-146093","page","type-page","status-publish","hentry"],"_links":{"self":[{"href":"https:\/\/medclinics.com\/es\/wp-json\/wp\/v2\/pages\/146093","targetHints":{"allow":["GET"]}}],"collection":[{"href":"https:\/\/medclinics.com\/es\/wp-json\/wp\/v2\/pages"}],"about":[{"href":"https:\/\/medclinics.com\/es\/wp-json\/wp\/v2\/types\/page"}],"author":[{"embeddable":true,"href":"https:\/\/medclinics.com\/es\/wp-json\/wp\/v2\/users\/4"}],"replies":[{"embeddable":true,"href":"https:\/\/medclinics.com\/es\/wp-json\/wp\/v2\/comments?post=146093"}],"version-history":[{"count":0,"href":"https:\/\/medclinics.com\/es\/wp-json\/wp\/v2\/pages\/146093\/revisions"}],"wp:attachment":[{"href":"https:\/\/medclinics.com\/es\/wp-json\/wp\/v2\/media?parent=146093"}],"curies":[{"name":"wp","href":"https:\/\/api.w.org\/{rel}","templated":true}]}}