{"id":146073,"date":"2023-05-21T19:23:18","date_gmt":"2023-05-21T19:23:18","guid":{"rendered":"https:\/\/medclinics.com\/tratamiento-de-arrugas-con-relajante-muscular\/"},"modified":"2024-04-04T19:19:54","modified_gmt":"2024-04-04T16:19:54","slug":"tratamiento-de-arrugas-con-relajante-muscular","status":"publish","type":"page","link":"https:\/\/medclinics.com\/es\/tratamiento-de-arrugas-con-relajante-muscular\/","title":{"rendered":"Tratamiento de arrugas con relajante muscular"},"content":{"rendered":"\n<h2 class=\"wp-block-heading\">\u00a1No hay tiempo para envejecer! \u00a1Vuelve a tener un aspecto juvenil y natural! Consiga ya su tratamiento antiarrugas<\/h2>\n\n<p>Con el <a href=\"https:\/\/istanbul-tourist-information.com\/en\/beauty-salon-treatments\/\" target=\"_blank\" rel=\"noreferrer noopener\">Tratamiento de Arrugas<\/a> realizado por un dermat\u00f3logo experimentado, tendr\u00e1 un aspecto tan joven como se siente en muy poco tiempo y a un precio asequible y de bajo coste. Al inyectar un relajante muscular en las zonas problem\u00e1ticas, las arrugas desaparecen como por s\u00ed solas.<\/p>\n\n<p>No lo dude m\u00e1s. \u00a1Consiga ya su <a href=\"https:\/\/medclinics.com\/es\/relajante-muscular\/\" target=\"_blank\" rel=\"noreferrer noopener\">tratamiento antiarrugas<\/a> en Estambul!<\/p>\n\n<h3 class=\"wp-block-heading\"><strong>El Tratamiento de Arrugas incluye:<\/strong><\/h3>\n\n<ul class=\"wp-block-list\">\n<li>Tratamiento de una zona facial, por ejemplo, las arrugas del entrecejo, las patas de gallo, las arrugas de la frente o incluso la barbilla de fresa.<\/li>\n\n\n\n<li>Inyecci\u00f3n indolora con una c\u00e1nula extremadamente fina.  <\/li>\n\n\n\n<li>Tratamiento en una consulta m\u00e9dica o cl\u00ednica de prestigio por un m\u00e9dico experimentado que utiliza la tecnolog\u00eda m\u00e1s avanzada.<\/li>\n\n\n\n<li>Asistencia gratuita para cualquier duda que tenga.  <\/li>\n<\/ul>\n\n<h3 class=\"wp-block-heading\">Todo lo que necesita saber sobre el tratamiento de las arrugas, incluido el precio, los cuidados posteriores y el proceso de curaci\u00f3n, o p\u00f3ngase <a href=\"#requestform\">en contacto con nosotros<\/a>.<\/h3>\n\n<h2 class=\"wp-block-heading\">PREGUNTAS FRECUENTES <\/h2>\n<div id=\"rank-math-faq\" class=\"rank-math-block\">\n<div class=\"rank-math-list \">\n<div id=\"faq-question-1682666956133\" class=\"rank-math-list-item\">\n<h3 class=\"rank-math-question \">\u00bfC\u00f3mo funciona el tratamiento antiarrugas?<\/h3>\n<div class=\"rank-math-answer \">\n\n<p>El tratamiento se realiza con relajantes musculares. Los relajantes musculares son un grupo de medicamentos que se utilizan para aliviar los espasmos musculares y reducir la rigidez muscular. Con fines cosm\u00e9ticos, los relajantes musculares suprimen los impulsos nerviosos a los m\u00fasculos.<\/p>\n\n<\/div>\n<\/div>\n<div id=\"faq-question-1682603361561\" class=\"rank-math-list-item\">\n<h3 class=\"rank-math-question \">\u00bfCu\u00e1les son los posibles efectos secundarios de los relajantes musculares?<\/h3>\n<div class=\"rank-math-answer \">\n\n<p>Por regla general, los tratamientos cosm\u00e9ticos con relajantes musculares transcurren sin efectos secundarios debido a la baja dosis. Espor\u00e1dicamente, puede aparecer sequedad de boca o leves mareos y dolor de cabeza. En este caso, p\u00f3ngase en contacto inmediatamente con su m\u00e9dico tratante.<\/p>\n\n<\/div>\n<\/div>\n<div id=\"faq-question-1682665852961\" class=\"rank-math-list-item\">\n<h3 class=\"rank-math-question \">\u00bfSon permanentes los tratamientos con relajantes musculares?<\/h3>\n<div class=\"rank-math-answer \">\n\n<p>No, los tratamientos con relajantes musculares no son permanentes. Sin embargo, por t\u00e9rmino medio, el efecto dura unos meses antes de que los m\u00fasculos vuelvan a activarse y las arrugas puedan reaparecer. Se recomienda repetir el tratamiento a intervalos regulares.<\/p>\n\n<\/div>\n<\/div>\n<\/div>\n<\/div>\n<p><\/p>\n\n<h3 class=\"wp-block-heading\">P\u00f3ngase en contacto con nosotros si tiene alguna pregunta.<\/h3>\n","protected":false},"excerpt":{"rendered":"<p>\u00a1No hay tiempo para envejecer! \u00a1Vuelve a tener un aspecto juvenil y natural! Consiga ya su tratamiento antiarrugas Con el [&hellip;]<\/p>\n","protected":false},"author":4,"featured_media":93177,"parent":0,"menu_order":0,"comment_status":"closed","ping_status":"closed","template":"","meta":{"site-sidebar-layout":"default","site-content-layout":"","ast-site-content-layout":"default","site-content-style":"default","site-sidebar-style":"default","ast-global-header-display":"","ast-banner-title-visibility":"","ast-main-header-display":"","ast-hfb-above-header-display":"","ast-hfb-below-header-display":"","ast-hfb-mobile-header-display":"","site-post-title":"","ast-breadcrumbs-content":"","ast-featured-img":"","footer-sml-layout":"","ast-disable-related-posts":"","theme-transparent-header-meta":"","adv-header-id-meta":"","stick-header-meta":"","header-above-stick-meta":"","header-main-stick-meta":"","header-below-stick-meta":"","astra-migrate-meta-layouts":"default","ast-page-background-enabled":"default","ast-page-background-meta":{"desktop":{"background-color":"var(--ast-global-color-4)","background-image":"","background-repeat":"repeat","background-position":"center center","background-size":"auto","background-attachment":"scroll","background-type":"","background-media":"","overlay-type":"","overlay-color":"","overlay-opacity":"","overlay-gradient":""},"tablet":{"background-color":"","background-image":"","background-repeat":"repeat","background-position":"center center","background-size":"auto","background-attachment":"scroll","background-type":"","background-media":"","overlay-type":"","overlay-color":"","overlay-opacity":"","overlay-gradient":""},"mobile":{"background-color":"","background-image":"","background-repeat":"repeat","background-position":"center center","background-size":"auto","background-attachment":"scroll","background-type":"","background-media":"","overlay-type":"","overlay-color":"","overlay-opacity":"","overlay-gradient":""}},"ast-content-background-meta":{"desktop":{"background-color":"var(--ast-global-color-5)","background-image":"","background-repeat":"repeat","background-position":"center center","background-size":"auto","background-attachment":"scroll","background-type":"","background-media":"","overlay-type":"","overlay-color":"","overlay-opacity":"","overlay-gradient":""},"tablet":{"background-color":"var(--ast-global-color-5)","background-image":"","background-repeat":"repeat","background-position":"center center","background-size":"auto","background-attachment":"scroll","background-type":"","background-media":"","overlay-type":"","overlay-color":"","overlay-opacity":"","overlay-gradient":""},"mobile":{"background-color":"var(--ast-global-color-5)","background-image":"","background-repeat":"repeat","background-position":"center center","background-size":"auto","background-attachment":"scroll","background-type":"","background-media":"","overlay-type":"","overlay-color":"","overlay-opacity":"","overlay-gradient":""}},"footnotes":""},"class_list":["post-146073","page","type-page","status-publish","has-post-thumbnail","hentry"],"_links":{"self":[{"href":"https:\/\/medclinics.com\/es\/wp-json\/wp\/v2\/pages\/146073","targetHints":{"allow":["GET"]}}],"collection":[{"href":"https:\/\/medclinics.com\/es\/wp-json\/wp\/v2\/pages"}],"about":[{"href":"https:\/\/medclinics.com\/es\/wp-json\/wp\/v2\/types\/page"}],"author":[{"embeddable":true,"href":"https:\/\/medclinics.com\/es\/wp-json\/wp\/v2\/users\/4"}],"replies":[{"embeddable":true,"href":"https:\/\/medclinics.com\/es\/wp-json\/wp\/v2\/comments?post=146073"}],"version-history":[{"count":0,"href":"https:\/\/medclinics.com\/es\/wp-json\/wp\/v2\/pages\/146073\/revisions"}],"wp:featuredmedia":[{"embeddable":true,"href":"https:\/\/medclinics.com\/es\/wp-json\/wp\/v2\/media\/93177"}],"wp:attachment":[{"href":"https:\/\/medclinics.com\/es\/wp-json\/wp\/v2\/media?parent=146073"}],"curies":[{"name":"wp","href":"https:\/\/api.w.org\/{rel}","templated":true}]}}