{"id":146059,"date":"2023-05-18T15:07:17","date_gmt":"2023-05-18T12:07:17","guid":{"rendered":"https:\/\/medclinics.com\/extraccion-de-protesis-mamarias\/"},"modified":"2024-12-30T19:23:42","modified_gmt":"2024-12-30T16:23:42","slug":"extraccion-de-protesis-mamarias","status":"publish","type":"page","link":"https:\/\/medclinics.com\/es\/extraccion-de-protesis-mamarias\/","title":{"rendered":"Extracci\u00f3n de pr\u00f3tesis mamarias"},"content":{"rendered":"\n<h2 class=\"wp-block-heading\">Aqu\u00ed tienes la soluci\u00f3n para todo lo que quieras sobre Retirada de pr\u00f3tesis mamarias.<\/h2>\n\n<p>La rimozione delle protesi mammarie, nota anche come espianto, si riferisce alla procedura chirurgica di rimozione di <a href=\"https:\/\/istanbul-tourist-information.com\/en\/medical-treatment\/\" target=\"_blank\" rel=\"noreferrer noopener\">impianti<\/a> o protesi mammarie precedentemente inseriti. Hay varias razones por las que una persona puede optar por la extracci\u00f3n de pr\u00f3tesis mamarias, como complicaciones m\u00e9dicas, preferencias personales o cambios en la imagen corporal.<\/p>\n\n<p>Merece la pena se\u00f1alar que los detalles espec\u00edficos de la extracci\u00f3n de pr\u00f3tesis mamarias pueden variar en funci\u00f3n de las circunstancias individuales, como el tipo de implantes, el estado del tejido mamario y cualquier procedimiento adicional implicado. Por lo tanto, es crucial mantener una conversaci\u00f3n exhaustiva con su cirujano pl\u00e1stico para comprender el proceso y los posibles resultados en su caso particular.<\/p>\n\n<h3 class=\"wp-block-heading\">Todo lo que necesita saber sobre las <a href=\"https:\/\/medclinics.com\/breast-aesthetic-surgery\/\" target=\"_blank\" rel=\"noreferrer noopener\">cirug\u00edas est\u00e9ticas mamarias<\/a>, incluido el precio, los cuidados postoperatorios y el proceso de cicatrizaci\u00f3n, o p\u00f3ngase <a href=\"#requestform\">en contacto con nosotros<\/a>.<\/h3>\n\n<figure class=\"wp-block-image size-full\"><img fetchpriority=\"high\" decoding=\"async\" width=\"960\" height=\"540\" class=\"wp-image-97578\" src=\"https:\/\/medclinics.com\/wp-content\/uploads\/2023\/07\/breast-prosthesis-removal-near-me.jpg\" alt=\"Extracci&#xF3;n de pr&#xF3;tesis mamarias cerca de m&#xED;\" srcset=\"https:\/\/medclinics.com\/wp-content\/uploads\/2023\/07\/breast-prosthesis-removal-near-me.jpg 960w, https:\/\/medclinics.com\/wp-content\/uploads\/2023\/07\/breast-prosthesis-removal-near-me-500x281.jpg 500w, https:\/\/medclinics.com\/wp-content\/uploads\/2023\/07\/breast-prosthesis-removal-near-me-768x432.jpg 768w, https:\/\/medclinics.com\/wp-content\/uploads\/2023\/07\/breast-prosthesis-removal-near-me-24x14.jpg 24w, https:\/\/medclinics.com\/wp-content\/uploads\/2023\/07\/breast-prosthesis-removal-near-me-36x20.jpg 36w, https:\/\/medclinics.com\/wp-content\/uploads\/2023\/07\/breast-prosthesis-removal-near-me-48x27.jpg 48w\" sizes=\"(max-width: 960px) 100vw, 960px\" \/><\/figure>\n\n<h2 class=\"wp-block-heading\">PREGUNTAS FRECUENTES<\/h2>\n<div id=\"rank-math-faq\" class=\"rank-math-block\">\n<div class=\"rank-math-list \">\n<div id=\"faq-question-1682666956133\" class=\"rank-math-list-item\">\n<h3 class=\"rank-math-question \">\u00bfEs posible retirar los implantes mamarios?<\/h3>\n<div class=\"rank-math-answer \">\n\n<p>S\u00ed, es posible extraer los implantes mamarios mediante un procedimiento quir\u00fargico conocido como extracci\u00f3n de pr\u00f3tesis mamarias o explantaci\u00f3n. Hay varias razones por las que una persona puede decidir retirarse los implantes mamarios, como la insatisfacci\u00f3n con los resultados, complicaciones relacionadas con los implantes, cambios en las preferencias personales o consideraciones m\u00e9dicas. Durante la intervenci\u00f3n, el cirujano realizar\u00e1 incisiones para acceder a los implantes y extraerlos con cuidado. En algunos casos, pueden realizarse procedimientos adicionales, como la elevaci\u00f3n de mamas o la transferencia de grasa, para tratar los cambios en la forma o el volumen de las mamas que pueden producirse tras la extracci\u00f3n de los implantes. Los detalles espec\u00edficos del procedimiento depender\u00e1n de las circunstancias y los objetivos individuales, y es importante consultar a un cirujano pl\u00e1stico cualificado que pueda proporcionar asesoramiento y orientaci\u00f3n personalizados.<\/p>\n\n<\/div>\n<\/div>\n<div id=\"faq-question-1684422143261\" class=\"rank-math-list-item\">\n<h3 class=\"rank-math-question \">\u00bfQu\u00e9 esperar tras la extracci\u00f3n de implantes mamarios?<\/h3>\n<div class=\"rank-math-answer \">\n\n<p>Tras la extracci\u00f3n de la pr\u00f3tesis mamaria, puede esperar algunos efectos y cambios postoperatorios en sus mamas. La inflamaci\u00f3n y los hematomas alrededor de la zona operada son frecuentes y deber\u00edan disminuir gradualmente con el tiempo. Puede experimentar molestias o dolor, que puede tratarse con analg\u00e9sicos prescritos. El aspecto de sus senos puede cambiar, con una posible deflaci\u00f3n o alteraci\u00f3n de la forma debido a que el tejido mamario natural se adapta a la ausencia de implantes. Se producir\u00e1n cicatrices, pero \u00e9stas desaparecer\u00e1n a lo largo de varios meses o un a\u00f1o. Desde el punto de vista emocional, es posible que experimente una serie de sentimientos y preocupaciones por los cambios en el aspecto de sus senos, y puede ser \u00fatil contar con un sistema de apoyo. Seguir las instrucciones postoperatorias del cirujano, incluidos los cuidados de la herida y las restricciones de actividad, es crucial para una cicatrizaci\u00f3n adecuada y unos resultados \u00f3ptimos. Si tiene alguna pregunta o duda durante la recuperaci\u00f3n, es importante que se ponga en contacto con su cirujano para que le oriente y le apoye.<\/p>\n\n<\/div>\n<\/div>\n<div id=\"faq-question-1684422172491\" class=\"rank-math-list-item\">\n<h3 class=\"rank-math-question \">\u00bfEs dolorosa la cirug\u00eda de extracci\u00f3n de implantes?<\/h3>\n<div class=\"rank-math-answer \">\n\n<p>La cirug\u00eda de extracci\u00f3n de implantes conlleva algunas molestias o dolor, pero se toman medidas para controlarlo. Se utiliza anestesia durante la intervenci\u00f3n para garantizar una experiencia indolora. Tras la intervenci\u00f3n, puede experimentar dolor y molestias alrededor de la zona quir\u00fargica, que pueden aliviarse con analg\u00e9sicos recetados. Su cirujano le dar\u00e1 instrucciones espec\u00edficas sobre el tratamiento del dolor. Es importante comunicar cualquier dolor o molestia al equipo sanitario para que se tomen las medidas oportunas. Seguir las instrucciones de cuidados postoperatorios y tomar los medicamentos prescritos ayudar\u00e1 a minimizar las molestias y favorecer\u00e1 una recuperaci\u00f3n m\u00e1s suave.<\/p>\n\n<\/div>\n<\/div>\n<\/div>\n<\/div>\n<p>\u00a0<\/p>\n\n<h3 class=\"wp-block-heading\">P\u00f3ngase en contacto con nosotros si tiene alguna pregunta.<\/h3>\n","protected":false},"excerpt":{"rendered":"<p>Aqu\u00ed tienes la soluci\u00f3n para todo lo que quieras sobre Retirada de pr\u00f3tesis mamarias. La rimozione delle protesi mammarie, nota [&hellip;]<\/p>\n","protected":false},"author":4,"featured_media":91220,"parent":0,"menu_order":0,"comment_status":"closed","ping_status":"closed","template":"","meta":{"site-sidebar-layout":"default","site-content-layout":"","ast-site-content-layout":"default","site-content-style":"default","site-sidebar-style":"default","ast-global-header-display":"","ast-banner-title-visibility":"","ast-main-header-display":"","ast-hfb-above-header-display":"","ast-hfb-below-header-display":"","ast-hfb-mobile-header-display":"","site-post-title":"","ast-breadcrumbs-content":"","ast-featured-img":"","footer-sml-layout":"","ast-disable-related-posts":"","theme-transparent-header-meta":"","adv-header-id-meta":"","stick-header-meta":"","header-above-stick-meta":"","header-main-stick-meta":"","header-below-stick-meta":"","astra-migrate-meta-layouts":"default","ast-page-background-enabled":"default","ast-page-background-meta":{"desktop":{"background-color":"var(--ast-global-color-4)","background-image":"","background-repeat":"repeat","background-position":"center center","background-size":"auto","background-attachment":"scroll","background-type":"","background-media":"","overlay-type":"","overlay-color":"","overlay-opacity":"","overlay-gradient":""},"tablet":{"background-color":"","background-image":"","background-repeat":"repeat","background-position":"center center","background-size":"auto","background-attachment":"scroll","background-type":"","background-media":"","overlay-type":"","overlay-color":"","overlay-opacity":"","overlay-gradient":""},"mobile":{"background-color":"","background-image":"","background-repeat":"repeat","background-position":"center center","background-size":"auto","background-attachment":"scroll","background-type":"","background-media":"","overlay-type":"","overlay-color":"","overlay-opacity":"","overlay-gradient":""}},"ast-content-background-meta":{"desktop":{"background-color":"var(--ast-global-color-5)","background-image":"","background-repeat":"repeat","background-position":"center center","background-size":"auto","background-attachment":"scroll","background-type":"","background-media":"","overlay-type":"","overlay-color":"","overlay-opacity":"","overlay-gradient":""},"tablet":{"background-color":"var(--ast-global-color-5)","background-image":"","background-repeat":"repeat","background-position":"center center","background-size":"auto","background-attachment":"scroll","background-type":"","background-media":"","overlay-type":"","overlay-color":"","overlay-opacity":"","overlay-gradient":""},"mobile":{"background-color":"var(--ast-global-color-5)","background-image":"","background-repeat":"repeat","background-position":"center center","background-size":"auto","background-attachment":"scroll","background-type":"","background-media":"","overlay-type":"","overlay-color":"","overlay-opacity":"","overlay-gradient":""}},"footnotes":""},"class_list":["post-146059","page","type-page","status-publish","has-post-thumbnail","hentry"],"_links":{"self":[{"href":"https:\/\/medclinics.com\/es\/wp-json\/wp\/v2\/pages\/146059","targetHints":{"allow":["GET"]}}],"collection":[{"href":"https:\/\/medclinics.com\/es\/wp-json\/wp\/v2\/pages"}],"about":[{"href":"https:\/\/medclinics.com\/es\/wp-json\/wp\/v2\/types\/page"}],"author":[{"embeddable":true,"href":"https:\/\/medclinics.com\/es\/wp-json\/wp\/v2\/users\/4"}],"replies":[{"embeddable":true,"href":"https:\/\/medclinics.com\/es\/wp-json\/wp\/v2\/comments?post=146059"}],"version-history":[{"count":0,"href":"https:\/\/medclinics.com\/es\/wp-json\/wp\/v2\/pages\/146059\/revisions"}],"wp:featuredmedia":[{"embeddable":true,"href":"https:\/\/medclinics.com\/es\/wp-json\/wp\/v2\/media\/91220"}],"wp:attachment":[{"href":"https:\/\/medclinics.com\/es\/wp-json\/wp\/v2\/media?parent=146059"}],"curies":[{"name":"wp","href":"https:\/\/api.w.org\/{rel}","templated":true}]}}