{"id":146049,"date":"2023-05-18T14:57:06","date_gmt":"2023-05-18T11:57:06","guid":{"rendered":"https:\/\/medclinics.com\/estetica-del-pezon\/"},"modified":"2025-01-02T17:09:49","modified_gmt":"2025-01-02T14:09:49","slug":"estetica-del-pezon","status":"publish","type":"page","link":"https:\/\/medclinics.com\/es\/estetica-del-pezon\/","title":{"rendered":"Est\u00e9tica del pez\u00f3n"},"content":{"rendered":"\n<h2 class=\"wp-block-heading\">Aqu\u00ed est\u00e1 la soluci\u00f3n para todo lo que quieras sobre pez\u00f3n.<\/h2>\n\n<p>La est\u00e9tica de los pezones se refiere a su aspecto y atractivo visual. Es un tema que abarca varios aspectos, como el tama\u00f1o, la forma, el color y la simetr\u00eda de los pezones.<\/p>\n\n<p>El aspecto de los pezones var\u00eda mucho de una persona a otra, y lo que se considera est\u00e9ticamente agradable puede variar mucho en funci\u00f3n de las preferencias culturales, sociales y personales.<\/p>\n\n<p>Si le preocupa la <a href=\"https:\/\/istanbul-tourist-information.com\/en\/medical-treatment\/\" target=\"_blank\" rel=\"noreferrer noopener\">est\u00e9tica de <\/a>sus pezones o cualquier aspecto de su cuerpo, siempre es una buena idea consultar a un profesional m\u00e9dico o a un cirujano pl\u00e1stico certificado que pueda ofrecerle asesoramiento y orientaci\u00f3n personalizados. Pueden responder a sus preocupaciones espec\u00edficas y proporcionarle informaci\u00f3n precisa basada en sus circunstancias particulares.<\/p>\n\n<h3 class=\"wp-block-heading\">Todo lo que necesita saber sobre las <a href=\"https:\/\/medclinics.com\/breast-aesthetic-surgery\/\" target=\"_blank\" rel=\"noreferrer noopener\">cirug\u00edas est\u00e9ticas mamarias<\/a>, incluido el precio, los cuidados postoperatorios y el proceso de cicatrizaci\u00f3n, o p\u00f3ngase <a href=\"#requestform\">en contacto con nosotros<\/a>.<\/h3>\n\n<figure class=\"wp-block-image size-full\"><img fetchpriority=\"high\" decoding=\"async\" width=\"960\" height=\"540\" src=\"https:\/\/medclinics.com\/wp-content\/uploads\/2023\/07\/nipple-aesthetics-near-me.jpg\" alt=\"Est&#xE9;tica del pez&#xF3;n cerca de m&#xED;\" class=\"wp-image-97586\" srcset=\"https:\/\/medclinics.com\/wp-content\/uploads\/2023\/07\/nipple-aesthetics-near-me.jpg 960w, https:\/\/medclinics.com\/wp-content\/uploads\/2023\/07\/nipple-aesthetics-near-me-500x281.jpg 500w, https:\/\/medclinics.com\/wp-content\/uploads\/2023\/07\/nipple-aesthetics-near-me-768x432.jpg 768w, https:\/\/medclinics.com\/wp-content\/uploads\/2023\/07\/nipple-aesthetics-near-me-24x14.jpg 24w, https:\/\/medclinics.com\/wp-content\/uploads\/2023\/07\/nipple-aesthetics-near-me-36x20.jpg 36w, https:\/\/medclinics.com\/wp-content\/uploads\/2023\/07\/nipple-aesthetics-near-me-48x27.jpg 48w\" sizes=\"(max-width: 960px) 100vw, 960px\" \/><\/figure>\n\n<h2 class=\"wp-block-heading\">PREGUNTAS FRECUENTES<\/h2>\n<div id=\"rank-math-faq\" class=\"rank-math-block\">\n<div class=\"rank-math-list \">\n<div id=\"faq-question-1682666956133\" class=\"rank-math-list-item\">\n<h3 class=\"rank-math-question \">\u00bfQu\u00e9 es la est\u00e9tica del pez\u00f3n?<\/h3>\n<div class=\"rank-math-answer \">\n\n<p>La est\u00e9tica del pez\u00f3n, o cirug\u00eda del pez\u00f3n, es una rama de la cirug\u00eda pl\u00e1stica que se centra en mejorar el aspecto de los pezones. Consiste en varios procedimientos destinados a resolver problemas est\u00e9ticos comunes relacionados con el tama\u00f1o, la forma, la posici\u00f3n o la simetr\u00eda de los pezones. Estos procedimientos pueden incluir la reducci\u00f3n del pez\u00f3n para disminuir el tama\u00f1o o la longitud de los pezones demasiado grandes o alargados, el aumento del pez\u00f3n para mejorar el tama\u00f1o o la proyecci\u00f3n de los pezones peque\u00f1os o subdesarrollados, el levantamiento o elevaci\u00f3n del pez\u00f3n para corregir la flacidez o la ptosis, la reconstrucci\u00f3n del pez\u00f3n para las personas que han sufrido una mastectom\u00eda o tienen deformidades cong\u00e9nitas del pez\u00f3n, y la reducci\u00f3n o ampliaci\u00f3n de la areola para ajustar el tama\u00f1o de la areola. Cada procedimiento se adapta a los problemas y objetivos espec\u00edficos de cada persona. Es importante consultar a un cirujano pl\u00e1stico cualificado especializado en la est\u00e9tica del pez\u00f3n para analizar las opciones, los detalles del procedimiento y determinar el enfoque m\u00e1s adecuado para lograr el aspecto deseado del pez\u00f3n.<\/p>\n\n<\/div>\n<\/div>\n<div id=\"faq-question-1684421467017\" class=\"rank-math-list-item\">\n<h3 class=\"rank-math-question \">\u00bfQu\u00e9 es la escultura de pezones?<\/h3>\n<div class=\"rank-math-answer \">\n\n<p>La escultura de pezones, tambi\u00e9n conocida como tatuaje de pezones o pigmentaci\u00f3n de pezones, es un procedimiento cosm\u00e9tico que consiste en la aplicaci\u00f3n de pigmentos en la zona del pez\u00f3n y la areola para mejorar su aspecto. Suele realizarse en personas que se han sometido a una cirug\u00eda de reconstrucci\u00f3n mamaria tras una mastectom\u00eda o que desean mejorar est\u00e9ticamente sus pezones. Durante el procedimiento, un profesional especializado utiliza t\u00e9cnicas de tatuaje especializadas para crear el color, la forma y la definici\u00f3n deseados del pez\u00f3n y la areola. Esto puede incluir recrear la pigmentaci\u00f3n natural del pez\u00f3n, a\u00f1adir dimensi\u00f3n o ajustar el tama\u00f1o y la forma para lograr un aspecto m\u00e1s sim\u00e9trico o est\u00e9ticamente agradable.<\/p>\n\n<\/div>\n<\/div>\n<div id=\"faq-question-1684421506406\" class=\"rank-math-list-item\">\n<h3 class=\"rank-math-question \">\u00bfC\u00f3mo puedo dar forma a mis pezones?<\/h3>\n<div class=\"rank-math-answer \">\n\n<p>La forma de los pezones viene determinada principalmente por la gen\u00e9tica y la anatom\u00eda individual, y no es f\u00e1cil conseguirla por medios naturales o pr\u00e1cticas de autocuidado. Sin embargo, existen procedimientos cosm\u00e9ticos para tratar problemas espec\u00edficos o modificar la forma de los pezones. La cirug\u00eda de reducci\u00f3n de pezones puede realizarse para disminuir el tama\u00f1o o la longitud de los pezones, mientras que los procedimientos de aumento de pezones pueden mejorar el tama\u00f1o o la proyecci\u00f3n de los pezones peque\u00f1os o poco desarrollados. Para las personas con flacidez o ptosis, un lifting de pezones, que suele realizarse junto con un lifting mamario, puede ayudar a elevar y remodelar los pezones. Es importante consultar a un cirujano pl\u00e1stico cualificado especializado en est\u00e9tica del pez\u00f3n para hablar de sus objetivos y preocupaciones espec\u00edficos. Pueden evaluar su anatom\u00eda individual y recomendarle el procedimiento o la combinaci\u00f3n de procedimientos m\u00e1s adecuados para conseguir la forma de pez\u00f3n deseada.<\/p>\n\n<\/div>\n<\/div>\n<\/div>\n<\/div>\n<p>\u00a0<\/p>\n\n<h3 class=\"wp-block-heading\">P\u00f3ngase en contacto con nosotros si tiene alguna pregunta.<\/h3>\n","protected":false},"excerpt":{"rendered":"<p>Aqu\u00ed est\u00e1 la soluci\u00f3n para todo lo que quieras sobre pez\u00f3n. La est\u00e9tica de los pezones se refiere a su [&hellip;]<\/p>\n","protected":false},"author":4,"featured_media":91471,"parent":0,"menu_order":0,"comment_status":"closed","ping_status":"closed","template":"","meta":{"site-sidebar-layout":"default","site-content-layout":"","ast-site-content-layout":"default","site-content-style":"default","site-sidebar-style":"default","ast-global-header-display":"","ast-banner-title-visibility":"","ast-main-header-display":"","ast-hfb-above-header-display":"","ast-hfb-below-header-display":"","ast-hfb-mobile-header-display":"","site-post-title":"","ast-breadcrumbs-content":"","ast-featured-img":"","footer-sml-layout":"","ast-disable-related-posts":"","theme-transparent-header-meta":"","adv-header-id-meta":"","stick-header-meta":"","header-above-stick-meta":"","header-main-stick-meta":"","header-below-stick-meta":"","astra-migrate-meta-layouts":"default","ast-page-background-enabled":"default","ast-page-background-meta":{"desktop":{"background-color":"var(--ast-global-color-4)","background-image":"","background-repeat":"repeat","background-position":"center center","background-size":"auto","background-attachment":"scroll","background-type":"","background-media":"","overlay-type":"","overlay-color":"","overlay-opacity":"","overlay-gradient":""},"tablet":{"background-color":"","background-image":"","background-repeat":"repeat","background-position":"center center","background-size":"auto","background-attachment":"scroll","background-type":"","background-media":"","overlay-type":"","overlay-color":"","overlay-opacity":"","overlay-gradient":""},"mobile":{"background-color":"","background-image":"","background-repeat":"repeat","background-position":"center center","background-size":"auto","background-attachment":"scroll","background-type":"","background-media":"","overlay-type":"","overlay-color":"","overlay-opacity":"","overlay-gradient":""}},"ast-content-background-meta":{"desktop":{"background-color":"var(--ast-global-color-5)","background-image":"","background-repeat":"repeat","background-position":"center center","background-size":"auto","background-attachment":"scroll","background-type":"","background-media":"","overlay-type":"","overlay-color":"","overlay-opacity":"","overlay-gradient":""},"tablet":{"background-color":"var(--ast-global-color-5)","background-image":"","background-repeat":"repeat","background-position":"center center","background-size":"auto","background-attachment":"scroll","background-type":"","background-media":"","overlay-type":"","overlay-color":"","overlay-opacity":"","overlay-gradient":""},"mobile":{"background-color":"var(--ast-global-color-5)","background-image":"","background-repeat":"repeat","background-position":"center center","background-size":"auto","background-attachment":"scroll","background-type":"","background-media":"","overlay-type":"","overlay-color":"","overlay-opacity":"","overlay-gradient":""}},"footnotes":""},"class_list":["post-146049","page","type-page","status-publish","has-post-thumbnail","hentry"],"_links":{"self":[{"href":"https:\/\/medclinics.com\/es\/wp-json\/wp\/v2\/pages\/146049","targetHints":{"allow":["GET"]}}],"collection":[{"href":"https:\/\/medclinics.com\/es\/wp-json\/wp\/v2\/pages"}],"about":[{"href":"https:\/\/medclinics.com\/es\/wp-json\/wp\/v2\/types\/page"}],"author":[{"embeddable":true,"href":"https:\/\/medclinics.com\/es\/wp-json\/wp\/v2\/users\/4"}],"replies":[{"embeddable":true,"href":"https:\/\/medclinics.com\/es\/wp-json\/wp\/v2\/comments?post=146049"}],"version-history":[{"count":0,"href":"https:\/\/medclinics.com\/es\/wp-json\/wp\/v2\/pages\/146049\/revisions"}],"wp:featuredmedia":[{"embeddable":true,"href":"https:\/\/medclinics.com\/es\/wp-json\/wp\/v2\/media\/91471"}],"wp:attachment":[{"href":"https:\/\/medclinics.com\/es\/wp-json\/wp\/v2\/media?parent=146049"}],"curies":[{"name":"wp","href":"https:\/\/api.w.org\/{rel}","templated":true}]}}