{"id":146037,"date":"2023-05-18T14:33:58","date_gmt":"2023-05-18T14:33:58","guid":{"rendered":"https:\/\/medclinics.com\/aumento-mamario-sin-cirugia\/"},"modified":"2024-04-01T15:50:29","modified_gmt":"2024-04-01T12:50:29","slug":"aumento-mamario-sin-cirugia","status":"publish","type":"page","link":"https:\/\/medclinics.com\/es\/aumento-mamario-sin-cirugia\/","title":{"rendered":"Aumento mamario sin cirug\u00eda"},"content":{"rendered":"\n<h2 class=\"wp-block-heading\">Si busca una forma de realzar sus senos y conseguir un aspecto m\u00e1s natural, el aumento mamario no quir\u00fargico puede ser la soluci\u00f3n perfecta.<\/h2>\n\n<p>El <a href=\"https:\/\/en.wikipedia.org\/wiki\/Breast_augmentation\" target=\"_blank\" rel=\"noreferrer noopener\">aumento mamario<\/a> no quir\u00fargico suele referirse a m\u00e9todos o procedimientos destinados a mejorar el tama\u00f1o o el aspecto de los senos sin recurrir a una intervenci\u00f3n quir\u00fargica como los implantes mamarios o la transferencia de grasa. Aunque existen varias t\u00e9cnicas y productos no quir\u00fargicos, es importante tener en cuenta que su eficacia puede variar y que los resultados suelen ser temporales. He aqu\u00ed algunos enfoques no quir\u00fargicos habituales:<\/p>\n\n<ul class=\"wp-block-list\">\n<li>Terapia de vac\u00edo: Este m\u00e9todo utiliza dispositivos de succi\u00f3n o bombas dise\u00f1adas para aumentar el flujo sangu\u00edneo a los senos, lo que puede provocar una hinchaz\u00f3n temporal y un ligero aumento de tama\u00f1o. Sin embargo, los efectos son temporales y suelen durar s\u00f3lo unas horas.<\/li>\n\n\n\n<li>Inyecciones de transferencia de grasa: Esta t\u00e9cnica consiste en transferir grasa de una zona del cuerpo, como el abdomen o los muslos, a los senos. Aunque puede proporcionar un modesto aumento del tama\u00f1o y la forma de los senos, sigue implicando una intervenci\u00f3n quir\u00fargica menor para extraer la grasa.<\/li>\n\n\n\n<li>Rellenos d\u00e9rmicos: Algunos rellenos d\u00e9rmicos inyectables, normalmente compuestos de \u00e1cido hialur\u00f3nico, pueden utilizarse fuera de indicaci\u00f3n para aumentar el volumen mamario. Este procedimiento es temporal, dura entre seis y doce meses y requiere inyecciones repetidas para mantener los resultados.<\/li>\n<\/ul>\n\n<p>Es importante que consulte a un profesional m\u00e9dico o cirujano pl\u00e1stico cualificado para analizar sus opciones, comprender los posibles riesgos y limitaciones y determinar qu\u00e9 enfoque no quir\u00fargico, en su caso, puede ser adecuado para sus necesidades y objetivos espec\u00edficos.<\/p>\n\n<h3 class=\"wp-block-heading\">Todo lo que necesita saber sobre las <a href=\"https:\/\/medclinics.com\/breast-aesthetic-surgery\/\" target=\"_blank\" rel=\"noreferrer noopener\">cirug\u00edas est\u00e9ticas mamarias<\/a>, incluido el precio, los cuidados postoperatorios y el proceso de cicatrizaci\u00f3n, o p\u00f3ngase <a href=\"#requestform\">en contacto con nosotros<\/a>.<\/h3>\n\n<h2 class=\"wp-block-heading\">PREGUNTAS FRECUENTES <\/h2>\n<div id=\"rank-math-faq\" class=\"rank-math-block\">\n<div class=\"rank-math-list \">\n<div id=\"faq-question-1682666956133\" class=\"rank-math-list-item\">\n<h3 class=\"rank-math-question \">\u00bfFunciona el aumento mamario no quir\u00fargico?<\/h3>\n<div class=\"rank-math-answer \">\n\n<p>Los m\u00e9todos no quir\u00fargicos de aumento mamario, como cremas, lociones o p\u00edldoras, tienen una evidencia cient\u00edfica limitada que respalde su eficacia para aumentar el tama\u00f1o de los senos o mejorar su aspecto. Los procedimientos quir\u00fargicos, como el aumento mamario no quir\u00fargico, suelen considerarse m\u00e1s fiables para conseguir cambios significativos en el tama\u00f1o y la forma de los senos.<\/p>\n\n<\/div>\n<\/div>\n<div id=\"faq-question-1684419460704\" class=\"rank-math-list-item\">\n<h3 class=\"rank-math-question \">\u00bfCu\u00e1nto dura el aumento mamario no quir\u00fargico?<\/h3>\n<div class=\"rank-math-answer \">\n\n<p>La duraci\u00f3n de los efectos de un aumento mamario no quir\u00fargico puede variar en funci\u00f3n de varios factores, como el m\u00e9todo espec\u00edfico utilizado, las caracter\u00edsticas individuales y factores relacionados con el estilo de vida. Los m\u00e9todos no quir\u00fargicos de aumento mamario suelen proporcionar resultados temporales que pueden durar de varios meses a un par de a\u00f1os.<\/p>\n\n<\/div>\n<\/div>\n<div id=\"faq-question-1684419463748\" class=\"rank-math-list-item\">\n<h3 class=\"rank-math-question \">\u00bfQu\u00e9 es el aumento mamario no quir\u00fargico?<\/h3>\n<div class=\"rank-math-answer \">\n\n<p>El aumento mamario no quir\u00fargico se refiere a una variedad de m\u00e9todos y tratamientos destinados a mejorar el aspecto de los senos sin someterse a cirug\u00eda. Estos m\u00e9todos suelen implicar el uso de t\u00e9cnicas no invasivas o m\u00ednimamente invasivas, como cremas, lociones, p\u00edldoras, dispositivos de succi\u00f3n al vac\u00edo o transferencia de grasa. El objetivo es mejorar el tama\u00f1o, la forma o la firmeza de los senos sin necesidad de implantes ni incisiones quir\u00fargicas. Sin embargo, es importante tener en cuenta que la eficacia y la seguridad de estos m\u00e9todos no quir\u00fargicos pueden variar, y las pruebas cient\u00edficas que respaldan sus afirmaciones pueden ser limitadas. Se recomienda consultar a un profesional sanitario cualificado, como un cirujano pl\u00e1stico, para analizar sus objetivos y explorar las opciones m\u00e1s adecuadas para conseguir los resultados de aumento de pecho deseados. Pueden proporcionarle informaci\u00f3n precisa, evaluar sus circunstancias individuales y orientarle hacia opciones seguras y eficaces.<\/p>\n\n<\/div>\n<\/div>\n<div id=\"faq-question-1684419464769\" class=\"rank-math-list-item\">\n<h3 class=\"rank-math-question \">\u00bfEs seguro el aumento mamario no quir\u00fargico?<\/h3>\n<div class=\"rank-math-answer \">\n\n<p>Los m\u00e9todos no quir\u00fargicos de aumento mamario pueden variar en t\u00e9rminos de seguridad, por lo que es importante actuar con precauci\u00f3n al considerar estas opciones. Mientras que algunas t\u00e9cnicas no quir\u00fargicas, como el uso de cremas o lociones, pueden plantear riesgos m\u00ednimos, otras pueden conllevar problemas de seguridad m\u00e1s importantes. Siempre se recomienda consultar a un profesional sanitario cualificado, como un cirujano pl\u00e1stico, antes de seguir cualquier m\u00e9todo de aumento mamario no quir\u00fargico. Pueden orientarle adecuadamente, evaluar su historial m\u00e9dico y discutir los posibles riesgos y beneficios asociados a estos procedimientos. Si trabaja con un profesional de confianza, podr\u00e1 tomar una decisi\u00f3n informada y garantizar su seguridad durante todo el proceso.<\/p>\n\n<\/div>\n<\/div>\n<\/div>\n<\/div>\n<p><\/p>\n\n<h3 class=\"wp-block-heading\">P\u00f3ngase en contacto con nosotros si tiene alguna pregunta.<\/h3>\n","protected":false},"excerpt":{"rendered":"<p>Si busca una forma de realzar sus senos y conseguir un aspecto m\u00e1s natural, el aumento mamario no quir\u00fargico puede [&hellip;]<\/p>\n","protected":false},"author":4,"featured_media":53227,"parent":0,"menu_order":0,"comment_status":"closed","ping_status":"closed","template":"","meta":{"site-sidebar-layout":"default","site-content-layout":"","ast-site-content-layout":"default","site-content-style":"default","site-sidebar-style":"default","ast-global-header-display":"","ast-banner-title-visibility":"","ast-main-header-display":"","ast-hfb-above-header-display":"","ast-hfb-below-header-display":"","ast-hfb-mobile-header-display":"","site-post-title":"","ast-breadcrumbs-content":"","ast-featured-img":"","footer-sml-layout":"","ast-disable-related-posts":"","theme-transparent-header-meta":"","adv-header-id-meta":"","stick-header-meta":"","header-above-stick-meta":"","header-main-stick-meta":"","header-below-stick-meta":"","astra-migrate-meta-layouts":"default","ast-page-background-enabled":"default","ast-page-background-meta":{"desktop":{"background-color":"var(--ast-global-color-4)","background-image":"","background-repeat":"repeat","background-position":"center center","background-size":"auto","background-attachment":"scroll","background-type":"","background-media":"","overlay-type":"","overlay-color":"","overlay-opacity":"","overlay-gradient":""},"tablet":{"background-color":"","background-image":"","background-repeat":"repeat","background-position":"center center","background-size":"auto","background-attachment":"scroll","background-type":"","background-media":"","overlay-type":"","overlay-color":"","overlay-opacity":"","overlay-gradient":""},"mobile":{"background-color":"","background-image":"","background-repeat":"repeat","background-position":"center center","background-size":"auto","background-attachment":"scroll","background-type":"","background-media":"","overlay-type":"","overlay-color":"","overlay-opacity":"","overlay-gradient":""}},"ast-content-background-meta":{"desktop":{"background-color":"var(--ast-global-color-5)","background-image":"","background-repeat":"repeat","background-position":"center center","background-size":"auto","background-attachment":"scroll","background-type":"","background-media":"","overlay-type":"","overlay-color":"","overlay-opacity":"","overlay-gradient":""},"tablet":{"background-color":"var(--ast-global-color-5)","background-image":"","background-repeat":"repeat","background-position":"center center","background-size":"auto","background-attachment":"scroll","background-type":"","background-media":"","overlay-type":"","overlay-color":"","overlay-opacity":"","overlay-gradient":""},"mobile":{"background-color":"var(--ast-global-color-5)","background-image":"","background-repeat":"repeat","background-position":"center center","background-size":"auto","background-attachment":"scroll","background-type":"","background-media":"","overlay-type":"","overlay-color":"","overlay-opacity":"","overlay-gradient":""}},"footnotes":""},"class_list":["post-146037","page","type-page","status-publish","has-post-thumbnail","hentry"],"_links":{"self":[{"href":"https:\/\/medclinics.com\/es\/wp-json\/wp\/v2\/pages\/146037","targetHints":{"allow":["GET"]}}],"collection":[{"href":"https:\/\/medclinics.com\/es\/wp-json\/wp\/v2\/pages"}],"about":[{"href":"https:\/\/medclinics.com\/es\/wp-json\/wp\/v2\/types\/page"}],"author":[{"embeddable":true,"href":"https:\/\/medclinics.com\/es\/wp-json\/wp\/v2\/users\/4"}],"replies":[{"embeddable":true,"href":"https:\/\/medclinics.com\/es\/wp-json\/wp\/v2\/comments?post=146037"}],"version-history":[{"count":0,"href":"https:\/\/medclinics.com\/es\/wp-json\/wp\/v2\/pages\/146037\/revisions"}],"wp:featuredmedia":[{"embeddable":true,"href":"https:\/\/medclinics.com\/es\/wp-json\/wp\/v2\/media\/53227"}],"wp:attachment":[{"href":"https:\/\/medclinics.com\/es\/wp-json\/wp\/v2\/media?parent=146037"}],"curies":[{"name":"wp","href":"https:\/\/api.w.org\/{rel}","templated":true}]}}