{"id":146025,"date":"2023-05-09T13:54:05","date_gmt":"2023-05-09T10:54:05","guid":{"rendered":"https:\/\/medclinics.com\/lifting-de-cejas\/"},"modified":"2025-01-02T14:50:01","modified_gmt":"2025-01-02T11:50:01","slug":"lifting-de-cejas","status":"publish","type":"page","link":"https:\/\/medclinics.com\/es\/lifting-de-cejas\/","title":{"rendered":"Lifting de cejas"},"content":{"rendered":"\n<h2 class=\"wp-block-heading\">Un lifting de cejas puede ser justo lo que necesita para conseguir un aspecto m\u00e1s joven y rejuvenecido.<\/h2>\n\n<p>Este procedimiento cosm\u00e9tico consiste en elevar y reposicionar las cejas y la frente mediante diversas t\u00e9cnicas. Durante un <a href=\"https:\/\/en.wikipedia.org\/wiki\/Forehead_lift\" target=\"_blank\" rel=\"noreferrer noopener\">lifting de cejas<\/a>, los cirujanos expertos realizan incisiones en la l\u00ednea del cabello o detr\u00e1s de ella, dependiendo de la t\u00e9cnica utilizada. A continuaci\u00f3n, ajustan o eliminan los tejidos\/m\u00fasculos subyacentes al tiempo que recortan\/reposicionan el exceso de piel antes de cerrar con suturas\/otros m\u00e9todos.<\/p>\n\n<p>Existen tres t\u00e9cnicas principales para realizar esta cirug\u00eda que cambia la vida:<\/p>\n\n<ol class=\"wp-block-list\" start=\"1\" type=\"1\">\n<li>El lifting de cejas tradicional\/coronal consiste en realizar una incisi\u00f3n en la parte superior del cuero cabelludo por detr\u00e1s de la l\u00ednea del cabello, lo que permite una elevaci\u00f3n y reposicionamiento amplios.<\/li>\n\n\n\n<li>En el lifting de cejas endosc\u00f3pico se realizan varias incisiones peque\u00f1as detr\u00e1s de la l\u00ednea de nacimiento del pelo, donde una c\u00e1mara diminuta llamada endoscopio gu\u00eda el ajuste de los tejidos; el resultado son cicatrices m\u00e1s peque\u00f1as y tiempos de recuperaci\u00f3n m\u00e1s r\u00e1pidos.<\/li>\n\n\n\n<li>El lifting de cejas de incisi\u00f3n temporal\/limitada requiere una invasi\u00f3n m\u00ednima, ya que s\u00f3lo requiere peque\u00f1os cortes en la sien que permiten posicionar\/elevar la parte externa de las cejas; es ideal si la flacidez es de leve a moderada.<\/li>\n<\/ol>\n\n<h3 class=\"wp-block-heading\">Todo lo que necesita saber sobre el <a href=\"https:\/\/medclinics.com\/es\/belleza\/\" target=\"_blank\" rel=\"noreferrer noopener\">tratamiento de belleza<\/a>, incluido el precio, los cuidados posteriores y el proceso de curaci\u00f3n, o p\u00f3ngase <a href=\"#requestform\">en contacto con nosotros<\/a>.<\/h3>\n\n<figure class=\"wp-block-image size-full\"><img decoding=\"async\" class=\"wp-image-88612\" src=\"https:\/\/medclinics.com\/wp-content\/uploads\/2023\/05\/Eyebrow-lift-in-istanbul.jpg\" alt=\"\"\/><\/figure>\n\n<h2 class=\"wp-block-heading\">PREGUNTAS FRECUENTES<\/h2>\n<div id=\"rank-math-faq\" class=\"rank-math-block\">\n<div class=\"rank-math-list \">\n<div id=\"faq-question-1682603361561\" class=\"rank-math-list-item\">\n<h3 class=\"rank-math-question \">\u00bfQu\u00e9 es el lifting de cejas?<\/h3>\n<div class=\"rank-math-answer \">\n\n<p>El lifting de cejas es una intervenci\u00f3n quir\u00fargica que eleva y recoloca las cejas en una posici\u00f3n m\u00e1s juvenil. Ayuda a tratar la flacidez de las cejas, las arrugas de la frente y el entrecejo. El procedimiento consiste en realizar incisiones, levantar y reposicionar los tejidos subyacentes y eliminar el exceso de piel si es necesario. Se pueden utilizar diferentes t\u00e9cnicas, y es importante consultar con un cirujano cualificado para determinar el mejor enfoque para sus necesidades.<\/p>\n\n<\/div>\n<\/div>\n<div id=\"faq-question-1684417633032\" class=\"rank-math-list-item\">\n<h3 class=\"rank-math-question \">\u00bfEs doloroso un lifting de cejas?<\/h3>\n<div class=\"rank-math-answer \">\n\n<p>Durante un lifting de cejas se pueden esperar algunas molestias y dolor. No obstante, la intervenci\u00f3n suele realizarse con anestesia para garantizar que no sienta dolor durante la misma. Tras la intervenci\u00f3n, es normal experimentar algunas molestias, hinchaz\u00f3n y tirantez en la zona tratada. Su cirujano le proporcionar\u00e1 analg\u00e9sicos para controlar cualquier molestia postoperatoria. Es importante seguir las instrucciones postoperatorias del cirujano y tomar la medicaci\u00f3n prescrita seg\u00fan las indicaciones para aliviar el dolor. El nivel de dolor experimentado puede variar de una persona a otra, pero la mayor\u00eda de los pacientes consideran que las molestias son llevaderas y disminuyen a medida que avanza el proceso de cicatrizaci\u00f3n.<\/p>\n\n<\/div>\n<\/div>\n<div id=\"faq-question-1684417696234\" class=\"rank-math-list-item\">\n<h3 class=\"rank-math-question \">\u00bfEs permanente el lifting de cejas?<\/h3>\n<div class=\"rank-math-answer \">\n\n<p>El lifting de cejas no se considera una soluci\u00f3n permanente. Los resultados pueden durar varios a\u00f1os, pero el proceso natural de envejecimiento y otros factores pueden hacer que las cejas vuelvan a descender gradualmente con el tiempo.<\/p>\n\n<\/div>\n<\/div>\n<div id=\"faq-question-1684417804387\" class=\"rank-math-list-item\">\n<h3 class=\"rank-math-question \">\u00bfC\u00f3mo se realiza el lifting de cejas?<\/h3>\n<div class=\"rank-math-answer \">\n\n<p>El lifting de cejas es una intervenci\u00f3n quir\u00fargica que se realiza bajo anestesia. El cirujano realiza incisiones por detr\u00e1s de la l\u00ednea del cabello o mediante incisiones m\u00e1s peque\u00f1as con un endoscopio. Se elevan y recolocan los tejidos y m\u00fasculos subyacentes de la frente, y se elimina el exceso de piel. A continuaci\u00f3n se cierran las incisiones. El objetivo es elevar las cejas y conseguir un aspecto m\u00e1s juvenil. La t\u00e9cnica espec\u00edfica utilizada depende de factores individuales y de la experiencia del cirujano.<\/p>\n\n<\/div>\n<\/div>\n<\/div>\n<\/div>\n<p>\u00a0<\/p>\n\n<h3 class=\"wp-block-heading\">P\u00f3ngase en contacto con nosotros si tiene alguna pregunta.<\/h3>\n","protected":false},"excerpt":{"rendered":"<p>Un lifting de cejas puede ser justo lo que necesita para conseguir un aspecto m\u00e1s joven y rejuvenecido. Este procedimiento [&hellip;]<\/p>\n","protected":false},"author":4,"featured_media":91820,"parent":0,"menu_order":0,"comment_status":"closed","ping_status":"closed","template":"","meta":{"site-sidebar-layout":"default","site-content-layout":"","ast-site-content-layout":"default","site-content-style":"default","site-sidebar-style":"default","ast-global-header-display":"","ast-banner-title-visibility":"","ast-main-header-display":"","ast-hfb-above-header-display":"","ast-hfb-below-header-display":"","ast-hfb-mobile-header-display":"","site-post-title":"","ast-breadcrumbs-content":"","ast-featured-img":"","footer-sml-layout":"","ast-disable-related-posts":"","theme-transparent-header-meta":"","adv-header-id-meta":"","stick-header-meta":"","header-above-stick-meta":"","header-main-stick-meta":"","header-below-stick-meta":"","astra-migrate-meta-layouts":"default","ast-page-background-enabled":"default","ast-page-background-meta":{"desktop":{"background-color":"var(--ast-global-color-4)","background-image":"","background-repeat":"repeat","background-position":"center center","background-size":"auto","background-attachment":"scroll","background-type":"","background-media":"","overlay-type":"","overlay-color":"","overlay-opacity":"","overlay-gradient":""},"tablet":{"background-color":"","background-image":"","background-repeat":"repeat","background-position":"center center","background-size":"auto","background-attachment":"scroll","background-type":"","background-media":"","overlay-type":"","overlay-color":"","overlay-opacity":"","overlay-gradient":""},"mobile":{"background-color":"","background-image":"","background-repeat":"repeat","background-position":"center center","background-size":"auto","background-attachment":"scroll","background-type":"","background-media":"","overlay-type":"","overlay-color":"","overlay-opacity":"","overlay-gradient":""}},"ast-content-background-meta":{"desktop":{"background-color":"var(--ast-global-color-5)","background-image":"","background-repeat":"repeat","background-position":"center center","background-size":"auto","background-attachment":"scroll","background-type":"","background-media":"","overlay-type":"","overlay-color":"","overlay-opacity":"","overlay-gradient":""},"tablet":{"background-color":"var(--ast-global-color-5)","background-image":"","background-repeat":"repeat","background-position":"center center","background-size":"auto","background-attachment":"scroll","background-type":"","background-media":"","overlay-type":"","overlay-color":"","overlay-opacity":"","overlay-gradient":""},"mobile":{"background-color":"var(--ast-global-color-5)","background-image":"","background-repeat":"repeat","background-position":"center center","background-size":"auto","background-attachment":"scroll","background-type":"","background-media":"","overlay-type":"","overlay-color":"","overlay-opacity":"","overlay-gradient":""}},"footnotes":""},"class_list":["post-146025","page","type-page","status-publish","has-post-thumbnail","hentry"],"_links":{"self":[{"href":"https:\/\/medclinics.com\/es\/wp-json\/wp\/v2\/pages\/146025","targetHints":{"allow":["GET"]}}],"collection":[{"href":"https:\/\/medclinics.com\/es\/wp-json\/wp\/v2\/pages"}],"about":[{"href":"https:\/\/medclinics.com\/es\/wp-json\/wp\/v2\/types\/page"}],"author":[{"embeddable":true,"href":"https:\/\/medclinics.com\/es\/wp-json\/wp\/v2\/users\/4"}],"replies":[{"embeddable":true,"href":"https:\/\/medclinics.com\/es\/wp-json\/wp\/v2\/comments?post=146025"}],"version-history":[{"count":0,"href":"https:\/\/medclinics.com\/es\/wp-json\/wp\/v2\/pages\/146025\/revisions"}],"wp:featuredmedia":[{"embeddable":true,"href":"https:\/\/medclinics.com\/es\/wp-json\/wp\/v2\/media\/91820"}],"wp:attachment":[{"href":"https:\/\/medclinics.com\/es\/wp-json\/wp\/v2\/media?parent=146025"}],"curies":[{"name":"wp","href":"https:\/\/api.w.org\/{rel}","templated":true}]}}