{"id":146013,"date":"2023-05-18T14:10:28","date_gmt":"2023-05-18T11:10:28","guid":{"rendered":"https:\/\/medclinics.com\/rinoplastia-de-revision\/"},"modified":"2025-01-02T23:59:18","modified_gmt":"2025-01-02T20:59:18","slug":"rinoplastia-de-revision","status":"publish","type":"page","link":"https:\/\/medclinics.com\/es\/rinoplastia-de-revision\/","title":{"rendered":"Rinoplastia de revisi\u00f3n"},"content":{"rendered":"\n<h2 class=\"wp-block-heading\">Si est\u00e1 buscando una forma de conseguir el aspecto que desea, la rinoplastia de revisi\u00f3n puede ser la opci\u00f3n perfecta.<\/h2>\n\n<p><a href=\"https:\/\/medclinics.com\/es\/rinoplastia-reparacion-de-la-nariz\/\" target=\"_blank\" rel=\"noreferrer noopener\" data-type=\"page\" data-id=\"77372\">La rinoplastia de revisi\u00f3n<\/a>, tambi\u00e9n conocida como rinoplastia secundaria, es un procedimiento quir\u00fargico que se realiza para corregir o mejorar los resultados de una cirug\u00eda de nariz anterior. Suele realizarse cuando la rinoplastia inicial no cumpli\u00f3 las expectativas del paciente o cuando surgen problemas funcionales tras la intervenci\u00f3n.<\/p>\n\n<p>Razones para una rinoplastia de revisi\u00f3n:<\/p>\n\n<ul class=\"wp-block-list\">\n<li>Problemas est\u00e9ticos: Si un paciente no est\u00e1 satisfecho con el resultado est\u00e9tico de la <a href=\"https:\/\/en.wikipedia.org\/wiki\/Rhinoplasty\" target=\"_blank\" rel=\"noreferrer noopener\">rinoplastia<\/a> inicial, la cirug\u00eda de revisi\u00f3n puede solucionar problemas como la asimetr\u00eda, una nariz torcida o sobreproyectada, la extirpaci\u00f3n excesiva de tejido u otras imperfecciones est\u00e9ticas.<\/li>\n\n\n\n<li>Problemas funcionales: En ocasiones, la rinoplastia primaria puede provocar dificultades respiratorias u otros problemas funcionales, como el colapso de la v\u00e1lvula nasal o la obstrucci\u00f3n de las v\u00edas respiratorias. Puede corregir estos problemas y mejorar la funci\u00f3n nasal.<\/li>\n\n\n\n<li>Traumatismos o lesiones: En algunos casos, un paciente puede requerir una rinoplastia de revisi\u00f3n debido a un traumatismo o lesi\u00f3n nasal que haya alterado el aspecto o la funci\u00f3n de la nariz tras la cirug\u00eda inicial.<\/li>\n\n\n\n<li>Envejecimiento natural: Con el paso del tiempo, los efectos del envejecimiento pueden afectar al aspecto de la nariz, incluyendo cambios en la punta nasal o en la estructura nasal. Puede abordar estos cambios y restaurar un aspecto m\u00e1s juvenil.<\/li>\n<\/ul>\n\n<h3 class=\"wp-block-heading\">Todo lo que necesita saber sobre la <a href=\"https:\/\/medclinics.com\/es\/cirugia-plastica-y-estetica\/\" target=\"_blank\" rel=\"noreferrer noopener\">cirug\u00eda est\u00e9tica y pl\u00e1stica<\/a>, incluido el precio, los cuidados postoperatorios y el proceso de cicatrizaci\u00f3n, o p\u00f3ngase <a href=\"#requestform\">en contacto con nosotros<\/a>.<\/h3>\n\n<figure class=\"wp-block-image size-full\"><img fetchpriority=\"high\" decoding=\"async\" width=\"960\" height=\"540\" class=\"wp-image-97595\" src=\"https:\/\/medclinics.com\/wp-content\/uploads\/2023\/07\/revision-rhinoplasty-near-me.jpg\" alt=\"Rinoplastia de revisi&#xF3;n cerca de m&#xED;\" srcset=\"https:\/\/medclinics.com\/wp-content\/uploads\/2023\/07\/revision-rhinoplasty-near-me.jpg 960w, https:\/\/medclinics.com\/wp-content\/uploads\/2023\/07\/revision-rhinoplasty-near-me-500x281.jpg 500w, https:\/\/medclinics.com\/wp-content\/uploads\/2023\/07\/revision-rhinoplasty-near-me-768x432.jpg 768w, https:\/\/medclinics.com\/wp-content\/uploads\/2023\/07\/revision-rhinoplasty-near-me-24x14.jpg 24w, https:\/\/medclinics.com\/wp-content\/uploads\/2023\/07\/revision-rhinoplasty-near-me-36x20.jpg 36w, https:\/\/medclinics.com\/wp-content\/uploads\/2023\/07\/revision-rhinoplasty-near-me-48x27.jpg 48w\" sizes=\"(max-width: 960px) 100vw, 960px\" \/><\/figure>\n\n<h2 class=\"wp-block-heading\">PREGUNTAS FRECUENTES<\/h2>\n<div id=\"rank-math-faq\" class=\"rank-math-block\">\n<div class=\"rank-math-list \">\n<div id=\"faq-question-1682666956133\" class=\"rank-math-list-item\">\n<h3 class=\"rank-math-question \">\u00bfMerece la pena una rinoplastia de revisi\u00f3n?<\/h3>\n<div class=\"rank-math-answer \">\n\n<p>Si merece la pena o no una rinoplastia de revisi\u00f3n depende de las circunstancias individuales. Para las personas que no est\u00e1n satisfechas con los resultados o tienen problemas funcionales despu\u00e9s de una rinoplastia anterior, la cirug\u00eda de revisi\u00f3n puede ofrecer una oportunidad de mejora y mayor satisfacci\u00f3n. Sin embargo, es crucial tener expectativas realistas y comprender que puede no alcanzar la perfecci\u00f3n. Tambi\u00e9n deben tenerse en cuenta consideraciones emocionales y econ\u00f3micas, ya que someterse a otra intervenci\u00f3n quir\u00fargica implica inversiones de ambos tipos. La elecci\u00f3n de un cirujano cualificado y con experiencia especializado en rinoplastia de revisi\u00f3n es esencial para obtener unos resultados \u00f3ptimos. Se recomienda consultar a un cirujano pl\u00e1stico cualificado para evaluar su situaci\u00f3n espec\u00edfica y determinar si la rinoplastia de revisi\u00f3n es la opci\u00f3n adecuada para usted.<\/p>\n\n<\/div>\n<\/div>\n<div id=\"faq-question-1684418611893\" class=\"rank-math-list-item\">\n<h3 class=\"rank-math-question \">\u00bfEs necesaria una rinoplastia de revisi\u00f3n?<\/h3>\n<div class=\"rank-math-answer \">\n\n<p>Puede ser necesaria en determinados casos en los que las personas no est\u00e1n satisfechas con los resultados o experimentan problemas funcionales tras una rinoplastia anterior. Sin embargo, la necesidad o no de una cirug\u00eda de revisi\u00f3n depende de las circunstancias espec\u00edficas y de las preocupaciones individuales. Se recomienda consultar a un cirujano pl\u00e1stico cualificado que pueda evaluar su situaci\u00f3n y determinar si es necesario abordar sus problemas est\u00e9ticos o funcionales. Pueden evaluar la viabilidad de lograr los resultados deseados y ofrecer recomendaciones personalizadas basadas en sus necesidades espec\u00edficas. En \u00faltima instancia, la decisi\u00f3n de someterse a una rinoplastia de revisi\u00f3n debe basarse en una evaluaci\u00f3n exhaustiva de los beneficios, los riesgos y las posibles repercusiones en su bienestar general.<\/p>\n\n<\/div>\n<\/div>\n<div id=\"faq-question-1684418615131\" class=\"rank-math-list-item\">\n<h3 class=\"rank-math-question \">\u00bfPuede tener \u00e9xito una rinoplastia de revisi\u00f3n?<\/h3>\n<div class=\"rank-math-answer \">\n\n<p>S\u00ed, la rinoplastia de revisi\u00f3n puede resolver con \u00e9xito los problemas y complicaciones que puedan haber surgido de una rinoplastia anterior. Su \u00e9xito depende de varios factores, como la habilidad y la experiencia del cirujano, los problemas espec\u00edficos que se traten, la anatom\u00eda particular de cada persona y unas expectativas realistas.<\/p>\n\n<\/div>\n<\/div>\n<div id=\"faq-question-1684418728528\" class=\"rank-math-list-item\">\n<h3 class=\"rank-math-question \">\u00bfPor qu\u00e9 es tan dif\u00edcil la rinoplastia de revisi\u00f3n?<\/h3>\n<div class=\"rank-math-answer \">\n\n<p>La rinoplastia de revisi\u00f3n suele considerarse m\u00e1s dif\u00edcil que la rinoplastia primaria debido a factores como la anatom\u00eda alterada, el tejido cicatricial, la disponibilidad limitada de material de injerto, factores psicol\u00f3gicos y la necesidad de conocimientos quir\u00fargicos avanzados. La presencia de tejido cicatricial y estructuras nasales alteradas por intervenciones quir\u00fargicas anteriores puede dificultar la manipulaci\u00f3n y remodelaci\u00f3n de los tejidos. La disponibilidad limitada de materiales de donantes para injertos puede requerir enfoques alternativos. Los pacientes sometidos a cirug\u00eda de revisi\u00f3n pueden tener mayores niveles de ansiedad y expectativas espec\u00edficas. Los cirujanos especializados en rinoplastia de revisi\u00f3n poseen la experiencia necesaria para superar estos retos. La elecci\u00f3n de un cirujano cualificado y con experiencia, unas expectativas realistas y una planificaci\u00f3n preoperatoria minuciosa son importantes para lograr un resultado satisfactorio.<\/p>\n\n<\/div>\n<\/div>\n<\/div>\n<\/div>\n<p>\u00a0<\/p>\n\n<h3 class=\"wp-block-heading\">P\u00f3ngase en contacto con nosotros si tiene alguna pregunta.<\/h3>\n","protected":false},"excerpt":{"rendered":"<p>Si est\u00e1 buscando una forma de conseguir el aspecto que desea, la rinoplastia de revisi\u00f3n puede ser la opci\u00f3n perfecta. [&hellip;]<\/p>\n","protected":false},"author":4,"featured_media":91485,"parent":0,"menu_order":0,"comment_status":"closed","ping_status":"closed","template":"","meta":{"site-sidebar-layout":"default","site-content-layout":"","ast-site-content-layout":"default","site-content-style":"default","site-sidebar-style":"default","ast-global-header-display":"","ast-banner-title-visibility":"","ast-main-header-display":"","ast-hfb-above-header-display":"","ast-hfb-below-header-display":"","ast-hfb-mobile-header-display":"","site-post-title":"","ast-breadcrumbs-content":"","ast-featured-img":"","footer-sml-layout":"","ast-disable-related-posts":"","theme-transparent-header-meta":"","adv-header-id-meta":"","stick-header-meta":"","header-above-stick-meta":"","header-main-stick-meta":"","header-below-stick-meta":"","astra-migrate-meta-layouts":"default","ast-page-background-enabled":"default","ast-page-background-meta":{"desktop":{"background-color":"var(--ast-global-color-4)","background-image":"","background-repeat":"repeat","background-position":"center center","background-size":"auto","background-attachment":"scroll","background-type":"","background-media":"","overlay-type":"","overlay-color":"","overlay-opacity":"","overlay-gradient":""},"tablet":{"background-color":"","background-image":"","background-repeat":"repeat","background-position":"center center","background-size":"auto","background-attachment":"scroll","background-type":"","background-media":"","overlay-type":"","overlay-color":"","overlay-opacity":"","overlay-gradient":""},"mobile":{"background-color":"","background-image":"","background-repeat":"repeat","background-position":"center center","background-size":"auto","background-attachment":"scroll","background-type":"","background-media":"","overlay-type":"","overlay-color":"","overlay-opacity":"","overlay-gradient":""}},"ast-content-background-meta":{"desktop":{"background-color":"var(--ast-global-color-5)","background-image":"","background-repeat":"repeat","background-position":"center center","background-size":"auto","background-attachment":"scroll","background-type":"","background-media":"","overlay-type":"","overlay-color":"","overlay-opacity":"","overlay-gradient":""},"tablet":{"background-color":"var(--ast-global-color-5)","background-image":"","background-repeat":"repeat","background-position":"center center","background-size":"auto","background-attachment":"scroll","background-type":"","background-media":"","overlay-type":"","overlay-color":"","overlay-opacity":"","overlay-gradient":""},"mobile":{"background-color":"var(--ast-global-color-5)","background-image":"","background-repeat":"repeat","background-position":"center center","background-size":"auto","background-attachment":"scroll","background-type":"","background-media":"","overlay-type":"","overlay-color":"","overlay-opacity":"","overlay-gradient":""}},"footnotes":""},"class_list":["post-146013","page","type-page","status-publish","has-post-thumbnail","hentry"],"_links":{"self":[{"href":"https:\/\/medclinics.com\/es\/wp-json\/wp\/v2\/pages\/146013","targetHints":{"allow":["GET"]}}],"collection":[{"href":"https:\/\/medclinics.com\/es\/wp-json\/wp\/v2\/pages"}],"about":[{"href":"https:\/\/medclinics.com\/es\/wp-json\/wp\/v2\/types\/page"}],"author":[{"embeddable":true,"href":"https:\/\/medclinics.com\/es\/wp-json\/wp\/v2\/users\/4"}],"replies":[{"embeddable":true,"href":"https:\/\/medclinics.com\/es\/wp-json\/wp\/v2\/comments?post=146013"}],"version-history":[{"count":0,"href":"https:\/\/medclinics.com\/es\/wp-json\/wp\/v2\/pages\/146013\/revisions"}],"wp:featuredmedia":[{"embeddable":true,"href":"https:\/\/medclinics.com\/es\/wp-json\/wp\/v2\/media\/91485"}],"wp:attachment":[{"href":"https:\/\/medclinics.com\/es\/wp-json\/wp\/v2\/media?parent=146013"}],"curies":[{"name":"wp","href":"https:\/\/api.w.org\/{rel}","templated":true}]}}