{"id":145999,"date":"2023-05-12T13:28:56","date_gmt":"2023-05-12T10:28:56","guid":{"rendered":"https:\/\/medclinics.com\/lifting-frontal\/"},"modified":"2025-01-02T15:53:56","modified_gmt":"2025-01-02T12:53:56","slug":"lifting-frontal","status":"publish","type":"page","link":"https:\/\/medclinics.com\/es\/lifting-frontal\/","title":{"rendered":"Lifting frontal"},"content":{"rendered":"\n<h2 class=\"wp-block-heading\">\u00bfBusca una forma de mejorar el aspecto de la frente, las cejas y los p\u00e1rpados superiores? No busque m\u00e1s: \u00a1un lifting frontal!<\/h2>\n\n<p>El lifting frontal, tambi\u00e9n conocido como lifting de cejas, est\u00e1 dise\u00f1ado para reducir las arrugas y las l\u00edneas del entrecejo al tiempo que eleva las cejas. Un aspecto m\u00e1s joven y renovado que le har\u00e1 sentirse seguro de s\u00ed mismo no es un sue\u00f1o.<\/p>\n\n<p>Durante la intervenci\u00f3n, nuestro experto cirujano realizar\u00e1 incisiones en la l\u00ednea del cabello o justo por encima de las cejas (dependiendo d<a href=\"https:\/\/en.wikipedia.org\/wiki\/Forehead_lift\" target=\"_blank\" rel=\"noopener\">el tipo de lifting<\/a> que vayamos a realizar). A partir de ah\u00ed, har\u00e1n su magia levantando y recolocando los tejidos de la piel para crear un efecto general m\u00e1s liso.<\/p>\n\n<p>Por supuesto, es importante recordar que cualquier cirug\u00eda conlleva riesgos, pero cuando la realizan correctamente profesionales cualificados como los nuestros, esos riesgos se reducen considerablemente. \u00bfPor qu\u00e9 esperar? Concierte una cita hoy mismo para que podamos hablar sobre si este incre\u00edble tratamiento est\u00e9tico es adecuado para usted.<\/p>\n\n<h3 class=\"wp-block-heading\">Todo lo que necesita saber sobre el <a href=\"https:\/\/medclinics.com\/es\/belleza\/\" target=\"_blank\" rel=\"noreferrer noopener\">tratamiento de belleza<\/a>, incluido el precio, los cuidados posteriores y el proceso de curaci\u00f3n, o p\u00f3ngase <a href=\"#requestform\">en contacto con nosotros<\/a>.<\/h3>\n\n<figure class=\"wp-block-image size-full\"><img fetchpriority=\"high\" decoding=\"async\" width=\"960\" height=\"540\" class=\"wp-image-97634\" src=\"https:\/\/medclinics.com\/wp-content\/uploads\/2023\/07\/forehead-lift-near-me.jpg\" alt=\"Lifting frontal cerca de casa\" srcset=\"https:\/\/medclinics.com\/wp-content\/uploads\/2023\/07\/forehead-lift-near-me.jpg 960w, https:\/\/medclinics.com\/wp-content\/uploads\/2023\/07\/forehead-lift-near-me-500x281.jpg 500w, https:\/\/medclinics.com\/wp-content\/uploads\/2023\/07\/forehead-lift-near-me-768x432.jpg 768w, https:\/\/medclinics.com\/wp-content\/uploads\/2023\/07\/forehead-lift-near-me-24x14.jpg 24w, https:\/\/medclinics.com\/wp-content\/uploads\/2023\/07\/forehead-lift-near-me-36x20.jpg 36w, https:\/\/medclinics.com\/wp-content\/uploads\/2023\/07\/forehead-lift-near-me-48x27.jpg 48w\" sizes=\"(max-width: 960px) 100vw, 960px\" \/><\/figure>\n\n<h2 class=\"wp-block-heading\">PREGUNTAS FRECUENTES<\/h2>\n<div id=\"rank-math-faq\" class=\"rank-math-block\">\n<div class=\"rank-math-list \">\n<div id=\"faq-question-1684416208675\" class=\"rank-math-list-item\">\n<h3 class=\"rank-math-question \">\u00bfC\u00f3mo se hace un lifting facial?<\/h3>\n<div class=\"rank-math-answer \">\n\n<p>El lifting facial es una intervenci\u00f3n quir\u00fargica destinada a tratar los signos de envejecimiento de la cara y el cuello. El procedimiento suele constar de varios pasos clave. En primer lugar, se administra anestesia para garantizar la comodidad del paciente durante la intervenci\u00f3n. A continuaci\u00f3n, se realizan incisiones discretas a lo largo de la l\u00ednea del cabello, alrededor de las orejas y, potencialmente, bajo la barbilla. A trav\u00e9s de estas incisiones, el cirujano levanta y recoloca los tejidos faciales subyacentes, incluidos los m\u00fasculos y la grasa, para lograr un aspecto m\u00e1s juvenil. El exceso de piel puede recortarse o eliminarse seg\u00fan sea necesario. A continuaci\u00f3n, las incisiones se cierran cuidadosamente con suturas u otras t\u00e9cnicas. Tras la intervenci\u00f3n, se controla al paciente en una zona de recuperaci\u00f3n y pueden aplicarse vendas o ap\u00f3sitos para proteger las incisiones. Los detalles espec\u00edficos de un lifting facial pueden variar en funci\u00f3n de las necesidades individuales y del enfoque del cirujano. Es importante consultar a un cirujano pl\u00e1stico cualificado para analizar la intervenci\u00f3n, los resultados esperados y los posibles riesgos o complicaciones.<\/p>\n\n<\/div>\n<\/div>\n<div id=\"faq-question-1682603361561\" class=\"rank-math-list-item\">\n<h3 class=\"rank-math-question \">\u00bfDuele el lifting frontal?<\/h3>\n<div class=\"rank-math-answer \">\n\n<p>El lifting frontal puede causar algunas molestias y dolor durante el periodo de recuperaci\u00f3n, pero normalmente se administran analg\u00e9sicos para controlar cualquier molestia.<\/p>\n\n<\/div>\n<\/div>\n<div id=\"faq-question-1684416376852\" class=\"rank-math-list-item\">\n<h3 class=\"rank-math-question \">\u00bfQu\u00e9 es el lifting frontal?<\/h3>\n<div class=\"rank-math-answer \">\n\n<p>El lifting frontal, tambi\u00e9n conocido como estiramiento de la frente, es un procedimiento quir\u00fargico est\u00e9tico destinado a tratar la flacidez o ca\u00edda de las cejas y las arrugas de la frente. La intervenci\u00f3n consiste en elevar los tejidos blandos y la piel de la frente y reposicionar los m\u00fasculos subyacentes para crear un aspecto m\u00e1s joven y fresco. Tambi\u00e9n puede ayudar a elevar las cejas a una posici\u00f3n m\u00e1s est\u00e9tica. Las t\u00e9cnicas espec\u00edficas utilizadas pueden variar, pero a menudo implican la realizaci\u00f3n de incisiones a lo largo de la l\u00ednea del cabello o dentro del cuero cabelludo para acceder a las estructuras subyacentes y modificarlas. El lifting frontal puede realizarse mediante t\u00e9cnicas abiertas tradicionales o m\u00e9todos endosc\u00f3picos m\u00ednimamente invasivos. La elecci\u00f3n de la t\u00e9cnica depende de factores individuales y de la experiencia del cirujano. Es importante consultar a un cirujano pl\u00e1stico cualificado para determinar si un lifting frontal es adecuado para sus problemas y objetivos espec\u00edficos.<\/p>\n\n<\/div>\n<\/div>\n<div id=\"faq-question-1684416444919\" class=\"rank-math-list-item\">\n<h3 class=\"rank-math-question \">\u00bfCu\u00e1nto cuesta el lifting frontal en Turqu\u00eda?<\/h3>\n<div class=\"rank-math-answer \">\n\n<p>El coste de un lifting frontal, o levantamiento de cejas\/estiramiento de la frente, en Turqu\u00eda puede variar en funci\u00f3n de factores como la t\u00e9cnica utilizada, el alcance del procedimiento y la reputaci\u00f3n de la cl\u00ednica o el cirujano. Por t\u00e9rmino medio, el coste oscila entre unos 2.000 y 4.000 d\u00f3lares o m\u00e1s. Se recomienda consultar con una cl\u00ednica o un cirujano de confianza para obtener informaci\u00f3n precisa sobre precios en funci\u00f3n de sus necesidades espec\u00edficas.<\/p>\n\n<\/div>\n<\/div>\n<\/div>\n<\/div>\n<p>\u00a0<\/p>\n\n<h3 class=\"wp-block-heading\">P\u00f3ngase en contacto con nosotros si tiene alguna pregunta.<\/h3>\n","protected":false},"excerpt":{"rendered":"<p>\u00bfBusca una forma de mejorar el aspecto de la frente, las cejas y los p\u00e1rpados superiores? No busque m\u00e1s: \u00a1un [&hellip;]<\/p>\n","protected":false},"author":4,"featured_media":91393,"parent":0,"menu_order":0,"comment_status":"closed","ping_status":"closed","template":"","meta":{"site-sidebar-layout":"default","site-content-layout":"","ast-site-content-layout":"default","site-content-style":"default","site-sidebar-style":"default","ast-global-header-display":"","ast-banner-title-visibility":"","ast-main-header-display":"","ast-hfb-above-header-display":"","ast-hfb-below-header-display":"","ast-hfb-mobile-header-display":"","site-post-title":"","ast-breadcrumbs-content":"","ast-featured-img":"","footer-sml-layout":"","ast-disable-related-posts":"","theme-transparent-header-meta":"","adv-header-id-meta":"","stick-header-meta":"","header-above-stick-meta":"","header-main-stick-meta":"","header-below-stick-meta":"","astra-migrate-meta-layouts":"default","ast-page-background-enabled":"default","ast-page-background-meta":{"desktop":{"background-color":"var(--ast-global-color-4)","background-image":"","background-repeat":"repeat","background-position":"center center","background-size":"auto","background-attachment":"scroll","background-type":"","background-media":"","overlay-type":"","overlay-color":"","overlay-opacity":"","overlay-gradient":""},"tablet":{"background-color":"","background-image":"","background-repeat":"repeat","background-position":"center center","background-size":"auto","background-attachment":"scroll","background-type":"","background-media":"","overlay-type":"","overlay-color":"","overlay-opacity":"","overlay-gradient":""},"mobile":{"background-color":"","background-image":"","background-repeat":"repeat","background-position":"center center","background-size":"auto","background-attachment":"scroll","background-type":"","background-media":"","overlay-type":"","overlay-color":"","overlay-opacity":"","overlay-gradient":""}},"ast-content-background-meta":{"desktop":{"background-color":"var(--ast-global-color-5)","background-image":"","background-repeat":"repeat","background-position":"center center","background-size":"auto","background-attachment":"scroll","background-type":"","background-media":"","overlay-type":"","overlay-color":"","overlay-opacity":"","overlay-gradient":""},"tablet":{"background-color":"var(--ast-global-color-5)","background-image":"","background-repeat":"repeat","background-position":"center center","background-size":"auto","background-attachment":"scroll","background-type":"","background-media":"","overlay-type":"","overlay-color":"","overlay-opacity":"","overlay-gradient":""},"mobile":{"background-color":"var(--ast-global-color-5)","background-image":"","background-repeat":"repeat","background-position":"center center","background-size":"auto","background-attachment":"scroll","background-type":"","background-media":"","overlay-type":"","overlay-color":"","overlay-opacity":"","overlay-gradient":""}},"footnotes":""},"class_list":["post-145999","page","type-page","status-publish","has-post-thumbnail","hentry"],"_links":{"self":[{"href":"https:\/\/medclinics.com\/es\/wp-json\/wp\/v2\/pages\/145999","targetHints":{"allow":["GET"]}}],"collection":[{"href":"https:\/\/medclinics.com\/es\/wp-json\/wp\/v2\/pages"}],"about":[{"href":"https:\/\/medclinics.com\/es\/wp-json\/wp\/v2\/types\/page"}],"author":[{"embeddable":true,"href":"https:\/\/medclinics.com\/es\/wp-json\/wp\/v2\/users\/4"}],"replies":[{"embeddable":true,"href":"https:\/\/medclinics.com\/es\/wp-json\/wp\/v2\/comments?post=145999"}],"version-history":[{"count":0,"href":"https:\/\/medclinics.com\/es\/wp-json\/wp\/v2\/pages\/145999\/revisions"}],"wp:featuredmedia":[{"embeddable":true,"href":"https:\/\/medclinics.com\/es\/wp-json\/wp\/v2\/media\/91393"}],"wp:attachment":[{"href":"https:\/\/medclinics.com\/es\/wp-json\/wp\/v2\/media?parent=145999"}],"curies":[{"name":"wp","href":"https:\/\/api.w.org\/{rel}","templated":true}]}}