{"id":145989,"date":"2023-05-06T13:13:45","date_gmt":"2023-05-06T10:13:45","guid":{"rendered":"https:\/\/medclinics.com\/inyeccion-de-grasa-facial\/"},"modified":"2025-01-02T14:50:01","modified_gmt":"2025-01-02T11:50:01","slug":"inyeccion-de-grasa-facial","status":"publish","type":"page","link":"https:\/\/medclinics.com\/es\/inyeccion-de-grasa-facial\/","title":{"rendered":"Inyecci\u00f3n de grasa facial"},"content":{"rendered":"\n<h2 class=\"wp-block-heading\">\u00bfBusca una forma segura y natural de restaurar el volumen y la turgencia de su rostro? No busque m\u00e1s, recurra a la inyecci\u00f3n de grasa, tambi\u00e9n conocida como injerto de grasa o transferencia de grasa aut\u00f3loga.<\/h2>\n\n<p>Este procedimiento cosm\u00e9tico consiste en utilizar la liposucci\u00f3n para extraer una peque\u00f1a cantidad de grasa de una zona del cuerpo antes de procesarla en una forma purificada que pueda inyectarse de nuevo en zonas espec\u00edficas del rostro.<\/p>\n\n<p>Las inyecciones de grasa son ideales para rellenar arrugas, pliegues, cicatrices y dar volumen a mejillas y labios sin recurrir a rellenos d\u00e9rmicos sint\u00e9ticos. Dado que este tratamiento utiliza sus propios tejidos, el riesgo de reacciones al\u00e9rgicas o rechazo por el sistema inmunitario es m\u00ednimo.<\/p>\n\n<p>Aunque no todas las grasas inyectadas sobrevivir\u00e1n tras una sola sesi\u00f3n, pueden ser necesarios varios tratamientos hasta lograr los resultados deseados. No deje que el envejecimiento le arrebate lo que le hace bella: considere la posibilidad de someterse hoy mismo a un <a href=\"https:\/\/en.wikipedia.org\/wiki\/Facial_rejuvenation\" target=\"_blank\" rel=\"noreferrer noopener\">rejuvenecimiento<\/a> facial mediante nuestros avanzados procedimientos de inyecci\u00f3n de grasa.<\/p>\n\n<h3 class=\"wp-block-heading\">Todo lo que necesita saber sobre el <a href=\"https:\/\/medclinics.com\/es\/belleza\/\" target=\"_blank\" rel=\"noreferrer noopener\">tratamiento de belleza<\/a>, incluido el precio, los cuidados posteriores y el proceso de curaci\u00f3n, o p\u00f3ngase <a href=\"#requestform\">en contacto con nosotros<\/a>.<\/h3>\n\n<figure class=\"wp-block-image size-full\"><img fetchpriority=\"high\" decoding=\"async\" width=\"960\" height=\"540\" src=\"https:\/\/medclinics.com\/wp-content\/uploads\/2023\/07\/facial-fat-injection-near-me.jpg\" alt=\"Inyecci&#xF3;n de grasa facial cerca de m&#xED;\" class=\"wp-image-97692\" srcset=\"https:\/\/medclinics.com\/wp-content\/uploads\/2023\/07\/facial-fat-injection-near-me.jpg 960w, https:\/\/medclinics.com\/wp-content\/uploads\/2023\/07\/facial-fat-injection-near-me-500x281.jpg 500w, https:\/\/medclinics.com\/wp-content\/uploads\/2023\/07\/facial-fat-injection-near-me-768x432.jpg 768w, https:\/\/medclinics.com\/wp-content\/uploads\/2023\/07\/facial-fat-injection-near-me-24x14.jpg 24w, https:\/\/medclinics.com\/wp-content\/uploads\/2023\/07\/facial-fat-injection-near-me-36x20.jpg 36w, https:\/\/medclinics.com\/wp-content\/uploads\/2023\/07\/facial-fat-injection-near-me-48x27.jpg 48w\" sizes=\"(max-width: 960px) 100vw, 960px\" \/><\/figure>\n\n<h2 class=\"wp-block-heading\">PREGUNTAS FRECUENTES  <\/h2>\n<div id=\"rank-math-faq\" class=\"rank-math-block\">\n<div class=\"rank-math-list \">\n<div id=\"faq-question-1682666956133\" class=\"rank-math-list-item\">\n<h3 class=\"rank-math-question \">\u00bfQu\u00e9 es el injerto de grasa?<\/h3>\n<div class=\"rank-math-answer \">\n\n<p>El injerto de grasa, tambi\u00e9n conocido como transferencia de grasa, es un procedimiento est\u00e9tico que consiste en extraer grasa de una zona del cuerpo e inyectarla en otra que necesita volumen o realce. Suele utilizarse para mejorar el contorno facial, rellenar arrugas o realzar zonas como los senos o los gl\u00fateos. El procedimiento utiliza las propias c\u00e9lulas grasas del paciente, lo que reduce el riesgo de reacciones adversas. Pueden ser necesarias varias sesiones para obtener resultados \u00f3ptimos, y es esencial consultar a un cirujano cualificado para analizar el procedimiento y los resultados esperados.<\/p>\n\n<\/div>\n<\/div>\n<div id=\"faq-question-1684415358015\" class=\"rank-math-list-item\">\n<h3 class=\"rank-math-question \">\u00bfSon seguras las inyecciones de grasa?<\/h3>\n<div class=\"rank-math-answer \">\n\n<p>S\u00ed, las inyecciones de grasa, tambi\u00e9n conocidas como injertos de grasa o transferencia de grasa, suelen considerarse seguras cuando las realiza un profesional sanitario cualificado y con experiencia. El procedimiento utiliza las propias c\u00e9lulas grasas del paciente, lo que reduce el riesgo de reacciones al\u00e9rgicas o rechazo. Sin embargo, como ocurre con cualquier procedimiento m\u00e9dico, existen posibles riesgos y complicaciones, como infecciones, hemorragias o resultados desiguales. Es importante consultar a un cirujano pl\u00e1stico o est\u00e9tico cualificado para que eval\u00fae su caso individual, analice los posibles riesgos y se asegure de que la intervenci\u00f3n se realiza de forma segura y adecuada.<\/p>\n\n<\/div>\n<\/div>\n<div id=\"faq-question-1684415432314\" class=\"rank-math-list-item\">\n<h3 class=\"rank-math-question \">\u00bfSon peligrosas las inyecciones de grasa?<\/h3>\n<div class=\"rank-math-answer \">\n\n<p>Aunque las inyecciones de grasa, o injertos de grasa, se consideran generalmente seguras, como cualquier procedimiento m\u00e9dico, existen riesgos potenciales y complicaciones. Estos pueden incluir infecci\u00f3n, hemorragia, asimetr\u00eda, abultamiento y necrosis grasa. Es importante elegir a un profesional sanitario cualificado y con experiencia y realizar una consulta exhaustiva para comprender los riesgos y beneficios espec\u00edficos de cada caso. Siguiendo las instrucciones adecuadas de cuidados pre y postoperatorios, se pueden minimizar los riesgos asociados a las inyecciones de grasa.<\/p>\n\n<\/div>\n<\/div>\n<div id=\"faq-question-1684415475273\" class=\"rank-math-list-item\">\n<h3 class=\"rank-math-question \">\u00bfSon permanentes las inyecciones de grasa?<\/h3>\n<div class=\"rank-math-answer \">\n\n<p>Aunque una parte de la grasa transferida puede sobrevivir a largo plazo, algunas de las c\u00e9lulas adiposas pueden ser reabsorbidas de forma natural por el organismo con el paso del tiempo. La longevidad de los resultados puede variar de una persona a otra y depende de factores como la t\u00e9cnica, los cuidados postoperatorios y la cicatrizaci\u00f3n individual. Pueden ser necesarias varias sesiones para lograr los resultados deseados.<\/p>\n\n<\/div>\n<\/div>\n<div id=\"faq-question-1684415554167\" class=\"rank-math-list-item\">\n<h3 class=\"rank-math-question \">\u00bfSon dolorosas las inyecciones de grasa?<\/h3>\n<div class=\"rank-math-answer \">\n\n<p>Durante las inyecciones de grasa, las molestias experimentadas pueden variar de una persona a otra. El procedimiento suele consistir en adormecer las zonas donante y receptora con anestesia local para minimizar cualquier dolor o molestia. Algunas personas pueden sentir una ligera molestia o una sensaci\u00f3n de presi\u00f3n durante el proceso de inyecci\u00f3n. Tras la intervenci\u00f3n, pueden aparecer leves molestias, hinchaz\u00f3n o hematomas en las zonas tratadas, pero estos s\u00edntomas suelen ser temporales y pueden tratarse con analg\u00e9sicos adecuados y cuidados postoperatorios. Antes de someterse a inyecciones de grasa, es importante que comente con su m\u00e9dico cualquier duda sobre el dolor o las molestias.<\/p>\n\n<\/div>\n<\/div>\n<\/div>\n<\/div>\n<p><\/p>\n\n<h3 class=\"wp-block-heading\">P\u00f3ngase en contacto con nosotros si tiene alguna pregunta.<\/h3>\n","protected":false},"excerpt":{"rendered":"<p>\u00bfBusca una forma segura y natural de restaurar el volumen y la turgencia de su rostro? No busque m\u00e1s, recurra [&hellip;]<\/p>\n","protected":false},"author":4,"featured_media":91379,"parent":0,"menu_order":0,"comment_status":"closed","ping_status":"closed","template":"","meta":{"site-sidebar-layout":"default","site-content-layout":"","ast-site-content-layout":"default","site-content-style":"default","site-sidebar-style":"default","ast-global-header-display":"","ast-banner-title-visibility":"","ast-main-header-display":"","ast-hfb-above-header-display":"","ast-hfb-below-header-display":"","ast-hfb-mobile-header-display":"","site-post-title":"","ast-breadcrumbs-content":"","ast-featured-img":"","footer-sml-layout":"","ast-disable-related-posts":"","theme-transparent-header-meta":"","adv-header-id-meta":"","stick-header-meta":"","header-above-stick-meta":"","header-main-stick-meta":"","header-below-stick-meta":"","astra-migrate-meta-layouts":"default","ast-page-background-enabled":"default","ast-page-background-meta":{"desktop":{"background-color":"var(--ast-global-color-4)","background-image":"","background-repeat":"repeat","background-position":"center center","background-size":"auto","background-attachment":"scroll","background-type":"","background-media":"","overlay-type":"","overlay-color":"","overlay-opacity":"","overlay-gradient":""},"tablet":{"background-color":"","background-image":"","background-repeat":"repeat","background-position":"center center","background-size":"auto","background-attachment":"scroll","background-type":"","background-media":"","overlay-type":"","overlay-color":"","overlay-opacity":"","overlay-gradient":""},"mobile":{"background-color":"","background-image":"","background-repeat":"repeat","background-position":"center center","background-size":"auto","background-attachment":"scroll","background-type":"","background-media":"","overlay-type":"","overlay-color":"","overlay-opacity":"","overlay-gradient":""}},"ast-content-background-meta":{"desktop":{"background-color":"var(--ast-global-color-5)","background-image":"","background-repeat":"repeat","background-position":"center center","background-size":"auto","background-attachment":"scroll","background-type":"","background-media":"","overlay-type":"","overlay-color":"","overlay-opacity":"","overlay-gradient":""},"tablet":{"background-color":"var(--ast-global-color-5)","background-image":"","background-repeat":"repeat","background-position":"center center","background-size":"auto","background-attachment":"scroll","background-type":"","background-media":"","overlay-type":"","overlay-color":"","overlay-opacity":"","overlay-gradient":""},"mobile":{"background-color":"var(--ast-global-color-5)","background-image":"","background-repeat":"repeat","background-position":"center center","background-size":"auto","background-attachment":"scroll","background-type":"","background-media":"","overlay-type":"","overlay-color":"","overlay-opacity":"","overlay-gradient":""}},"footnotes":""},"class_list":["post-145989","page","type-page","status-publish","has-post-thumbnail","hentry"],"_links":{"self":[{"href":"https:\/\/medclinics.com\/es\/wp-json\/wp\/v2\/pages\/145989","targetHints":{"allow":["GET"]}}],"collection":[{"href":"https:\/\/medclinics.com\/es\/wp-json\/wp\/v2\/pages"}],"about":[{"href":"https:\/\/medclinics.com\/es\/wp-json\/wp\/v2\/types\/page"}],"author":[{"embeddable":true,"href":"https:\/\/medclinics.com\/es\/wp-json\/wp\/v2\/users\/4"}],"replies":[{"embeddable":true,"href":"https:\/\/medclinics.com\/es\/wp-json\/wp\/v2\/comments?post=145989"}],"version-history":[{"count":0,"href":"https:\/\/medclinics.com\/es\/wp-json\/wp\/v2\/pages\/145989\/revisions"}],"wp:featuredmedia":[{"embeddable":true,"href":"https:\/\/medclinics.com\/es\/wp-json\/wp\/v2\/media\/91379"}],"wp:attachment":[{"href":"https:\/\/medclinics.com\/es\/wp-json\/wp\/v2\/media?parent=145989"}],"curies":[{"name":"wp","href":"https:\/\/api.w.org\/{rel}","templated":true}]}}