{"id":145977,"date":"2023-05-18T13:00:12","date_gmt":"2023-05-18T13:00:12","guid":{"rendered":"https:\/\/medclinics.com\/eliminacion-de-lunares\/"},"modified":"2024-04-04T19:33:07","modified_gmt":"2024-04-04T16:33:07","slug":"eliminacion-de-lunares","status":"publish","type":"page","link":"https:\/\/medclinics.com\/es\/eliminacion-de-lunares\/","title":{"rendered":"Eliminaci\u00f3n de lunares"},"content":{"rendered":"\n<h2 class=\"wp-block-heading\">Existe un tratamiento de eliminaci\u00f3n de lunares que le ayudar\u00e1 a deshacerse de estas antiest\u00e9ticas manchas de una vez por todas.<\/h2>\n\n<p><a href=\"https:\/\/en.wikipedia.org\/wiki\/Melanocytic_nevus\" target=\"_blank\" rel=\"noreferrer noopener\">Los lunares<\/a> en el cuerpo pueden ser f\u00edsica y psicol\u00f3gicamente inc\u00f3modos para muchas personas. Existen varios m\u00e9todos diferentes que los dermat\u00f3logos utilizan para eliminar los lunares en funci\u00f3n de su tama\u00f1o, localizaci\u00f3n, tipo y de si pueden ser cancerosos o no.  <\/p>\n\n<p>Una opci\u00f3n es la extirpaci\u00f3n quir\u00fargica, en la que se extirpa todo el lunar con un bistur\u00ed o unas tijeras; este m\u00e9todo funciona mejor en el caso de tumores grandes o sospechosos de ser malignos.<\/p>\n\n<p>Otra t\u00e9cnica denominada escisi\u00f3n por rasurado consiste en utilizar una peque\u00f1a cuchilla para raspar suavemente los lunares no cancerosos m\u00e1s peque\u00f1os de la capa superficial sin causar mucho da\u00f1o por debajo.  <\/p>\n\n<p>Para la eliminaci\u00f3n con l\u00e1ser se utilizan haces de luz de alta intensidad que descomponen las c\u00e9lulas pigmentarias de la piel, con lo que desaparecen por completo, mientras que la congelaci\u00f3n (crioterapia) provoca ampollas que, con el tiempo, caen de forma natural, lo que resulta ideal si s\u00f3lo se trata de peque\u00f1as lesiones benignas.<\/p>\n\n<p>Es esencial consultar siempre a un profesional sanitario con experiencia antes de someterse a cualquier procedimiento, ya que cada caso var\u00eda en funci\u00f3n de las preferencias individuales, como el historial m\u00e9dico, as\u00ed que aseg\u00farese de recibir una atenci\u00f3n personalizada adaptada espec\u00edficamente a lo que funcionar\u00e1 mejor en su situaci\u00f3n particular.<\/p>\n\n<h3 class=\"wp-block-heading\">Todo lo que necesita saber sobre <a href=\"https:\/\/medclinics.com\/es\/belleza\/\" target=\"_blank\" rel=\"noreferrer noopener\">tratamientos de belleza<\/a>, incluido el precio, los cuidados posteriores y el proceso de curaci\u00f3n, o <a href=\"#requestform\">p\u00f3ngase en contacto con nosotros<\/a>.<\/h3>\n\n<h2 class=\"wp-block-heading\">PREGUNTAS FRECUENTES <\/h2>\n<div id=\"rank-math-faq\" class=\"rank-math-block\">\n<div class=\"rank-math-list \">\n<div id=\"faq-question-1682603361561\" class=\"rank-math-list-item\">\n<h3 class=\"rank-math-question \">\u00bfC\u00f3mo eliminar los lunares de la cara y el cuerpo?<\/h3>\n<div class=\"rank-math-answer \">\n\n<p>Para eliminar los lunares de la cara y el cuerpo, tiene varias opciones. Se aconseja un seguimiento regular de los lunares peque\u00f1os y uniformes sin cambios preocupantes. Si un lunar es molesto o sospechoso, puede recomendarse su extirpaci\u00f3n quir\u00fargica por un dermat\u00f3logo o cirujano pl\u00e1stico. Consiste en extirpar el lunar y suturar la piel para cerrarla, enviando el lunar extirpado para su examen. La escisi\u00f3n por rasurado es otro m\u00e9todo, adecuado para lunares salientes que no penetran profundamente en la piel. La eliminaci\u00f3n por l\u00e1ser es una opci\u00f3n para determinados tipos de lunares, ya que utiliza luz intensa para descomponer el pigmento del lunar. Es esencial consultar a un dermat\u00f3logo o profesional sanitario para evaluar los lunares y determinar la mejor forma de eliminarlos. Pueden orientarle, realizar los procedimientos necesarios y vigilar cualquier lunar potencialmente preocupante.<\/p>\n\n<\/div>\n<\/div>\n<div id=\"faq-question-1682665852961\" class=\"rank-math-list-item\">\n<h3 class=\"rank-math-question \">\u00bfVuelven a crecer los lunares faciales despu\u00e9s de extirparlos?<\/h3>\n<div class=\"rank-math-answer \">\n\n<p>En la mayor\u00eda de los casos, si un lunar se extirpa completa y adecuadamente, no deber\u00eda volver a crecer. Sin embargo, existe una peque\u00f1a posibilidad de recurrencia si quedan c\u00e9lulas lunares residuales o se desarrollan nuevas c\u00e9lulas lunares. Es importante consultar a un dermat\u00f3logo si un lunar reaparece despu\u00e9s de la extirpaci\u00f3n para una evaluaci\u00f3n y tratamiento adecuados. Se recomienda realizar ex\u00e1menes cut\u00e1neos peri\u00f3dicos para vigilar la aparici\u00f3n de lunares nuevos o cambiantes.<\/p>\n\n<\/div>\n<\/div>\n<div id=\"faq-question-1682666623404\" class=\"rank-math-list-item\">\n<h3 class=\"rank-math-question \">\u00bfLa eliminaci\u00f3n de lunares deja cicatriz?<\/h3>\n<div class=\"rank-math-answer \">\n\n<p>La extirpaci\u00f3n de lunares puede dejar una peque\u00f1a cicatriz, dependiendo de factores como el tama\u00f1o del lunar, la t\u00e9cnica de extirpaci\u00f3n y la cicatrizaci\u00f3n individual. Sin embargo, los profesionales sanitarios se esfuerzan por minimizar las cicatrices mediante diversas t\u00e9cnicas y el cuidado adecuado de las heridas. Hablar antes con su m\u00e9dico y seguir las instrucciones posteriores al procedimiento puede ayudar a reducir el riesgo de que queden cicatrices visibles.<\/p>\n\n<\/div>\n<\/div>\n<div id=\"faq-question-1682666956133\" class=\"rank-math-list-item\">\n<h3 class=\"rank-math-question \">\u00bfEs seguro eliminar lunares con l\u00e1ser?<\/h3>\n<div class=\"rank-math-answer \">\n\n<p>La eliminaci\u00f3n de lunares con l\u00e1ser suele ser segura cuando la realiza un profesional cualificado. Es importante consultar a un profesional sanitario con experiencia que pueda evaluar el lunar y determinar si la eliminaci\u00f3n de lunares con l\u00e1ser es adecuada para su caso concreto. Tendr\u00e1n en cuenta factores como el tipo y la localizaci\u00f3n del lunar para garantizar un tratamiento eficaz y seguro. Elegir a un profesional acreditado es crucial para obtener resultados \u00f3ptimos y minimizar los posibles riesgos del tratamiento de eliminaci\u00f3n de lunares.<\/p>\n\n<\/div>\n<\/div>\n<\/div>\n<\/div>\n<p><\/p>\n\n<h3 class=\"wp-block-heading\">P\u00f3ngase en contacto con nosotros si tiene alguna pregunta.<\/h3>\n","protected":false},"excerpt":{"rendered":"<p>Existe un tratamiento de eliminaci\u00f3n de lunares que le ayudar\u00e1 a deshacerse de estas antiest\u00e9ticas manchas de una vez por [&hellip;]<\/p>\n","protected":false},"author":4,"featured_media":108670,"parent":0,"menu_order":0,"comment_status":"closed","ping_status":"closed","template":"","meta":{"site-sidebar-layout":"default","site-content-layout":"","ast-site-content-layout":"default","site-content-style":"default","site-sidebar-style":"default","ast-global-header-display":"","ast-banner-title-visibility":"","ast-main-header-display":"","ast-hfb-above-header-display":"","ast-hfb-below-header-display":"","ast-hfb-mobile-header-display":"","site-post-title":"","ast-breadcrumbs-content":"","ast-featured-img":"","footer-sml-layout":"","ast-disable-related-posts":"","theme-transparent-header-meta":"","adv-header-id-meta":"","stick-header-meta":"","header-above-stick-meta":"","header-main-stick-meta":"","header-below-stick-meta":"","astra-migrate-meta-layouts":"default","ast-page-background-enabled":"default","ast-page-background-meta":{"desktop":{"background-color":"var(--ast-global-color-4)","background-image":"","background-repeat":"repeat","background-position":"center center","background-size":"auto","background-attachment":"scroll","background-type":"","background-media":"","overlay-type":"","overlay-color":"","overlay-opacity":"","overlay-gradient":""},"tablet":{"background-color":"","background-image":"","background-repeat":"repeat","background-position":"center center","background-size":"auto","background-attachment":"scroll","background-type":"","background-media":"","overlay-type":"","overlay-color":"","overlay-opacity":"","overlay-gradient":""},"mobile":{"background-color":"","background-image":"","background-repeat":"repeat","background-position":"center center","background-size":"auto","background-attachment":"scroll","background-type":"","background-media":"","overlay-type":"","overlay-color":"","overlay-opacity":"","overlay-gradient":""}},"ast-content-background-meta":{"desktop":{"background-color":"var(--ast-global-color-5)","background-image":"","background-repeat":"repeat","background-position":"center center","background-size":"auto","background-attachment":"scroll","background-type":"","background-media":"","overlay-type":"","overlay-color":"","overlay-opacity":"","overlay-gradient":""},"tablet":{"background-color":"var(--ast-global-color-5)","background-image":"","background-repeat":"repeat","background-position":"center center","background-size":"auto","background-attachment":"scroll","background-type":"","background-media":"","overlay-type":"","overlay-color":"","overlay-opacity":"","overlay-gradient":""},"mobile":{"background-color":"var(--ast-global-color-5)","background-image":"","background-repeat":"repeat","background-position":"center center","background-size":"auto","background-attachment":"scroll","background-type":"","background-media":"","overlay-type":"","overlay-color":"","overlay-opacity":"","overlay-gradient":""}},"footnotes":""},"class_list":["post-145977","page","type-page","status-publish","has-post-thumbnail","hentry"],"_links":{"self":[{"href":"https:\/\/medclinics.com\/es\/wp-json\/wp\/v2\/pages\/145977","targetHints":{"allow":["GET"]}}],"collection":[{"href":"https:\/\/medclinics.com\/es\/wp-json\/wp\/v2\/pages"}],"about":[{"href":"https:\/\/medclinics.com\/es\/wp-json\/wp\/v2\/types\/page"}],"author":[{"embeddable":true,"href":"https:\/\/medclinics.com\/es\/wp-json\/wp\/v2\/users\/4"}],"replies":[{"embeddable":true,"href":"https:\/\/medclinics.com\/es\/wp-json\/wp\/v2\/comments?post=145977"}],"version-history":[{"count":0,"href":"https:\/\/medclinics.com\/es\/wp-json\/wp\/v2\/pages\/145977\/revisions"}],"wp:featuredmedia":[{"embeddable":true,"href":"https:\/\/medclinics.com\/es\/wp-json\/wp\/v2\/media\/108670"}],"wp:attachment":[{"href":"https:\/\/medclinics.com\/es\/wp-json\/wp\/v2\/media?parent=145977"}],"curies":[{"name":"wp","href":"https:\/\/api.w.org\/{rel}","templated":true}]}}