{"id":145965,"date":"2023-05-04T12:45:46","date_gmt":"2023-05-04T12:45:46","guid":{"rendered":"https:\/\/medclinics.com\/estetica-del-menton\/"},"modified":"2024-04-01T14:26:52","modified_gmt":"2024-04-01T11:26:52","slug":"estetica-del-menton","status":"publish","type":"page","link":"https:\/\/medclinics.com\/es\/estetica-del-menton\/","title":{"rendered":"Est\u00e9tica del ment\u00f3n"},"content":{"rendered":"\n<h2 class=\"wp-block-heading\">Si busca una forma de conseguir un aspecto m\u00e1s natural, Chin Aesthetic puede ser la soluci\u00f3n perfecta.<\/h2>\n\n<p>La cirug\u00eda est\u00e9tica de ment\u00f3n suele referirse a un procedimiento quir\u00fargico cosm\u00e9tico denominado genioplastia, que se realiza para remodelar o mejorar el aspecto del ment\u00f3n. Este procedimiento puede mejorar la proporci\u00f3n y el equilibrio de los rasgos faciales, as\u00ed como realzar la armon\u00eda y el atractivo general del rostro del paciente.<\/p>\n\n<p>En la genioplastia, el cirujano puede cambiar el tama\u00f1o, la forma y la posici\u00f3n del hueso del ment\u00f3n cort\u00e1ndolo y recoloc\u00e1ndolo o construy\u00e9ndolo con implantes. Dependiendo de las necesidades espec\u00edficas del paciente y del resultado deseado, el cirujano puede utilizar diferentes t\u00e9cnicas para conseguir el resultado deseado.<\/p>\n\n<p>Existen varios tipos de cirug\u00edas est\u00e9ticas de ment\u00f3n. Algunas de las m\u00e1s comunes son el <a href=\"https:\/\/en.wikipedia.org\/wiki\/Chin_augmentation\" target=\"_blank\" rel=\"noreferrer noopener\">aumento de ment\u00f3n<\/a>, la reducci\u00f3n de ment\u00f3n, la genioplastia, la genioplastia deslizante, la liposucci\u00f3n de ment\u00f3n, la inyecci\u00f3n de <a href=\"https:\/\/medclinics.com\/es\/relajante-muscular\/\" target=\"_blank\" rel=\"noreferrer noopener\">relajantes musculares<\/a>.<\/p>\n\n<h3 class=\"wp-block-heading\">Todo lo que necesita saber sobre la <a href=\"https:\/\/medclinics.com\/es\/estetica-facial\/\" target=\"_blank\" rel=\"noreferrer noopener\">est\u00e9tica facial<\/a>, incluido el precio, los cuidados posteriores y el proceso de cicatrizaci\u00f3n, \u00a1o <a href=\"#requestform\">p\u00f3ngase en contacto con nosotros<\/a>!<\/h3>\n\n<figure class=\"wp-block-image size-full\"><img fetchpriority=\"high\" decoding=\"async\" width=\"960\" height=\"540\" class=\"wp-image-97767\" src=\"https:\/\/medclinics.com\/wp-content\/uploads\/2023\/07\/chin-aesthetic-near-me.jpg\" alt=\"Est&#xE9;tica del ment&#xF3;n cerca de m&#xED;\" srcset=\"https:\/\/medclinics.com\/wp-content\/uploads\/2023\/07\/chin-aesthetic-near-me.jpg 960w, https:\/\/medclinics.com\/wp-content\/uploads\/2023\/07\/chin-aesthetic-near-me-500x281.jpg 500w, https:\/\/medclinics.com\/wp-content\/uploads\/2023\/07\/chin-aesthetic-near-me-768x432.jpg 768w, https:\/\/medclinics.com\/wp-content\/uploads\/2023\/07\/chin-aesthetic-near-me-24x14.jpg 24w, https:\/\/medclinics.com\/wp-content\/uploads\/2023\/07\/chin-aesthetic-near-me-36x20.jpg 36w, https:\/\/medclinics.com\/wp-content\/uploads\/2023\/07\/chin-aesthetic-near-me-48x27.jpg 48w\" sizes=\"(max-width: 960px) 100vw, 960px\" \/><\/figure>\n\n<h2 class=\"wp-block-heading\">PREGUNTAS FRECUENTES<\/h2>\n<div id=\"rank-math-faq\" class=\"rank-math-block\">\n<div class=\"rank-math-list \">\n<div id=\"faq-question-1682603361561\" class=\"rank-math-list-item\">\n<h3 class=\"rank-math-question \">\u00bfSon dolorosos los rellenos de ment\u00f3n?<\/h3>\n<div class=\"rank-math-answer \">\n\n<p>Los rellenos de ment\u00f3n suelen implicar m\u00ednimas molestias durante el procedimiento. Se puede utilizar crema anest\u00e9sica t\u00f3pica o anestesia local para minimizar cualquier posible dolor. Las inyecciones pueden causar un ligero pinchazo o sensaci\u00f3n de presi\u00f3n, pero en general el procedimiento es bien tolerado por la mayor\u00eda de las personas. Despu\u00e9s, puede aparecer dolor o sensibilidad temporal en la zona tratada, pero suele desaparecer en unos d\u00edas.<\/p>\n\n<\/div>\n<\/div>\n<div id=\"faq-question-1682665852961\" class=\"rank-math-list-item\">\n<h3 class=\"rank-math-question \">\u00bfCu\u00e1nto dura el tratamiento de ment\u00f3n?<\/h3>\n<div class=\"rank-math-answer \">\n\n<p>Los resultados de los tratamientos para esculpir el ment\u00f3n suelen durar entre 6 y 12 meses. Sin embargo, las experiencias individuales pueden variar, y factores como el tipo de relleno utilizado y los h\u00e1bitos de vida personales pueden influir en la longevidad de los resultados. La consulta con un profesional m\u00e9dico puede proporcionar una evaluaci\u00f3n m\u00e1s precisa basada en su caso concreto.<\/p>\n\n<\/div>\n<\/div>\n<div id=\"faq-question-1682666623404\" class=\"rank-math-list-item\">\n<h3 class=\"rank-math-question \">\u00bfQu\u00e9 es la est\u00e9tica del ment\u00f3n?<\/h3>\n<div class=\"rank-math-answer \">\n\n<p>La est\u00e9tica del ment\u00f3n se refiere al campo de los tratamientos y procedimientos cosm\u00e9ticos destinados a mejorar el aspecto del ment\u00f3n. Puede implicar diversas t\u00e9cnicas, como el aumento de ment\u00f3n con rellenos o implantes, la cirug\u00eda de reducci\u00f3n de ment\u00f3n o procedimientos de contorneado del ment\u00f3n para crear un perfil facial m\u00e1s equilibrado y armonioso.<\/p>\n\n<\/div>\n<\/div>\n<div id=\"faq-question-1682666956133\" class=\"rank-math-list-item\">\n<h3 class=\"rank-math-question \">\u00bfC\u00f3mo eliminar la est\u00e9tica de la papada?<\/h3>\n<div class=\"rank-math-answer \">\n\n<p>Para tratar est\u00e9ticamente una papada, existen varias opciones. Los tratamientos no quir\u00fargicos como Kybella o CoolSculpting pueden ayudar a reducir la grasa submentoniana y a contornear la zona del ment\u00f3n. Los ejercicios faciales dirigidos a los m\u00fasculos de la barbilla y el cuello pueden ayudar a fortalecer y tonificar la zona. Los tratamientos dermatol\u00f3gicos como la radiofrecuencia o los ultrasonidos pueden tensar la piel bajo el ment\u00f3n. En caso de problemas m\u00e1s importantes, se pueden considerar procedimientos quir\u00fargicos como la liposucci\u00f3n o el lifting de cuello. Es esencial consultar a un profesional m\u00e9dico cualificado para determinar la opci\u00f3n de tratamiento m\u00e1s adecuada en funci\u00f3n de las necesidades individuales y los resultados deseados. Pueden ofrecer una evaluaci\u00f3n exhaustiva, analizar las opciones disponibles y recomendar el mejor enfoque para alcanzar los objetivos est\u00e9ticos.<\/p>\n\n<\/div>\n<\/div>\n<\/div>\n<\/div>\n<p>\u00a0<\/p>\n\n<h3 class=\"wp-block-heading\">P\u00f3ngase en contacto con nosotros si tiene alguna pregunta.<\/h3>\n","protected":false},"excerpt":{"rendered":"<p>Si busca una forma de conseguir un aspecto m\u00e1s natural, Chin Aesthetic puede ser la soluci\u00f3n perfecta. La cirug\u00eda est\u00e9tica [&hellip;]<\/p>\n","protected":false},"author":4,"featured_media":91314,"parent":0,"menu_order":0,"comment_status":"closed","ping_status":"closed","template":"","meta":{"site-sidebar-layout":"default","site-content-layout":"","ast-site-content-layout":"default","site-content-style":"default","site-sidebar-style":"default","ast-global-header-display":"","ast-banner-title-visibility":"","ast-main-header-display":"","ast-hfb-above-header-display":"","ast-hfb-below-header-display":"","ast-hfb-mobile-header-display":"","site-post-title":"","ast-breadcrumbs-content":"","ast-featured-img":"","footer-sml-layout":"","ast-disable-related-posts":"","theme-transparent-header-meta":"","adv-header-id-meta":"","stick-header-meta":"","header-above-stick-meta":"","header-main-stick-meta":"","header-below-stick-meta":"","astra-migrate-meta-layouts":"default","ast-page-background-enabled":"default","ast-page-background-meta":{"desktop":{"background-color":"var(--ast-global-color-4)","background-image":"","background-repeat":"repeat","background-position":"center center","background-size":"auto","background-attachment":"scroll","background-type":"","background-media":"","overlay-type":"","overlay-color":"","overlay-opacity":"","overlay-gradient":""},"tablet":{"background-color":"","background-image":"","background-repeat":"repeat","background-position":"center center","background-size":"auto","background-attachment":"scroll","background-type":"","background-media":"","overlay-type":"","overlay-color":"","overlay-opacity":"","overlay-gradient":""},"mobile":{"background-color":"","background-image":"","background-repeat":"repeat","background-position":"center center","background-size":"auto","background-attachment":"scroll","background-type":"","background-media":"","overlay-type":"","overlay-color":"","overlay-opacity":"","overlay-gradient":""}},"ast-content-background-meta":{"desktop":{"background-color":"var(--ast-global-color-5)","background-image":"","background-repeat":"repeat","background-position":"center center","background-size":"auto","background-attachment":"scroll","background-type":"","background-media":"","overlay-type":"","overlay-color":"","overlay-opacity":"","overlay-gradient":""},"tablet":{"background-color":"var(--ast-global-color-5)","background-image":"","background-repeat":"repeat","background-position":"center center","background-size":"auto","background-attachment":"scroll","background-type":"","background-media":"","overlay-type":"","overlay-color":"","overlay-opacity":"","overlay-gradient":""},"mobile":{"background-color":"var(--ast-global-color-5)","background-image":"","background-repeat":"repeat","background-position":"center center","background-size":"auto","background-attachment":"scroll","background-type":"","background-media":"","overlay-type":"","overlay-color":"","overlay-opacity":"","overlay-gradient":""}},"footnotes":""},"class_list":["post-145965","page","type-page","status-publish","has-post-thumbnail","hentry"],"_links":{"self":[{"href":"https:\/\/medclinics.com\/es\/wp-json\/wp\/v2\/pages\/145965","targetHints":{"allow":["GET"]}}],"collection":[{"href":"https:\/\/medclinics.com\/es\/wp-json\/wp\/v2\/pages"}],"about":[{"href":"https:\/\/medclinics.com\/es\/wp-json\/wp\/v2\/types\/page"}],"author":[{"embeddable":true,"href":"https:\/\/medclinics.com\/es\/wp-json\/wp\/v2\/users\/4"}],"replies":[{"embeddable":true,"href":"https:\/\/medclinics.com\/es\/wp-json\/wp\/v2\/comments?post=145965"}],"version-history":[{"count":0,"href":"https:\/\/medclinics.com\/es\/wp-json\/wp\/v2\/pages\/145965\/revisions"}],"wp:featuredmedia":[{"embeddable":true,"href":"https:\/\/medclinics.com\/es\/wp-json\/wp\/v2\/media\/91314"}],"wp:attachment":[{"href":"https:\/\/medclinics.com\/es\/wp-json\/wp\/v2\/media?parent=145965"}],"curies":[{"name":"wp","href":"https:\/\/api.w.org\/{rel}","templated":true}]}}