{"id":145879,"date":"2023-05-18T09:20:22","date_gmt":"2023-05-18T06:20:22","guid":{"rendered":"https:\/\/medclinics.com\/blanqueamiento-dental\/"},"modified":"2025-01-25T14:24:08","modified_gmt":"2025-01-25T11:24:08","slug":"blanqueamiento-dental","status":"publish","type":"page","link":"https:\/\/medclinics.com\/es\/blanqueamiento-dental\/","title":{"rendered":"Blanqueamiento dental"},"content":{"rendered":"\n<p><a href=\"https:\/\/istanbul-tourist-information.com\/en\/medical-treatment\/\" target=\"_blank\" rel=\"noreferrer noopener\">El blanqueamiento dental<\/a> es un tratamiento dental cosm\u00e9tico que se utiliza para aclarar el color de los dientes. Es un procedimiento muy popular porque puede ayudar a mejorar el aspecto de los dientes y realzar la sonrisa de una persona.<\/p>\n\n<div class=\"wp-block-rank-math-toc-block\" id=\"rank-math-toc\"><h2>Tabla de contenidos<\/h2><nav><ul><li><a href=\"#so-what-is-teeth-whitening\">\u00bfQu\u00e9 es el blanqueamiento dental?<\/a><\/li><li><a href=\"#types-and-methods\">Tipos y m\u00e9todos<\/a><\/li><li><a href=\"#treatment-plan\">Plan de tratamiento<\/a><\/li><li><a href=\"#aftercare\">Cuidado posterior<\/a><\/li><li><a href=\"#top-teeth-whitening-costs-by-country\">Costes del blanqueamiento dental por pa\u00edses<\/a><\/li><li><a href=\"#faq\">PREGUNTAS FRECUENTES<\/a><\/li><li><a href=\"#history\">Historia<\/a><\/li><\/ul><\/nav><\/div>\n\n<h2 class=\"wp-block-heading\" id=\"so-what-is-teeth-whitening\">\u00bfQu\u00e9 es el blanqueamiento dental?<\/h2>\n\n<ul class=\"wp-block-list\">\n<li>El blanqueamiento dental consiste en aclarar y suavizar el tono del esmalte dental, eliminando los pigmentos de la capa superior de la dentina. El procedimiento pertenece a la odontolog\u00eda cosm\u00e9tica, pero la \u00faltima tecnolog\u00eda ya no s\u00f3lo no destruye el esmalte, sino que tambi\u00e9n tiene un efecto positivo sobre el estado de los dientes. Fortalece el esmalte satur\u00e1ndolo de minerales y aumenta la densidad del tejido duro. Ahora, el procedimiento de blanqueamiento no s\u00f3lo embellece los dientes, sino que tambi\u00e9n mejora su salud.<\/li>\n<\/ul>\n\n<figure class=\"wp-block-image size-full\"><img fetchpriority=\"high\" decoding=\"async\" width=\"960\" height=\"540\" src=\"https:\/\/medclinics.com\/wp-content\/uploads\/2023\/07\/teeth-whitening-near-me.jpg\" alt=\"Blanqueamiento dental cerca de m&#xED;\" class=\"wp-image-98203\" srcset=\"https:\/\/medclinics.com\/wp-content\/uploads\/2023\/07\/teeth-whitening-near-me.jpg 960w, https:\/\/medclinics.com\/wp-content\/uploads\/2023\/07\/teeth-whitening-near-me-500x281.jpg 500w, https:\/\/medclinics.com\/wp-content\/uploads\/2023\/07\/teeth-whitening-near-me-768x432.jpg 768w, https:\/\/medclinics.com\/wp-content\/uploads\/2023\/07\/teeth-whitening-near-me-24x14.jpg 24w, https:\/\/medclinics.com\/wp-content\/uploads\/2023\/07\/teeth-whitening-near-me-36x20.jpg 36w, https:\/\/medclinics.com\/wp-content\/uploads\/2023\/07\/teeth-whitening-near-me-48x27.jpg 48w\" sizes=\"(max-width: 960px) 100vw, 960px\" \/><\/figure>\n\n<h2 class=\"wp-block-heading\" id=\"types-and-methods\">Tipos y m\u00e9todos<\/h2>\n\n<ul class=\"wp-block-list\">\n<li>M\u00e9todo mec\u00e1nico<\/li>\n<\/ul>\n\n<p>El m\u00e9todo m\u00e1s sencillo y antiguo utilizado en odontolog\u00eda para blanquear los dientes es el esmalte. Es un m\u00e9todo de limpieza mec\u00e1nico, que utiliza boquillas especiales. Las ventajas de este m\u00e9todo son la eliminaci\u00f3n eficaz de la placa y el sarro en los dientes, la prevenci\u00f3n de la caries dental y la inflamaci\u00f3n de las enc\u00edas. Tras el tratamiento, el dentista trata los dientes con un protector del esmalte.<\/p>\n\n<ul class=\"wp-block-list\">\n<li>Fotoblanqueo<\/li>\n<\/ul>\n\n<p>Este procedimiento cambia el color entre 8 y 10 tonos como m\u00e1ximo. Durante el proceso de blanqueamiento dental, el dentista aplica un gel blanqueador apropiado que contiene per\u00f3xido de hidr\u00f3geno y lo activa con la luz adecuada. Se pueden utilizar luces hal\u00f3genas, UV y LED. Una sesi\u00f3n de tratamiento dura entre 15 y 30 minutos. Tras el fotoblanqueamiento, se aplica una soluci\u00f3n de fl\u00faor a los dientes para reducir la sensibilidad y proteger el esmalte.<\/p>\n\n<ul class=\"wp-block-list\">\n<li>Blanqueamiento qu\u00edmico<\/li>\n<\/ul>\n\n<p>Se trata de uno de los m\u00e9todos de blanqueamiento dental m\u00e1s suaves, por lo que es posible que sus dientes s\u00f3lo queden de 5 a 7 tonos m\u00e1s claros. Si no est\u00e1 seguro de qu\u00e9 m\u00e9todo de blanqueamiento dental elegir, \u00e9ste es un buen punto de partida. Un gel blanqueador se extiende uniformemente sobre su esmalte. Si te lo hace un profesional, te aplicar\u00e1 una mezcla con una alta concentraci\u00f3n de agente blanqueador. Sus enc\u00edas se proteger\u00e1n previamente con una placa de l\u00e1tex para no da\u00f1ar el tejido blando en el proceso. No se utiliza l\u00e1ser ni luz ultravioleta. La adhesi\u00f3n qu\u00edmica est\u00e1 contraindicada si el paciente tiene empastes, coronas o carillas de pol\u00edmero.<\/p>\n\n<ul class=\"wp-block-list\">\n<li>Blanqueamiento intracanal<\/li>\n<\/ul>\n\n<p>Este m\u00e9todo de blanqueamiento dental tambi\u00e9n se denomina endoblanqueamiento. <a href=\"https:\/\/medclinics.com\/es\/tratamiento-del-conducto-radicular\/\">Este procedimiento<\/a> est\u00e1 indicado si el diente est\u00e1 muy ennegrecido despu\u00e9s de un tratamiento de conducto o un empaste. El dentista prepara el diente, coloca un material de empaste especial y lo obtura. Cuando se consigue el resultado, se restaura el diente. Este tipo de blanqueamiento dental s\u00f3lo puede realizarse una vez.<\/p>\n\n<ul class=\"wp-block-list\">\n<li>Blanqueamiento l\u00e1ser<\/li>\n<\/ul>\n\n<p>Si desea blanquearse los dientes, s\u00f3lo su m\u00e9dico puede determinar qu\u00e9 m\u00e9todo de blanqueamiento dental es el mejor. \u00c9l o ella le recomendar\u00e1 el que mejor se adapte a su situaci\u00f3n. El blanqueamiento l\u00e1ser es actualmente el m\u00e9todo m\u00e1s seguro y popular para blanquear los dientes. El efecto es duradero. Por lo tanto, a pesar de su mayor coste en comparaci\u00f3n con otras t\u00e9cnicas, este m\u00e9todo es muy beneficioso. Sus dientes pueden ser de 7 a 10 tonos m\u00e1s claros.<\/p>\n\n<h4 class=\"wp-block-heading\" id=\"types-of-teeth-whitening-at-home\">Tipos de blanqueamiento dental en casa:<\/h4>\n\n<ul class=\"wp-block-list\">\n<li>L\u00e1piz blanqueador<\/li>\n<\/ul>\n\n<p>Es una forma estupenda de blanquear r\u00e1pidamente los dientes, literalmente sobre la marcha. Su c\u00f3moda forma y su eficaz contenido permiten aplicar f\u00e1cilmente una soluci\u00f3n blanqueadora sobre el esmalte dental mientras se est\u00e1 sentado a la mesa de una cafeter\u00eda o en el trabajo. Este aparato es ideal para los amantes del caf\u00e9 y el t\u00e9 fuerte. Los componentes del agente blanqueador dental devuelven un tono m\u00e1s claro al esmalte en s\u00f3lo 10 minutos, y se utilizan para mantener y prolongar el efecto de los m\u00e9todos de adhesi\u00f3n cl\u00ednica.<\/p>\n\n<ul class=\"wp-block-list\">\n<li>Sistema Kappa<\/li>\n<\/ul>\n\n<p>Se puede utilizar gel protector bucal hecho a medida para uso dom\u00e9stico y se puede obtener del dentista. En la farmacia se puede adquirir un juego m\u00e1s sencillo con un protector bucal est\u00e1ndar. Una peque\u00f1a concentraci\u00f3n de urea o per\u00f3xido de hidr\u00f3geno en el gel puede aclarar los dientes entre 5 y 8 tonos. Si no est\u00e1 satisfecho con el proceso de blanqueamiento, merece la pena buscar informaci\u00f3n al respecto en Internet. Puede hacerlo escribiendo \u00abblanqueamiento dental en cl\u00ednica\u00bb en un motor de b\u00fasqueda para conocer todas las opciones disponibles.<\/p>\n\n<ul class=\"wp-block-list\">\n<li>Las tiras<\/li>\n<\/ul>\n\n<p>Contienen una peque\u00f1a concentraci\u00f3n de gel de per\u00f3xido de hidr\u00f3geno. Para obtener buenos resultados, las tiras deben pegarse en los dientes y dejarse durante el tiempo especificado en las instrucciones. Esto ayudar\u00e1 a aclarar el esmalte entre 3 y 5 tonos.<\/p>\n\n<ul class=\"wp-block-list\">\n<li>Pastas blanqueadoras<\/li>\n<\/ul>\n\n<p>Esta es una de las formas ineficaces de blanquear los dientes. Los dent\u00edfricos y enjuagues dentales blanqueadores pueden aumentar un poco la blancura, pero s\u00f3lo te har\u00e1n 1 tono m\u00e1s blanco. Los dentistas aconsejan utilizar estos productos para mantener de forma permanente el color que se ha conseguido mediante un blanqueamiento profesional. Para averiguar qu\u00e9 m\u00e9todo es mejor elegir, es mejor familiarizarse con todas las t\u00e9cnicas disponibles con antelaci\u00f3n, encontrar art\u00edculos sobre la solicitud de blanqueamiento dental por los pros y los contras dentista, que le dir\u00e1 acerca de todos los detalles del proceso.<\/p>\n\n<ul class=\"wp-block-list\">\n<li>Geles y barnices.<\/li>\n<\/ul>\n\n<p>Ayudan a aclarar el esmalte de 1 a 2 tonos. Contienen ingredientes remineralizantes, pueden aplicarse f\u00e1cil y r\u00e1pidamente con un pincel o una brocha. Tras una aplicaci\u00f3n regular durante quince d\u00edas, notar\u00e1 que el esmalte se aclara.<\/p>\n\n<p>Muchos dentistas aconsejan no utilizar remedios caseros como tratamiento independiente de blanqueamiento dental, sino como tratamiento de apoyo tras un blanqueamiento profesional en la cl\u00ednica.<\/p>\n\n<figure class=\"wp-block-image size-full\"><img decoding=\"async\" width=\"960\" height=\"540\" src=\"https:\/\/medclinics.com\/wp-content\/uploads\/2023\/07\/teeth-whitening-for-sensitive-teeth.jpg\" alt=\"Blanqueamiento dental para dientes sensibles\" class=\"wp-image-98231\" srcset=\"https:\/\/medclinics.com\/wp-content\/uploads\/2023\/07\/teeth-whitening-for-sensitive-teeth.jpg 960w, https:\/\/medclinics.com\/wp-content\/uploads\/2023\/07\/teeth-whitening-for-sensitive-teeth-500x281.jpg 500w, https:\/\/medclinics.com\/wp-content\/uploads\/2023\/07\/teeth-whitening-for-sensitive-teeth-768x432.jpg 768w, https:\/\/medclinics.com\/wp-content\/uploads\/2023\/07\/teeth-whitening-for-sensitive-teeth-24x14.jpg 24w, https:\/\/medclinics.com\/wp-content\/uploads\/2023\/07\/teeth-whitening-for-sensitive-teeth-36x20.jpg 36w, https:\/\/medclinics.com\/wp-content\/uploads\/2023\/07\/teeth-whitening-for-sensitive-teeth-48x27.jpg 48w\" sizes=\"(max-width: 960px) 100vw, 960px\" \/><\/figure>\n\n<h2 class=\"wp-block-heading\" id=\"treatment-plan\">Plan de tratamiento<\/h2>\n\n<ul class=\"wp-block-list\">\n<li>Consulta detallada con un especialista<\/li>\n\n\n\n<li>Blanqueamiento dental seg\u00fan sus deseos<\/li>\n\n\n\n<li>Tratamiento por un dentista experimentado en una cl\u00ednica de 5 estrellas<\/li>\n\n\n\n<li>Asistencia gratuita ante cualquier duda<\/li>\n<\/ul>\n\n<h3 class=\"wp-block-heading\" id=\"teeth-whitening-for\">Blanqueamiento dental para:<\/h3>\n\n<ul class=\"wp-block-list\">\n<li>Los que tienen los dientes manchados o amarillentos por fumar.<\/li>\n\n\n\n<li>Los que tienen los dientes manchados o amarillentos por beber caf\u00e9 o vino.<\/li>\n\n\n\n<li>Aquellos cuyos dientes han amarilleado con la edad.<\/li>\n<\/ul>\n\n<h3 class=\"wp-block-heading\" id=\"teeth-whitening-recovery-timeline\">Calendario de recuperaci\u00f3n del blanqueamiento dental:<\/h3>\n\n<ul class=\"wp-block-list\">\n<li>Vuelta a las actividades normales el mismo d\u00eda sin tiempo de recuperaci\u00f3n en la mayor\u00eda de los casos.<\/li>\n\n\n\n<li>Los dientes pueden estar sensibles durante un par de d\u00edas.<\/li>\n<\/ul>\n\n<h3 class=\"wp-block-heading\" id=\"possible-risks-for-teeth-whitening\">Posibles riesgos del blanqueamiento dental:<\/h3>\n\n<ul class=\"wp-block-list\">\n<li>Dientes sensibles<\/li>\n\n\n\n<li>Da\u00f1os en las ra\u00edces<\/li>\n<\/ul>\n\n<figure class=\"wp-block-image size-full\"><img decoding=\"async\" width=\"960\" height=\"540\" src=\"https:\/\/medclinics.com\/wp-content\/uploads\/2023\/07\/teeth-whitening-near-me-istanbul.jpg\" alt=\"Blanqueamiento dental para el hombre cerca de m&#xED;\" class=\"wp-image-98224\" srcset=\"https:\/\/medclinics.com\/wp-content\/uploads\/2023\/07\/teeth-whitening-near-me-istanbul.jpg 960w, https:\/\/medclinics.com\/wp-content\/uploads\/2023\/07\/teeth-whitening-near-me-istanbul-500x281.jpg 500w, https:\/\/medclinics.com\/wp-content\/uploads\/2023\/07\/teeth-whitening-near-me-istanbul-768x432.jpg 768w, https:\/\/medclinics.com\/wp-content\/uploads\/2023\/07\/teeth-whitening-near-me-istanbul-24x14.jpg 24w, https:\/\/medclinics.com\/wp-content\/uploads\/2023\/07\/teeth-whitening-near-me-istanbul-36x20.jpg 36w, https:\/\/medclinics.com\/wp-content\/uploads\/2023\/07\/teeth-whitening-near-me-istanbul-48x27.jpg 48w\" sizes=\"(max-width: 960px) 100vw, 960px\" \/><\/figure>\n\n<h2 class=\"wp-block-heading\" id=\"aftercare\">Cuidado posterior<\/h2>\n\n<ul class=\"wp-block-list\">\n<li>Durante las 48 horas posteriores al blanqueamiento dental, debe evitar por completo ingerir alimentos de colores.<\/li>\n\n\n\n<li>En los 2 d\u00edas siguientes al blanqueamiento, deje por completo de fumar productos del tabaco. Durante las 2 semanas siguientes, reduzca al m\u00e1ximo el n\u00famero de cigarrillos fumados.<\/li>\n\n\n\n<li>Despu\u00e9s de los procedimientos de blanqueamiento, es importante mantener una buena higiene bucal: usar hilo dental, un buen cepillo de dientes, pasta dent\u00edfrica, enjuague bucal e irrigador.<\/li>\n\n\n\n<li>En caso de malestar\/dolor, tome un analg\u00e9sico.<\/li>\n<\/ul>\n\n<h2 class=\"wp-block-heading\" id=\"top-teeth-whitening-costs-by-country\">Costes del blanqueamiento dental por pa\u00edses<\/h2>\n\n<figure class=\"wp-block-table\"><table><thead><tr><th>Pa\u00eds <\/th><th>Precio  <\/th><th>Clasificaci\u00f3n<\/th><\/tr><\/thead><tbody><tr><td>Turqu\u00eda<\/td><td>~ 250\u20ac<\/td><td>\u2605\u2605\u2605\u2605\u2605<\/td><\/tr><tr><td>Rep\u00fablica Checa<\/td><td>~ 260\u20ac<\/td><td>\u2605\u2605\u2605\u2605<\/td><\/tr><tr><td>M\u00e9xico<\/td><td>~ 290\u20ac<\/td><td>\u2605\u2605\u2605<\/td><\/tr><tr><td>Alemania<\/td><td>~ 430\u20ac<\/td><td>\u2605\u2605<\/td><\/tr><tr><td>EE.UU.<\/td><td>~ 600\u20ac<\/td><td>\u2605\u2605<\/td><\/tr><\/tbody><\/table><\/figure>\n\n<figure class=\"wp-block-image size-full\"><img loading=\"lazy\" decoding=\"async\" width=\"960\" height=\"540\" src=\"https:\/\/medclinics.com\/wp-content\/uploads\/2023\/07\/teeth-whitening-near-me-cheap.jpg\" alt=\"Blanqueamiento dental cerca de m&#xED; barato\" class=\"wp-image-98238\" srcset=\"https:\/\/medclinics.com\/wp-content\/uploads\/2023\/07\/teeth-whitening-near-me-cheap.jpg 960w, https:\/\/medclinics.com\/wp-content\/uploads\/2023\/07\/teeth-whitening-near-me-cheap-500x281.jpg 500w, https:\/\/medclinics.com\/wp-content\/uploads\/2023\/07\/teeth-whitening-near-me-cheap-768x432.jpg 768w, https:\/\/medclinics.com\/wp-content\/uploads\/2023\/07\/teeth-whitening-near-me-cheap-24x14.jpg 24w, https:\/\/medclinics.com\/wp-content\/uploads\/2023\/07\/teeth-whitening-near-me-cheap-36x20.jpg 36w, https:\/\/medclinics.com\/wp-content\/uploads\/2023\/07\/teeth-whitening-near-me-cheap-48x27.jpg 48w\" sizes=\"(max-width: 960px) 100vw, 960px\" \/><\/figure>\n\n<h2 class=\"wp-block-heading\" id=\"faq\">PREGUNTAS FRECUENTES<\/h2>\n<div id=\"rank-math-faq\" class=\"rank-math-block\">\n<div class=\"rank-math-list \">\n<div id=\"faq-question-1682600076408\" class=\"rank-math-list-item\">\n<h3 class=\"rank-math-question \">\u00bfCu\u00e1l es la diferencia entre el blanqueamiento profesional y el no profesional?<\/h3>\n<div class=\"rank-math-answer \">\n\n<p>El blanqueamiento profesional lo lleva a cabo un dentista cualificado, lo que garantiza un servicio de alto nivel y sin complicaciones, con un efecto significativo y duradero.<\/p>\n\n<\/div>\n<\/div>\n<div id=\"faq-question-1684401326874\" class=\"rank-math-list-item\">\n<h3 class=\"rank-math-question \">\u00bfEl blanqueamiento es malo para los dientes? \u00bfNo se volver\u00e1n m\u00e1s fr\u00e1giles, m\u00e1s susceptibles a la caries o a la erosi\u00f3n despu\u00e9s del blanqueamiento?<\/h3>\n<div class=\"rank-math-answer \">\n\n<p>Est\u00e1 demostrado en laboratorio y cl\u00ednicamente que el blanqueamiento no da\u00f1a la estructura cristalina de los dientes, responsable de su fortaleza y resistencia a la caries: s\u00f3lo afecta a los pigmentos org\u00e1nicos del diente, responsables de su color. En todo el mundo se utilizan desde hace d\u00e9cadas m\u00e9todos profesionales de blanqueamiento, y a lo largo de los a\u00f1os no se han observado efectos adversos ni en los dientes ni en los tejidos bucales.<\/p>\n\n<\/div>\n<\/div>\n<div id=\"faq-question-1684401327792\" class=\"rank-math-list-item\">\n<h3 class=\"rank-math-question \">\u00bfEl blanqueamiento es un procedimiento doloroso?<\/h3>\n<div class=\"rank-math-answer \">\n\n<p>En algunos casos, el blanqueamiento puede causar sensibilidad dental en respuesta a la penetraci\u00f3n de las mol\u00e9culas del gel blanqueador en las capas superficiales del diente. Pero se trata de una reacci\u00f3n individual. La sensibilidad dental durante el blanqueamiento es siempre temporal, y una vez finalizado el procedimiento desaparecer\u00e1. Para prevenir y eliminar la sensibilidad, el m\u00e9dico utiliza geles profesionales especiales que contienen fl\u00faor y nitrato pot\u00e1sico. Tambi\u00e9n puede administrarse un anest\u00e9sico local si el m\u00e9dico lo indica.<\/p>\n\n<\/div>\n<\/div>\n<div id=\"faq-question-1684401328891\" class=\"rank-math-list-item\">\n<h3 class=\"rank-math-question \">\u00bfPuedo hacerme un blanqueamiento si ya tengo sensibilidad dental?<\/h3>\n<div class=\"rank-math-answer \">\n\n<p>Las causas de la sensibilidad antes y durante el blanqueamiento suelen deberse a zonas de esmalte desnudo o desgastado, defectos en forma de cu\u00f1a y caries. Estas zonas deben aislarse con materiales especiales durante el blanqueo. Dado que casi todos los sistemas de blanqueamiento modernos contienen preparados (fluoruro s\u00f3dico, nitrato pot\u00e1sico, fosfato c\u00e1lcico amorfo), mientras se blanquea el paciente tambi\u00e9n toma un tratamiento que refuerza la estructura del esmalte y ayuda a reducir la sensibilidad dental.<\/p>\n\n<\/div>\n<\/div>\n<div id=\"faq-question-1684401331845\" class=\"rank-math-list-item\">\n<h3 class=\"rank-math-question \">\u00bfCu\u00e1nto dura el efecto despu\u00e9s del blanqueamiento?<\/h3>\n<div class=\"rank-math-answer \">\n\n<p>El grado de blanqueamiento y la duraci\u00f3n del efecto dependen de la t\u00e9cnica de blanqueamiento. Se tiene en cuenta el color individual de sus dientes. El resultado dura una media de 3 a 5 a\u00f1os y, con los cuidados adecuados, incluso m\u00e1s. Todos los fabricantes de sistemas de blanqueamiento recomiendan un breve curso de mantenimiento de blanqueamiento en casa cada seis meses.<\/p>\n\n<\/div>\n<\/div>\n<div id=\"faq-question-1684401332796\" class=\"rank-math-list-item\">\n<h3 class=\"rank-math-question \">\u00bfQu\u00e9 le ocurre al esmalte durante y despu\u00e9s del blanqueamiento?<\/h3>\n<div class=\"rank-math-answer \">\n\n<p>Aparecen huecos en la estructura del esmalte donde se ha desprendido el pigmento. Esta es la causa de la sensaci\u00f3n dolorosa del paciente. Los estudios demuestran que 8 d\u00edas despu\u00e9s del procedimiento, el organismo restaura completamente la estructura del esmalte, pero ya no con compuestos pigmentados, sino con cristales de apatita.<\/p>\n\n<\/div>\n<\/div>\n<div id=\"faq-question-1684401333742\" class=\"rank-math-list-item\">\n<h3 class=\"rank-math-question \">\u00bfPuedo hacerme un blanqueamiento si tengo empastes?<\/h3>\n<div class=\"rank-math-answer \">\n\n<p>S\u00ed, pero debe tener en cuenta que los empastes no se blanquean. Si son grandes, pueden sustituirse despu\u00e9s del blanqueamiento. Si son peque\u00f1os, puede que no sean visibles. \u2800<\/p>\n\n<\/div>\n<\/div>\n<div id=\"faq-question-1684401334776\" class=\"rank-math-list-item\">\n<h3 class=\"rank-math-question \">\u00bfPuedo hacerme un blanqueamiento si tengo caries?<\/h3>\n<div class=\"rank-math-answer \">\n\n<p>No. La caries debe ser tratada antes de que pueda llevarse a cabo el tratamiento.<\/p>\n\n<\/div>\n<\/div>\n<\/div>\n<\/div>\n<h2 class=\"wp-block-heading\" id=\"history\">Historia<\/h2>\n\n<p>Los dientes blancos no siempre han sido un signo de atractivo humano. La historia conoce bastantes casos en los que diferentes culturas han dado a sus dientes tonos turquesas, verdes o negros. El est\u00e1ndar de belleza es un concepto bastante variable, que a\u00fan hoy var\u00eda. Pero la humanidad siempre se ha esforzado por realizar diversas manipulaciones en los dientes: tallar, construir, alisar los bordes rotos, etc.<\/p>\n\n<p>Por ejemplo, los mayas que vivieron en nuestro planeta hace m\u00e1s de 2.000 a\u00f1os ten\u00edan dientes afilados con piedras preciosas engarzadas, que se consideraban el est\u00e1ndar de belleza. Los mayas prefer\u00edan pintarse los dientes de azul, verde o turquesa. Las mujeres maduras de Bali tambi\u00e9n intentaban estar m\u00e1s guapas quit\u00e1ndose completamente el esmalte de los dientes delanteros. Los samur\u00e1is y las mujeres japonesas se pintaban los dientes con un esmalte negro especial que resaltaba la blancura del rostro. En Madagascar, era costumbre que las mujeres tuvieran incisivos afilados como tiburones. En algunas tribus africanas, los hombres tambi\u00e9n atra\u00edan la atenci\u00f3n femenina afil\u00e1ndose los dientes delanteros.<\/p>\n\n<p>Hace mucho tiempo, en Europa, los dientes negros se consideraban un modelo de atractivo. Hab\u00eda razones para ello. En Rusia, uno de los signos del lujo era el az\u00facar, que era muy caro. El consumo constante de az\u00facar les enfermaba los dientes y les daba un color negro del que estaban muy orgullosos. La gente m\u00e1s pobre, en un intento de parecer m\u00e1s rica, utilizaba negro de humo para mancharse los dientes. En Inglaterra, durante el reinado de Isabel, el az\u00facar tambi\u00e9n se consideraba muy caro y los dientes negros eran el resultado de un consumo excesivo. Como era de esperar, la tradici\u00f3n hab\u00eda quedado obsoleta a principios del siglo XVIII.<\/p>\n\n<p>Una sonrisa blanca como la nieve se populariz\u00f3 por primera vez en EE.UU. y sigue consider\u00e1ndose un indicador no s\u00f3lo de salud, sino tambi\u00e9n de riqueza.<\/p>\n\n<p>Un hito importante en la historia del blanqueamiento comenz\u00f3 en 1884, cuando el per\u00f3xido de hidr\u00f3geno se convirti\u00f3 en la base oficial de todos los sistemas de blanqueamiento, no s\u00f3lo durante los 100 a\u00f1os siguientes, sino durante un periodo muy posterior. Los primeros resultados de una amplia investigaci\u00f3n cient\u00edfica se hicieron p\u00fablicos en 1990. Confirmaron que esta tecnolog\u00eda de blanqueamiento dental era completamente segura y no causaba ning\u00fan da\u00f1o al esmalte. Como resultado de esta conclusi\u00f3n, el proceso de blanqueamiento dental gan\u00f3 una segunda popularidad.<\/p>\n\n<p>A principios de los 90, el mercado lanz\u00f3 productos blanqueadores tan de moda como: Discus Dental de Nite White; Opalescence de Ultradent. Poco despu\u00e9s, la tecnolog\u00eda ZOOM fue un \u00e9xito absoluto.<\/p>\n","protected":false},"excerpt":{"rendered":"<p>El blanqueamiento dental es un tratamiento dental cosm\u00e9tico que se utiliza para aclarar el color de los dientes. Es un [&hellip;]<\/p>\n","protected":false},"author":4,"featured_media":45031,"parent":0,"menu_order":0,"comment_status":"closed","ping_status":"closed","template":"","meta":{"site-sidebar-layout":"default","site-content-layout":"","ast-site-content-layout":"default","site-content-style":"default","site-sidebar-style":"default","ast-global-header-display":"","ast-banner-title-visibility":"","ast-main-header-display":"","ast-hfb-above-header-display":"","ast-hfb-below-header-display":"","ast-hfb-mobile-header-display":"","site-post-title":"","ast-breadcrumbs-content":"","ast-featured-img":"","footer-sml-layout":"","ast-disable-related-posts":"","theme-transparent-header-meta":"","adv-header-id-meta":"","stick-header-meta":"","header-above-stick-meta":"","header-main-stick-meta":"","header-below-stick-meta":"","astra-migrate-meta-layouts":"default","ast-page-background-enabled":"default","ast-page-background-meta":{"desktop":{"background-color":"var(--ast-global-color-4)","background-image":"","background-repeat":"repeat","background-position":"center center","background-size":"auto","background-attachment":"scroll","background-type":"","background-media":"","overlay-type":"","overlay-color":"","overlay-opacity":"","overlay-gradient":""},"tablet":{"background-color":"","background-image":"","background-repeat":"repeat","background-position":"center center","background-size":"auto","background-attachment":"scroll","background-type":"","background-media":"","overlay-type":"","overlay-color":"","overlay-opacity":"","overlay-gradient":""},"mobile":{"background-color":"","background-image":"","background-repeat":"repeat","background-position":"center center","background-size":"auto","background-attachment":"scroll","background-type":"","background-media":"","overlay-type":"","overlay-color":"","overlay-opacity":"","overlay-gradient":""}},"ast-content-background-meta":{"desktop":{"background-color":"var(--ast-global-color-5)","background-image":"","background-repeat":"repeat","background-position":"center center","background-size":"auto","background-attachment":"scroll","background-type":"","background-media":"","overlay-type":"","overlay-color":"","overlay-opacity":"","overlay-gradient":""},"tablet":{"background-color":"var(--ast-global-color-5)","background-image":"","background-repeat":"repeat","background-position":"center center","background-size":"auto","background-attachment":"scroll","background-type":"","background-media":"","overlay-type":"","overlay-color":"","overlay-opacity":"","overlay-gradient":""},"mobile":{"background-color":"var(--ast-global-color-5)","background-image":"","background-repeat":"repeat","background-position":"center center","background-size":"auto","background-attachment":"scroll","background-type":"","background-media":"","overlay-type":"","overlay-color":"","overlay-opacity":"","overlay-gradient":""}},"footnotes":""},"class_list":["post-145879","page","type-page","status-publish","has-post-thumbnail","hentry"],"_links":{"self":[{"href":"https:\/\/medclinics.com\/es\/wp-json\/wp\/v2\/pages\/145879","targetHints":{"allow":["GET"]}}],"collection":[{"href":"https:\/\/medclinics.com\/es\/wp-json\/wp\/v2\/pages"}],"about":[{"href":"https:\/\/medclinics.com\/es\/wp-json\/wp\/v2\/types\/page"}],"author":[{"embeddable":true,"href":"https:\/\/medclinics.com\/es\/wp-json\/wp\/v2\/users\/4"}],"replies":[{"embeddable":true,"href":"https:\/\/medclinics.com\/es\/wp-json\/wp\/v2\/comments?post=145879"}],"version-history":[{"count":0,"href":"https:\/\/medclinics.com\/es\/wp-json\/wp\/v2\/pages\/145879\/revisions"}],"wp:featuredmedia":[{"embeddable":true,"href":"https:\/\/medclinics.com\/es\/wp-json\/wp\/v2\/media\/45031"}],"wp:attachment":[{"href":"https:\/\/medclinics.com\/es\/wp-json\/wp\/v2\/media?parent=145879"}],"curies":[{"name":"wp","href":"https:\/\/api.w.org\/{rel}","templated":true}]}}