{"id":145867,"date":"2023-11-15T09:07:00","date_gmt":"2023-11-15T06:07:00","guid":{"rendered":"https:\/\/medclinics.com\/dientes-de-circonio\/"},"modified":"2024-06-19T20:58:35","modified_gmt":"2024-06-19T17:58:35","slug":"dientes-de-circonio","status":"publish","type":"page","link":"https:\/\/medclinics.com\/es\/dientes-de-circonio\/","title":{"rendered":"Dientes de circonio"},"content":{"rendered":"\n<h2 class=\"wp-block-heading\">Los dientes de circonio proporcionan una sonrisa natural<\/h2>\n\n<p>\u00bfEst\u00e1s buscando una forma f\u00e1cil y segura de sonre\u00edr? \u00a1Los dientes de circonio pueden ser justo lo que necesitas! Tambi\u00e9n denominadas coronas de circonio, estas <a href=\"https:\/\/medclinics.com\/es\/corona-dental\/\" data-type=\"page\" data-id=\"145907\" target=\"_blank\" rel=\"noreferrer noopener\">coronas dentales<\/a> fabricadas con tipos especiales de porcelana pueden dar a tu sonrisa una confianza natural con cada sonrisa que brille con naturalidad y seguridad. Las coronas de circonio tambi\u00e9n pueden colocarse sobre <a href=\"https:\/\/dentalimplant.gen.tr\/\" target=\"_blank\" rel=\"noreferrer noopener\">implantes dentales<\/a>. Al ser hipoalerg\u00e9nicas y parecerse a los dientes naturales, las coronas de circonio son la opci\u00f3n preferida de muchos pacientes que buscan soluciones duraderas y de aspecto natural para su sonrisa.<\/p>\n\n<h3 class=\"wp-block-heading\">\u00bfPor qu\u00e9 elegir dientes de circonio?<\/h3>\n\n<p>Los dientes de circonio se han hecho tan populares por varias razones:<\/p>\n\n<p><strong>Aspecto natural<\/strong>: Las coronas de circonio son conocidas por su<strong> <\/strong>aspecto natural<strong>.<\/strong> Su calidad transl\u00facida se asemeja mucho al esmalte dental natural, por lo que son ideales para las carillas de los dientes frontales. Las coronas de circonio pueden ayudar a restaurar la belleza de tu sonrisa con belleza, tanto si hay caries, decoloraci\u00f3n u otras imperfecciones en los dientes frontales: \u00a1restaurarla con las coronas de circonio es realmente m\u00e1gico!<\/p>\n\n<p><strong>Durabilidad y resistencia<\/strong>: Los dientes de circonio son extremadamente duraderos, resistentes al desgaste, duran mucho m\u00e1s que muchas opciones tradicionales y no se desgastan como las coronas con soporte met\u00e1lico. Su construcci\u00f3n resistente garantiza que mantengan su mejor aspecto con el paso del tiempo.<\/p>\n\n<p><strong>Hipoalerg\u00e9nico<\/strong>: El circonio es un material biocompatible, lo que significa que no provoca reacciones al\u00e9rgicas ni irritaciones cuando se coloca directamente sobre el tejido gingival. Esto hace que las coronas de circonio sean una opci\u00f3n ideal para los pacientes que tienen sensibilidad o alergia a los metales.<\/p>\n\n<p><strong>Bajo mantenimiento:<\/strong> Los dientes de circonio ofrecen otra gran ventaja en t\u00e9rminos de bajo mantenimiento. Como su color permanece constante a lo largo del tiempo, no hay necesidad de sesiones frecuentes de blanqueamiento, lo que significa que tu sonrisa permanecer\u00e1 brillante y bonita con un mantenimiento m\u00ednimo.<\/p>\n\n<h3 class=\"wp-block-heading\">Ventajas de las coronas de circonio frente a las coronas met\u00e1licas<\/h3>\n\n<p>Las coronas de circonio ofrecen muchas ventajas sobre las coronas con soporte met\u00e1lico:<\/p>\n\n<p><strong>Longevidad:<\/strong> Las coronas de circonio tienen una vida \u00fatil m\u00e1s larga que las coronas con soporte met\u00e1lico debido a su excepcional durabilidad, que les permite soportar las presiones del uso diario sin un desgaste significativo.<\/p>\n\n<p><strong>Color uniforme:<\/strong> las coronas de circonio ofrecen colores uniformes a lo largo del tiempo, a diferencia de las carillas normales, que pueden necesitar sesiones peri\u00f3dicas de blanqueamiento. Esto garantiza una sonrisa uniforme y de aspecto natural durante a\u00f1os.<\/p>\n\n<p>Las coronas de circonio tienen unas cualidades est\u00e9ticas superiores a las coronas con soporte met\u00e1lico, y ofrecen unos resultados de aspecto m\u00e1s natural gracias a sus cualidades transl\u00facidas y a su capacidad para adaptarse mejor a los colores naturales de los dientes. Su translucidez los hace pr\u00e1cticamente indiscernibles de los dientes reales, proporcionando una cobertura \u00f3ptima.<\/p>\n\n<h3 class=\"wp-block-heading\">Consideraciones y costes<\/h3>\n\n<p>Aunque las coronas de circonio aportan muchas ventajas, es crucial tener en cuenta sus costes, as\u00ed como elegir un dentista experto a la hora de hacer esta inversi\u00f3n. Aunque las coronas de circonio pueden costar m\u00e1s que otros materiales, su durabilidad y atractivo est\u00e9tico suelen hacer que el gasto merezca la pena; sin embargo, si no las coloca correctamente un profesional con experiencia, las coronas de circonio pueden tener problemas como agrietarse o romperse, igual que cualquier otra corona del mercado.<\/p>\n\n<h3 class=\"wp-block-heading\">C\u00f3mo elegir una cl\u00ednica dental adecuada<\/h3>\n\n<p>Antes de tomar una decisi\u00f3n sobre los dientes de circonio, es esencial investigar a fondo y elegir una cl\u00ednica fiable. En MedClinics, est\u00e1s en buenas manos, ya que s\u00f3lo contamos con m\u00e9dicos certificados y altamente especializados con amplia experiencia en la colocaci\u00f3n de coronas de circonio, lo que garantiza que cada uno de nuestros pacientes reciba una atenci\u00f3n del m\u00e1s alto nivel con resultados extraordinarios en sus restauraciones.<\/p>\n\n<h3 class=\"wp-block-heading\">Conclusi\u00f3n<\/h3>\n\n<p>Los dientes de circonio ofrecen una soluci\u00f3n duradera, est\u00e9tica e hipoalerg\u00e9nica para las restauraciones dentales. Su aspecto natural y su resistencia las convierten en una opci\u00f3n excelente para quien desee mejorar su sonrisa. Aunque el coste inicial puede ser m\u00e1s elevado que el de otras opciones de coronas, sus ventajas a largo plazo y sus escasas necesidades de mantenimiento hacen que merezca la pena invertir en coronas de circonio. Aseg\u00farate de elegir una cl\u00ednica con experiencia como MedClinics para obtener unos resultados excelentes durante a\u00f1os y disfrutar de una bonita sonrisa natural de por vida.<\/p>\n\n<h3 class=\"wp-block-heading\">Todo lo que necesitas saber sobre el <a href=\"https:\/\/medclinics.com\/dental-treatment\/\" target=\"_blank\" rel=\"noreferrer noopener\">tratamiento dental<\/a>, incluido el precio, los cuidados posteriores y el proceso de curaci\u00f3n, <a href=\"#requestform\">\u00a1contacta con nosotros<\/a> ahora mismo!<\/h3>\n\n<figure class=\"wp-block-image size-full\"><img fetchpriority=\"high\" decoding=\"async\" width=\"960\" height=\"540\" src=\"https:\/\/medclinics.com\/wp-content\/uploads\/2023\/07\/zirconium-teeth-near-me.jpg\" alt=\"Dientes de circonio cerca de m&#xED;\" class=\"wp-image-98272\" srcset=\"https:\/\/medclinics.com\/wp-content\/uploads\/2023\/07\/zirconium-teeth-near-me.jpg 960w, https:\/\/medclinics.com\/wp-content\/uploads\/2023\/07\/zirconium-teeth-near-me-500x281.jpg 500w, https:\/\/medclinics.com\/wp-content\/uploads\/2023\/07\/zirconium-teeth-near-me-768x432.jpg 768w, https:\/\/medclinics.com\/wp-content\/uploads\/2023\/07\/zirconium-teeth-near-me-24x14.jpg 24w, https:\/\/medclinics.com\/wp-content\/uploads\/2023\/07\/zirconium-teeth-near-me-36x20.jpg 36w, https:\/\/medclinics.com\/wp-content\/uploads\/2023\/07\/zirconium-teeth-near-me-48x27.jpg 48w\" sizes=\"(max-width: 960px) 100vw, 960px\" \/><\/figure>\n\n<h2 class=\"wp-block-heading\">PREGUNTAS FRECUENTES<\/h2>\n<div id=\"rank-math-faq\" class=\"rank-math-block\">\n<div class=\"rank-math-list \">\n<div id=\"faq-question-1682666956133\" class=\"rank-math-list-item\">\n<h3 class=\"rank-math-question \">\u00bfQu\u00e9 son los dientes de circonio?<\/h3>\n<div class=\"rank-math-answer \">\n\n<p>Los dientes de circonio se refieren normalmente a restauraciones dentales hechas con circonio, un tipo de material cer\u00e1mico. Los dientes de circonio pueden incluir coronas dentales, puentes o implantes dentales fabricados con circonio como componente principal. El \u00f3xido de circonio es conocido por su resistencia, durabilidad y aspecto natural, lo que lo convierte en una opci\u00f3n popular en odontolog\u00eda restauradora. Estas restauraciones a base de circonio ofrecen una est\u00e9tica excelente y un rendimiento duradero, asemej\u00e1ndose mucho a los dientes naturales.<\/p>\n\n<\/div>\n<\/div>\n<div id=\"faq-question-1682603361561\" class=\"rank-math-list-item\">\n<h3 class=\"rank-math-question \">\u00bfEs bueno el circonio para los dientes?<\/h3>\n<div class=\"rank-math-answer \">\n\n<p>El \u00f3xido de circonio, un material cer\u00e1mico utilizado en odontolog\u00eda, ofrece varias ventajas para las aplicaciones dentales. Sus propiedades est\u00e9ticas le permiten parecerse mucho a los dientes naturales, por lo que es una elecci\u00f3n popular para restauraciones en zonas visibles de la boca. El \u00f3xido de circonio tambi\u00e9n es conocido por su durabilidad, con una gran fuerza y resistencia a las fracturas, lo que garantiza restauraciones dentales duraderas. Adem\u00e1s, el \u00f3xido de circonio es biocompatible, lo que significa que es bien tolerado por el organismo y no suele provocar reacciones adversas ni alergias. Otra ventaja es que el \u00f3xido de circonio causa menos desgaste en los dientes naturales opuestos en comparaci\u00f3n con otros materiales como el metal. Adem\u00e1s, su menor conductividad t\u00e9rmica reduce la sensibilidad a los cambios de temperatura, proporcionando un mayor confort. Sin embargo, es importante consultar con un dentista para determinar el material m\u00e1s adecuado a las necesidades dentales individuales. Pueden evaluar afecciones espec\u00edficas y ofrecer recomendaciones personalizadas para obtener resultados \u00f3ptimos.<\/p>\n\n<\/div>\n<\/div>\n<div id=\"faq-question-1682665852961\" class=\"rank-math-list-item\">\n<h3 class=\"rank-math-question \">\u00bfSon fuertes los dientes de circonio?<\/h3>\n<div class=\"rank-math-answer \">\n\n<p>S\u00ed, los dientes de circonio son conocidos por su resistencia y durabilidad. El \u00f3xido de circonio, un material cer\u00e1mico, posee excelentes propiedades mec\u00e1nicas, entre ellas una gran solidez y resistencia a las fracturas. Esto hace que los dientes de \u00f3xido de circonio sean muy resistentes y capaces de soportar las fuerzas de la mordida y la masticaci\u00f3n. En comparaci\u00f3n con otros materiales dentales como el metal o la porcelana tradicional, la zirconia se considera una de las opciones m\u00e1s resistentes disponibles para restauraciones dentales. Su resistencia y durabilidad contribuyen al \u00e9xito a largo plazo y a la longevidad de los dientes de circonio.<\/p>\n\n<\/div>\n<\/div>\n<div id=\"faq-question-1682666623404\" class=\"rank-math-list-item\">\n<h3 class=\"rank-math-question \">\u00bfQu\u00e9 son las coronas de circonio?<\/h3>\n<div class=\"rank-math-answer \">\n\n<p>Las coronas de circonio, tambi\u00e9n conocidas como coronas de \u00f3xido de circonio, son coronas dentales fabricadas con un material cer\u00e1mico resistente y duradero llamado \u00f3xido de circonio. Ofrecen una excelente est\u00e9tica, durabilidad y resistencia al astillado o la fractura. Las coronas de circonio imitan fielmente el aspecto de los dientes naturales y son una opci\u00f3n popular en odontolog\u00eda restauradora.<\/p>\n\n<\/div>\n<\/div>\n<\/div>\n<\/div>\n<h3 class=\"wp-block-heading\">P\u00f3ngase <a href=\"#requestform\">en contacto con nosotros<\/a> si tiene alguna pregunta.<\/h3>\n","protected":false},"excerpt":{"rendered":"<p>Los dientes de circonio proporcionan una sonrisa natural \u00bfEst\u00e1s buscando una forma f\u00e1cil y segura de sonre\u00edr? \u00a1Los dientes de [&hellip;]<\/p>\n","protected":false},"author":4,"featured_media":92470,"parent":0,"menu_order":0,"comment_status":"closed","ping_status":"closed","template":"","meta":{"site-sidebar-layout":"default","site-content-layout":"","ast-site-content-layout":"default","site-content-style":"default","site-sidebar-style":"default","ast-global-header-display":"","ast-banner-title-visibility":"","ast-main-header-display":"","ast-hfb-above-header-display":"","ast-hfb-below-header-display":"","ast-hfb-mobile-header-display":"","site-post-title":"","ast-breadcrumbs-content":"","ast-featured-img":"","footer-sml-layout":"","ast-disable-related-posts":"","theme-transparent-header-meta":"","adv-header-id-meta":"","stick-header-meta":"","header-above-stick-meta":"","header-main-stick-meta":"","header-below-stick-meta":"","astra-migrate-meta-layouts":"default","ast-page-background-enabled":"default","ast-page-background-meta":{"desktop":{"background-color":"var(--ast-global-color-4)","background-image":"","background-repeat":"repeat","background-position":"center center","background-size":"auto","background-attachment":"scroll","background-type":"","background-media":"","overlay-type":"","overlay-color":"","overlay-opacity":"","overlay-gradient":""},"tablet":{"background-color":"","background-image":"","background-repeat":"repeat","background-position":"center center","background-size":"auto","background-attachment":"scroll","background-type":"","background-media":"","overlay-type":"","overlay-color":"","overlay-opacity":"","overlay-gradient":""},"mobile":{"background-color":"","background-image":"","background-repeat":"repeat","background-position":"center center","background-size":"auto","background-attachment":"scroll","background-type":"","background-media":"","overlay-type":"","overlay-color":"","overlay-opacity":"","overlay-gradient":""}},"ast-content-background-meta":{"desktop":{"background-color":"var(--ast-global-color-5)","background-image":"","background-repeat":"repeat","background-position":"center center","background-size":"auto","background-attachment":"scroll","background-type":"","background-media":"","overlay-type":"","overlay-color":"","overlay-opacity":"","overlay-gradient":""},"tablet":{"background-color":"var(--ast-global-color-5)","background-image":"","background-repeat":"repeat","background-position":"center center","background-size":"auto","background-attachment":"scroll","background-type":"","background-media":"","overlay-type":"","overlay-color":"","overlay-opacity":"","overlay-gradient":""},"mobile":{"background-color":"var(--ast-global-color-5)","background-image":"","background-repeat":"repeat","background-position":"center center","background-size":"auto","background-attachment":"scroll","background-type":"","background-media":"","overlay-type":"","overlay-color":"","overlay-opacity":"","overlay-gradient":""}},"footnotes":""},"class_list":["post-145867","page","type-page","status-publish","has-post-thumbnail","hentry"],"_links":{"self":[{"href":"https:\/\/medclinics.com\/es\/wp-json\/wp\/v2\/pages\/145867","targetHints":{"allow":["GET"]}}],"collection":[{"href":"https:\/\/medclinics.com\/es\/wp-json\/wp\/v2\/pages"}],"about":[{"href":"https:\/\/medclinics.com\/es\/wp-json\/wp\/v2\/types\/page"}],"author":[{"embeddable":true,"href":"https:\/\/medclinics.com\/es\/wp-json\/wp\/v2\/users\/4"}],"replies":[{"embeddable":true,"href":"https:\/\/medclinics.com\/es\/wp-json\/wp\/v2\/comments?post=145867"}],"version-history":[{"count":0,"href":"https:\/\/medclinics.com\/es\/wp-json\/wp\/v2\/pages\/145867\/revisions"}],"wp:featuredmedia":[{"embeddable":true,"href":"https:\/\/medclinics.com\/es\/wp-json\/wp\/v2\/media\/92470"}],"wp:attachment":[{"href":"https:\/\/medclinics.com\/es\/wp-json\/wp\/v2\/media?parent=145867"}],"curies":[{"name":"wp","href":"https:\/\/api.w.org\/{rel}","templated":true}]}}