{"id":145857,"date":"2023-05-18T08:54:03","date_gmt":"2023-05-18T05:54:03","guid":{"rendered":"https:\/\/medclinics.com\/muelas-del-juicio\/"},"modified":"2024-04-01T17:27:09","modified_gmt":"2024-04-01T14:27:09","slug":"muelas-del-juicio","status":"publish","type":"page","link":"https:\/\/medclinics.com\/es\/muelas-del-juicio\/","title":{"rendered":"Muelas del juicio"},"content":{"rendered":"\n<h2 class=\"wp-block-heading\">Si est\u00e1 buscando una forma de re\u00edr con naturalidad, el tratamiento de las muelas del juicio puede ser la opci\u00f3n perfecta.<\/h2>\n\n<p>A medida que envejecemos, nuestro cuerpo experimenta muchos cambios. Una de ellas es la salida de las <a href=\"https:\/\/en.wikipedia.org\/wiki\/Wisdom_tooth\" target=\"_blank\" rel=\"noreferrer noopener\">muelas del<\/a> juicio, tambi\u00e9n conocidas como terceros molares. Estos tard\u00edgrados se localizan en las comisuras posteriores de la boca y suelen aparecer entre los 17 y los 25 a\u00f1os.<\/p>\n\n<p>Mientras que algunas personas pueden no desarrollarlos nunca o tener m\u00e1s de cuatro, otras experimentan problemas cuando sus dientes quedan impactados, es decir, cuando no emergen completamente de debajo de la l\u00ednea de las enc\u00edas. Esto puede provocar dolor, inflamaci\u00f3n e incluso una infecci\u00f3n que podr\u00eda afectar no s\u00f3lo a esos dientes rebeldes, sino tambi\u00e9n a los vecinos.<\/p>\n\n<p>No es de extra\u00f1ar, por tanto, que los dentistas recomienden extraer las muelas del juicio problem\u00e1ticas antes de que causen m\u00e1s problemas, como desalineaci\u00f3n en otras partes de la mand\u00edbula. Sin embargo, debe tenerse en cuenta que la extracci\u00f3n no siempre es necesaria para todo el mundo; cada caso debe ser evaluado individualmente por un dentista o cirujano oral profesional, que determinar\u00e1 si la extracci\u00f3n es necesaria bas\u00e1ndose en circunstancias espec\u00edficas y exclusivas de cada persona.<\/p>\n\n<h3 class=\"wp-block-heading\">Todo lo que necesita saber sobre el <a href=\"https:\/\/medclinics.com\/dental-treatment\/\" target=\"_blank\" rel=\"noreferrer noopener\">tratamiento dental<\/a>, incluido el precio, los cuidados postoperatorios y el proceso de cicatrizaci\u00f3n, o p\u00f3ngase <a href=\"#requestform\">en contacto con nosotros<\/a>.<\/h3>\n\n<figure class=\"wp-block-image size-full\"><img fetchpriority=\"high\" decoding=\"async\" width=\"960\" height=\"540\" class=\"wp-image-98288\" src=\"https:\/\/medclinics.com\/wp-content\/uploads\/2023\/07\/wisdom-teeth-treatment-near-me.jpg\" alt=\"Muelas del juicio cerca de m&#xED;\" srcset=\"https:\/\/medclinics.com\/wp-content\/uploads\/2023\/07\/wisdom-teeth-treatment-near-me.jpg 960w, https:\/\/medclinics.com\/wp-content\/uploads\/2023\/07\/wisdom-teeth-treatment-near-me-500x281.jpg 500w, https:\/\/medclinics.com\/wp-content\/uploads\/2023\/07\/wisdom-teeth-treatment-near-me-768x432.jpg 768w, https:\/\/medclinics.com\/wp-content\/uploads\/2023\/07\/wisdom-teeth-treatment-near-me-24x14.jpg 24w, https:\/\/medclinics.com\/wp-content\/uploads\/2023\/07\/wisdom-teeth-treatment-near-me-36x20.jpg 36w, https:\/\/medclinics.com\/wp-content\/uploads\/2023\/07\/wisdom-teeth-treatment-near-me-48x27.jpg 48w\" sizes=\"(max-width: 960px) 100vw, 960px\" \/><\/figure>\n\n<h2 class=\"wp-block-heading\">PREGUNTAS FRECUENTES<\/h2>\n<div id=\"rank-math-faq\" class=\"rank-math-block\">\n<div class=\"rank-math-list \">\n<div id=\"faq-question-1682603361561\" class=\"rank-math-list-item\">\n<h3 class=\"rank-math-question \">\u00bfCu\u00e1ndo crecen las muelas del juicio?<\/h3>\n<div class=\"rank-math-answer \">\n\n<p>Las muelas del juicio, tambi\u00e9n conocidas como terceros molares, suelen empezar a crecer al final de la adolescencia o a principios de la veintena. El momento exacto puede variar de una persona a otra. Algunos individuos pueden tener su muela del juicio completamente erupcionada y en la alineaci\u00f3n adecuada, mientras que otros pueden experimentar problemas como la muela del juicio impactada, que son incapaces de emerger completamente debido a la falta de espacio en la mand\u00edbula. Si tiene dudas, se recomienda consultar a un dentista o cirujano oral para una evaluaci\u00f3n.<\/p>\n\n<\/div>\n<\/div>\n<div id=\"faq-question-1682665852961\" class=\"rank-math-list-item\">\n<h3 class=\"rank-math-question \">\u00bfC\u00f3mo se extraen las muelas del juicio?<\/h3>\n<div class=\"rank-math-answer \">\n\n<p>La extracci\u00f3n de las muelas del juicio implica un examen, radiograf\u00edas, anestesia, incisi\u00f3n, extracci\u00f3n, limpieza y posibles puntos de sutura. Los cuidados postoperatorios incluyen el control de la inflamaci\u00f3n y las molestias. La complejidad del procedimiento depende del estado de los dientes.<\/p>\n\n<\/div>\n<\/div>\n<div id=\"faq-question-1682666623404\" class=\"rank-math-list-item\">\n<h3 class=\"rank-math-question \">\u00bfPueden las muelas del juicio causar dolor de o\u00eddo?<\/h3>\n<div class=\"rank-math-answer \">\n\n<p>S\u00ed, las muelas del juicio impactadas o inflamadas pueden causar dolor de o\u00eddo debido a la proximidad de los nervios. Es aconsejable buscar la evaluaci\u00f3n profesional de un dentista o cirujano oral para determinar la causa y el tratamiento adecuado.<\/p>\n\n<\/div>\n<\/div>\n<div id=\"faq-question-1682666956133\" class=\"rank-math-list-item\">\n<h3 class=\"rank-math-question \">\u00bfPueden las muelas del juicio provocar dolores de cabeza?<\/h3>\n<div class=\"rank-math-answer \">\n\n<p>S\u00ed, las muelas del juicio a veces pueden causar dolores de cabeza. Cuando est\u00e1n impactados o erupcionan en una posici\u00f3n inadecuada, pueden ejercer presi\u00f3n sobre las estructuras circundantes, incluidos la mand\u00edbula, los senos paranasales y los nervios. Esta presi\u00f3n e inflamaci\u00f3n pueden provocar s\u00edntomas de cefalea, como cefaleas tensionales o dolor referido a otras zonas de la cabeza. Si sufre dolores de cabeza persistentes y sospecha que pueden estar relacionados con sus dientes, se recomienda consultar a un profesional de la odontolog\u00eda para que le examine y le recomiende el tratamiento adecuado.<\/p>\n\n<\/div>\n<\/div>\n<\/div>\n<\/div>\n<p>\u00a0<\/p>\n\n<h3 class=\"wp-block-heading\">P\u00f3ngase en contacto con nosotros si tiene alguna pregunta.<\/h3>\n","protected":false},"excerpt":{"rendered":"<p>Si est\u00e1 buscando una forma de re\u00edr con naturalidad, el tratamiento de las muelas del juicio puede ser la opci\u00f3n [&hellip;]<\/p>\n","protected":false},"author":4,"featured_media":92456,"parent":0,"menu_order":0,"comment_status":"closed","ping_status":"closed","template":"","meta":{"site-sidebar-layout":"default","site-content-layout":"","ast-site-content-layout":"default","site-content-style":"default","site-sidebar-style":"default","ast-global-header-display":"","ast-banner-title-visibility":"","ast-main-header-display":"","ast-hfb-above-header-display":"","ast-hfb-below-header-display":"","ast-hfb-mobile-header-display":"","site-post-title":"","ast-breadcrumbs-content":"","ast-featured-img":"","footer-sml-layout":"","ast-disable-related-posts":"","theme-transparent-header-meta":"","adv-header-id-meta":"","stick-header-meta":"","header-above-stick-meta":"","header-main-stick-meta":"","header-below-stick-meta":"","astra-migrate-meta-layouts":"default","ast-page-background-enabled":"default","ast-page-background-meta":{"desktop":{"background-color":"var(--ast-global-color-4)","background-image":"","background-repeat":"repeat","background-position":"center center","background-size":"auto","background-attachment":"scroll","background-type":"","background-media":"","overlay-type":"","overlay-color":"","overlay-opacity":"","overlay-gradient":""},"tablet":{"background-color":"","background-image":"","background-repeat":"repeat","background-position":"center center","background-size":"auto","background-attachment":"scroll","background-type":"","background-media":"","overlay-type":"","overlay-color":"","overlay-opacity":"","overlay-gradient":""},"mobile":{"background-color":"","background-image":"","background-repeat":"repeat","background-position":"center center","background-size":"auto","background-attachment":"scroll","background-type":"","background-media":"","overlay-type":"","overlay-color":"","overlay-opacity":"","overlay-gradient":""}},"ast-content-background-meta":{"desktop":{"background-color":"var(--ast-global-color-5)","background-image":"","background-repeat":"repeat","background-position":"center center","background-size":"auto","background-attachment":"scroll","background-type":"","background-media":"","overlay-type":"","overlay-color":"","overlay-opacity":"","overlay-gradient":""},"tablet":{"background-color":"var(--ast-global-color-5)","background-image":"","background-repeat":"repeat","background-position":"center center","background-size":"auto","background-attachment":"scroll","background-type":"","background-media":"","overlay-type":"","overlay-color":"","overlay-opacity":"","overlay-gradient":""},"mobile":{"background-color":"var(--ast-global-color-5)","background-image":"","background-repeat":"repeat","background-position":"center center","background-size":"auto","background-attachment":"scroll","background-type":"","background-media":"","overlay-type":"","overlay-color":"","overlay-opacity":"","overlay-gradient":""}},"footnotes":""},"class_list":["post-145857","page","type-page","status-publish","has-post-thumbnail","hentry"],"_links":{"self":[{"href":"https:\/\/medclinics.com\/es\/wp-json\/wp\/v2\/pages\/145857","targetHints":{"allow":["GET"]}}],"collection":[{"href":"https:\/\/medclinics.com\/es\/wp-json\/wp\/v2\/pages"}],"about":[{"href":"https:\/\/medclinics.com\/es\/wp-json\/wp\/v2\/types\/page"}],"author":[{"embeddable":true,"href":"https:\/\/medclinics.com\/es\/wp-json\/wp\/v2\/users\/4"}],"replies":[{"embeddable":true,"href":"https:\/\/medclinics.com\/es\/wp-json\/wp\/v2\/comments?post=145857"}],"version-history":[{"count":0,"href":"https:\/\/medclinics.com\/es\/wp-json\/wp\/v2\/pages\/145857\/revisions"}],"wp:featuredmedia":[{"embeddable":true,"href":"https:\/\/medclinics.com\/es\/wp-json\/wp\/v2\/media\/92456"}],"wp:attachment":[{"href":"https:\/\/medclinics.com\/es\/wp-json\/wp\/v2\/media?parent=145857"}],"curies":[{"name":"wp","href":"https:\/\/api.w.org\/{rel}","templated":true}]}}