{"id":145845,"date":"2023-05-31T08:30:15","date_gmt":"2023-05-31T05:30:15","guid":{"rendered":"https:\/\/medclinics.com\/mesoterapia\/"},"modified":"2024-04-08T16:34:43","modified_gmt":"2024-04-08T13:34:43","slug":"mesoterapia","status":"publish","type":"page","link":"https:\/\/medclinics.com\/es\/mesoterapia\/","title":{"rendered":"Mesoterapia"},"content":{"rendered":"\n<h3 class=\"wp-block-heading\" id=\"mesotherapy-involves-injecting-a-mixture-of-different-components-such-as-hyaluronic-acid-vitamins-amino-acids-and-proteins-under-the-skin\">La mesoterapia consiste en inyectar bajo la piel una mezcla de distintos componentes, como \u00e1cido hialur\u00f3nico, vitaminas, amino\u00e1cidos y prote\u00ednas.<\/h3>\n\n<div class=\"wp-block-rank-math-toc-block\" id=\"rank-math-toc\"><h2>Tabla de contenidos<\/h2><nav><ul><li><a href=\"#types-and-methods\">Tipos y m\u00e9todos<\/a><\/li><li><a href=\"#treatment-plan\">Plan de tratamiento<\/a><\/li><li><a href=\"#aftercare\">Cuidado posterior<\/a><\/li><li><a href=\"#top-mesotherapy-costs-by-country\">Costes de la mesoterapia por pa\u00eds<\/a><\/li><li><a href=\"#faq\">PREGUNTAS FRECUENTES<\/a><\/li><li><a href=\"#history\">Historia<\/a><\/li><\/ul><\/nav><\/div>\n\n<h3 class=\"wp-block-heading\" id=\"so-what-is-mesotherapy\">\u00bfQu\u00e9 es<\/h3>\n\n<p>La mesoterapia consiste en la inyecci\u00f3n intrad\u00e9rmica de c\u00f3cteles de preparados. Estos c\u00f3cteles pueden incluir hasta 50 componentes.<\/p>\n\n<h3 class=\"wp-block-heading\" id=\"mesotherapy-cocktails-can-contain\">Los c\u00f3cteles de mesoterapia pueden contener:<\/h3>\n\n<ul class=\"wp-block-list\">\n<li><strong>El \u00e1cido hialur\u00f3nico<\/strong> es la sustancia n\u00famero uno para el rejuvenecimiento y la revitalizaci\u00f3n de la piel. Fija las mol\u00e9culas de agua, reteniendo la humedad en los tejidos. Con la ayuda del \u00e1cido hialur\u00f3nico se produce la divisi\u00f3n celular, el metabolismo y los procesos de regeneraci\u00f3n. El \u00e1cido hialur\u00f3nico contribuye a reforzar las funciones de barrera de la piel.<\/li>\n\n\n\n<li><strong>Amino\u00e1cidos<\/strong>. \u00abBloques de construcci\u00f3n\u00bb de prote\u00ednas. Estimulan la s\u00edntesis de col\u00e1geno y elastina y favorecen el rejuvenecimiento.<\/li>\n\n\n\n<li><strong>Vitaminas<\/strong>. Nutrir la piel. Elimina los signos del fotoenvejecimiento, protege de la luz ultravioleta, favorece la firmeza y el tono.<\/li>\n\n\n\n<li><strong>Sustancias y extractos vegetales.  <\/strong>Calma la inflamaci\u00f3n, hidrata, alivia las hinchazones, da un aspecto fresco y tenso a la piel.<\/li>\n\n\n\n<li><strong>P\u00e9ptidos<\/strong>. Proporcionan regeneraci\u00f3n, tienen propiedades antioxidantes, refuerzan las paredes vasculares.<\/li>\n<\/ul>\n\n<figure class=\"wp-block-image size-full\"><img fetchpriority=\"high\" decoding=\"async\" width=\"780\" height=\"488\" src=\"https:\/\/medclinics.com\/wp-content\/uploads\/2024\/04\/Mesotherapy-Beauty-Salon-near-me.jpg\" alt=\"Mesoterapia-Sal&#xF3;n de belleza-cerca-de-me\" class=\"wp-image-161777\" srcset=\"https:\/\/medclinics.com\/wp-content\/uploads\/2024\/04\/Mesotherapy-Beauty-Salon-near-me.jpg 780w, https:\/\/medclinics.com\/wp-content\/uploads\/2024\/04\/Mesotherapy-Beauty-Salon-near-me-300x188.jpg 300w, https:\/\/medclinics.com\/wp-content\/uploads\/2024\/04\/Mesotherapy-Beauty-Salon-near-me-768x480.jpg 768w\" sizes=\"(max-width: 780px) 100vw, 780px\" \/><\/figure>\n\n<h2 class=\"wp-block-heading\" id=\"types-and-methods\">Tipos y m\u00e9todos<\/h2>\n\n<ul class=\"wp-block-list\">\n<li><strong>Inyecci\u00f3n <\/strong>: la medicaci\u00f3n se administra en las capas medias de la piel mediante jeringas con agujas ultrafinas.<\/li>\n\n\n\n<li><strong>Aplicaci\u00f3n <\/strong>a m\u00e1quina: se aplica una mesocola sobre la piel y, a continuaci\u00f3n, se trata la zona con la boquilla de la m\u00e1quina. La penetrabilidad de la membrana celular aumenta casi 400 veces durante el tratamiento.<\/li>\n\n\n\n<li><strong>Mesoroller <\/strong>: utiliza un rodillo especial cuya superficie est\u00e1 cubierta de agujas finas y cortas. El producto se aplica primero sobre la piel y despu\u00e9s se hace rodar con un rodillo para que la mesocola llegue a las capas m\u00e1s profundas.<\/li>\n\n\n\n<li>La <strong>fraccional<\/strong> es una t\u00e9cnica de microinyecci\u00f3n. Las inyecciones se realizan con una punta especial recubierta de plata con microagujas. La profundidad de inyecci\u00f3n es de varios mil\u00edmetros.<\/li>\n\n\n\n<li><strong>Ox\u00edgeno <\/strong>: el f\u00e1rmaco penetra en la piel bajo la presi\u00f3n de una corriente de ox\u00edgeno.<\/li>\n\n\n\n<li><strong>L\u00e1ser <\/strong>&#8211; la piel se satura de sustancias beneficiosas bajo la influencia del l\u00e1ser infrarrojo.<\/li>\n<\/ul>\n\n<h2 class=\"wp-block-heading\" id=\"treatment-plan\">Plan de tratamiento<\/h2>\n\n<p>El tratamiento se realiza en r\u00e9gimen ambulatorio.<\/p>\n\n<p>Incluyendo el tiempo de preparaci\u00f3n, debe prever un total de unas 2 horas para la mesoterapia.<\/p>\n\n<h3 class=\"wp-block-heading\" id=\"mesotherapy-for\">Mesoterapia para:<\/h3>\n\n<ul class=\"wp-block-list\">\n<li><strong>Ojeras y bolsas bajo los ojos.  <\/strong>Esta terapia normaliza el flujo linf\u00e1tico, elimina los dep\u00f3sitos de grasa localizados y tensa la piel para combatir eficazmente las bolsas bajo los ojos. Y su capacidad para restaurar el tono normal de la piel ayuda a eliminar las ojeras.<\/li>\n\n\n\n<li><strong>Manchas pigmentarias.  <\/strong>Se eliminan debido a la presencia de sustancias que destruyen la melanina en los mesoc\u00f3cteles. Ya despu\u00e9s de 2-3 tratamientos, la pigmentaci\u00f3n se vuelve m\u00e1s clara.<\/li>\n\n\n\n<li><strong>Arrugas<\/strong>. Esta terapia es el m\u00e9todo m\u00e1s extendido y eficaz para eliminar las arrugas, incluidas las l\u00edneas m\u00edmicas, las patas de gallo y los pliegues de la frente.<\/li>\n\n\n\n<li><strong>Granos<\/strong>. Algunos mesoc\u00f3cteles contienen ingredientes antibacterianos espec\u00edficamente dise\u00f1ados para combatir el acn\u00e9. Eliminan las bacterias que causan el defecto, y las propias inyecciones desencadenan procesos de regeneraci\u00f3n. La piel se vuelve sana y fresca.<\/li>\n\n\n\n<li><strong>Alopecia y ca\u00edda del cabello<\/strong>. la terapia normaliza las gl\u00e1ndulas seb\u00e1ceas del cuero cabelludo, activa el crecimiento del cabello, fortalece los fol\u00edculos pilosos. Por lo tanto, no s\u00f3lo ayuda con la ca\u00edda del cabello, sino tambi\u00e9n con la calvicie. Sin embargo, en este \u00faltimo caso, es importante que se conserven los fol\u00edculos pilosos. En la calvicie masculina hormonal, la mesoterapia es ineficaz.<\/li>\n\n\n\n<li><strong>Celulitis<\/strong>. Los mesoc\u00f3cteles eliminan los dep\u00f3sitos de grasa localizada y alisan la superficie de la piel, al tiempo que la tensan. La \u00abpiel de naranja\u00bb desaparece por completo.<\/li>\n\n\n\n<li><strong>Cicatrices<\/strong>.Los mesoc\u00f3cteles alisan espec\u00edficamente las cicatrices, estimulan la regeneraci\u00f3n de los tejidos y los procesos metab\u00f3licos. Los mejores resultados se obtienen en las primeras fases de la cicatrizaci\u00f3n.<\/li>\n\n\n\n<li><strong>Estr\u00edas<\/strong>. La terapia es uno de los procedimientos m\u00e1s eficaces contra las estr\u00edas. Estimula la regeneraci\u00f3n de los tejidos, los procesos metab\u00f3licos, como resultado de lo cual la piel de la zona de efecto se renueva, y las estr\u00edas desaparecen.<\/li>\n<\/ul>\n\n<h3 class=\"wp-block-heading\" id=\"duration\">Duraci\u00f3n:<\/h3>\n\n<ul class=\"wp-block-list\">\n<li>La <a href=\"https:\/\/medclinics.com\/es\/mesoterapia\/\" target=\"_blank\" rel=\"noreferrer noopener\">mesoterapia<\/a> puede durar entre 15 y 40 minutos, dependiendo del tama\u00f1o de la zona a tratar.<\/li>\n\n\n\n<li>Pueden ser necesarias varias sesiones.<\/li>\n<\/ul>\n\n<h3 class=\"wp-block-heading\" id=\"possible-risks-for-mesotherapy\">Posibles riesgos de la mesoterapia:<\/h3>\n\n<ul class=\"wp-block-list\">\n<li>Hematomas y enrojecimiento como reacci\u00f3n a la inyecci\u00f3n de la aguja y la medicaci\u00f3n.<\/li>\n\n\n\n<li>Las infecciones son extremadamente raras, y para una cl\u00ednica probada y un especialista con experiencia, se trata de un efecto secundario imposible.<\/li>\n\n\n\n<li>Puede causar complicaciones con ciertas enfermedades, por eso no se recomienda en caso de c\u00e1lculos biliares, c\u00e1ncer, trastornos de la coagulaci\u00f3n de la sangre, etc.<\/li>\n<\/ul>\n\n<h2 class=\"wp-block-heading\" id=\"aftercare\">Cuidado posterior  <\/h2>\n\n<p>No se requieren cuidados postoperatorios especiales para la <a href=\"https:\/\/istanbul-tourist-information.com\/en\/beauty-salon-treatments\/\" target=\"_blank\" rel=\"noopener\">mesoterapia<\/a>.<br\/>Como es de esperar, el enrojecimiento y la hinchaz\u00f3n de la piel desaparecer\u00e1n en unas horas.<\/p>\n\n<h2 class=\"wp-block-heading\" id=\"top-mesotherapy-costs-by-country\">Costes de la mesoterapia por pa\u00eds<\/h2>\n\n<p>El coste de una mesoterapia depende de la experiencia del m\u00e9dico o cosmet\u00f3logo, de los ingredientes utilizados y de la cl\u00ednica que elija.<br\/>Los precios que figuran a continuaci\u00f3n pretenden darle una idea aproximada y no son un presupuesto definitivo. Su asesor de MedClincs estar\u00e1 encantado de darle m\u00e1s detalles.<\/p>\n\n<figure class=\"wp-block-table\"><table><thead><tr><th>Pa\u00eds<\/th><th>Precio (PRP)<\/th><th>Clasificaci\u00f3n<\/th><\/tr><\/thead><tbody><tr><td>T\u00fcrkiye (Turqu\u00eda)<\/td><td>~ 180\u20ac<\/td><td>\u2605\u2605\u2605\u2605\u2605<\/td><\/tr><tr><td>Polonia<\/td><td>~ 250\u20ac<\/td><td>\u2605\u2605\u2605\u2605<\/td><\/tr><tr><td>Rep\u00fablica Checa<\/td><td>~ 290\u20ac<\/td><td>\u2605\u2605\u2605\u2605<\/td><\/tr><tr><td>M\u00e9xico<\/td><td>~ 330\u20ac<\/td><td>\u2605\u2605\u2605<\/td><\/tr><tr><td>Alemania<\/td><td>~ 490\u20ac<\/td><td>\u2605\u2605<\/td><\/tr><tr><td>Reino Unido<\/td><td>~ 500\u20ac<\/td><td>\u2605\u2605<\/td><\/tr><tr><td>EE.UU.<\/td><td>~ 600\u20ac<\/td><td>\u2605\u2605<\/td><\/tr><\/tbody><\/table><\/figure>\n\n<h2 class=\"wp-block-heading\" id=\"faq\">PREGUNTAS FRECUENTES<\/h2>\n<div id=\"rank-math-faq\" class=\"rank-math-block\">\n<div class=\"rank-math-list \">\n<div id=\"faq-question-1682598236692\" class=\"rank-math-list-item\">\n<h3 class=\"rank-math-question \">\u00bfPuedo utilizar la mesoterapia en el cuero cabelludo?<\/h3>\n<div class=\"rank-math-answer \">\n\n<p>S\u00ed, mejora el crecimiento del cabello, frena la calvicie, elimina la caspa y la sequedad. El cabello se vuelve grueso, bonito y brillante. Las inyecciones intrad\u00e9rmicas aportan nutrientes a los fol\u00edculos, estimulan la circulaci\u00f3n sangu\u00ednea del cuero cabelludo, regulan los procesos de queratinizaci\u00f3n y la producci\u00f3n de sebo.<\/p>\n\n<\/div>\n<\/div>\n<div id=\"faq-question-1684398167402\" class=\"rank-math-list-item\">\n<h3 class=\"rank-math-question \">\u00bfCu\u00e1l es la diferencia entre la mesoterapia sin inyecciones y la mesoterapia ordinaria?<\/h3>\n<div class=\"rank-math-answer \">\n\n<p>En la mesoterapia sin inyecci\u00f3n, los f\u00e1rmacos o mezclas de f\u00e1rmacos se inyectan por v\u00eda subcut\u00e1nea con una m\u00e1quina que crea alta presi\u00f3n. Esta t\u00e9cnica se utiliza para rejuvenecer la piel, eliminar manchas de la edad y peque\u00f1as imperfecciones. Los f\u00e1rmacos inyectados no se depositan, sino que se absorben inmediatamente y empiezan a actuar. Con este tratamiento, se necesitan m\u00e1s tratamientos.<\/p>\n\n<\/div>\n<\/div>\n<div id=\"faq-question-1684398168500\" class=\"rank-math-list-item\">\n<h3 class=\"rank-math-question \">\u00bfPuede la mesoterapia eliminar la celulitis?<\/h3>\n<div class=\"rank-math-answer \">\n\n<p>S\u00ed, es un m\u00e9todo muy eficaz para combatir los dep\u00f3sitos de grasa subcut\u00e1nea. Los c\u00f3cteles anticelul\u00edticos se inyectan bajo la piel y se difunden gradualmente con el flujo sangu\u00edneo y linf\u00e1tico. Los c\u00f3cteles descomponen la grasa, eliminan el exceso de agua, tonifican los vasos sangu\u00edneos y mejoran la microcirculaci\u00f3n en el tejido. Para obtener los mejores resultados, la mesoterapia se combina con envolturas, masajes y otros tratamientos.<\/p>\n\n<\/div>\n<\/div>\n<div id=\"faq-question-1684398171741\" class=\"rank-math-list-item\">\n<h3 class=\"rank-math-question \">\u00bfC\u00f3mo ayuda la mesoterapia a combatir las arrugas?<\/h3>\n<div class=\"rank-math-answer \">\n\n<p>La aparici\u00f3n de arrugas est\u00e1 relacionada con una disminuci\u00f3n de la elasticidad de la piel causada por la menor producci\u00f3n de elastina y col\u00e1geno por parte del organismo. Las inyecciones intrad\u00e9rmicas de estas sustancias ralentizan el proceso de envejecimiento, alisan las arrugas y aportan tersura y belleza al rostro y el cuerpo. El n\u00famero de tratamientos se selecciona individualmente, pero son necesarios cursos de mantenimiento una vez finalizado el tratamiento.<\/p>\n\n<\/div>\n<\/div>\n<div id=\"faq-question-1684398172766\" class=\"rank-math-list-item\">\n<h3 class=\"rank-math-question \">\u00bfCon qu\u00e9 se puede combinar la mesoterapia?<\/h3>\n<div class=\"rank-math-answer \">\n\n<p>La mesoterapia no suele ser una monoterapia. Se puede combinar con casi todos los procedimientos cosm\u00e9ticos: peelings qu\u00edmicos, rellenos, relajante muscular, biorevitalizaci\u00f3n, cosmetolog\u00eda hardware, cirug\u00eda pl\u00e1stica.<\/p>\n\n<\/div>\n<\/div>\n<div id=\"faq-question-1684398176178\" class=\"rank-math-list-item\">\n<h3 class=\"rank-math-question \">\u00bfCu\u00e1ndo puedo tomar relajantes musculares despu\u00e9s de la mesoterapia?<\/h3>\n<div class=\"rank-math-answer \">\n\n<p>El tratamiento de mesoterapia debe completarse 2 semanas antes de la inyecci\u00f3n de relajante muscular. Es posible reanudar las sesiones de mesoterapia 3 semanas despu\u00e9s de las inyecciones de relajantes musculares (tras alcanzar su efecto m\u00e1ximo).<\/p>\n\n<\/div>\n<\/div>\n<div id=\"faq-question-1684398177963\" class=\"rank-math-list-item\">\n<h3 class=\"rank-math-question \">\u00bfSe pueden combinar la mesoterapia y los rellenos?<\/h3>\n<div class=\"rank-math-answer \">\n\n<p>Lo mejor es realizar un tratamiento de mesoterapia antes de los rellenos. Despu\u00e9s de las inyecciones de rellenos, se realiza despu\u00e9s de al menos 10-14 d\u00edas.<\/p>\n\n<\/div>\n<\/div>\n<div id=\"faq-question-1684398179112\" class=\"rank-math-list-item\">\n<h3 class=\"rank-math-question \">\u00bfC\u00f3mo se combina la mesoterapia con la cirug\u00eda pl\u00e1stica?<\/h3>\n<div class=\"rank-math-answer \">\n\n<p>Debe recibir 4-5 sesiones de mesoterapia para prepararse para la cirug\u00eda, lo que acelerar\u00e1 el periodo de rehabilitaci\u00f3n y reducir\u00e1 el riesgo de complicaciones. Despu\u00e9s de retirar el vendaje &#8211; el n\u00famero de mesoprocedimientos es determinado por el m\u00e9dico de acuerdo con las indicaciones.<\/p>\n\n<\/div>\n<\/div>\n<\/div>\n<\/div>\n<h2 class=\"wp-block-heading\" id=\"history\">Historia<\/h2>\n\n<h3 class=\"wp-block-heading\" id=\"mesotherapy-treatment-history\">Historia del tratamiento de mesoterapia<\/h3>\n\n<h4 class=\"wp-block-heading\" id=\"the-history-of-this-therapy-dates-back-to-the-work-of-dr-michel-pistor-1924-2003\">La historia de esta terapia se remonta a los trabajos del Dr. Michel Pistor (1924 &#8211; 2003).<\/h4>\n\n<p>Realiz\u00f3 investigaciones cl\u00ednicas y ensayos internacionales en el campo de la terapia intrad\u00e9rmica. Trabaj\u00f3 en estos procedimientos de 1948 a 1952, tras lo cual la prensa francesa introdujo oficialmente el t\u00e9rmino \u00abmesoterapia\u00bb en 1958.<\/p>\n\n<p>Casi 30 a\u00f1os despu\u00e9s (en 1987), la mesoterapia fue reconocida por la Academia Francesa de Medicina y se autoriz\u00f3 su pr\u00e1ctica.<\/p>\n","protected":false},"excerpt":{"rendered":"<p>La mesoterapia consiste en inyectar bajo la piel una mezcla de distintos componentes, como \u00e1cido hialur\u00f3nico, vitaminas, amino\u00e1cidos y prote\u00ednas. [&hellip;]<\/p>\n","protected":false},"author":4,"featured_media":161782,"parent":0,"menu_order":0,"comment_status":"closed","ping_status":"closed","template":"","meta":{"site-sidebar-layout":"default","site-content-layout":"","ast-site-content-layout":"default","site-content-style":"default","site-sidebar-style":"default","ast-global-header-display":"","ast-banner-title-visibility":"","ast-main-header-display":"","ast-hfb-above-header-display":"","ast-hfb-below-header-display":"","ast-hfb-mobile-header-display":"","site-post-title":"","ast-breadcrumbs-content":"","ast-featured-img":"","footer-sml-layout":"","ast-disable-related-posts":"","theme-transparent-header-meta":"","adv-header-id-meta":"","stick-header-meta":"","header-above-stick-meta":"","header-main-stick-meta":"","header-below-stick-meta":"","astra-migrate-meta-layouts":"default","ast-page-background-enabled":"default","ast-page-background-meta":{"desktop":{"background-color":"var(--ast-global-color-4)","background-image":"","background-repeat":"repeat","background-position":"center center","background-size":"auto","background-attachment":"scroll","background-type":"","background-media":"","overlay-type":"","overlay-color":"","overlay-opacity":"","overlay-gradient":""},"tablet":{"background-color":"","background-image":"","background-repeat":"repeat","background-position":"center center","background-size":"auto","background-attachment":"scroll","background-type":"","background-media":"","overlay-type":"","overlay-color":"","overlay-opacity":"","overlay-gradient":""},"mobile":{"background-color":"","background-image":"","background-repeat":"repeat","background-position":"center center","background-size":"auto","background-attachment":"scroll","background-type":"","background-media":"","overlay-type":"","overlay-color":"","overlay-opacity":"","overlay-gradient":""}},"ast-content-background-meta":{"desktop":{"background-color":"var(--ast-global-color-5)","background-image":"","background-repeat":"repeat","background-position":"center center","background-size":"auto","background-attachment":"scroll","background-type":"","background-media":"","overlay-type":"","overlay-color":"","overlay-opacity":"","overlay-gradient":""},"tablet":{"background-color":"var(--ast-global-color-5)","background-image":"","background-repeat":"repeat","background-position":"center center","background-size":"auto","background-attachment":"scroll","background-type":"","background-media":"","overlay-type":"","overlay-color":"","overlay-opacity":"","overlay-gradient":""},"mobile":{"background-color":"var(--ast-global-color-5)","background-image":"","background-repeat":"repeat","background-position":"center center","background-size":"auto","background-attachment":"scroll","background-type":"","background-media":"","overlay-type":"","overlay-color":"","overlay-opacity":"","overlay-gradient":""}},"footnotes":""},"class_list":["post-145845","page","type-page","status-publish","has-post-thumbnail","hentry"],"_links":{"self":[{"href":"https:\/\/medclinics.com\/es\/wp-json\/wp\/v2\/pages\/145845","targetHints":{"allow":["GET"]}}],"collection":[{"href":"https:\/\/medclinics.com\/es\/wp-json\/wp\/v2\/pages"}],"about":[{"href":"https:\/\/medclinics.com\/es\/wp-json\/wp\/v2\/types\/page"}],"author":[{"embeddable":true,"href":"https:\/\/medclinics.com\/es\/wp-json\/wp\/v2\/users\/4"}],"replies":[{"embeddable":true,"href":"https:\/\/medclinics.com\/es\/wp-json\/wp\/v2\/comments?post=145845"}],"version-history":[{"count":0,"href":"https:\/\/medclinics.com\/es\/wp-json\/wp\/v2\/pages\/145845\/revisions"}],"wp:featuredmedia":[{"embeddable":true,"href":"https:\/\/medclinics.com\/es\/wp-json\/wp\/v2\/media\/161782"}],"wp:attachment":[{"href":"https:\/\/medclinics.com\/es\/wp-json\/wp\/v2\/media?parent=145845"}],"curies":[{"name":"wp","href":"https:\/\/api.w.org\/{rel}","templated":true}]}}