{"id":145831,"date":"2023-05-18T08:12:30","date_gmt":"2023-05-18T05:12:30","guid":{"rendered":"https:\/\/medclinics.com\/plasmaterapia-mejores-precios-y-clinicas\/"},"modified":"2024-04-15T11:49:32","modified_gmt":"2024-04-15T08:49:32","slug":"plasmaterapia-mejores-precios-y-clinicas","status":"publish","type":"page","link":"https:\/\/medclinics.com\/es\/plasmaterapia-mejores-precios-y-clinicas\/","title":{"rendered":"Plasmaterapia | Los mejores precios y cl\u00ednicas"},"content":{"rendered":"\n<p>La plasmoterapia es un procedimiento que consiste en el tratamiento con su propio plasma sangu\u00edneo enriquecido en plaquetas.<\/p>\n\n\n\n<div class=\"wp-block-rank-math-toc-block\" id=\"rank-math-toc\"><h2>Tabla de contenidos<\/h2><nav><ul><li><a href=\"#que-es\">\u00bfQu\u00e9 es<\/a><\/li><li><a href=\"#plan-de-tratamiento\">Plan de tratamiento<\/a><\/li><li><a href=\"#cuidado-posterior\">Cuidado posterior<\/a><\/li><li><a href=\"#principales-costes-de-la-terapia-con-plasma-por-pais\">Principales costes de la terapia con plasma por pa\u00eds<\/a><\/li><li><a href=\"#preguntas-frecuentes\">PREGUNTAS FRECUENTES<\/a><\/li><li><a href=\"#historia\">Historia<\/a><\/li><\/ul><\/nav><\/div>\n\n\n\n<h2 class=\"wp-block-heading\" id=\"que-es\">\u00bfQu\u00e9 es<\/h2>\n\n\n\n<p>La <a href=\"https:\/\/medclinics.com\/es\/terapia-con-plasma\/\" target=\"_blank\" rel=\"noreferrer noopener\">plasmoterapia<\/a> es un procedimiento que consiste en el tratamiento con su propio plasma sangu\u00edneo enriquecido en plaquetas. El plasma es una parte l\u00edquida de la sangre, tambi\u00e9n contiene factores de crecimiento que activan el crecimiento celular, la renovaci\u00f3n celular. Como resultado, se acelera la regeneraci\u00f3n del tejido da\u00f1ado y se eliminan el proceso inflamatorio y el s\u00edndrome de dolor. La plasmaterapia es una t\u00e9cnica de vanguardia que utiliza una forma inyectable de plasma.<\/p>\n\n\n\n<p>El plasma se obtiene centrifugando los tubos de sangre para separar las plaquetas de la sangre total. La sangre se extrae del paciente justo antes del procedimiento, los tubos de sangre se centrifugan y se hacen girar a cierta velocidad. Se a\u00f1ade un anticoagulante para evitar la coagulaci\u00f3n de la sangre.<\/p>\n\n\n\n\n\n<h3 class=\"wp-block-heading\" id=\"plasma-contains\">El plasma contiene:<\/h3>\n\n\n\n<ul class=\"wp-block-list\">\n<li>Vitaminas<\/li>\n\n\n\n<li>Micronutrientes<\/li>\n\n\n\n<li>Amino\u00e1cidos<\/li>\n\n\n\n<li>Factores de crecimiento y renovaci\u00f3n celular<\/li>\n<\/ul>\n\n\n\n<h2 class=\"wp-block-heading\" id=\"plan-de-tratamiento\">Plan de tratamiento<\/h2>\n\n\n\n<p>La terapia se realiza de forma ambulatoria en la consulta y dura un m\u00ednimo de una hora.<\/p>\n\n\n\n<p>En total, la intervenci\u00f3n dura entre 2 y 2,5 horas.<\/p>\n\n\n\n<h3 class=\"wp-block-heading\" id=\"plasma-therapy-for\">Terapia con plasma para:<\/h3>\n\n\n\n<ul class=\"wp-block-list\">\n<li>Envejecimiento precoz de la piel<\/li>\n\n\n\n<li>Acn\u00e9<\/li>\n\n\n\n<li>Manchas pigmentarias<\/li>\n\n\n\n<li>Periodo de rehabilitaci\u00f3n de la piel tras un procedimiento de peeling profundo<\/li>\n\n\n\n<li>Restauraci\u00f3n de la elasticidad y firmeza de la piel tras una p\u00e9rdida r\u00e1pida de peso<\/li>\n\n\n\n<li>Arrugas profundas tempranas<\/li>\n\n\n\n<li>Piel fl\u00e1cida y seca<\/li>\n\n\n\n<li>Ca\u00edda o adelgazamiento del cabello<\/li>\n<\/ul>\n\n\n\n<h3 class=\"wp-block-heading\" id=\"plasma-therapy-is-not-suitable-for\">La plasmaterapia no es adecuada para:<\/h3>\n\n\n\n<ul class=\"wp-block-list\">\n<li>Embarazo o lactancia<\/li>\n\n\n\n<li>Epilepsia<\/li>\n\n\n\n<li>Diabetes mellitus<\/li>\n\n\n\n<li>Enfermedades de la sangre<\/li>\n\n\n\n<li>Enfermedades oncol\u00f3gicas<\/li>\n\n\n\n<li>Tomar anticoagulantes<\/li>\n\n\n\n<li>Procesos inflamatorios en la zona de inyecci\u00f3n.<\/li>\n<\/ul>\n\n\n\n\n\n<h3 class=\"wp-block-heading\" id=\"how-the-therapy-works\">C\u00f3mo funciona la terapia:<\/h3>\n\n\n\n<ul class=\"wp-block-list\">\n<li>Nutre las c\u00e9lulas de los tejidos.<\/li>\n\n\n\n<li>Refuerza el esqueleto interno de la piel.<\/li>\n\n\n\n<li>Mejora la tez de la piel, dej\u00e1ndola suave y con un aspecto natural.<\/li>\n\n\n\n<li>Elimina las manchas pigmentarias. El plasma inyectado bajo la piel destruye el exceso de melanina. Es esta sustancia la que provoca la hiperpigmentaci\u00f3n.<\/li>\n\n\n\n<li>Estimula el crecimiento de las c\u00e9lulas madre.<\/li>\n\n\n\n<li>Favorece la coagulaci\u00f3n de la sangre.<\/li>\n\n\n\n<li>Regenera la piel.<\/li>\n\n\n\n<li>Acelera el metabolismo intracelular.<\/li>\n\n\n\n<li>Nutre los fol\u00edculos pilosos del cuero cabelludo.<\/li>\n\n\n\n<li>Activa la regeneraci\u00f3n de los tejidos.<\/li>\n<\/ul>\n\n\n\n<h3 class=\"wp-block-heading\" id=\"plasma-therapy-duration\">Plasmoterapia Duraci\u00f3n:<\/h3>\n\n\n\n<ul class=\"wp-block-list\">\n<li>De 20 a 75 minutos, seg\u00fan la zona a tratar.<\/li>\n\n\n\n<li>Cuando se utiliza la <a href=\"https:\/\/istanbul-tourist-information.com\/en\/beauty-salon-treatments\/\" target=\"_blank\" rel=\"noopener\">Plasmaterapia<\/a> para el rejuvenecimiento de la piel, puede ser necesaria m\u00e1s de 1 sesi\u00f3n.<\/li>\n<\/ul>\n\n\n\n<h3 class=\"wp-block-heading\" id=\"possible-risks-for-plasma-therapy\">Posibles riesgos de la terapia con plasma:<\/h3>\n\n\n\n<ul class=\"wp-block-list\">\n<li>Hinchaz\u00f3n<\/li>\n\n\n\n<li>Decoloraci\u00f3n de la piel<\/li>\n\n\n\n<li>Enrojecimiento<\/li>\n\n\n\n<li>Dolor<\/li>\n\n\n\n<li>Co\u00e1gulo sangu\u00edneo<\/li>\n\n\n\n<li>Infecci\u00f3n<\/li>\n\n\n\n<li>Moratones<\/li>\n<\/ul>\n\n\n\n<h2 class=\"wp-block-heading\" id=\"cuidado-posterior\">Cuidado posterior<\/h2>\n\n\n\n<p>La terapia con plasma no requiere cuidados posteriores especiales.<br>Como es de esperar, el enrojecimiento y la hinchaz\u00f3n de la piel desaparecer\u00e1n en unas horas.<\/p>\n\n\n\n\n\n<h2 class=\"wp-block-heading\" id=\"principales-costes-de-la-terapia-con-plasma-por-pais\">Principales costes de la terapia con plasma por pa\u00eds<\/h2>\n\n\n\n<p>El coste de la terapia con plasma depende de la experiencia del m\u00e9dico y de la cl\u00ednica u hospital que elija.<br>Los precios que figuran a continuaci\u00f3n pretenden darle una idea aproximada y no son un presupuesto definitivo. Su asesor de MedClincs estar\u00e1 encantado de darle m\u00e1s detalles.<\/p>\n\n\n\n<figure class=\"wp-block-table\"><table><thead><tr><th>Pa\u00eds<\/th><th>Precio (PRP)  <\/th><th>Clasificaci\u00f3n<\/th><\/tr><\/thead><tbody><tr><td>T\u00fcrkiye (Turqu\u00eda)<\/td><td>~ 290\u20ac<\/td><td>\u2605\u2605\u2605\u2605\u2605<\/td><\/tr><tr><td>Polonia<\/td><td>~ 320\u20ac<\/td><td>\u2605\u2605\u2605\u2605<\/td><\/tr><tr><td>M\u00e9xico<\/td><td>~ 330\u20ac<\/td><td>\u2605\u2605\u2605<\/td><\/tr><tr><td>Alemania<\/td><td>~ 490\u20ac<\/td><td>\u2605\u2605<\/td><\/tr><tr><td>Reino Unido<\/td><td>~ 500\u20ac<\/td><td>\u2605\u2605<\/td><\/tr><tr><td>EE.UU.<\/td><td>~ 600\u20ac<\/td><td>\u2605\u2605<\/td><\/tr><\/tbody><\/table><\/figure>\n\n\n\n<h2 class=\"wp-block-heading\" id=\"preguntas-frecuentes\">PREGUNTAS FRECUENTES<\/h2>\n\n\n<div id=\"rank-math-faq\" class=\"rank-math-block\">\n<div class=\"rank-math-list \">\n<div id=\"faq-question-1684396604890\" class=\"rank-math-list-item\">\n<h3 class=\"rank-math-question \">\u00bfCu\u00e1ntos tratamientos de Plasmaterapia facial son necesarios para que surta efecto?<\/h3>\n<div class=\"rank-math-answer \">\n\n<p>Se consigue un efecto estable despu\u00e9s de 3-4 tratamientos. Por lo general, la cosmet\u00f3loga prescribe una visita cada 7-10 d\u00edas.<\/p>\n\n<\/div>\n<\/div>\n<div id=\"faq-question-1684396606611\" class=\"rank-math-list-item\">\n<h3 class=\"rank-math-question \">\u00bfPuedo tomar el sol despu\u00e9s de la Plasmoterapia facial?<\/h3>\n<div class=\"rank-math-answer \">\n\n<p>Debe evitar tomar el sol y el solarium durante los 2-3 primeros d\u00edas.<\/p>\n\n<\/div>\n<\/div>\n<div id=\"faq-question-1684396608150\" class=\"rank-math-list-item\">\n<h3 class=\"rank-math-question \">\u00bfQu\u00e9 cuidados de la piel son necesarios despu\u00e9s de una Plasmoterapia facial?<\/h3>\n<div class=\"rank-math-answer \">\n\n<p>No se aplique ning\u00fan cosm\u00e9tico, incluidos productos decorativos, en la cara despu\u00e9s de la sesi\u00f3n; No someta los tejidos a influencias mec\u00e1nicas intensas (masaje).<\/p>\n\n<\/div>\n<\/div>\n<div id=\"faq-question-1684396610189\" class=\"rank-math-list-item\">\n<h3 class=\"rank-math-question \">\u00bfA qu\u00e9 edad se puede realizar una Plasmoterapia facial?<\/h3>\n<div class=\"rank-math-answer \">\n\n<p>El l\u00edmite m\u00ednimo de edad para el procedimiento es de 15 a\u00f1os, el m\u00e1ximo, seg\u00fan la mayor\u00eda de los cosmet\u00f3logos, no.<\/p>\n\n<\/div>\n<\/div>\n<div id=\"faq-question-1684396611167\" class=\"rank-math-list-item\">\n<h3 class=\"rank-math-question \">\u00bfCon qu\u00e9 frecuencia se puede repetir la terapia con plasma?<\/h3>\n<div class=\"rank-math-answer \">\n\n<p>El curso suele repetirse dos veces al a\u00f1o. En caso necesario, puede aumentarse la cantidad, por ejemplo, durante la rehabilitaci\u00f3n tras tratamientos con l\u00e1ser y para preparar la piel para la exposici\u00f3n al sol.<\/p>\n\n<\/div>\n<\/div>\n<div id=\"faq-question-1684396612039\" class=\"rank-math-list-item\">\n<h3 class=\"rank-math-question \">\u00bfSe puede almacenar el plasma terminado en la cl\u00ednica para reutilizarlo en el siguiente procedimiento?<\/h3>\n<div class=\"rank-math-answer \">\n\n<p>El plasma no se almacena, ya que la viabilidad de las plaquetas no es especialmente alta. El procedimiento se realiza una sola vez y de una sola vez, lo que significa que se extrae la propia sangre e inmediatamente despu\u00e9s de centrifugarla se inyecta en la piel del paciente.<\/p>\n\n<\/div>\n<\/div>\n<div id=\"faq-question-1684396613776\" class=\"rank-math-list-item\">\n<h3 class=\"rank-math-question \">\u00bfEs posible infectarse durante la Plasmoterapia?<\/h3>\n<div class=\"rank-math-answer \">\n\n<p>No, porque la sangre se extrae del paciente y no de otra persona. Todos los instrumentos y consumibles son est\u00e9riles y desechables y se eliminan despu\u00e9s del procedimiento.<\/p>\n\n<\/div>\n<\/div>\n<div id=\"faq-question-1684396615610\" class=\"rank-math-list-item\">\n<h3 class=\"rank-math-question \">\u00bfPuede la Plasmoterapia agotar los recursos del organismo?<\/h3>\n<div class=\"rank-math-answer \">\n\n<p>No, no es as\u00ed. S\u00f3lo se extraen unos pocos mililitros de sangre del paciente, que se devuelven ligeramente modificados. Por lo tanto, el cuerpo no siente ninguna p\u00e9rdida, y no hay ning\u00fan da\u00f1o a su salud despu\u00e9s del procedimiento.<\/p>\n\n<\/div>\n<\/div>\n<div id=\"faq-question-1684396616552\" class=\"rank-math-list-item\">\n<h3 class=\"rank-math-question \">\u00bfPuedo someterme a una Plasmaterapia en verano?<\/h3>\n<div class=\"rank-math-answer \">\n\n<p>El verano se considera la \u00e9poca ideal para los procedimientos PRP. Los componentes cicatrizantes del plasma rico en plaquetas hacen frente a la aparici\u00f3n de manchas de la edad en la cara y el cuerpo durante el verano. La duraci\u00f3n del efecto rejuvenecedor tras el plasmolifting depende de la edad y el estilo de vida del paciente.<\/p>\n\n<\/div>\n<\/div>\n<div id=\"faq-question-1684397191902\" class=\"rank-math-list-item\">\n<h3 class=\"rank-math-question \">\u00bfSon dolorosas las inyecciones de Plasmaterapia?<\/h3>\n<div class=\"rank-math-answer \">\n\n<p>Antes del procedimiento, se aplica un gel anest\u00e9sico especial en la cara durante 15 minutos, por lo que no debe haber sensaciones dolorosas.<\/p>\n\n<\/div>\n<\/div>\n<\/div>\n<\/div>\n\n\n<h2 class=\"wp-block-heading\" id=\"historia\">Historia<\/h2>\n\n\n\n<h3 class=\"wp-block-heading\" id=\"the-first-application-of-plasma-therapy-dates-back-to-1999\">La primera aplicaci\u00f3n de la terapia con plasma se remonta a 1999<\/h3>\n\n\n\n<p>cuando los cirujanos pl\u00e1sticos utilizaron plasma enriquecido con plaquetas para rejuvenecer la piel de un paciente. Al mismo tiempo, el m\u00e9todo fue ganando aceptaci\u00f3n en traumatolog\u00eda: Las lesiones deportivas de los pacientes se curaban en un tiempo r\u00e9cord tras la terapia con PRP.<br>Hoy en d\u00eda, este campo terap\u00e9utico se utiliza en dermatolog\u00eda, cosmetolog\u00eda y cirug\u00eda pl\u00e1stica, y la lista de enfermedades que pueden tratarse con la terapia PRP se ha ampliado considerablemente.<\/p>\n","protected":false},"excerpt":{"rendered":"<p>La plasmoterapia es un procedimiento que consiste en el tratamiento con su propio plasma sangu\u00edneo enriquecido en plaquetas. \u00bfQu\u00e9 es [&hellip;]<\/p>\n","protected":false},"author":4,"featured_media":92977,"parent":0,"menu_order":0,"comment_status":"closed","ping_status":"closed","template":"","meta":{"site-sidebar-layout":"default","site-content-layout":"","ast-site-content-layout":"default","site-content-style":"default","site-sidebar-style":"default","ast-global-header-display":"","ast-banner-title-visibility":"","ast-main-header-display":"","ast-hfb-above-header-display":"","ast-hfb-below-header-display":"","ast-hfb-mobile-header-display":"","site-post-title":"","ast-breadcrumbs-content":"","ast-featured-img":"","footer-sml-layout":"","ast-disable-related-posts":"","theme-transparent-header-meta":"","adv-header-id-meta":"","stick-header-meta":"","header-above-stick-meta":"","header-main-stick-meta":"","header-below-stick-meta":"","astra-migrate-meta-layouts":"default","ast-page-background-enabled":"default","ast-page-background-meta":{"desktop":{"background-color":"var(--ast-global-color-4)","background-image":"","background-repeat":"repeat","background-position":"center center","background-size":"auto","background-attachment":"scroll","background-type":"","background-media":"","overlay-type":"","overlay-color":"","overlay-opacity":"","overlay-gradient":""},"tablet":{"background-color":"","background-image":"","background-repeat":"repeat","background-position":"center center","background-size":"auto","background-attachment":"scroll","background-type":"","background-media":"","overlay-type":"","overlay-color":"","overlay-opacity":"","overlay-gradient":""},"mobile":{"background-color":"","background-image":"","background-repeat":"repeat","background-position":"center center","background-size":"auto","background-attachment":"scroll","background-type":"","background-media":"","overlay-type":"","overlay-color":"","overlay-opacity":"","overlay-gradient":""}},"ast-content-background-meta":{"desktop":{"background-color":"var(--ast-global-color-5)","background-image":"","background-repeat":"repeat","background-position":"center center","background-size":"auto","background-attachment":"scroll","background-type":"","background-media":"","overlay-type":"","overlay-color":"","overlay-opacity":"","overlay-gradient":""},"tablet":{"background-color":"var(--ast-global-color-5)","background-image":"","background-repeat":"repeat","background-position":"center center","background-size":"auto","background-attachment":"scroll","background-type":"","background-media":"","overlay-type":"","overlay-color":"","overlay-opacity":"","overlay-gradient":""},"mobile":{"background-color":"var(--ast-global-color-5)","background-image":"","background-repeat":"repeat","background-position":"center center","background-size":"auto","background-attachment":"scroll","background-type":"","background-media":"","overlay-type":"","overlay-color":"","overlay-opacity":"","overlay-gradient":""}},"footnotes":""},"class_list":["post-145831","page","type-page","status-publish","has-post-thumbnail","hentry"],"_links":{"self":[{"href":"https:\/\/medclinics.com\/es\/wp-json\/wp\/v2\/pages\/145831","targetHints":{"allow":["GET"]}}],"collection":[{"href":"https:\/\/medclinics.com\/es\/wp-json\/wp\/v2\/pages"}],"about":[{"href":"https:\/\/medclinics.com\/es\/wp-json\/wp\/v2\/types\/page"}],"author":[{"embeddable":true,"href":"https:\/\/medclinics.com\/es\/wp-json\/wp\/v2\/users\/4"}],"replies":[{"embeddable":true,"href":"https:\/\/medclinics.com\/es\/wp-json\/wp\/v2\/comments?post=145831"}],"version-history":[{"count":0,"href":"https:\/\/medclinics.com\/es\/wp-json\/wp\/v2\/pages\/145831\/revisions"}],"wp:featuredmedia":[{"embeddable":true,"href":"https:\/\/medclinics.com\/es\/wp-json\/wp\/v2\/media\/92977"}],"wp:attachment":[{"href":"https:\/\/medclinics.com\/es\/wp-json\/wp\/v2\/media?parent=145831"}],"curies":[{"name":"wp","href":"https:\/\/api.w.org\/{rel}","templated":true}]}}