{"id":145797,"date":"2023-05-18T06:43:00","date_gmt":"2023-05-18T03:43:00","guid":{"rendered":"https:\/\/medclinics.com\/cancer-oral\/"},"modified":"2025-01-02T17:44:59","modified_gmt":"2025-01-02T14:44:59","slug":"cancer-oral","status":"publish","type":"page","link":"https:\/\/medclinics.com\/es\/cancer-oral\/","title":{"rendered":"C\u00e1ncer oral"},"content":{"rendered":"\n<h2 class=\"wp-block-heading\" id=\"isPasted\">Diagn\u00f3stico y tratamiento integral del c\u00e1ncer oral<\/h2>\n\n<h3 class=\"wp-block-heading\">\u00bfQu\u00e9 es el c\u00e1ncer oral?<\/h3>\n\n<p>El c\u00e1ncer oral es el que se desarrolla en cualquier parte de la boca, incluidos los labios, la lengua, las mejillas, el suelo de la boca, el paladar duro y blando, los senos paranasales y la garganta. La detecci\u00f3n precoz es muy importante para un tratamiento eficaz. Entre los s\u00edntomas a los que hay que estar atento est\u00e1n las llagas persistentes en la boca, bultos, manchas blancas o rojas, dificultad para tragar y hemorragias inexplicables.<\/p>\n\n<h3 class=\"wp-block-heading\">Diagn\u00f3stico del c\u00e1ncer oral<\/h3>\n\n<p>El diagn\u00f3stico del <a href=\"https:\/\/en.wikipedia.org\/wiki\/Oral_cancer\" target=\"_blank\" rel=\"noreferrer noopener\">c\u00e1ncer oral<\/a> implica un examen exhaustivo por parte de un profesional sanitario. Si se detecta alguna zona sospechosa, se realizar\u00e1 una biopsia para recoger muestras de tejido que se analizar\u00e1n en un laboratorio. De este modo, se pueden detectar las c\u00e9lulas cancerosas.<\/p>\n\n<h3 class=\"wp-block-heading\">Estudios de imagen<\/h3>\n\n<p>Los estudios de imagen como, por ejemplo, las radiograf\u00edas, las tomograf\u00edas computarizadas y las resonancias magn\u00e9ticas son otros diagn\u00f3sticos importantes. Con estos m\u00e9todos, los m\u00e9dicos pueden ver la cavidad bucal y los tejidos circundantes. Esto es importante para una estadificaci\u00f3n precisa del c\u00e1ncer.<\/p>\n\n<h3 class=\"wp-block-heading\">An\u00e1lisis de sangre y pruebas del VPH<\/h3>\n\n<p>Los an\u00e1lisis de sangre pueden detectar marcadores que indican la presencia de c\u00e9lulas cancerosas. Adem\u00e1s, las pruebas del VPH son importantes, ya que el VPH es un factor de riesgo importante para desarrollar c\u00e1ncer oral.<\/p>\n\n<h3 class=\"wp-block-heading\">Opciones de tratamiento<\/h3>\n\n<p>Tras un examen y unas pruebas minuciosos, los resultados ayudan a determinar las opciones de tratamiento m\u00e1s adecuadas. Los planes de tratamiento se personalizan en funci\u00f3n de la gravedad y el estadio del c\u00e1ncer. El tratamiento debe individualizarse para cada paciente, normalmente habr\u00e1 una intervenci\u00f3n quir\u00fargica, radioterapia y quimioterapia.<\/p>\n\n<h3 class=\"wp-block-heading\">Cirug\u00eda<\/h3>\n\n<p>El tratamiento quir\u00fargico consiste en extirpar el tejido canceroso y, en algunos casos, los ganglios linf\u00e1ticos cercanos. El alcance de la cirug\u00eda depende del tama\u00f1o y la localizaci\u00f3n del tumor. A veces, es necesaria la cirug\u00eda reconstructiva para restaurar el aspecto y la funci\u00f3n de la zona afectada.<\/p>\n\n<h3 class=\"wp-block-heading\">Radioterapia<\/h3>\n\n<p>La radioterapia utiliza haces de alta energ\u00eda para destruir las c\u00e9lulas cancerosas. Puede utilizarse solo o en combinaci\u00f3n con la cirug\u00eda. Este tratamiento se dirige a las c\u00e9lulas cancerosas minimizando el da\u00f1o al tejido sano circundante.<\/p>\n\n<h3 class=\"wp-block-heading\">Quimioterapia<\/h3>\n\n<p>La quimioterapia consiste en utilizar f\u00e1rmacos para destruir las c\u00e9lulas cancerosas. Puede tomarse por v\u00eda oral o administrarse por v\u00eda intravenosa y a menudo se combina con otros tratamientos. La quimioterapia es especialmente eficaz para los c\u00e1nceres que se han extendido m\u00e1s all\u00e1 del lugar inicial.<\/p>\n\n<h3 class=\"wp-block-heading\">Conclusi\u00f3n<\/h3>\n\n<p>El diagn\u00f3stico y el tratamiento precoces son vitales para mejorar los resultados y las tasas de supervivencia de los pacientes con c\u00e1ncer oral. Las revisiones dentales peri\u00f3dicas y el conocimiento de los s\u00edntomas pueden conducir a una detecci\u00f3n precoz. Si notas alg\u00fan signo de c\u00e1ncer oral, consulta a un profesional sanitario para que te haga un examen completo y las pruebas adecuadas.<\/p>\n\n<p>Una buena higiene bucal, evitar el tabaco y el consumo excesivo de alcohol, y vacunarse contra el VPH son medidas preventivas esenciales. Si necesitas m\u00e1s informaci\u00f3n o sospechas que puedes tener c\u00e1ncer oral, ponte en contacto con tu profesional sanitario para que te haga una evaluaci\u00f3n completa.<\/p>\n\n<p>Comprender el proceso de diagn\u00f3stico y los tratamientos disponibles ayuda a tomar decisiones informadas sobre tu salud. La intervenci\u00f3n precoz es clave para tratar eficazmente el c\u00e1ncer oral y mantener una alta calidad de vida.<\/p>\n\n<h3 class=\"wp-block-heading\">Todo lo que necesita saber sobre el <a href=\"https:\/\/medclinics.com\/dental-treatment\/\" target=\"_blank\" rel=\"noreferrer noopener\">tratamiento dental<\/a>, incluido el precio, los cuidados postoperatorios y el proceso de cicatrizaci\u00f3n, o p\u00f3ngase <a href=\"#requestform\">en contacto con nosotros<\/a>.<\/h3>\n\n<figure class=\"wp-block-image size-full\"><img fetchpriority=\"high\" decoding=\"async\" width=\"960\" height=\"540\" src=\"https:\/\/medclinics.com\/wp-content\/uploads\/2023\/07\/oral-cancer-near-me.jpg\" alt=\"S&#xED;ntomas del c&#xE1;ncer oral\" class=\"wp-image-98297\" srcset=\"https:\/\/medclinics.com\/wp-content\/uploads\/2023\/07\/oral-cancer-near-me.jpg 960w, https:\/\/medclinics.com\/wp-content\/uploads\/2023\/07\/oral-cancer-near-me-500x281.jpg 500w, https:\/\/medclinics.com\/wp-content\/uploads\/2023\/07\/oral-cancer-near-me-768x432.jpg 768w, https:\/\/medclinics.com\/wp-content\/uploads\/2023\/07\/oral-cancer-near-me-24x14.jpg 24w, https:\/\/medclinics.com\/wp-content\/uploads\/2023\/07\/oral-cancer-near-me-36x20.jpg 36w, https:\/\/medclinics.com\/wp-content\/uploads\/2023\/07\/oral-cancer-near-me-48x27.jpg 48w\" sizes=\"(max-width: 960px) 100vw, 960px\" \/><\/figure>\n\n<h2 class=\"wp-block-heading\">PREGUNTAS FRECUENTES<\/h2>\n<div id=\"rank-math-faq\" class=\"rank-math-block\">\n<div class=\"rank-math-list \">\n<div id=\"faq-question-1682666956133\" class=\"rank-math-list-item\">\n<h3 class=\"rank-math-question \">\u00bfC\u00f3mo se trata el c\u00e1ncer oral?<\/h3>\n<div class=\"rank-math-answer \">\n\n<p>El tratamiento del c\u00e1ncer oral implica diversos enfoques que dependen de factores como el estadio y la localizaci\u00f3n del c\u00e1ncer, as\u00ed como de la salud general del paciente. Las principales opciones de tratamiento incluyen cirug\u00eda, radioterapia, quimioterapia, terapia dirigida e inmunoterapia. La cirug\u00eda consiste en extirpar el tumor canceroso y los tejidos circundantes, mientras que la radioterapia utiliza radiaciones de alta energ\u00eda para destruir las c\u00e9lulas cancerosas. La quimioterapia utiliza f\u00e1rmacos contra el c\u00e1ncer para destruir las c\u00e9lulas cancerosas, y la terapia dirigida se centra espec\u00edficamente en las c\u00e9lulas cancerosas o en marcadores moleculares. La inmunoterapia refuerza el sistema inmunitario del organismo para que reconozca y elimine las c\u00e9lulas cancerosas. La elecci\u00f3n del tratamiento o la combinaci\u00f3n de tratamientos la determina un equipo multidisciplinar de profesionales sanitarios. El seguimiento regular y los cuidados de apoyo son cruciales para controlar este c\u00e1ncer y minimizar los efectos secundarios relacionados con el tratamiento.<\/p>\n\n<\/div>\n<\/div>\n<div id=\"faq-question-1684245753385\" class=\"rank-math-list-item\">\n<h3 class=\"rank-math-question \">\u00bfC\u00f3mo se origina el c\u00e1ncer oral?<\/h3>\n<div class=\"rank-math-answer \">\n\n<p>El c\u00e1ncer oral suele originarse en las c\u00e9lulas que recubren la boca y la garganta. Los principales factores de riesgo son el consumo de tabaco, el consumo excesivo de alcohol, la infecci\u00f3n por VPH, los antecedentes familiares, una higiene bucal deficiente, un sistema inmunitario debilitado y una dieta poco saludable. Las revisiones y ex\u00e1menes dentales peri\u00f3dicos son cruciales para la detecci\u00f3n precoz.<\/p>\n\n<\/div>\n<\/div>\n<div id=\"faq-question-1684245846121\" class=\"rank-math-list-item\">\n<h3 class=\"rank-math-question \">\u00bfPor qu\u00e9 se produce el c\u00e1ncer oral?<\/h3>\n<div class=\"rank-math-answer \">\n\n<p>No siempre se conoce la causa exacta del c\u00e1ncer oral, pero hay varios factores que pueden aumentar el riesgo de desarrollar la enfermedad. Los principales factores de riesgo son el consumo de tabaco (incluido el tabaco para fumar y el tabaco sin combusti\u00f3n), el consumo excesivo de alcohol, ciertas cepas de la infecci\u00f3n por el virus del papiloma humano (VPH), un sistema inmunitario debilitado, una higiene bucal deficiente, una dieta pobre en frutas y verduras y antecedentes familiares de c\u00e1ncer de boca. Es importante se\u00f1alar que tener uno o m\u00e1s de estos factores de riesgo no significa necesariamente que una persona vaya a desarrollar c\u00e1ncer oral, pero pueden aumentar la probabilidad. Las revisiones dentales peri\u00f3dicas y el mantenimiento de un estilo de vida saludable son importantes para reducir el riesgo de c\u00e1ncer oral.<\/p>\n\n<\/div>\n<\/div>\n<\/div>\n<\/div>\n<h3 class=\"wp-block-heading\">P\u00f3ngase en <a href=\"#requestform\" target=\"_blank\" rel=\"noreferrer noopener\">contacto <\/a> con nosotros si tiene alguna pregunta.<\/h3>\n","protected":false},"excerpt":{"rendered":"<p>Diagn\u00f3stico y tratamiento integral del c\u00e1ncer oral \u00bfQu\u00e9 es el c\u00e1ncer oral? El c\u00e1ncer oral es el que se desarrolla [&hellip;]<\/p>\n","protected":false},"author":4,"featured_media":92377,"parent":0,"menu_order":0,"comment_status":"closed","ping_status":"closed","template":"","meta":{"site-sidebar-layout":"default","site-content-layout":"","ast-site-content-layout":"default","site-content-style":"default","site-sidebar-style":"default","ast-global-header-display":"","ast-banner-title-visibility":"","ast-main-header-display":"","ast-hfb-above-header-display":"","ast-hfb-below-header-display":"","ast-hfb-mobile-header-display":"","site-post-title":"","ast-breadcrumbs-content":"","ast-featured-img":"","footer-sml-layout":"","ast-disable-related-posts":"","theme-transparent-header-meta":"","adv-header-id-meta":"","stick-header-meta":"","header-above-stick-meta":"","header-main-stick-meta":"","header-below-stick-meta":"","astra-migrate-meta-layouts":"default","ast-page-background-enabled":"default","ast-page-background-meta":{"desktop":{"background-color":"var(--ast-global-color-4)","background-image":"","background-repeat":"repeat","background-position":"center center","background-size":"auto","background-attachment":"scroll","background-type":"","background-media":"","overlay-type":"","overlay-color":"","overlay-opacity":"","overlay-gradient":""},"tablet":{"background-color":"","background-image":"","background-repeat":"repeat","background-position":"center center","background-size":"auto","background-attachment":"scroll","background-type":"","background-media":"","overlay-type":"","overlay-color":"","overlay-opacity":"","overlay-gradient":""},"mobile":{"background-color":"","background-image":"","background-repeat":"repeat","background-position":"center center","background-size":"auto","background-attachment":"scroll","background-type":"","background-media":"","overlay-type":"","overlay-color":"","overlay-opacity":"","overlay-gradient":""}},"ast-content-background-meta":{"desktop":{"background-color":"var(--ast-global-color-5)","background-image":"","background-repeat":"repeat","background-position":"center center","background-size":"auto","background-attachment":"scroll","background-type":"","background-media":"","overlay-type":"","overlay-color":"","overlay-opacity":"","overlay-gradient":""},"tablet":{"background-color":"var(--ast-global-color-5)","background-image":"","background-repeat":"repeat","background-position":"center center","background-size":"auto","background-attachment":"scroll","background-type":"","background-media":"","overlay-type":"","overlay-color":"","overlay-opacity":"","overlay-gradient":""},"mobile":{"background-color":"var(--ast-global-color-5)","background-image":"","background-repeat":"repeat","background-position":"center center","background-size":"auto","background-attachment":"scroll","background-type":"","background-media":"","overlay-type":"","overlay-color":"","overlay-opacity":"","overlay-gradient":""}},"footnotes":""},"class_list":["post-145797","page","type-page","status-publish","has-post-thumbnail","hentry"],"_links":{"self":[{"href":"https:\/\/medclinics.com\/es\/wp-json\/wp\/v2\/pages\/145797","targetHints":{"allow":["GET"]}}],"collection":[{"href":"https:\/\/medclinics.com\/es\/wp-json\/wp\/v2\/pages"}],"about":[{"href":"https:\/\/medclinics.com\/es\/wp-json\/wp\/v2\/types\/page"}],"author":[{"embeddable":true,"href":"https:\/\/medclinics.com\/es\/wp-json\/wp\/v2\/users\/4"}],"replies":[{"embeddable":true,"href":"https:\/\/medclinics.com\/es\/wp-json\/wp\/v2\/comments?post=145797"}],"version-history":[{"count":0,"href":"https:\/\/medclinics.com\/es\/wp-json\/wp\/v2\/pages\/145797\/revisions"}],"wp:featuredmedia":[{"embeddable":true,"href":"https:\/\/medclinics.com\/es\/wp-json\/wp\/v2\/media\/92377"}],"wp:attachment":[{"href":"https:\/\/medclinics.com\/es\/wp-json\/wp\/v2\/media?parent=145797"}],"curies":[{"name":"wp","href":"https:\/\/api.w.org\/{rel}","templated":true}]}}