{"id":145785,"date":"2023-05-16T13:52:11","date_gmt":"2023-05-16T10:52:11","guid":{"rendered":"https:\/\/medclinics.com\/aparatos-desmontables\/"},"modified":"2025-01-02T23:59:18","modified_gmt":"2025-01-02T20:59:18","slug":"aparatos-desmontables","status":"publish","type":"page","link":"https:\/\/medclinics.com\/es\/aparatos-desmontables\/","title":{"rendered":"Aparatos desmontables"},"content":{"rendered":"\n<h2 class=\"wp-block-heading\">Explora la comodidad de los aparatos removibles: Una visi\u00f3n general<\/h2>\n\n<p>Si quieres sentirte libre para re\u00edr libremente y mejorar tu sonrisa, los aparatos removibles pueden ser justo lo que necesitas.\nEstos vers\u00e1tiles aparatos de ortodoncia ofrecen flexibilidad y comodidad.\nEsto hace que sean una opci\u00f3n popular para tratar problemas dentales menores, como el api\u00f1amiento o el espaciado.  <\/p>\n\n<h3 class=\"wp-block-heading\">\u00bfQu\u00e9 son los aparatos removibles? <\/h3>\n\n<p>Los aparatos removibles son soluciones ortod\u00f3ncicas que los pacientes pueden quitarse ellos mismos.\nA diferencia de los aparatos fijos, que deben permanecer adheridos a los dientes, los aparatos removibles ofrecen mayor flexibilidad y facilidad de uso que los fijos; por eso son ideales para los pacientes que buscan soluciones r\u00e1pidas para corregir problemas dentales sin un compromiso a largo plazo. <\/p>\n\n<h3 class=\"wp-block-heading\">Tipos de aparatos removibles<\/h3>\n\n<p>Existen varios tipos de aparatos dentales extra\u00edbles en el mercado, dise\u00f1ados para satisfacer necesidades dentales espec\u00edficas:<\/p>\n\n<h4 class=\"wp-block-heading\">Retenedores<\/h4>\n\n<p>Los retenedores son dispositivos hechos a medida, dise\u00f1ados para ayudar a mantener la alineaci\u00f3n de los dientes despu\u00e9s de un tratamiento de ortodoncia.\nFabricados con materiales acr\u00edlicos o pl\u00e1sticos transparentes, los retenedores se ajustan c\u00f3modamente sobre o detr\u00e1s de los dientes y pueden ayudar a proteger los resultados conseguidos durante un programa de ortodoncia para que no vuelvan a su posici\u00f3n original una vez retirados los aparatos, lo que ofrece ventajas a largo plazo de su uso. <\/p>\n\n<h4 class=\"wp-block-heading\">Alineadores<\/h4>\n\n<p>Los alineadores son otro aparato extra\u00edble compuesto por bandejas transparentes parecidas a protectores bucales que se usan para enderezar los dientes torcidos, se llevan durante 20-22 horas al d\u00eda y s\u00f3lo se quitan durante las comidas, al cepillarse los dientes o al usar hilo dental, lo que los convierte en una opci\u00f3n de tratamiento ortod\u00f3ncico discreta y c\u00f3moda.\nInvisalign se ha convertido en una opci\u00f3n atractiva debido a su casi invisibilidad y facilidad de uso; su serie progresiva desplaza suavemente los dientes a sus posiciones deseadas, proporcionando alternativas modernas a los aparatos tradicionales. <\/p>\n\n<h4 class=\"wp-block-heading\">Expansores<\/h4>\n\n<p>Los expansores ofrecen una gran soluci\u00f3n a los pacientes que buscan corregir arcos estrechos.\nEstos dispositivos se colocan en el paladar y act\u00faan ensanchando los maxilares, con ajustes realizados por un ortodoncista o siguiendo directamente sus instrucciones espec\u00edficas.\nLos expansores son especialmente beneficiosos para crear m\u00e1s espacio dentro de la boca y mejorar la alineaci\u00f3n dental general; son especialmente importantes como herramienta de intervenci\u00f3n precoz que puede evitar problemas dentales m\u00e1s graves m\u00e1s adelante.  <\/p>\n\n<h3 class=\"wp-block-heading\">Ventajas de los aparatos removibles<\/h3>\n\n<p><a href=\"https:\/\/en.wikipedia.org\/wiki\/Orthodontic_technology\" target=\"_blank\" rel=\"noreferrer noopener\">Los aparatos removibles<\/a> ofrecen numerosas ventajas que los convierten en la opci\u00f3n preferida de muchos pacientes:<\/p>\n\n<h4 class=\"wp-block-heading\">Comodidad: <\/h4>\n\n<p>Los aparatos extra\u00edbles simplifican la limpieza y el mantenimiento de la higiene dental, ya que se sacan para comer, cepillarse los dientes y usar el hilo dental seg\u00fan sea necesario, lo que permite a los pacientes llegar a todas las superficies sin obstrucciones en su rutina de cepillado o uso del hilo dental.<\/p>\n\n<h4 class=\"wp-block-heading\">Comodidad: <\/h4>\n\n<p>Hechos a medida para adaptarse perfectamente a tu boca, estos aparatos est\u00e1n especialmente fabricados para ofrecerte una comodidad \u00f3ptima, proporcion\u00e1ndote una experiencia ortod\u00f3ncica agradable.\nSu ajuste personalizado reduce la irritaci\u00f3n y las molestias que suelen producir los aparatos fijos. <\/p>\n\n<h4 class=\"wp-block-heading\">Flexibilidad: <\/h4>\n\n<p>Los aparatos de dentadura postiza permiten a los pacientes solucionar problemas dentales menores sin necesidad de aparatos permanentes; adem\u00e1s, los pacientes pueden quit\u00e1rselos f\u00e1cilmente para eventos u ocasiones especiales cuando sea necesario, lo que a\u00f1ade un nivel de versatilidad y adaptabilidad a su tratamiento.<\/p>\n\n<p>Los alineadores transparentes ofrecen un tratamiento ortod\u00f3ncico discreto, ideal para adultos y adolescentes que podr\u00edan sentirse cohibidos llevando aparatos met\u00e1licos tradicionales.<\/p>\n\n<h3 class=\"wp-block-heading\">\u00bfPor qu\u00e9 Turqu\u00eda para tratamientos dentales? <\/h3>\n\n<p>Turqu\u00eda se ha convertido r\u00e1pidamente en uno de los principales destinos del turismo dental, atrayendo a pacientes de todo el mundo.\nLa oferta de odontolog\u00eda de alta calidad a precios inferiores a los de muchos pa\u00edses occidentales, sobre todo el Reino Unido, combinada con los expertos dentistas turcos, hace de Turqu\u00eda una opci\u00f3n excelente para quien busque tratamientos en el extranjero. <\/p>\n\n<p>Turqu\u00eda ha experimentado una r\u00e1pida expansi\u00f3n del turismo dental en los \u00faltimos a\u00f1os debido a sus instalaciones de vanguardia, sus profesionales dentales altamente cualificados y la atenci\u00f3n integral que prestan a los pacientes internacionales.\nMuchas cl\u00ednicas de Turqu\u00eda ofrecen paquetes que incluyen alojamiento y transporte, lo que hace que la experiencia sea fluida y sin estr\u00e9s para los visitantes extranjeros. <\/p>\n\n<h3 class=\"wp-block-heading\">MedClinics ofrece servicios odontol\u00f3gicos integrales, como:<\/h3>\n\n<h4 class=\"wp-block-heading\">Odontolog\u00eda est\u00e9tica: <\/h4>\n\n<p>Mejora tu sonrisa con nuestros avanzados procedimientos est\u00e9ticos, como el blanqueamiento dental, las carillas y los cambios de imagen de la sonrisa, para conseguir transformaciones duraderas de la sonrisa.\nEl principal objetivo de la odontolog\u00eda cosm\u00e9tica es mejorar el aspecto de los dientes y, al mismo tiempo, aumentar la confianza y la est\u00e9tica. <\/p>\n\n<h4 class=\"wp-block-heading\">Odontolog\u00eda est\u00e9tica: <\/h4>\n\n<p>En nuestros tratamientos est\u00e9ticos, nos centramos en mejorar el aspecto general y la armon\u00eda de tus dientes y enc\u00edas, incluyendo tratamientos como la remodelaci\u00f3n de enc\u00edas y la adhesi\u00f3n para crear m\u00e1s simetr\u00eda y belleza en tu sonrisa.<\/p>\n\n<h4 class=\"wp-block-heading\">Odontolog\u00eda restauradora: <\/h4>\n\n<p>En nuestra consulta ofrecemos soluciones para los dientes da\u00f1ados o ausentes, como coronas, puentes e implantes, para restablecer la salud bucal y la funcionalidad.\nLa odontolog\u00eda restauradora trata de recuperar la funci\u00f3n natural de tus dientes para que puedas volver a disfrutar comiendo, hablando y sonriendo con orgullo. <\/p>\n\n<h3 class=\"wp-block-heading\">Conclusi\u00f3n<\/h3>\n\n<p>Los aparatos removibles ofrecen una soluci\u00f3n eficaz, flexible y pr\u00e1ctica para diversas necesidades ortod\u00f3ncicas.\nDesde mantener la alineaci\u00f3n de los dientes y enderezar los torcidos, hasta corregir las arcadas estrechas o los arcos estrechos; los aparatos removibles ofrecen soluciones eficaces y c\u00f3modas a la vez.\nAl ser f\u00e1ciles de limpiar, c\u00f3modos de llevar y discretos, los removibles son una opci\u00f3n atractiva para los pacientes.  <\/p>\n\n<p>Optar por tratamientos dentales en Turqu\u00eda supone una ventaja: recibir una atenci\u00f3n de primera a un precio econ\u00f3mico.\nLa experiencia de los dentistas turcos, combinada con las modernas cl\u00ednicas dentales del pa\u00eds, garantizan que recibas la mejor atenci\u00f3n. <\/p>\n\n<p>Descubre los completos servicios odontol\u00f3gicos de medClinics y descubre c\u00f3mo los aparatos removibles pueden ayudarte a crear una sonrisa deslumbrante y segura de ti misma.<\/p>\n\n<h3 class=\"wp-block-heading\">Todo lo que necesita saber sobre el <a href=\"https:\/\/medclinics.com\/dental-treatment\/\" target=\"_blank\" rel=\"noreferrer noopener\">tratamiento dental<\/a>, incluido el precio, los cuidados postoperatorios y el proceso de cicatrizaci\u00f3n, o p\u00f3ngase <a href=\"#requestform\">en contacto con nosotros<\/a>.<\/h3>\n\n<figure class=\"wp-block-image size-large\"><img fetchpriority=\"high\" decoding=\"async\" width=\"6048\" height=\"4024\" src=\"https:\/\/medclinics.com\/wp-content\/uploads\/2023\/05\/removal-appliances.png\" alt=\"Aparatos desmontables\" class=\"wp-image-85801\" srcset=\"https:\/\/medclinics.com\/wp-content\/uploads\/2023\/05\/removal-appliances.png 6048w, https:\/\/medclinics.com\/wp-content\/uploads\/2023\/05\/removal-appliances-500x333.png 500w, https:\/\/medclinics.com\/wp-content\/uploads\/2023\/05\/removal-appliances-1024x681.png 1024w, https:\/\/medclinics.com\/wp-content\/uploads\/2023\/05\/removal-appliances-768x511.png 768w, https:\/\/medclinics.com\/wp-content\/uploads\/2023\/05\/removal-appliances-1536x1022.png 1536w, https:\/\/medclinics.com\/wp-content\/uploads\/2023\/05\/removal-appliances-2048x1363.png 2048w, https:\/\/medclinics.com\/wp-content\/uploads\/2023\/05\/removal-appliances-24x16.png 24w, https:\/\/medclinics.com\/wp-content\/uploads\/2023\/05\/removal-appliances-36x24.png 36w, https:\/\/medclinics.com\/wp-content\/uploads\/2023\/05\/removal-appliances-48x32.png 48w\" sizes=\"(max-width: 6048px) 100vw, 6048px\" \/><\/figure>\n\n<h2 class=\"wp-block-heading\">PREGUNTAS FRECUENTES<\/h2>\n<div id=\"rank-math-faq\" class=\"rank-math-block\">\n<div class=\"rank-math-list \">\n<div id=\"faq-question-1682666956133\" class=\"rank-math-list-item\">\n<h3 class=\"rank-math-question \">\u00bfQu\u00e9 es la terapia con aparatos removibles?<\/h3>\n<div class=\"rank-math-answer \">\n\n<p>La terapia con aparatos removibles es un tipo de tratamiento de ortodoncia que utiliza aparatos removibles hechos a medida para corregir los problemas de alineaci\u00f3n dental y mordida. Estos aparatos se pueden sacar para limpiarlos y realizar determinadas actividades. Se utilizan para corregir peque\u00f1os movimientos dentales, guiar el crecimiento de la mand\u00edbula, retener los dientes despu\u00e9s de un tratamiento o ampliar temporalmente las arcadas dentales. Para que el tratamiento tenga \u00e9xito es necesario llevarlo con regularidad y realizar visitas de seguimiento.<\/p>\n\n<\/div>\n<\/div>\n<div id=\"faq-question-1684244742028\" class=\"rank-math-list-item\">\n<h3 class=\"rank-math-question \">\u00bfPara qu\u00e9 se utilizan los aparatos de ortodoncia removibles?<\/h3>\n<div class=\"rank-math-answer \">\n\n<p>Los aparatos de ortodoncia removibles cumplen m\u00faltiples funciones en el tratamiento ortod\u00f3ncico. Se utilizan para corregir peque\u00f1os movimientos dentales, como api\u00f1amientos o problemas de espaciado, as\u00ed como peque\u00f1as rotaciones o inclinaciones de los dientes. Estos aparatos tambi\u00e9n pueden guiar el crecimiento y desarrollo de los maxilares en individuos en crecimiento, favoreciendo una relaci\u00f3n de mordida m\u00e1s armoniosa. Una vez finalizado el tratamiento de ortodoncia, se suelen utilizar retenedores removibles para mantener la alineaci\u00f3n dental conseguida y evitar reca\u00eddas. Adem\u00e1s, los aparatos removibles con expansores pueden crear temporalmente m\u00e1s espacio en las arcadas dentales, sobre todo en casos de api\u00f1amiento dental. Los ortodoncistas eval\u00faan cuidadosamente las necesidades de cada paciente y desarrollan un plan de tratamiento personalizado que puede incluir el uso de aparatos extra\u00edbles. El uso constante y el mantenimiento adecuado de los aparatos son cruciales para el \u00e9xito del tratamiento.<\/p>\n\n<\/div>\n<\/div>\n<\/div>\n<\/div>\n<h3 class=\"wp-block-heading\">P\u00f3ngase <a href=\"#requestform\">en contacto con nosotros<\/a> si tiene alguna pregunta.<\/h3>\n","protected":false},"excerpt":{"rendered":"<p>Explora la comodidad de los aparatos removibles: Una visi\u00f3n general Si quieres sentirte libre para re\u00edr libremente y mejorar tu [&hellip;]<\/p>\n","protected":false},"author":4,"featured_media":92420,"parent":0,"menu_order":0,"comment_status":"closed","ping_status":"closed","template":"","meta":{"site-sidebar-layout":"default","site-content-layout":"","ast-site-content-layout":"default","site-content-style":"default","site-sidebar-style":"default","ast-global-header-display":"","ast-banner-title-visibility":"","ast-main-header-display":"","ast-hfb-above-header-display":"","ast-hfb-below-header-display":"","ast-hfb-mobile-header-display":"","site-post-title":"","ast-breadcrumbs-content":"","ast-featured-img":"","footer-sml-layout":"","ast-disable-related-posts":"","theme-transparent-header-meta":"","adv-header-id-meta":"","stick-header-meta":"","header-above-stick-meta":"","header-main-stick-meta":"","header-below-stick-meta":"","astra-migrate-meta-layouts":"default","ast-page-background-enabled":"default","ast-page-background-meta":{"desktop":{"background-color":"var(--ast-global-color-4)","background-image":"","background-repeat":"repeat","background-position":"center center","background-size":"auto","background-attachment":"scroll","background-type":"","background-media":"","overlay-type":"","overlay-color":"","overlay-opacity":"","overlay-gradient":""},"tablet":{"background-color":"","background-image":"","background-repeat":"repeat","background-position":"center center","background-size":"auto","background-attachment":"scroll","background-type":"","background-media":"","overlay-type":"","overlay-color":"","overlay-opacity":"","overlay-gradient":""},"mobile":{"background-color":"","background-image":"","background-repeat":"repeat","background-position":"center center","background-size":"auto","background-attachment":"scroll","background-type":"","background-media":"","overlay-type":"","overlay-color":"","overlay-opacity":"","overlay-gradient":""}},"ast-content-background-meta":{"desktop":{"background-color":"var(--ast-global-color-5)","background-image":"","background-repeat":"repeat","background-position":"center center","background-size":"auto","background-attachment":"scroll","background-type":"","background-media":"","overlay-type":"","overlay-color":"","overlay-opacity":"","overlay-gradient":""},"tablet":{"background-color":"var(--ast-global-color-5)","background-image":"","background-repeat":"repeat","background-position":"center center","background-size":"auto","background-attachment":"scroll","background-type":"","background-media":"","overlay-type":"","overlay-color":"","overlay-opacity":"","overlay-gradient":""},"mobile":{"background-color":"var(--ast-global-color-5)","background-image":"","background-repeat":"repeat","background-position":"center center","background-size":"auto","background-attachment":"scroll","background-type":"","background-media":"","overlay-type":"","overlay-color":"","overlay-opacity":"","overlay-gradient":""}},"footnotes":""},"class_list":["post-145785","page","type-page","status-publish","has-post-thumbnail","hentry"],"_links":{"self":[{"href":"https:\/\/medclinics.com\/es\/wp-json\/wp\/v2\/pages\/145785","targetHints":{"allow":["GET"]}}],"collection":[{"href":"https:\/\/medclinics.com\/es\/wp-json\/wp\/v2\/pages"}],"about":[{"href":"https:\/\/medclinics.com\/es\/wp-json\/wp\/v2\/types\/page"}],"author":[{"embeddable":true,"href":"https:\/\/medclinics.com\/es\/wp-json\/wp\/v2\/users\/4"}],"replies":[{"embeddable":true,"href":"https:\/\/medclinics.com\/es\/wp-json\/wp\/v2\/comments?post=145785"}],"version-history":[{"count":0,"href":"https:\/\/medclinics.com\/es\/wp-json\/wp\/v2\/pages\/145785\/revisions"}],"wp:featuredmedia":[{"embeddable":true,"href":"https:\/\/medclinics.com\/es\/wp-json\/wp\/v2\/media\/92420"}],"wp:attachment":[{"href":"https:\/\/medclinics.com\/es\/wp-json\/wp\/v2\/media?parent=145785"}],"curies":[{"name":"wp","href":"https:\/\/api.w.org\/{rel}","templated":true}]}}