{"id":145773,"date":"2023-05-16T13:31:27","date_gmt":"2023-05-16T10:31:27","guid":{"rendered":"https:\/\/medclinics.com\/chapa-de-porcelana-laminada\/"},"modified":"2025-01-02T18:55:33","modified_gmt":"2025-01-02T15:55:33","slug":"chapa-de-porcelana-laminada","status":"publish","type":"page","link":"https:\/\/medclinics.com\/es\/chapa-de-porcelana-laminada\/","title":{"rendered":"Chapa de porcelana laminada"},"content":{"rendered":"\n<h2 class=\"wp-block-heading\">Mejore su sonrisa con carillas de porcelana laminada<\/h2>\n\n<p>\u00bfBusca una mejora notable para su sonrisa? <a href=\"https:\/\/en.wikipedia.org\/wiki\/Veneer_(dentistry)\" target=\"_blank\" rel=\"noreferrer noopener\">Las carillas<\/a> de porcelana laminada pueden ser justo lo que necesita. Estas carillas incre\u00edblemente finas pueden cambiar por completo la forma, el tama\u00f1o y el color de sus dientes. El resultado es una sonrisa bonita y natural. Debido a sus resultados sorprendentes y duraderos, esta opci\u00f3n es la preferida por muchos pacientes.    <\/p>\n\n<h3 class=\"wp-block-heading\">\u00bfPor qu\u00e9 las carillas de porcelana laminada son una gran elecci\u00f3n?<\/h3>\n\n<p>Las carillas de porcelana laminada ofrecen muchas ventajas que las convierten en una excelente opci\u00f3n para embellecer las sonrisas:<\/p>\n\n<h4 class=\"wp-block-heading\">Un aspecto muy natural: <\/h4>\n\n<p>La gran ventaja de las carillas de porcelana es su capacidad para reproducir las propiedades de reflexi\u00f3n de la luz de los dientes naturales. Esto confiere a su sonrisa un aspecto natural y realista. <\/p>\n\n<h4 class=\"wp-block-heading\">Duradero y resistente:<\/h4>\n\n<p>Las carillas de porcelana laminada son conocidas por su resistencia y longevidad. Si se cuidan adecuadamente (cepillado, uso de hilo dental y visitas al dentista) pueden durar muchos a\u00f1os y resistir las manchas mejor que los dientes naturales, manteniendo su aspecto brillante durante muchos a\u00f1os. <\/p>\n\n<h4 class=\"wp-block-heading\">Menos invasivo: <\/h4>\n\n<p>En comparaci\u00f3n con otras t\u00e9cnicas de restauraci\u00f3n dental, la aplicaci\u00f3n de carillas de porcelana es m\u00ednimamente invasiva. S\u00f3lo es necesario retirar una peque\u00f1a cantidad del esmalte dental original, por lo que el procedimiento es m\u00e1s r\u00e1pido y menos doloroso. <\/p>\n\n<h4 class=\"wp-block-heading\">Soluci\u00f3n vers\u00e1til: <\/h4>\n\n<p>Estas carillas son muy vers\u00e1tiles y pueden solucionar diversos problemas dentales, como la decoloraci\u00f3n, dientes astillados o rotos, ligeras desalineaciones y espacios entre los dientes. Su adaptabilidad las convierte en un remedio completo para m\u00faltiples imperfecciones en un solo paquete. <\/p>\n\n<h4 class=\"wp-block-heading\">Resultados r\u00e1pidos: <\/h4>\n\n<p>A diferencia de los tratamientos de ortodoncia, que pueden tardar a\u00f1os en mostrar cambios significativos, las carillas de porcelana ofrecen una r\u00e1pida transformaci\u00f3n. Puede conseguir una nueva sonrisa en unas pocas visitas al dentista. <\/p>\n\n<h3 class=\"wp-block-heading\">El proceso de aplicaci\u00f3n de la chapa<\/h3>\n\n<p>La colocaci\u00f3n de carillas de porcelana implica varios pasos clave:<\/p>\n\n<p><strong>Consulta inicial:<\/strong> Su viaje comienza con una consulta donde su dentista discutir\u00e1 sus objetivos de sonrisa y examinar\u00e1 sus dientes para determinar si las carillas son adecuadas para usted. Le explicar\u00e1 cada paso del procedimiento para que sepa exactamente qu\u00e9 esperar. <\/p>\n\n<p><strong>Preparaci\u00f3n de los dientes<\/strong>: En la siguiente cita, su dentista preparar\u00e1 sus dientes retirando una peque\u00f1a cantidad de esmalte de la superficie. Esto debe hacerse para que las carillas puedan anclarse correctamente a sus dientes <\/p>\n\n<p><strong>Toma de impresiones:<\/strong> Despu\u00e9s de preparar sus dientes, su dentista tomar\u00e1 impresiones detalladas. Estas impresiones se env\u00edan a un laboratorio dental donde se crean sus carillas personalizadas. <\/p>\n\n<p><strong>Aplicaci\u00f3n de las carillas: <\/strong>Una vez que sus carillas est\u00e9n listas, su dentista las colocar\u00e1 en sus dientes para comprobar el ajuste y la coincidencia de color. Tras realizar los ajustes necesarios, las carillas se pegan de forma permanente a los dientes con un adhesivo especial. <\/p>\n\n<p><strong>Ajustes finales: <\/strong>Su dentista realizar\u00e1 los ajustes de \u00faltima hora para garantizar que su mordida sea correcta y que las carillas tengan un aspecto lo m\u00e1s natural posible. <\/p>\n\n<h3 class=\"wp-block-heading\">Cuidado de las carillas de porcelana<\/h3>\n\n<p>Para que sus carillas de porcelana conserven su mejor aspecto y garantizar su longevidad, siga estos consejos de cuidado:<\/p>\n\n<p>** <strong>Mantenga<\/strong> <strong>una buena higiene bucal<\/strong>: Cepille y use hilo dental en sus carillas diariamente, al igual que en sus dientes naturales, para mantenerlas limpias y libres de placa.<br\/>** <strong>Evite los alimentos duros<\/strong>: Aunque las carillas de porcelana son duraderas, es aconsejable evitar morder alimentos u objetos muy duros para prevenir cualquier da\u00f1o.<br\/>** <strong>Revisiones dentales regulares:<\/strong> Visite a su dentista regularmente para revisiones y limpiezas profesionales para mantener tanto sus carillas como su salud dental en general en las mejores condiciones.<br\/>** <strong>Use pasta de dientes suave<\/strong>: Elija una pasta de dientes no abrasiva para evitar rayar la superficie de sus carillas.<\/p>\n\n<h3 class=\"wp-block-heading\">Antes de decidirte&#8230;<\/h3>\n\n<p>Es importante recordar que la colocaci\u00f3n de carillas de porcelana es un proceso irreversible, ya que implica la eliminaci\u00f3n de parte de la estructura dental original. Sin embargo, dados sus incre\u00edbles beneficios, merece la pena considerarlo. Si sus dientes y enc\u00edas est\u00e1n sanos y desea una mejora significativa de su sonrisa, las carillas de porcelana pueden ser la soluci\u00f3n perfecta para usted.  <\/p>\n\n<p>Para aprovechar al m\u00e1ximo la inversi\u00f3n en su nueva sonrisa, trate sus carillas con delicadeza y evite actividades que puedan ejercer una presi\u00f3n excesiva sobre ellas. No espere m\u00e1s y aproveche la oportunidad de colocarse carillas ahora mismo.  <\/p>\n\n<p>Las carillas de porcelana laminada pueden proporcionarle la sonrisa que siempre ha deseado. Con su aspecto natural, durabilidad y resultados r\u00e1pidos, son una excelente inversi\u00f3n en su autoestima y apariencia. Si est\u00e1 pensando en mejorar su sonrisa, hable con su dentista para ver si las carillas de porcelana son la opci\u00f3n adecuada para usted.  <\/p>\n\n<h4 class=\"wp-block-heading\">\u00bfPreparado para transformar tu sonrisa? P\u00f3ngase en contacto con nosotros ahora, MedClinics le guiar\u00e1 a trav\u00e9s del proceso.  <\/h4>\n\n<h3 class=\"wp-block-heading\">Todo lo que necesita saber sobre el <a href=\"https:\/\/medclinics.com\/dental-treatment\/\" target=\"_blank\" rel=\"noreferrer noopener\">tratamiento dental<\/a>, incluido el precio, los cuidados postoperatorios y el proceso de cicatrizaci\u00f3n, o p\u00f3ngase <a href=\"#requestform\">en contacto con nosotros<\/a>.<\/h3>\n\n<figure class=\"wp-block-image size-large\"><img fetchpriority=\"high\" decoding=\"async\" width=\"7360\" height=\"4912\" src=\"https:\/\/medclinics.com\/wp-content\/uploads\/2023\/05\/porcelain-laminate-veneer.png\" alt=\"Chapa de porcelana laminada\" class=\"wp-image-85775\" srcset=\"https:\/\/medclinics.com\/wp-content\/uploads\/2023\/05\/porcelain-laminate-veneer.png 7360w, https:\/\/medclinics.com\/wp-content\/uploads\/2023\/05\/porcelain-laminate-veneer-500x334.png 500w, https:\/\/medclinics.com\/wp-content\/uploads\/2023\/05\/porcelain-laminate-veneer-1024x683.png 1024w, https:\/\/medclinics.com\/wp-content\/uploads\/2023\/05\/porcelain-laminate-veneer-768x513.png 768w, https:\/\/medclinics.com\/wp-content\/uploads\/2023\/05\/porcelain-laminate-veneer-1536x1025.png 1536w, https:\/\/medclinics.com\/wp-content\/uploads\/2023\/05\/porcelain-laminate-veneer-2048x1367.png 2048w, https:\/\/medclinics.com\/wp-content\/uploads\/2023\/05\/porcelain-laminate-veneer-24x16.png 24w, https:\/\/medclinics.com\/wp-content\/uploads\/2023\/05\/porcelain-laminate-veneer-36x24.png 36w, https:\/\/medclinics.com\/wp-content\/uploads\/2023\/05\/porcelain-laminate-veneer-48x32.png 48w\" sizes=\"(max-width: 7360px) 100vw, 7360px\" \/><\/figure>\n\n<h2 class=\"wp-block-heading\">PREGUNTAS FRECUENTES<\/h2>\n<div id=\"rank-math-faq\" class=\"rank-math-block\">\n<div class=\"rank-math-list \">\n<div id=\"faq-question-1682666956133\" class=\"rank-math-list-item\">\n<h3 class=\"rank-math-question \">\u00bfQu\u00e9 son las carillas de porcelana laminada?<\/h3>\n<div class=\"rank-math-answer \">\n\n<p>Las carillas de porcelana laminada son finas l\u00e1minas de porcelana dise\u00f1adas a medida para cubrir la superficie anterior de los dientes. Se utilizan para mejorar el aspecto de los dientes realzando su color, forma y alineaci\u00f3n. Las carillas pueden tratar diversos problemas est\u00e9ticos como la decoloraci\u00f3n, los dientes astillados, el espaciado irregular y las peque\u00f1as desalineaciones. El proceso incluye la preparaci\u00f3n de los dientes, la toma de impresiones y la adhesi\u00f3n de las carillas a los dientes. Las carillas de laminado de porcelana son conocidas por su aspecto natural y su durabilidad, proporcionando una soluci\u00f3n duradera para mejorar su sonrisa. Es importante consultar a un profesional de la odontolog\u00eda para determinar si las carillas son adecuadas para sus necesidades espec\u00edficas.<\/p>\n\n<\/div>\n<\/div>\n<div id=\"faq-question-1684243616949\" class=\"rank-math-list-item\">\n<h3 class=\"rank-math-question \">\u00bfSe manchar\u00e1n mis carillas de porcelana?<\/h3>\n<div class=\"rank-math-answer \">\n\n<p>Las carillas de porcelana son muy resistentes a las manchas, pero con el tiempo pueden acumular manchas superficiales. Una higiene bucal adecuada y evitar el consumo excesivo de sustancias que provocan manchas pueden ayudar a mantener su aspecto. Una limpieza dental profesional puede eliminar cualquier mancha superficial y mantener las carillas laminadas de porcelana con un aspecto natural.<\/p>\n\n<\/div>\n<\/div>\n<div id=\"faq-question-1684243725450\" class=\"rank-math-list-item\">\n<h3 class=\"rank-math-question \">\u00bfPueden moverse las carillas de porcelana?<\/h3>\n<div class=\"rank-math-answer \">\n\n<p>Las carillas de porcelana est\u00e1n dise\u00f1adas para adherirse firmemente a la superficie frontal de sus dientes, lo que las hace resistentes a movimientos o desplazamientos. Una vez colocadas y adheridas correctamente, las carillas deben permanecer estables y en la posici\u00f3n deseada. Sin embargo, es importante tener en cuenta que las fuerzas extremas o los traumatismos en los dientes pueden desplazar o da\u00f1ar las carillas. Se recomienda evitar h\u00e1bitos como morder objetos duros o utilizar los dientes como herramientas para proteger la longevidad e integridad de las carillas de porcelana. Las revisiones dentales peri\u00f3dicas pueden garantizar la estabilidad y el buen funcionamiento de las carillas a lo largo del tiempo.<\/p>\n\n<\/div>\n<\/div>\n<\/div>\n<\/div>\n<h3 class=\"wp-block-heading\">P\u00f3ngase <a href=\"#requestform\">en contacto con nosotros<\/a> si tiene alguna pregunta.<\/h3>\n","protected":false},"excerpt":{"rendered":"<p>Mejore su sonrisa con carillas de porcelana laminada \u00bfBusca una mejora notable para su sonrisa? Las carillas de porcelana laminada [&hellip;]<\/p>\n","protected":false},"author":4,"featured_media":92406,"parent":0,"menu_order":0,"comment_status":"closed","ping_status":"closed","template":"","meta":{"site-sidebar-layout":"default","site-content-layout":"","ast-site-content-layout":"default","site-content-style":"default","site-sidebar-style":"default","ast-global-header-display":"","ast-banner-title-visibility":"","ast-main-header-display":"","ast-hfb-above-header-display":"","ast-hfb-below-header-display":"","ast-hfb-mobile-header-display":"","site-post-title":"","ast-breadcrumbs-content":"","ast-featured-img":"","footer-sml-layout":"","ast-disable-related-posts":"","theme-transparent-header-meta":"","adv-header-id-meta":"","stick-header-meta":"","header-above-stick-meta":"","header-main-stick-meta":"","header-below-stick-meta":"","astra-migrate-meta-layouts":"default","ast-page-background-enabled":"default","ast-page-background-meta":{"desktop":{"background-color":"var(--ast-global-color-4)","background-image":"","background-repeat":"repeat","background-position":"center center","background-size":"auto","background-attachment":"scroll","background-type":"","background-media":"","overlay-type":"","overlay-color":"","overlay-opacity":"","overlay-gradient":""},"tablet":{"background-color":"","background-image":"","background-repeat":"repeat","background-position":"center center","background-size":"auto","background-attachment":"scroll","background-type":"","background-media":"","overlay-type":"","overlay-color":"","overlay-opacity":"","overlay-gradient":""},"mobile":{"background-color":"","background-image":"","background-repeat":"repeat","background-position":"center center","background-size":"auto","background-attachment":"scroll","background-type":"","background-media":"","overlay-type":"","overlay-color":"","overlay-opacity":"","overlay-gradient":""}},"ast-content-background-meta":{"desktop":{"background-color":"var(--ast-global-color-5)","background-image":"","background-repeat":"repeat","background-position":"center center","background-size":"auto","background-attachment":"scroll","background-type":"","background-media":"","overlay-type":"","overlay-color":"","overlay-opacity":"","overlay-gradient":""},"tablet":{"background-color":"var(--ast-global-color-5)","background-image":"","background-repeat":"repeat","background-position":"center center","background-size":"auto","background-attachment":"scroll","background-type":"","background-media":"","overlay-type":"","overlay-color":"","overlay-opacity":"","overlay-gradient":""},"mobile":{"background-color":"var(--ast-global-color-5)","background-image":"","background-repeat":"repeat","background-position":"center center","background-size":"auto","background-attachment":"scroll","background-type":"","background-media":"","overlay-type":"","overlay-color":"","overlay-opacity":"","overlay-gradient":""}},"footnotes":""},"class_list":["post-145773","page","type-page","status-publish","has-post-thumbnail","hentry"],"_links":{"self":[{"href":"https:\/\/medclinics.com\/es\/wp-json\/wp\/v2\/pages\/145773","targetHints":{"allow":["GET"]}}],"collection":[{"href":"https:\/\/medclinics.com\/es\/wp-json\/wp\/v2\/pages"}],"about":[{"href":"https:\/\/medclinics.com\/es\/wp-json\/wp\/v2\/types\/page"}],"author":[{"embeddable":true,"href":"https:\/\/medclinics.com\/es\/wp-json\/wp\/v2\/users\/4"}],"replies":[{"embeddable":true,"href":"https:\/\/medclinics.com\/es\/wp-json\/wp\/v2\/comments?post=145773"}],"version-history":[{"count":0,"href":"https:\/\/medclinics.com\/es\/wp-json\/wp\/v2\/pages\/145773\/revisions"}],"wp:featuredmedia":[{"embeddable":true,"href":"https:\/\/medclinics.com\/es\/wp-json\/wp\/v2\/media\/92406"}],"wp:attachment":[{"href":"https:\/\/medclinics.com\/es\/wp-json\/wp\/v2\/media?parent=145773"}],"curies":[{"name":"wp","href":"https:\/\/api.w.org\/{rel}","templated":true}]}}