{"id":145761,"date":"2023-05-16T13:08:49","date_gmt":"2023-05-16T10:08:49","guid":{"rendered":"https:\/\/medclinics.com\/tratamientos-de-ortodoncia\/"},"modified":"2025-01-02T17:44:58","modified_gmt":"2025-01-02T14:44:58","slug":"tratamientos-de-ortodoncia","status":"publish","type":"page","link":"https:\/\/medclinics.com\/es\/tratamientos-de-ortodoncia\/","title":{"rendered":"Tratamientos de ortodoncia"},"content":{"rendered":"\n<h2 class=\"wp-block-heading\">\u00bfEst\u00e1 cansado de sentirse acomplejado por sus dientes torcidos o su mand\u00edbula desalineada? Los tratamientos de ortodoncia ofrecen una soluci\u00f3n a estos problemas dentales comunes.<\/h2>\n\n<p>Mediante el uso de aparatos, brackets, el\u00e1sticos y muelles, los ortodoncistas pueden aplicar fuerza gradualmente para enderezar tanto los dientes como los maxilares.<\/p>\n\n<p>No s\u00f3lo se consigue una sonrisa m\u00e1s agradable est\u00e9ticamente, sino que tambi\u00e9n se mejora la funci\u00f3n masticatoria y se evita la aparici\u00f3n de problemas de salud bucal en el futuro. Aunque la duraci\u00f3n de <a href=\"https:\/\/istanbul-tourist-information.com\/en\/medical-treatment\/\" target=\"_blank\" rel=\"noreferrer noopener\">los tratamientos de ortodoncia<\/a> var\u00eda en funci\u00f3n del estado de cada persona, la mayor\u00eda de los pacientes se someten a tratamiento durante 1-3 a\u00f1os.<\/p>\n\n<p>Los beneficios de someterse a un tratamiento de ortodoncia son numerosos: no s\u00f3lo tendr\u00e1 una boca m\u00e1s sana con unos dientes m\u00e1s rectos, sino que tambi\u00e9n mejorar\u00e1 su capacidad para hablar. Sin embargo, entendemos que puede haber algunas molestias temporales como dolor\/sensibilidad en la zona tratada o incluso erosi\u00f3n del esmalte, por lo que es importante realizar revisiones peri\u00f3dicas durante este tiempo.<\/p>\n\n<p>Todo se reduce al cumplimiento de las recomendaciones de su dentista a lo largo de todo el proceso, lo que en \u00faltima instancia determina el \u00e9xito de su viaje hacia el logro de una salud oral \u00f3ptima.<\/p>\n\n<h3 class=\"wp-block-heading\">Todo lo que necesita saber sobre <a href=\"https:\/\/medclinics.com\/dental-treatment\/\" target=\"_blank\" rel=\"noreferrer noopener\">tratamientos dentales<\/a>, incluido el precio, los cuidados postoperatorios y el proceso de cicatrizaci\u00f3n, o p\u00f3ngase <a href=\"#requestform\">en contacto con nosotros<\/a>.<\/h3>\n\n<figure class=\"wp-block-image size-large\"><img fetchpriority=\"high\" decoding=\"async\" width=\"960\" height=\"640\" class=\"wp-image-85747\" src=\"https:\/\/medclinics.com\/wp-content\/uploads\/2023\/05\/orthodontic-treatments-e1685087135641.png\" alt=\"Tratamientos de ortodoncia\" srcset=\"https:\/\/medclinics.com\/wp-content\/uploads\/2023\/05\/orthodontic-treatments-e1685087135641.png 960w, https:\/\/medclinics.com\/wp-content\/uploads\/2023\/05\/orthodontic-treatments-e1685087135641-500x333.png 500w, https:\/\/medclinics.com\/wp-content\/uploads\/2023\/05\/orthodontic-treatments-e1685087135641-768x512.png 768w, https:\/\/medclinics.com\/wp-content\/uploads\/2023\/05\/orthodontic-treatments-e1685087135641-24x16.png 24w, https:\/\/medclinics.com\/wp-content\/uploads\/2023\/05\/orthodontic-treatments-e1685087135641-36x24.png 36w, https:\/\/medclinics.com\/wp-content\/uploads\/2023\/05\/orthodontic-treatments-e1685087135641-48x32.png 48w\" sizes=\"(max-width: 960px) 100vw, 960px\" \/><\/figure>\n\n<h2 class=\"wp-block-heading\">PREGUNTAS FRECUENTES<\/h2>\n<div id=\"rank-math-faq\" class=\"rank-math-block\">\n<div class=\"rank-math-list \">\n<div id=\"faq-question-1682666956133\" class=\"rank-math-list-item\">\n<h3 class=\"rank-math-question \">\u00bfPuede el tratamiento de ortodoncia provocar recesi\u00f3n de las enc\u00edas?<\/h3>\n<div class=\"rank-math-answer \">\n\n<p>Los tratamientos de ortodoncia, como los brackets u otros aparatos de ortodoncia, pueden contribuir potencialmente a la recesi\u00f3n de las enc\u00edas en determinados casos. Varios factores pueden aumentar el riesgo de recesi\u00f3n de las enc\u00edas durante el tratamiento de ortodoncia. Una higiene bucal inadecuada puede provocar inflamaci\u00f3n y recesi\u00f3n de las enc\u00edas. La aplicaci\u00f3n de fuerzas para mover los dientes puede ejercer presi\u00f3n sobre los tejidos gingivales circundantes, y unas fuerzas excesivas o inadecuadas pueden contribuir a la recesi\u00f3n. Las personas con tejidos gingivales naturalmente finos o delicados pueden ser m\u00e1s susceptibles a la recesi\u00f3n. Adem\u00e1s, la posici\u00f3n inicial y la angulaci\u00f3n de los dientes pueden influir en su respuesta a las fuerzas ortod\u00f3ncicas. Es importante mantener una buena higiene bucal y someterse a revisiones peri\u00f3dicas con un ortodoncista para minimizar el riesgo de recesi\u00f3n de las enc\u00edas durante el tratamiento de ortodoncia.<\/p>\n\n<\/div>\n<\/div>\n<div id=\"faq-question-1684242136074\" class=\"rank-math-list-item\">\n<h3 class=\"rank-math-question \">\u00bfEs doloroso el tratamiento de ortodoncia?<\/h3>\n<div class=\"rank-math-answer \">\n\n<p>Los tratamientos de ortodoncia pueden causar molestias y dolores temporales, sobre todo despu\u00e9s de colocar o ajustar los aparatos o alineadores. Sin embargo, las molestias suelen ser llevaderas y disminuyen en unos d\u00edas o una semana. La cera dental puede utilizarse para aliviar cualquier irritaci\u00f3n producida por los aparatos o alambres. Aunque las molestias forman parte del proceso de ortodoncia, los beneficios a largo plazo de conseguir una sonrisa m\u00e1s recta y sana compensan con creces las molestias temporales.<\/p>\n\n<\/div>\n<\/div>\n<div id=\"faq-question-1684242220273\" class=\"rank-math-list-item\">\n<h3 class=\"rank-math-question \">\u00bfEs seguro el tratamiento de ortodoncia?<\/h3>\n<div class=\"rank-math-answer \">\n\n<p>S\u00ed, el tratamiento de ortodoncia suele ser seguro cuando lo realiza un ortodoncista formado y cualificado. Aunque puede haber algunos riesgos y complicaciones potenciales, son poco frecuentes y los ortodoncistas est\u00e1n formados para minimizarlos. Si sigue las instrucciones de su ortodoncista y acude a las revisiones peri\u00f3dicas, podr\u00e1 garantizar un tratamiento de ortodoncia seguro y eficaz.<\/p>\n\n<\/div>\n<\/div>\n<div id=\"faq-question-1684242391057\" class=\"rank-math-list-item\">\n<h3 class=\"rank-math-question \">\u00bfMerece la pena un tratamiento de ortodoncia?<\/h3>\n<div class=\"rank-math-answer \">\n\n<p>A menudo se considera que el tratamiento de ortodoncia merece la pena para muchas personas debido a los numerosos beneficios que ofrece. Puede mejorar la est\u00e9tica de su sonrisa, aumentando su confianza en s\u00ed mismo y su calidad de vida en general. Adem\u00e1s, los tratamientos de ortodoncia favorecen una mejor salud bucodental al alinear los dientes, facilitando su limpieza y reduciendo el riesgo de problemas dentales. Tambi\u00e9n puede mejorar la funcionalidad, permitiendo una mayor eficacia al morder y masticar. El tratamiento de ortodoncia es una inversi\u00f3n a largo plazo, ya que los resultados suelen durar toda la vida con un mantenimiento adecuado. Consultar con un ortodoncista es crucial para determinar los beneficios espec\u00edficos que puede esperar en funci\u00f3n de sus necesidades y objetivos particulares. Pueden ofrecerle recomendaciones personalizadas y ayudarle a conseguir una sonrisa m\u00e1s recta, sana y atractiva.<\/p>\n\n<\/div>\n<\/div>\n<\/div>\n<\/div>\n<p>\u00a0<\/p>\n\n<h3 class=\"wp-block-heading\">P\u00f3ngase en contacto con nosotros si tiene alguna pregunta.<\/h3>\n","protected":false},"excerpt":{"rendered":"<p>\u00bfEst\u00e1 cansado de sentirse acomplejado por sus dientes torcidos o su mand\u00edbula desalineada? Los tratamientos de ortodoncia ofrecen una soluci\u00f3n [&hellip;]<\/p>\n","protected":false},"author":4,"featured_media":85755,"parent":0,"menu_order":0,"comment_status":"closed","ping_status":"closed","template":"","meta":{"site-sidebar-layout":"default","site-content-layout":"","ast-site-content-layout":"default","site-content-style":"default","site-sidebar-style":"default","ast-global-header-display":"","ast-banner-title-visibility":"","ast-main-header-display":"","ast-hfb-above-header-display":"","ast-hfb-below-header-display":"","ast-hfb-mobile-header-display":"","site-post-title":"","ast-breadcrumbs-content":"","ast-featured-img":"","footer-sml-layout":"","ast-disable-related-posts":"","theme-transparent-header-meta":"","adv-header-id-meta":"","stick-header-meta":"","header-above-stick-meta":"","header-main-stick-meta":"","header-below-stick-meta":"","astra-migrate-meta-layouts":"default","ast-page-background-enabled":"default","ast-page-background-meta":{"desktop":{"background-color":"var(--ast-global-color-4)","background-image":"","background-repeat":"repeat","background-position":"center center","background-size":"auto","background-attachment":"scroll","background-type":"","background-media":"","overlay-type":"","overlay-color":"","overlay-opacity":"","overlay-gradient":""},"tablet":{"background-color":"","background-image":"","background-repeat":"repeat","background-position":"center center","background-size":"auto","background-attachment":"scroll","background-type":"","background-media":"","overlay-type":"","overlay-color":"","overlay-opacity":"","overlay-gradient":""},"mobile":{"background-color":"","background-image":"","background-repeat":"repeat","background-position":"center center","background-size":"auto","background-attachment":"scroll","background-type":"","background-media":"","overlay-type":"","overlay-color":"","overlay-opacity":"","overlay-gradient":""}},"ast-content-background-meta":{"desktop":{"background-color":"var(--ast-global-color-5)","background-image":"","background-repeat":"repeat","background-position":"center center","background-size":"auto","background-attachment":"scroll","background-type":"","background-media":"","overlay-type":"","overlay-color":"","overlay-opacity":"","overlay-gradient":""},"tablet":{"background-color":"var(--ast-global-color-5)","background-image":"","background-repeat":"repeat","background-position":"center center","background-size":"auto","background-attachment":"scroll","background-type":"","background-media":"","overlay-type":"","overlay-color":"","overlay-opacity":"","overlay-gradient":""},"mobile":{"background-color":"var(--ast-global-color-5)","background-image":"","background-repeat":"repeat","background-position":"center center","background-size":"auto","background-attachment":"scroll","background-type":"","background-media":"","overlay-type":"","overlay-color":"","overlay-opacity":"","overlay-gradient":""}},"footnotes":""},"class_list":["post-145761","page","type-page","status-publish","has-post-thumbnail","hentry"],"_links":{"self":[{"href":"https:\/\/medclinics.com\/es\/wp-json\/wp\/v2\/pages\/145761","targetHints":{"allow":["GET"]}}],"collection":[{"href":"https:\/\/medclinics.com\/es\/wp-json\/wp\/v2\/pages"}],"about":[{"href":"https:\/\/medclinics.com\/es\/wp-json\/wp\/v2\/types\/page"}],"author":[{"embeddable":true,"href":"https:\/\/medclinics.com\/es\/wp-json\/wp\/v2\/users\/4"}],"replies":[{"embeddable":true,"href":"https:\/\/medclinics.com\/es\/wp-json\/wp\/v2\/comments?post=145761"}],"version-history":[{"count":0,"href":"https:\/\/medclinics.com\/es\/wp-json\/wp\/v2\/pages\/145761\/revisions"}],"wp:featuredmedia":[{"embeddable":true,"href":"https:\/\/medclinics.com\/es\/wp-json\/wp\/v2\/media\/85755"}],"wp:attachment":[{"href":"https:\/\/medclinics.com\/es\/wp-json\/wp\/v2\/media?parent=145761"}],"curies":[{"name":"wp","href":"https:\/\/api.w.org\/{rel}","templated":true}]}}