{"id":145735,"date":"2023-05-16T12:32:37","date_gmt":"2023-05-16T09:32:37","guid":{"rendered":"https:\/\/medclinics.com\/miniimplantes\/"},"modified":"2025-01-02T17:09:47","modified_gmt":"2025-01-02T14:09:47","slug":"miniimplantes","status":"publish","type":"page","link":"https:\/\/medclinics.com\/es\/miniimplantes\/","title":{"rendered":"Miniimplantes"},"content":{"rendered":"\n<h2 class=\"wp-block-heading\">Con la orientaci\u00f3n y la atenci\u00f3n expertas de nuestro equipo, dispondr\u00e1 de toda la informaci\u00f3n sobre el tratamiento con Mini Implantes. Aqu\u00ed tiene lo mejor para usted.<\/h2>\n\n<p>Si busca una opci\u00f3n menos invasiva para estabilizar su dentadura postiza o soportar restauraciones <a href=\"https:\/\/istanbul-tourist-information.com\/en\/medical-treatment\/\" target=\"_blank\" rel=\"noreferrer noopener\">dentales <\/a>, los miniimplantes pueden ser la soluci\u00f3n perfecta. Estos implantes de menor di\u00e1metro son ideales cuando no hay suficiente masa \u00f3sea o anchura para acomodar las opciones tradicionales.<\/p>\n\n<p>No s\u00f3lo requieren menos perforaciones en el hueso maxilar durante la intervenci\u00f3n quir\u00fargica, sino que su tama\u00f1o las convierte en una opci\u00f3n atractiva para quienes desean reducir al m\u00ednimo las molestias y el tiempo de recuperaci\u00f3n. Sin embargo, es importante tener en cuenta que, aunque los miniimplantes pueden hacer maravillas en determinadas situaciones, puede que no sean adecuados para todo el mundo.<\/p>\n\n<p>Por eso recomendamos encarecidamente consultar a un dentista o cirujano oral antes de tomar cualquier decisi\u00f3n sobre qu\u00e9 tipo de implante es el m\u00e1s adecuado para sus necesidades concretas.<\/p>\n\n<h3 class=\"wp-block-heading\">Todo lo que necesita saber sobre el <a href=\"https:\/\/medclinics.com\/dental-treatment\/\" target=\"_blank\" rel=\"noreferrer noopener\">tratamiento dental<\/a>, incluido el precio, los cuidados postoperatorios y el proceso de cicatrizaci\u00f3n, o p\u00f3ngase <a href=\"#requestform\">en contacto con nosotros<\/a>.<\/h3>\n\n<figure class=\"wp-block-image size-large\"><img decoding=\"async\" class=\"wp-image-85712\" src=\"https:\/\/medclinics.com\/wp-content\/uploads\/2023\/05\/mini-implant-2.png\" alt=\"Miniimplantes\"\/><\/figure>\n\n<h2 class=\"wp-block-heading\">PREGUNTAS FRECUENTES<\/h2>\n<div id=\"rank-math-faq\" class=\"rank-math-block\">\n<div class=\"rank-math-list \">\n<div id=\"faq-question-1682666956133\" class=\"rank-math-list-item\">\n<h3 class=\"rank-math-question \">\u00bfQu\u00e9 son los miniimplantes?<\/h3>\n<div class=\"rank-math-answer \">\n\n<p>Los miniimplantes son implantes dentales de menor tama\u00f1o que se utilizan para soportar restauraciones dentales como coronas o dentaduras postizas. Tienen un di\u00e1metro reducido en comparaci\u00f3n con los implantes normales y son adecuados para casos con anchura o espacio \u00f3seos limitados. El procedimiento de colocaci\u00f3n es menos invasivo y proporcionan estabilidad a las pr\u00f3tesis dentales. Es importante consultar con un profesional de la odontolog\u00eda para determinar si un miniimplante es adecuado para su situaci\u00f3n concreta.<\/p>\n\n<\/div>\n<\/div>\n<div id=\"faq-question-1684239916617\" class=\"rank-math-list-item\">\n<h3 class=\"rank-math-question \">\u00bfLos miniimplantes son permanentes?<\/h3>\n<div class=\"rank-math-answer \">\n\n<p>Los miniimplantes son una soluci\u00f3n a largo plazo para la sustituci\u00f3n de dientes y se consideran restauraciones dentales permanentes. Con un cuidado y mantenimiento adecuados, pueden durar muchos a\u00f1os o incluso d\u00e9cadas. Sin embargo, las revisiones dentales peri\u00f3dicas y unas buenas pr\u00e1cticas de higiene bucal son esenciales para maximizar su longevidad.<\/p>\n\n<\/div>\n<\/div>\n<div id=\"faq-question-1684239988159\" class=\"rank-math-list-item\">\n<h3 class=\"rank-math-question \">\u00bfCu\u00e1ndo se utilizan los miniimplantes?<\/h3>\n<div class=\"rank-math-answer \">\n\n<p>Los miniimplantes se utilizan en situaciones dentales en las que la anchura del hueso es limitada o no hay espacio suficiente para los implantes tradicionales. Se emplean habitualmente para la sustituci\u00f3n de dientes con coronas dentales, la estabilizaci\u00f3n de pr\u00f3tesis removibles, el soporte de puentes dentales y en casos en los que la anchura del maxilar es reducida. El miniimplante proporciona estabilidad y funcionalidad, permitiendo a las personas recuperar su capacidad de masticar, hablar y sonre\u00edr c\u00f3modamente. Consultar con un profesional de la odontolog\u00eda es crucial para determinar si un miniimplante es adecuado para sus necesidades dentales espec\u00edficas.<\/p>\n\n<\/div>\n<\/div>\n<div id=\"faq-question-1684240077869\" class=\"rank-math-list-item\">\n<h3 class=\"rank-math-question \">\u00bfSe pueden utilizar miniimplantes dentales para los dientes superiores?<\/h3>\n<div class=\"rank-math-answer \">\n\n<p>S\u00ed, los miniimplantes dentales pueden utilizarse para los dientes superiores. No se limitan a aplicaciones en el maxilar inferior y pueden utilizarse tanto para la sustituci\u00f3n o estabilizaci\u00f3n de dientes superiores como inferiores. Los miniimplantes proporcionan una base estable para restauraciones dentales como coronas, puentes o dentaduras postizas, independientemente de su colocaci\u00f3n en el maxilar superior o inferior. Sin embargo, la idoneidad de los miniimplantes para los dientes superiores depender\u00e1 de varios factores, como la calidad del hueso, el espacio disponible y la situaci\u00f3n dental concreta. Es importante consultar con un profesional de la odontolog\u00eda que pueda evaluar su caso individual y determinar la opci\u00f3n de tratamiento m\u00e1s adecuada para usted.<\/p>\n\n<\/div>\n<\/div>\n<\/div>\n<\/div>\n<p>\u00a0<\/p>\n\n<h3 class=\"wp-block-heading\">P\u00f3ngase en contacto con nosotros si tiene alguna pregunta.<\/h3>\n","protected":false},"excerpt":{"rendered":"<p>Con la orientaci\u00f3n y la atenci\u00f3n expertas de nuestro equipo, dispondr\u00e1 de toda la informaci\u00f3n sobre el tratamiento con Mini [&hellip;]<\/p>\n","protected":false},"author":4,"featured_media":92370,"parent":0,"menu_order":0,"comment_status":"closed","ping_status":"closed","template":"","meta":{"site-sidebar-layout":"default","site-content-layout":"","ast-site-content-layout":"default","site-content-style":"default","site-sidebar-style":"default","ast-global-header-display":"","ast-banner-title-visibility":"","ast-main-header-display":"","ast-hfb-above-header-display":"","ast-hfb-below-header-display":"","ast-hfb-mobile-header-display":"","site-post-title":"","ast-breadcrumbs-content":"","ast-featured-img":"","footer-sml-layout":"","ast-disable-related-posts":"","theme-transparent-header-meta":"","adv-header-id-meta":"","stick-header-meta":"","header-above-stick-meta":"","header-main-stick-meta":"","header-below-stick-meta":"","astra-migrate-meta-layouts":"default","ast-page-background-enabled":"default","ast-page-background-meta":{"desktop":{"background-color":"var(--ast-global-color-4)","background-image":"","background-repeat":"repeat","background-position":"center center","background-size":"auto","background-attachment":"scroll","background-type":"","background-media":"","overlay-type":"","overlay-color":"","overlay-opacity":"","overlay-gradient":""},"tablet":{"background-color":"","background-image":"","background-repeat":"repeat","background-position":"center center","background-size":"auto","background-attachment":"scroll","background-type":"","background-media":"","overlay-type":"","overlay-color":"","overlay-opacity":"","overlay-gradient":""},"mobile":{"background-color":"","background-image":"","background-repeat":"repeat","background-position":"center center","background-size":"auto","background-attachment":"scroll","background-type":"","background-media":"","overlay-type":"","overlay-color":"","overlay-opacity":"","overlay-gradient":""}},"ast-content-background-meta":{"desktop":{"background-color":"var(--ast-global-color-5)","background-image":"","background-repeat":"repeat","background-position":"center center","background-size":"auto","background-attachment":"scroll","background-type":"","background-media":"","overlay-type":"","overlay-color":"","overlay-opacity":"","overlay-gradient":""},"tablet":{"background-color":"var(--ast-global-color-5)","background-image":"","background-repeat":"repeat","background-position":"center center","background-size":"auto","background-attachment":"scroll","background-type":"","background-media":"","overlay-type":"","overlay-color":"","overlay-opacity":"","overlay-gradient":""},"mobile":{"background-color":"var(--ast-global-color-5)","background-image":"","background-repeat":"repeat","background-position":"center center","background-size":"auto","background-attachment":"scroll","background-type":"","background-media":"","overlay-type":"","overlay-color":"","overlay-opacity":"","overlay-gradient":""}},"footnotes":""},"class_list":["post-145735","page","type-page","status-publish","has-post-thumbnail","hentry"],"_links":{"self":[{"href":"https:\/\/medclinics.com\/es\/wp-json\/wp\/v2\/pages\/145735","targetHints":{"allow":["GET"]}}],"collection":[{"href":"https:\/\/medclinics.com\/es\/wp-json\/wp\/v2\/pages"}],"about":[{"href":"https:\/\/medclinics.com\/es\/wp-json\/wp\/v2\/types\/page"}],"author":[{"embeddable":true,"href":"https:\/\/medclinics.com\/es\/wp-json\/wp\/v2\/users\/4"}],"replies":[{"embeddable":true,"href":"https:\/\/medclinics.com\/es\/wp-json\/wp\/v2\/comments?post=145735"}],"version-history":[{"count":0,"href":"https:\/\/medclinics.com\/es\/wp-json\/wp\/v2\/pages\/145735\/revisions"}],"wp:featuredmedia":[{"embeddable":true,"href":"https:\/\/medclinics.com\/es\/wp-json\/wp\/v2\/media\/92370"}],"wp:attachment":[{"href":"https:\/\/medclinics.com\/es\/wp-json\/wp\/v2\/media?parent=145735"}],"curies":[{"name":"wp","href":"https:\/\/api.w.org\/{rel}","templated":true}]}}