{"id":145725,"date":"2023-05-16T12:07:37","date_gmt":"2023-05-16T09:07:37","guid":{"rendered":"https:\/\/medclinics.com\/quistes-maxilares\/"},"modified":"2025-01-02T16:30:44","modified_gmt":"2025-01-02T13:30:44","slug":"quistes-maxilares","status":"publish","type":"page","link":"https:\/\/medclinics.com\/es\/quistes-maxilares\/","title":{"rendered":"Quistes maxilares"},"content":{"rendered":"\n<h2 class=\"wp-block-heading\">Si busca una forma de re\u00edr c\u00f3modamente, el tratamiento de quistes mandibulares puede ser la soluci\u00f3n perfecta.<\/h2>\n\n<p>Los <a href=\"https:\/\/en.wikipedia.org\/wiki\/Cysts_of_the_jaws\" target=\"_blank\" rel=\"noreferrer noopener\">quistes mandibulares<\/a>, esos molestos sacos llenos de l\u00edquido en la zona de la mand\u00edbula que contienen prote\u00ednas de queratina, pueden parecer inofensivos al principio. Si no se tratan y crecen demasiado, pueden provocar una serie de s\u00edntomas dolorosos, como inflamaci\u00f3n, movilidad dental y problemas en las enc\u00edas.<\/p>\n\n<p>Dependiendo del tama\u00f1o y la localizaci\u00f3n de cada quiste, las opciones de tratamiento var\u00edan desde la simple vigilancia (para los m\u00e1s peque\u00f1os) hasta la extirpaci\u00f3n quir\u00fargica con anestesia local si es necesario.<\/p>\n\n<p>Aunque la mayor\u00eda de los quistes maxilares son benignos, es importante no arriesgarse con ellos, ya que algunos casos raros se han vuelto cancerosos con el tiempo. \u00bfPor qu\u00e9 esperar? Acuda hoy mismo a un dentista o cirujano maxilofacial si experimenta alguna molestia o detecta alguna radiograf\u00eda.<\/p>\n\n<h3 class=\"wp-block-heading\">Todo lo que necesita saber sobre el <a href=\"https:\/\/medclinics.com\/dental-treatment\/\" target=\"_blank\" rel=\"noreferrer noopener\">tratamiento<\/a> dental, incluido el precio, el proceso de curaci\u00f3n y mucho m\u00e1s, o p\u00f3ngase <a href=\"#requestform\">en contacto con nosotros<\/a>.<\/h3>\n\n<figure class=\"wp-block-image size-large\"><img fetchpriority=\"high\" decoding=\"async\" width=\"5227\" height=\"3598\" class=\"wp-image-85663\" src=\"https:\/\/medclinics.com\/wp-content\/uploads\/2023\/05\/jaw-cysts.png\" alt=\"Quistes maxilares\" srcset=\"https:\/\/medclinics.com\/wp-content\/uploads\/2023\/05\/jaw-cysts.png 5227w, https:\/\/medclinics.com\/wp-content\/uploads\/2023\/05\/jaw-cysts-500x344.png 500w, https:\/\/medclinics.com\/wp-content\/uploads\/2023\/05\/jaw-cysts-1024x705.png 1024w, https:\/\/medclinics.com\/wp-content\/uploads\/2023\/05\/jaw-cysts-768x529.png 768w, https:\/\/medclinics.com\/wp-content\/uploads\/2023\/05\/jaw-cysts-1536x1057.png 1536w, https:\/\/medclinics.com\/wp-content\/uploads\/2023\/05\/jaw-cysts-2048x1410.png 2048w, https:\/\/medclinics.com\/wp-content\/uploads\/2023\/05\/jaw-cysts-24x17.png 24w, https:\/\/medclinics.com\/wp-content\/uploads\/2023\/05\/jaw-cysts-36x25.png 36w, https:\/\/medclinics.com\/wp-content\/uploads\/2023\/05\/jaw-cysts-48x33.png 48w\" sizes=\"(max-width: 5227px) 100vw, 5227px\" \/><\/figure>\n\n<h2 class=\"wp-block-heading\">PREGUNTAS FRECUENTES<\/h2>\n<div id=\"rank-math-faq\" class=\"rank-math-block\">\n<div class=\"rank-math-list \">\n<div id=\"faq-question-1682666956133\" class=\"rank-math-list-item\">\n<h3 class=\"rank-math-question \">\u00bfSon cancerosos los quistes maxilares?<\/h3>\n<div class=\"rank-math-answer \">\n\n<p>Los quistes maxilares, tambi\u00e9n conocidos como quistes odontog\u00e9nicos, suelen ser no cancerosos (benignos). Suelen desarrollarse a partir del tejido asociado al desarrollo de los dientes y no son intr\u00ednsecamente malignos. Sin embargo, es importante tener en cuenta que hay casos raros en los que un quiste mandibular puede estar asociado a una afecci\u00f3n m\u00e1s grave, como un tumor maligno. Si le preocupa un quiste mandibular, se recomienda consultar a un profesional m\u00e9dico u odont\u00f3logo para que le haga una evaluaci\u00f3n y un diagn\u00f3stico adecuados. Pueden evaluar el quiste y determinar el curso de acci\u00f3n apropiado en funci\u00f3n de su situaci\u00f3n espec\u00edfica.<\/p>\n\n<\/div>\n<\/div>\n<div id=\"faq-question-1684238641578\" class=\"rank-math-list-item\">\n<h3 class=\"rank-math-question \">\u00bfSon dolorosos los quistes maxilares?<\/h3>\n<div class=\"rank-math-answer \">\n\n<p>Los quistes mandibulares pueden causar dolor o molestias, pero var\u00edan de una persona a otra. Algunos quistes mandibulares pueden no causar dolor, mientras que otros pueden provocar s\u00edntomas como hinchaz\u00f3n, sensibilidad y presi\u00f3n sobre las estructuras circundantes, lo que a su vez provoca dolor. Si le preocupa un quiste mandibular o experimenta molestias orales, lo mejor es consultar a un profesional m\u00e9dico u odontol\u00f3gico para que lo eval\u00fae y le indique las opciones de tratamiento adecuadas.<\/p>\n\n<\/div>\n<\/div>\n<div id=\"faq-question-1684238740544\" class=\"rank-math-list-item\">\n<h3 class=\"rank-math-question \">\u00bfPueden desaparecer los quistes maxilares?<\/h3>\n<div class=\"rank-math-answer \">\n\n<p>Los quistes mandibulares no suelen desaparecer por s\u00ed solos y suelen requerir tratamiento. La extirpaci\u00f3n quir\u00fargica es el m\u00e9todo m\u00e1s habitual para tratar el quiste mandibular y evitar complicaciones posteriores. Es fundamental consultar a un profesional m\u00e9dico u odontol\u00f3gico para obtener una evaluaci\u00f3n adecuada y recomendaciones de tratamiento. Se recomienda una intervenci\u00f3n precoz para garantizar una salud bucodental \u00f3ptima.<\/p>\n\n<\/div>\n<\/div>\n<\/div>\n<\/div>\n<p>\u00a0<\/p>\n\n<h3 class=\"wp-block-heading\">P\u00f3ngase en contacto con nosotros si tiene alguna pregunta.<\/h3>\n","protected":false},"excerpt":{"rendered":"<p>Si busca una forma de re\u00edr c\u00f3modamente, el tratamiento de quistes mandibulares puede ser la soluci\u00f3n perfecta. Los quistes mandibulares, [&hellip;]<\/p>\n","protected":false},"author":4,"featured_media":92349,"parent":0,"menu_order":0,"comment_status":"closed","ping_status":"closed","template":"","meta":{"site-sidebar-layout":"default","site-content-layout":"","ast-site-content-layout":"default","site-content-style":"default","site-sidebar-style":"default","ast-global-header-display":"","ast-banner-title-visibility":"","ast-main-header-display":"","ast-hfb-above-header-display":"","ast-hfb-below-header-display":"","ast-hfb-mobile-header-display":"","site-post-title":"","ast-breadcrumbs-content":"","ast-featured-img":"","footer-sml-layout":"","ast-disable-related-posts":"","theme-transparent-header-meta":"","adv-header-id-meta":"","stick-header-meta":"","header-above-stick-meta":"","header-main-stick-meta":"","header-below-stick-meta":"","astra-migrate-meta-layouts":"default","ast-page-background-enabled":"default","ast-page-background-meta":{"desktop":{"background-color":"var(--ast-global-color-4)","background-image":"","background-repeat":"repeat","background-position":"center center","background-size":"auto","background-attachment":"scroll","background-type":"","background-media":"","overlay-type":"","overlay-color":"","overlay-opacity":"","overlay-gradient":""},"tablet":{"background-color":"","background-image":"","background-repeat":"repeat","background-position":"center center","background-size":"auto","background-attachment":"scroll","background-type":"","background-media":"","overlay-type":"","overlay-color":"","overlay-opacity":"","overlay-gradient":""},"mobile":{"background-color":"","background-image":"","background-repeat":"repeat","background-position":"center center","background-size":"auto","background-attachment":"scroll","background-type":"","background-media":"","overlay-type":"","overlay-color":"","overlay-opacity":"","overlay-gradient":""}},"ast-content-background-meta":{"desktop":{"background-color":"var(--ast-global-color-5)","background-image":"","background-repeat":"repeat","background-position":"center center","background-size":"auto","background-attachment":"scroll","background-type":"","background-media":"","overlay-type":"","overlay-color":"","overlay-opacity":"","overlay-gradient":""},"tablet":{"background-color":"var(--ast-global-color-5)","background-image":"","background-repeat":"repeat","background-position":"center center","background-size":"auto","background-attachment":"scroll","background-type":"","background-media":"","overlay-type":"","overlay-color":"","overlay-opacity":"","overlay-gradient":""},"mobile":{"background-color":"var(--ast-global-color-5)","background-image":"","background-repeat":"repeat","background-position":"center center","background-size":"auto","background-attachment":"scroll","background-type":"","background-media":"","overlay-type":"","overlay-color":"","overlay-opacity":"","overlay-gradient":""}},"footnotes":""},"class_list":["post-145725","page","type-page","status-publish","has-post-thumbnail","hentry"],"_links":{"self":[{"href":"https:\/\/medclinics.com\/es\/wp-json\/wp\/v2\/pages\/145725","targetHints":{"allow":["GET"]}}],"collection":[{"href":"https:\/\/medclinics.com\/es\/wp-json\/wp\/v2\/pages"}],"about":[{"href":"https:\/\/medclinics.com\/es\/wp-json\/wp\/v2\/types\/page"}],"author":[{"embeddable":true,"href":"https:\/\/medclinics.com\/es\/wp-json\/wp\/v2\/users\/4"}],"replies":[{"embeddable":true,"href":"https:\/\/medclinics.com\/es\/wp-json\/wp\/v2\/comments?post=145725"}],"version-history":[{"count":0,"href":"https:\/\/medclinics.com\/es\/wp-json\/wp\/v2\/pages\/145725\/revisions"}],"wp:featuredmedia":[{"embeddable":true,"href":"https:\/\/medclinics.com\/es\/wp-json\/wp\/v2\/media\/92349"}],"wp:attachment":[{"href":"https:\/\/medclinics.com\/es\/wp-json\/wp\/v2\/media?parent=145725"}],"curies":[{"name":"wp","href":"https:\/\/api.w.org\/{rel}","templated":true}]}}