{"id":145709,"date":"2023-05-16T11:45:30","date_gmt":"2023-05-16T08:45:30","guid":{"rendered":"https:\/\/medclinics.com\/inlay-y-onlay\/"},"modified":"2025-01-02T16:08:23","modified_gmt":"2025-01-02T13:08:23","slug":"inlay-y-onlay","status":"publish","type":"page","link":"https:\/\/medclinics.com\/es\/inlay-y-onlay\/","title":{"rendered":"Inlay y Onlay"},"content":{"rendered":"\n<h2 class=\"wp-block-heading\">Si busca una forma de re\u00edrse c\u00f3modamente, los empastes inlay y onlay pueden ser la soluci\u00f3n perfecta.<\/h2>\n\n<p>La odontolog\u00eda ofrece dos m\u00e9todos \u00fanicos para empastar los dientes: <a href=\"https:\/\/en.wikipedia.org\/wiki\/Inlays_and_onlays\" target=\"_blank\" rel=\"noreferrer noopener\">Inlay y Onlay<\/a>. Estos procedimientos se utilizan para restaurar las zonas da\u00f1adas del diente, pero difieren en su enfoque.<\/p>\n\n<p>El empaste con incrustaciones consiste en eliminar la zona afectada mediante una fresa o l\u00e1ser antes de sustituirla por materiales duraderos como cer\u00e1mica, oro o porcelana. El resultado es un acabado de aspecto natural que se integra perfectamente en su sonrisa.<\/p>\n\n<p>Por otro lado, los onlays consisten en colocar piezas prefabricadas en las superficies externas despu\u00e9s de eliminar cualquier da\u00f1o; estas piezas pueden estar hechas de materiales a base de resina como la cer\u00e1mica y la porcelana, que ofrecen un aspecto igualmente convincente cuando se unen correctamente.<\/p>\n\n<h3 class=\"wp-block-heading\">Todo lo que necesita saber sobre el <a href=\"https:\/\/medclinics.com\/dental-treatment\/\" target=\"_blank\" rel=\"noreferrer noopener\">tratamiento dental<\/a>, incluido el precio, los cuidados postoperatorios y el proceso de cicatrizaci\u00f3n, o p\u00f3ngase <a href=\"#requestform\">en contacto con nosotros<\/a>.<\/h3>\n\n<figure class=\"wp-block-image size-large\"><img fetchpriority=\"high\" decoding=\"async\" width=\"5760\" height=\"3840\" class=\"wp-image-85609\" src=\"https:\/\/medclinics.com\/wp-content\/uploads\/2023\/05\/inlay-and-onlay.png\" alt=\"Inlay y Onlay\" srcset=\"https:\/\/medclinics.com\/wp-content\/uploads\/2023\/05\/inlay-and-onlay.png 5760w, https:\/\/medclinics.com\/wp-content\/uploads\/2023\/05\/inlay-and-onlay-500x333.png 500w, https:\/\/medclinics.com\/wp-content\/uploads\/2023\/05\/inlay-and-onlay-1024x683.png 1024w, https:\/\/medclinics.com\/wp-content\/uploads\/2023\/05\/inlay-and-onlay-768x512.png 768w, https:\/\/medclinics.com\/wp-content\/uploads\/2023\/05\/inlay-and-onlay-1536x1024.png 1536w, https:\/\/medclinics.com\/wp-content\/uploads\/2023\/05\/inlay-and-onlay-2048x1365.png 2048w, https:\/\/medclinics.com\/wp-content\/uploads\/2023\/05\/inlay-and-onlay-24x16.png 24w, https:\/\/medclinics.com\/wp-content\/uploads\/2023\/05\/inlay-and-onlay-36x24.png 36w, https:\/\/medclinics.com\/wp-content\/uploads\/2023\/05\/inlay-and-onlay-48x32.png 48w\" sizes=\"(max-width: 5760px) 100vw, 5760px\" \/><\/figure>\n\n<h2 class=\"wp-block-heading\">PREGUNTAS FRECUENTES<\/h2>\n<div id=\"rank-math-faq\" class=\"rank-math-block\">\n<div class=\"rank-math-list \">\n<div id=\"faq-question-1684237092744\" class=\"rank-math-list-item\">\n<h3 class=\"rank-math-question \">\u00bfQu\u00e9 es un inlay y un onlay?<\/h3>\n<div class=\"rank-math-answer \">\n\n<p>En odontolog\u00eda, las incrustaciones inlay y onlay son restauraciones hechas a medida que se utilizan para reparar dientes da\u00f1ados o cariados. Una incrustaci\u00f3n se utiliza cuando el da\u00f1o est\u00e1 dentro de las c\u00faspides o la superficie de masticaci\u00f3n del diente, mientras que una incrustaci\u00f3n se utiliza para da\u00f1os m\u00e1s extensos que se extienden m\u00e1s all\u00e1 de las c\u00faspides. Tanto las incrustaciones inlay como las onlay se crean en un laboratorio dental y luego se adhieren al diente. Proporcionan un aspecto natural y resistencia al tiempo que preservan la estructura natural del diente. La elecci\u00f3n entre una incrustaci\u00f3n y una incrustaci\u00f3n depende del alcance del da\u00f1o.<\/p>\n\n<\/div>\n<\/div>\n<div id=\"faq-question-1682666956133\" class=\"rank-math-list-item\">\n<h3 class=\"rank-math-question \">\u00bfQu\u00e9 son las incrustaciones inlay y onlay en odontolog\u00eda?<\/h3>\n<div class=\"rank-math-answer \">\n\n<p>En odontolog\u00eda, una incrustaci\u00f3n es un empaste hecho a medida que se utiliza para reparar da\u00f1os o caries en la superficie de masticaci\u00f3n de un diente. Se coloca en el interior del diente. En cambio, una onlay es una restauraci\u00f3n m\u00e1s amplia que cubre una porci\u00f3n mayor del diente, incluidas una o varias superficies. Se coloca sobre el diente. Tanto las incrustaciones inlay como las onlay se fabrican en un laboratorio dental y se adhieren al diente con cemento dental. Proporcionan un aspecto natural y son alternativas duraderas a las coronas dentales completas. La elecci\u00f3n entre una incrustaci\u00f3n y una onlay depende de la extensi\u00f3n del da\u00f1o dental.<\/p>\n\n<\/div>\n<\/div>\n<div id=\"faq-question-1684237270458\" class=\"rank-math-list-item\">\n<h3 class=\"rank-math-question \">\u00bfCu\u00e1nto cuesta un inlay y un onlay?<\/h3>\n<div class=\"rank-math-answer \">\n\n<p>El coste de una incrustaci\u00f3n y una incrustaci\u00f3n puede variar en funci\u00f3n de factores como el material utilizado, la complejidad del caso y los honorarios del dentista. Por t\u00e9rmino medio, puede oscilar entre 500 y 1.500 d\u00f3lares por diente. Lo mejor es consultar con un dentista para obtener una estimaci\u00f3n precisa del coste en funci\u00f3n de su situaci\u00f3n espec\u00edfica.<\/p>\n\n<\/div>\n<\/div>\n<div id=\"faq-question-1684237334482\" class=\"rank-math-list-item\">\n<h3 class=\"rank-math-question \">\u00bfSe pueden sustituir las incrustaciones?<\/h3>\n<div class=\"rank-math-answer \">\n\n<p>S\u00ed, las incrustaciones pueden sustituirse si es necesario. Con el tiempo, una incrustaci\u00f3n puede desgastarse, da\u00f1arse o desarrollar nuevas caries alrededor de sus bordes. Si esto ocurre, el dentista puede retirar la incrustaci\u00f3n existente y sustituirla por una nueva para restaurar la funci\u00f3n y el aspecto del diente. El proceso suele consistir en retirar la incrustaci\u00f3n antigua, preparar el diente y tomar impresiones para crear una nueva incrustaci\u00f3n a medida. A continuaci\u00f3n, la nueva incrustaci\u00f3n se pega en su sitio con cemento dental. Si le preocupa una incrustaci\u00f3n existente, lo mejor es consultar a un dentista que pueda evaluar la situaci\u00f3n y determinar si es necesario sustituirla.<\/p>\n\n<\/div>\n<\/div>\n<\/div>\n<\/div>\n<p>\u00a0<\/p>\n\n<h3 class=\"wp-block-heading\">P\u00f3ngase en contacto con nosotros si tiene alguna pregunta.<\/h3>\n","protected":false},"excerpt":{"rendered":"<p>Si busca una forma de re\u00edrse c\u00f3modamente, los empastes inlay y onlay pueden ser la soluci\u00f3n perfecta. La odontolog\u00eda ofrece [&hellip;]<\/p>\n","protected":false},"author":4,"featured_media":92334,"parent":0,"menu_order":0,"comment_status":"closed","ping_status":"closed","template":"","meta":{"site-sidebar-layout":"default","site-content-layout":"","ast-site-content-layout":"default","site-content-style":"default","site-sidebar-style":"default","ast-global-header-display":"","ast-banner-title-visibility":"","ast-main-header-display":"","ast-hfb-above-header-display":"","ast-hfb-below-header-display":"","ast-hfb-mobile-header-display":"","site-post-title":"","ast-breadcrumbs-content":"","ast-featured-img":"","footer-sml-layout":"","ast-disable-related-posts":"","theme-transparent-header-meta":"","adv-header-id-meta":"","stick-header-meta":"","header-above-stick-meta":"","header-main-stick-meta":"","header-below-stick-meta":"","astra-migrate-meta-layouts":"default","ast-page-background-enabled":"default","ast-page-background-meta":{"desktop":{"background-color":"var(--ast-global-color-4)","background-image":"","background-repeat":"repeat","background-position":"center center","background-size":"auto","background-attachment":"scroll","background-type":"","background-media":"","overlay-type":"","overlay-color":"","overlay-opacity":"","overlay-gradient":""},"tablet":{"background-color":"","background-image":"","background-repeat":"repeat","background-position":"center center","background-size":"auto","background-attachment":"scroll","background-type":"","background-media":"","overlay-type":"","overlay-color":"","overlay-opacity":"","overlay-gradient":""},"mobile":{"background-color":"","background-image":"","background-repeat":"repeat","background-position":"center center","background-size":"auto","background-attachment":"scroll","background-type":"","background-media":"","overlay-type":"","overlay-color":"","overlay-opacity":"","overlay-gradient":""}},"ast-content-background-meta":{"desktop":{"background-color":"var(--ast-global-color-5)","background-image":"","background-repeat":"repeat","background-position":"center center","background-size":"auto","background-attachment":"scroll","background-type":"","background-media":"","overlay-type":"","overlay-color":"","overlay-opacity":"","overlay-gradient":""},"tablet":{"background-color":"var(--ast-global-color-5)","background-image":"","background-repeat":"repeat","background-position":"center center","background-size":"auto","background-attachment":"scroll","background-type":"","background-media":"","overlay-type":"","overlay-color":"","overlay-opacity":"","overlay-gradient":""},"mobile":{"background-color":"var(--ast-global-color-5)","background-image":"","background-repeat":"repeat","background-position":"center center","background-size":"auto","background-attachment":"scroll","background-type":"","background-media":"","overlay-type":"","overlay-color":"","overlay-opacity":"","overlay-gradient":""}},"footnotes":""},"class_list":["post-145709","page","type-page","status-publish","has-post-thumbnail","hentry"],"_links":{"self":[{"href":"https:\/\/medclinics.com\/es\/wp-json\/wp\/v2\/pages\/145709","targetHints":{"allow":["GET"]}}],"collection":[{"href":"https:\/\/medclinics.com\/es\/wp-json\/wp\/v2\/pages"}],"about":[{"href":"https:\/\/medclinics.com\/es\/wp-json\/wp\/v2\/types\/page"}],"author":[{"embeddable":true,"href":"https:\/\/medclinics.com\/es\/wp-json\/wp\/v2\/users\/4"}],"replies":[{"embeddable":true,"href":"https:\/\/medclinics.com\/es\/wp-json\/wp\/v2\/comments?post=145709"}],"version-history":[{"count":0,"href":"https:\/\/medclinics.com\/es\/wp-json\/wp\/v2\/pages\/145709\/revisions"}],"wp:featuredmedia":[{"embeddable":true,"href":"https:\/\/medclinics.com\/es\/wp-json\/wp\/v2\/media\/92334"}],"wp:attachment":[{"href":"https:\/\/medclinics.com\/es\/wp-json\/wp\/v2\/media?parent=145709"}],"curies":[{"name":"wp","href":"https:\/\/api.w.org\/{rel}","templated":true}]}}