{"id":145661,"date":"2023-05-19T08:13:24","date_gmt":"2023-05-19T05:13:24","guid":{"rendered":"https:\/\/medclinics.com\/ginecomastia\/"},"modified":"2025-01-02T15:53:58","modified_gmt":"2025-01-02T12:53:58","slug":"ginecomastia","status":"publish","type":"page","link":"https:\/\/medclinics.com\/es\/ginecomastia\/","title":{"rendered":"Cirug\u00eda de la ginecomastia"},"content":{"rendered":"\n<h2 class=\"wp-block-heading\">La ginecomastia puede producirse debido a desequilibrios hormonales.<\/h2>\n\n<p>Puede causar hinchaz\u00f3n localizada o generalizada en la zona mamaria. Puede dar aspecto de pecho.<\/p>\n\n<p>La ginecomastia puede producirse debido a desequilibrios hormonales como el aumento de estr\u00f3genos o la disminuci\u00f3n de testosterona. Tambi\u00e9n hay otros factores que la provocan, como la <a href=\"https:\/\/obesity.gen.tr\/\" target=\"_blank\" rel=\"noreferrer noopener nofollow\">obesidad<\/a>, ciertos medicamentos o afecciones m\u00e9dicas subyacentes. Aunque la ginecomastia no suele ser un problema de salud grave, puede causar angustia psicol\u00f3gica y problemas emocionales.<\/p>\n\n<p>Las opciones de tratamiento para la ginecomastia incluyen cambios en el estilo de vida, ajustes de la medicaci\u00f3n. En ocasiones, puede realizarse una intervenci\u00f3n quir\u00fargica para eliminar el exceso de tejido mamario.<\/p>\n\n<p>Debe consultar con profesionales sanitarios. Pueden ayudar a determinar la causa subyacente y ofrecer opciones de tratamiento adecuadas en funci\u00f3n de las circunstancias individuales.<\/p>\n\n<h3 class=\"wp-block-heading\">Todo lo que necesita saber sobre las <a href=\"https:\/\/medclinics.com\/es\/cirugia-plastica-y-estetica\/\" target=\"_blank\" rel=\"noreferrer noopener\">cirug\u00edas est\u00e9ticas<\/a>, incluido el precio, los cuidados postoperatorios y el proceso de cicatrizaci\u00f3n, o p\u00f3ngase <a href=\"#requestform\">en contacto con nosotros<\/a>.<\/h3>\n\n<figure class=\"wp-block-image size-large\"><img fetchpriority=\"high\" decoding=\"async\" width=\"3632\" height=\"2895\" src=\"https:\/\/medclinics.com\/wp-content\/uploads\/2023\/05\/gynaecomastia.png\" alt=\"Ginecomastia\" class=\"wp-image-85374\" srcset=\"https:\/\/medclinics.com\/wp-content\/uploads\/2023\/05\/gynaecomastia.png 3632w, https:\/\/medclinics.com\/wp-content\/uploads\/2023\/05\/gynaecomastia-500x399.png 500w, https:\/\/medclinics.com\/wp-content\/uploads\/2023\/05\/gynaecomastia-1024x816.png 1024w, https:\/\/medclinics.com\/wp-content\/uploads\/2023\/05\/gynaecomastia-768x612.png 768w, https:\/\/medclinics.com\/wp-content\/uploads\/2023\/05\/gynaecomastia-1536x1224.png 1536w, https:\/\/medclinics.com\/wp-content\/uploads\/2023\/05\/gynaecomastia-2048x1632.png 2048w, https:\/\/medclinics.com\/wp-content\/uploads\/2023\/05\/gynaecomastia-24x19.png 24w, https:\/\/medclinics.com\/wp-content\/uploads\/2023\/05\/gynaecomastia-36x29.png 36w, https:\/\/medclinics.com\/wp-content\/uploads\/2023\/05\/gynaecomastia-48x38.png 48w\" sizes=\"(max-width: 3632px) 100vw, 3632px\" \/><\/figure>\n\n<h2 class=\"wp-block-heading\">PREGUNTAS FRECUENTES<\/h2>\n<div id=\"rank-math-faq\" class=\"rank-math-block\">\n<div class=\"rank-math-list \">\n<div id=\"faq-question-1682666956133\" class=\"rank-math-list-item\">\n<h3 class=\"rank-math-question \">\u00bfDesaparecer\u00e1 la ginecomastia?<\/h3>\n<div class=\"rank-math-answer \">\n\n<p>En algunos casos, la ginecomastia puede resolverse por s\u00ed sola sin tratamiento, sobre todo si est\u00e1 causada por cambios hormonales durante la pubertad. Sin embargo, en muchas personas, la ginecomastia no desaparece de forma natural y puede persistir en el tiempo. Es importante se\u00f1alar que la probabilidad de resoluci\u00f3n espont\u00e1nea puede variar en funci\u00f3n de la causa subyacente y de factores individuales. Si la ginecomastia persiste y causa molestias importantes o malestar psicol\u00f3gico, pueden considerarse opciones de tratamiento como cambios en el estilo de vida, ajustes de la medicaci\u00f3n o intervenci\u00f3n quir\u00fargica. Se recomienda consultar a un profesional sanitario para determinar el curso de acci\u00f3n adecuado en funci\u00f3n de las circunstancias espec\u00edficas y la gravedad de la ginecomastia.<\/p>\n\n<\/div>\n<\/div>\n<div id=\"faq-question-1684224499701\" class=\"rank-math-list-item\">\n<h3 class=\"rank-math-question \">\u00bfEs dolorosa la ginecomastia?<\/h3>\n<div class=\"rank-math-answer \">\n\n<p>En la mayor\u00eda de los casos, la ginecomastia en s\u00ed no suele ser dolorosa. Sin embargo, algunas personas pueden experimentar sensibilidad en el tejido mamario. Esta sensibilidad puede variar de una molestia leve a un dolor m\u00e1s importante, sobre todo si hay inflamaci\u00f3n o hinchaz\u00f3n. Adem\u00e1s, si la causa es una enfermedad o lesi\u00f3n subyacente, puede haber dolor o molestias asociados. Es importante consultar a un profesional sanitario para que eval\u00fae los s\u00edntomas espec\u00edficos y determine la causa subyacente para proporcionar un tratamiento adecuado y aliviar cualquier dolor o molestia asociados.<\/p>\n\n<\/div>\n<\/div>\n<div id=\"faq-question-1684224537752\" class=\"rank-math-list-item\">\n<h3 class=\"rank-math-question \">\u00bfQu\u00e9 es la ginecomastia?<\/h3>\n<div class=\"rank-math-answer \">\n\n<p>La ginecomastia es el agrandamiento del tejido mamario en los varones, que da lugar a una hinchaz\u00f3n o apariencia de senos. Puede estar causada por desequilibrios hormonales, determinados medicamentos, obesidad o afecciones m\u00e9dicas subyacentes. Las opciones de tratamiento incluyen cambios en el estilo de vida, ajustes de la medicaci\u00f3n o intervenci\u00f3n quir\u00fargica, dependiendo de la gravedad y la causa subyacente.<\/p>\n\n<\/div>\n<\/div>\n<div id=\"faq-question-1684224594723\" class=\"rank-math-list-item\">\n<h3 class=\"rank-math-question \">\u00bfQu\u00e9 es la cirug\u00eda de la ginecomastia?<\/h3>\n<div class=\"rank-math-answer \">\n\n<p>La cirug\u00eda de ginecomastia, tambi\u00e9n conocida como cirug\u00eda de reducci\u00f3n mamaria masculina, es un procedimiento quir\u00fargico que se realiza para reducir el tama\u00f1o del tejido mamario agrandado en los varones. El objetivo de la intervenci\u00f3n es eliminar el exceso de tejido mamario y esculpir un contorno pectoral m\u00e1s masculino. La t\u00e9cnica quir\u00fargica espec\u00edfica utilizada puede variar en funci\u00f3n del estado de la persona y del enfoque del cirujano. Puede implicar liposucci\u00f3n para eliminar el exceso de grasa y tejido glandular, escisi\u00f3n para eliminar el exceso de tejido mamario o una combinaci\u00f3n de ambas. Esta cirug\u00eda suele realizarse bajo anestesia general o local con sedaci\u00f3n. El tiempo de recuperaci\u00f3n puede variar, pero la mayor\u00eda de las personas pueden reanudar sus actividades normales en pocas semanas. Se recomienda consultar a un cirujano pl\u00e1stico cualificado para evaluar la idoneidad de la intervenci\u00f3n y determinar el enfoque m\u00e1s adecuado en funci\u00f3n de las circunstancias individuales.<\/p>\n\n<\/div>\n<\/div>\n<\/div>\n<\/div>\n<p>\u00a0<\/p>\n\n<h3 class=\"wp-block-heading\">P\u00f3ngase en contacto con nosotros si tiene alguna pregunta.<\/h3>\n","protected":false},"excerpt":{"rendered":"<p>La ginecomastia puede producirse debido a desequilibrios hormonales. Puede causar hinchaz\u00f3n localizada o generalizada en la zona mamaria. Puede dar [&hellip;]<\/p>\n","protected":false},"author":4,"featured_media":85381,"parent":0,"menu_order":0,"comment_status":"closed","ping_status":"closed","template":"","meta":{"site-sidebar-layout":"default","site-content-layout":"","ast-site-content-layout":"default","site-content-style":"default","site-sidebar-style":"default","ast-global-header-display":"","ast-banner-title-visibility":"","ast-main-header-display":"","ast-hfb-above-header-display":"","ast-hfb-below-header-display":"","ast-hfb-mobile-header-display":"","site-post-title":"","ast-breadcrumbs-content":"","ast-featured-img":"","footer-sml-layout":"","ast-disable-related-posts":"","theme-transparent-header-meta":"","adv-header-id-meta":"","stick-header-meta":"","header-above-stick-meta":"","header-main-stick-meta":"","header-below-stick-meta":"","astra-migrate-meta-layouts":"default","ast-page-background-enabled":"default","ast-page-background-meta":{"desktop":{"background-color":"var(--ast-global-color-4)","background-image":"","background-repeat":"repeat","background-position":"center center","background-size":"auto","background-attachment":"scroll","background-type":"","background-media":"","overlay-type":"","overlay-color":"","overlay-opacity":"","overlay-gradient":""},"tablet":{"background-color":"","background-image":"","background-repeat":"repeat","background-position":"center center","background-size":"auto","background-attachment":"scroll","background-type":"","background-media":"","overlay-type":"","overlay-color":"","overlay-opacity":"","overlay-gradient":""},"mobile":{"background-color":"","background-image":"","background-repeat":"repeat","background-position":"center center","background-size":"auto","background-attachment":"scroll","background-type":"","background-media":"","overlay-type":"","overlay-color":"","overlay-opacity":"","overlay-gradient":""}},"ast-content-background-meta":{"desktop":{"background-color":"var(--ast-global-color-5)","background-image":"","background-repeat":"repeat","background-position":"center center","background-size":"auto","background-attachment":"scroll","background-type":"","background-media":"","overlay-type":"","overlay-color":"","overlay-opacity":"","overlay-gradient":""},"tablet":{"background-color":"var(--ast-global-color-5)","background-image":"","background-repeat":"repeat","background-position":"center center","background-size":"auto","background-attachment":"scroll","background-type":"","background-media":"","overlay-type":"","overlay-color":"","overlay-opacity":"","overlay-gradient":""},"mobile":{"background-color":"var(--ast-global-color-5)","background-image":"","background-repeat":"repeat","background-position":"center center","background-size":"auto","background-attachment":"scroll","background-type":"","background-media":"","overlay-type":"","overlay-color":"","overlay-opacity":"","overlay-gradient":""}},"footnotes":""},"class_list":["post-145661","page","type-page","status-publish","has-post-thumbnail","hentry"],"_links":{"self":[{"href":"https:\/\/medclinics.com\/es\/wp-json\/wp\/v2\/pages\/145661","targetHints":{"allow":["GET"]}}],"collection":[{"href":"https:\/\/medclinics.com\/es\/wp-json\/wp\/v2\/pages"}],"about":[{"href":"https:\/\/medclinics.com\/es\/wp-json\/wp\/v2\/types\/page"}],"author":[{"embeddable":true,"href":"https:\/\/medclinics.com\/es\/wp-json\/wp\/v2\/users\/4"}],"replies":[{"embeddable":true,"href":"https:\/\/medclinics.com\/es\/wp-json\/wp\/v2\/comments?post=145661"}],"version-history":[{"count":0,"href":"https:\/\/medclinics.com\/es\/wp-json\/wp\/v2\/pages\/145661\/revisions"}],"wp:featuredmedia":[{"embeddable":true,"href":"https:\/\/medclinics.com\/es\/wp-json\/wp\/v2\/media\/85381"}],"wp:attachment":[{"href":"https:\/\/medclinics.com\/es\/wp-json\/wp\/v2\/media?parent=145661"}],"curies":[{"name":"wp","href":"https:\/\/api.w.org\/{rel}","templated":true}]}}