{"id":145647,"date":"2023-05-08T07:56:32","date_gmt":"2023-05-08T04:56:32","guid":{"rendered":"https:\/\/medclinics.com\/hiperhidrosis\/"},"modified":"2025-01-02T16:08:23","modified_gmt":"2025-01-02T13:08:23","slug":"hiperhidrosis","status":"publish","type":"page","link":"https:\/\/medclinics.com\/es\/hiperhidrosis\/","title":{"rendered":"Hiperhidrosis"},"content":{"rendered":"\n<h2 class=\"wp-block-heading\">Si busca una forma de superar su sudoraci\u00f3n y estar c\u00f3modo todo el d\u00eda, la hiperhidrosis puede ser la soluci\u00f3n perfecta.<\/h2>\n\n<p>La hiperhidrosis es una afecci\u00f3n m\u00e9dica que provoca una sudoraci\u00f3n excesiva por encima de lo necesario para el control regular de la temperatura corporal. Se trata de una enfermedad cr\u00f3nica que puede influir considerablemente en la vida cotidiana y la calidad de vida de una persona.<\/p>\n\n<p>La hiperhidrosis puede afectar a las palmas de las manos, las plantas de los pies, las axilas, la cara y otras partes del cuerpo. La sudoraci\u00f3n excesiva causada por la hiperhidrosis puede producirse incluso cuando la persona est\u00e1 en reposo o a temperaturas frescas, y no suele estar relacionada con el esfuerzo f\u00edsico o el estr\u00e9s mental.<\/p>\n\n<p>La hiperhidrosis primaria suele comenzar en la infancia o la adolescencia, afecta a zonas concretas del cuerpo y suele ser hereditaria. La <a href=\"https:\/\/en.wikipedia.org\/wiki\/Hyperhidrosis\" target=\"_blank\" rel=\"noopener\">hiperhidrosis<\/a> secundaria est\u00e1 causada por una afecci\u00f3n m\u00e9dica subyacente o por medicaci\u00f3n y provoca una sudoraci\u00f3n excesiva generalizada.<\/p>\n\n<p>Para tratar la hiperhidrosis pueden utilizarse diversos tratamientos, como antitranspirantes, medicamentos, iontoforesis, inyecciones de relajantes musculares o cirug\u00eda.<\/p>\n\n<h3 class=\"wp-block-heading\">Todo lo que necesita saber sobre <a href=\"https:\/\/medclinics.com\/es\/belleza\/\" target=\"_blank\" rel=\"noreferrer noopener\">tratamientos de belleza<\/a>, incluido el precio y mucho m\u00e1s, o <a href=\"#requestform\">p\u00f3ngase en contacto con nosotros<\/a>.<\/h3>\n\n<figure class=\"wp-block-image size-full is-resized\"><img fetchpriority=\"high\" decoding=\"async\" width=\"960\" height=\"640\" src=\"https:\/\/medclinics.com\/wp-content\/uploads\/2023\/06\/best-hyperhisrosis-treatment.jpg\" alt=\"mejor-tratamiento-de-la-hiperhisrosis\" class=\"wp-image-94555\" srcset=\"https:\/\/medclinics.com\/wp-content\/uploads\/2023\/06\/best-hyperhisrosis-treatment.jpg 960w, https:\/\/medclinics.com\/wp-content\/uploads\/2023\/06\/best-hyperhisrosis-treatment-500x333.jpg 500w, https:\/\/medclinics.com\/wp-content\/uploads\/2023\/06\/best-hyperhisrosis-treatment-768x512.jpg 768w, https:\/\/medclinics.com\/wp-content\/uploads\/2023\/06\/best-hyperhisrosis-treatment-24x16.jpg 24w, https:\/\/medclinics.com\/wp-content\/uploads\/2023\/06\/best-hyperhisrosis-treatment-36x24.jpg 36w, https:\/\/medclinics.com\/wp-content\/uploads\/2023\/06\/best-hyperhisrosis-treatment-48x32.jpg 48w\" sizes=\"(max-width: 960px) 100vw, 960px\" \/><\/figure>\n\n<h2 class=\"wp-block-heading\">PREGUNTAS FRECUENTES<\/h2>\n<div id=\"rank-math-faq\" class=\"rank-math-block\">\n<div class=\"rank-math-list \">\n<div id=\"faq-question-1682666956133\" class=\"rank-math-list-item\">\n<h3 class=\"rank-math-question \">\u00bfC\u00f3mo deshacerse de la hiperhidrosis?<\/h3>\n<div class=\"rank-math-answer \">\n\n<p>Existen varias opciones de tratamiento para ayudar a controlar y aliviar los s\u00edntomas de la hiperhidrosis. Un m\u00e9todo habitual es el uso de antitranspirantes, que pueden adquirirse sin receta o recetarse en f\u00f3rmulas m\u00e1s potentes que contienen cloruro de aluminio. Estos antitranspirantes act\u00faan bloqueando temporalmente las gl\u00e1ndulas sudor\u00edparas de las zonas afectadas. Tambi\u00e9n pueden recetarse medicamentos, como los anticolin\u00e9rgicos, para reducir la sudoraci\u00f3n bloqueando las se\u00f1ales qu\u00edmicas que estimulan la producci\u00f3n de sudor. Otra opci\u00f3n de tratamiento es la iontoforesis, un procedimiento no invasivo en el que las zonas afectadas se sumergen en agua mientras se aplica una corriente el\u00e9ctrica de baja intensidad que inhibe temporalmente la actividad de las gl\u00e1ndulas sudor\u00edparas. En los casos graves que no responden a otros tratamientos, puede considerarse la posibilidad de realizar intervenciones quir\u00fargicas como la escisi\u00f3n de la gl\u00e1ndula sudor\u00edpara o la simpatectom\u00eda (cirug\u00eda de los nervios). Es importante consultar con un profesional sanitario o dermat\u00f3logo para hablar de su afecci\u00f3n espec\u00edfica y determinar el plan de tratamiento m\u00e1s adecuado para sus necesidades individuales.<\/p>\n\n<\/div>\n<\/div>\n<div id=\"faq-question-1684223188779\" class=\"rank-math-list-item\">\n<h3 class=\"rank-math-question \">\u00bfSe puede curar la hiperhidrosis?<\/h3>\n<div class=\"rank-math-answer \">\n\n<p>No, la hiperhidrosis no puede curarse, pero existen varias opciones de tratamiento para controlar y reducir eficazmente los s\u00edntomas de la sudoraci\u00f3n excesiva. Estos tratamientos pueden proporcionar un alivio significativo y mejorar la calidad de vida de las personas. Consultar con un profesional sanitario puede ayudar a determinar el enfoque terap\u00e9utico m\u00e1s adecuado en funci\u00f3n de las circunstancias individuales.<\/p>\n\n<\/div>\n<\/div>\n<div id=\"faq-question-1684223257645\" class=\"rank-math-list-item\">\n<h3 class=\"rank-math-question \">\u00bfQu\u00e9 cirug\u00eda para la hiperhidrosis?<\/h3>\n<div class=\"rank-math-answer \">\n\n<p>En los casos en que otros tratamientos no hayan proporcionado un alivio suficiente, puede considerarse la posibilidad de recurrir a procedimientos quir\u00fargicos. La extirpaci\u00f3n de las gl\u00e1ndulas sudor\u00edparas es una opci\u00f3n quir\u00fargica en la que se extirpan o succionan quir\u00fargicamente las gl\u00e1ndulas sudor\u00edparas de las zonas afectadas, como las axilas, con el fin de reducir permanentemente la producci\u00f3n de sudor. Otro abordaje quir\u00fargico es la simpatectom\u00eda, que consiste en cortar o pinzar los nervios simp\u00e1ticos que activan las gl\u00e1ndulas sudor\u00edparas. Esta interrupci\u00f3n de las se\u00f1ales nerviosas puede reducir o eliminar eficazmente la sudoraci\u00f3n excesiva. La simpatectom\u00eda suele realizarse mediante t\u00e9cnicas m\u00ednimamente invasivas, como la simpatectom\u00eda tor\u00e1cica endosc\u00f3pica (STE), que implica peque\u00f1as incisiones y la inserci\u00f3n de una c\u00e1mara e instrumentos quir\u00fargicos. Las intervenciones quir\u00fargicas para la hiperhidrosis suelen reservarse para los casos graves que afectan significativamente a la vida cotidiana y no han respondido a otros tratamientos. Es importante consultar a un profesional sanitario cualificado o a un cirujano para analizar los posibles riesgos, beneficios e idoneidad individual de las opciones quir\u00fargicas.<\/p>\n\n<\/div>\n<\/div>\n<div id=\"faq-question-1684223458022\" class=\"rank-math-list-item\">\n<h3 class=\"rank-math-question \">\u00bfPuede desaparecer la hiperhidrosis de forma natural?<\/h3>\n<div class=\"rank-math-answer \">\n\n<p>No, la hiperhidrosis es una enfermedad cr\u00f3nica que no suele desaparecer por s\u00ed sola. Se considera una afecci\u00f3n a largo plazo que requiere una terapia continua para reducir la sudoraci\u00f3n excesiva. Aunque el grado de hiperhidrosis puede fluctuar con el tiempo, es poco probable que desaparezca sin terapia. Sin embargo, existen diversas opciones terap\u00e9uticas, como cambios en el estilo de vida, terapias t\u00f3picas, medicamentos y procedimientos quir\u00fargicos, que pueden controlar y minimizar eficazmente los s\u00edntomas. La consulta con un especialista sanitario puede ayudar a seleccionar el plan de tratamiento m\u00e1s eficaz en funci\u00f3n de las circunstancias individuales y proporcionar un alivio a largo plazo de la sudoraci\u00f3n excesiva.<\/p>\n\n<\/div>\n<\/div>\n<\/div>\n<\/div>\n<p>\u00a0<\/p>\n\n<h3 class=\"wp-block-heading\">P\u00f3ngase en contacto con nosotros si tiene alguna pregunta.<\/h3>\n","protected":false},"excerpt":{"rendered":"<p>Si busca una forma de superar su sudoraci\u00f3n y estar c\u00f3modo todo el d\u00eda, la hiperhidrosis puede ser la soluci\u00f3n [&hellip;]<\/p>\n","protected":false},"author":4,"featured_media":85356,"parent":0,"menu_order":0,"comment_status":"closed","ping_status":"closed","template":"","meta":{"site-sidebar-layout":"default","site-content-layout":"","ast-site-content-layout":"default","site-content-style":"default","site-sidebar-style":"default","ast-global-header-display":"","ast-banner-title-visibility":"","ast-main-header-display":"","ast-hfb-above-header-display":"","ast-hfb-below-header-display":"","ast-hfb-mobile-header-display":"","site-post-title":"","ast-breadcrumbs-content":"","ast-featured-img":"","footer-sml-layout":"","ast-disable-related-posts":"","theme-transparent-header-meta":"","adv-header-id-meta":"","stick-header-meta":"","header-above-stick-meta":"","header-main-stick-meta":"","header-below-stick-meta":"","astra-migrate-meta-layouts":"default","ast-page-background-enabled":"default","ast-page-background-meta":{"desktop":{"background-color":"var(--ast-global-color-4)","background-image":"","background-repeat":"repeat","background-position":"center center","background-size":"auto","background-attachment":"scroll","background-type":"","background-media":"","overlay-type":"","overlay-color":"","overlay-opacity":"","overlay-gradient":""},"tablet":{"background-color":"","background-image":"","background-repeat":"repeat","background-position":"center center","background-size":"auto","background-attachment":"scroll","background-type":"","background-media":"","overlay-type":"","overlay-color":"","overlay-opacity":"","overlay-gradient":""},"mobile":{"background-color":"","background-image":"","background-repeat":"repeat","background-position":"center center","background-size":"auto","background-attachment":"scroll","background-type":"","background-media":"","overlay-type":"","overlay-color":"","overlay-opacity":"","overlay-gradient":""}},"ast-content-background-meta":{"desktop":{"background-color":"var(--ast-global-color-5)","background-image":"","background-repeat":"repeat","background-position":"center center","background-size":"auto","background-attachment":"scroll","background-type":"","background-media":"","overlay-type":"","overlay-color":"","overlay-opacity":"","overlay-gradient":""},"tablet":{"background-color":"var(--ast-global-color-5)","background-image":"","background-repeat":"repeat","background-position":"center center","background-size":"auto","background-attachment":"scroll","background-type":"","background-media":"","overlay-type":"","overlay-color":"","overlay-opacity":"","overlay-gradient":""},"mobile":{"background-color":"var(--ast-global-color-5)","background-image":"","background-repeat":"repeat","background-position":"center center","background-size":"auto","background-attachment":"scroll","background-type":"","background-media":"","overlay-type":"","overlay-color":"","overlay-opacity":"","overlay-gradient":""}},"footnotes":""},"class_list":["post-145647","page","type-page","status-publish","has-post-thumbnail","hentry"],"_links":{"self":[{"href":"https:\/\/medclinics.com\/es\/wp-json\/wp\/v2\/pages\/145647","targetHints":{"allow":["GET"]}}],"collection":[{"href":"https:\/\/medclinics.com\/es\/wp-json\/wp\/v2\/pages"}],"about":[{"href":"https:\/\/medclinics.com\/es\/wp-json\/wp\/v2\/types\/page"}],"author":[{"embeddable":true,"href":"https:\/\/medclinics.com\/es\/wp-json\/wp\/v2\/users\/4"}],"replies":[{"embeddable":true,"href":"https:\/\/medclinics.com\/es\/wp-json\/wp\/v2\/comments?post=145647"}],"version-history":[{"count":0,"href":"https:\/\/medclinics.com\/es\/wp-json\/wp\/v2\/pages\/145647\/revisions"}],"wp:featuredmedia":[{"embeddable":true,"href":"https:\/\/medclinics.com\/es\/wp-json\/wp\/v2\/media\/85356"}],"wp:attachment":[{"href":"https:\/\/medclinics.com\/es\/wp-json\/wp\/v2\/media?parent=145647"}],"curies":[{"name":"wp","href":"https:\/\/api.w.org\/{rel}","templated":true}]}}