{"id":145633,"date":"2023-05-16T07:18:19","date_gmt":"2023-05-16T04:18:19","guid":{"rendered":"https:\/\/medclinics.com\/lifting-de-cuello\/"},"modified":"2024-04-01T15:50:31","modified_gmt":"2024-04-01T12:50:31","slug":"lifting-de-cuello","status":"publish","type":"page","link":"https:\/\/medclinics.com\/es\/lifting-de-cuello\/","title":{"rendered":"Lifting de cuello"},"content":{"rendered":"\n<h2 class=\"wp-block-heading\">Si busca una forma de parecer m\u00e1s joven y deshacerse de la flacidez, el lifting de cuello puede ser la soluci\u00f3n perfecta.<\/h2>\n\n<p>El lifting de cuello es un procedimiento quir\u00fargico que se centra en mejorar el aspecto de la zona del cuello. Suele realizarse para eliminar signos de envejecimiento como la piel fl\u00e1cida, el exceso de grasa y la laxitud muscular en el cuello y la mand\u00edbula. A menudo se realiza junto con un <a href=\"https:\/\/medclinics.com\/face-and-neck-lifting\/\" data-type=\"page\" data-id=\"77171\">lifting facial<\/a>. El procedimiento comienza con la administraci\u00f3n de anestesia para garantizar la comodidad del paciente durante toda la intervenci\u00f3n.<\/p>\n\n<p>El cirujano realiza peque\u00f1as incisiones bajo la barbilla o detr\u00e1s de las orejas durante el lifting de cuello, en funci\u00f3n de las necesidades espec\u00edficas del paciente. El exceso de grasa puede eliminarse de estas incisiones mediante t\u00e9cnicas de liposucci\u00f3n. Tambi\u00e9n se pueden tensar los m\u00fasculos subyacentes del cuello para restaurar la firmeza y el contorno. Adem\u00e1s, la piel suelta o fl\u00e1cida se recorta y reposiciona cuidadosamente para conseguir un aspecto m\u00e1s terso y juvenil.<\/p>\n\n<p>La recuperaci\u00f3n tras un <a href=\"https:\/\/istanbul-tourist-information.com\/en\/medical-treatment\/\" target=\"_blank\" rel=\"noopener\">lifting de cuello<\/a> suele implicar un periodo de inactividad de varias semanas. Los pacientes pueden experimentar hematomas, hinchaz\u00f3n y molestias, que pueden tratarse con medicamentos recetados. Es importante seguir las instrucciones de cuidados postoperatorios proporcionadas por el cirujano para garantizar una cicatrizaci\u00f3n adecuada. Los resultados finales de la cirug\u00eda de lifting de cuello suelen aparecer al cabo de unos meses, lo que permite a los pacientes lucir un perfil del cuello m\u00e1s definido y rejuvenecido.<\/p>\n\n<h3 class=\"wp-block-heading\">Estamos aqu\u00ed para ayudarle con todas sus preguntas sobre <a href=\"https:\/\/medclinics.com\/es\/cirugia-plastica-y-estetica\/\" target=\"_blank\" rel=\"noreferrer noopener\">cirug\u00eda<\/a> est\u00e9tica, incluido el precio, y mucho m\u00e1s, \u00a1o <a href=\"#requestform\">p\u00f3ngase en contacto con nosotros<\/a>!<\/h3>\n\n<figure class=\"wp-block-image size-large\"><img fetchpriority=\"high\" decoding=\"async\" width=\"5327\" height=\"2848\" class=\"wp-image-85313\" src=\"https:\/\/medclinics.com\/wp-content\/uploads\/2023\/05\/neck-lift.png\" alt=\"Lifting de cuello\" srcset=\"https:\/\/medclinics.com\/wp-content\/uploads\/2023\/05\/neck-lift.png 5327w, https:\/\/medclinics.com\/wp-content\/uploads\/2023\/05\/neck-lift-500x267.png 500w, https:\/\/medclinics.com\/wp-content\/uploads\/2023\/05\/neck-lift-1024x547.png 1024w, https:\/\/medclinics.com\/wp-content\/uploads\/2023\/05\/neck-lift-768x411.png 768w, https:\/\/medclinics.com\/wp-content\/uploads\/2023\/05\/neck-lift-1536x821.png 1536w, https:\/\/medclinics.com\/wp-content\/uploads\/2023\/05\/neck-lift-2048x1095.png 2048w, https:\/\/medclinics.com\/wp-content\/uploads\/2023\/05\/neck-lift-24x13.png 24w, https:\/\/medclinics.com\/wp-content\/uploads\/2023\/05\/neck-lift-36x19.png 36w, https:\/\/medclinics.com\/wp-content\/uploads\/2023\/05\/neck-lift-48x26.png 48w\" sizes=\"(max-width: 5327px) 100vw, 5327px\" \/><\/figure>\n\n<h2 class=\"wp-block-heading\">PREGUNTAS FRECUENTES<\/h2>\n<div id=\"rank-math-faq\" class=\"rank-math-block\">\n<div class=\"rank-math-list \">\n<div id=\"faq-question-1684220768632\" class=\"rank-math-list-item\">\n<h3 class=\"rank-math-question \">\u00bfCu\u00e1nto dura el lifting de cuello?<\/h3>\n<div class=\"rank-math-answer \">\n\n<p>La duraci\u00f3n de los resultados obtenidos con el lifting de cuello puede variar de una persona a otra. Aunque el lifting de cuello no detiene el proceso de envejecimiento, puede proporcionar mejoras duraderas en el aspecto del cuello y la mand\u00edbula. Por t\u00e9rmino medio, los resultados de un lifting de cuello pueden durar de 10 a 15 a\u00f1os o m\u00e1s. Factores como la gen\u00e9tica, el estilo de vida y el r\u00e9gimen de cuidado de la piel pueden influir en la duraci\u00f3n de los resultados. Tambi\u00e9n es importante recordar que, aunque las mejoras quir\u00fargicas son duraderas, el proceso natural de envejecimiento continuar\u00e1 y pueden producirse algunos cambios con el tiempo. Un mantenimiento regular y unas buenas pr\u00e1cticas de cuidado de la piel pueden ayudar a prolongar los beneficios est\u00e9ticos de un lifting de cuello. La consulta con un cirujano pl\u00e1stico cualificado puede proporcionar una evaluaci\u00f3n m\u00e1s personalizada de la longevidad esperada de los resultados en su caso concreto.<\/p>\n\n<\/div>\n<\/div>\n<div id=\"faq-question-1682603361561\" class=\"rank-math-list-item\">\n<h3 class=\"rank-math-question \">\u00bfEs peligroso el lifting de cuello?<\/h3>\n<div class=\"rank-math-answer \">\n\n<p>Como cualquier intervenci\u00f3n quir\u00fargica, el lifting de cuello conlleva algunos riesgos y posibles complicaciones. Sin embargo, cuando la realiza un cirujano pl\u00e1stico cualificado y con experiencia, la intervenci\u00f3n suele considerarse segura. Las complicaciones son relativamente raras, pero pueden incluir hemorragias, infecciones, reacciones adversas a la anestesia, cicatrices, lesiones nerviosas y resultados est\u00e9ticos insatisfactorios. Es importante consultar a un cirujano pl\u00e1stico colegiado que eval\u00fae su estado de salud individual, analice los posibles riesgos y le gu\u00ede en el proceso de toma de decisiones. Si sigue las instrucciones pre y postoperatorias y elige un cirujano de confianza, podr\u00e1 minimizar los riesgos asociados al lifting de cuello.<\/p>\n\n<\/div>\n<\/div>\n<div id=\"faq-question-1684220924727\" class=\"rank-math-list-item\">\n<h3 class=\"rank-math-question \">\u00bfMerece la pena un lifting de cuello?<\/h3>\n<div class=\"rank-math-answer \">\n\n<p>El lifting de cuello puede ser una opci\u00f3n valiosa para las personas a las que les molesta la piel fl\u00e1cida, el exceso de grasa o la laxitud muscular en la zona del cuello y desean un contorno del cuello m\u00e1s joven y definido. Puede mejorar el aspecto del cuello y la mand\u00edbula, proporcionando un perfil facial rejuvenecido y m\u00e1s equilibrado.<\/p>\n\n<\/div>\n<\/div>\n<div id=\"faq-question-1684221051311\" class=\"rank-math-list-item\">\n<h3 class=\"rank-math-question \">\u00bfEs doloroso un lifting de cuello?<\/h3>\n<div class=\"rank-math-answer \">\n\n<p>Los niveles de dolor experimentados durante la intervenci\u00f3n quir\u00fargica pueden variar de una persona a otra. En general, los pacientes pueden esperar algunas molestias y un dolor de leve a moderado tras la intervenci\u00f3n. Sin embargo, el dolor suele controlarse con analg\u00e9sicos prescritos y tiende a disminuir gradualmente en los d\u00edas y semanas posteriores a la intervenci\u00f3n.<\/p>\n\n<\/div>\n<\/div>\n<div id=\"faq-question-1684221172329\" class=\"rank-math-list-item\">\n<h3 class=\"rank-math-question \">Lifting de cuello \u00bfc\u00f3mo se hace?<\/h3>\n<div class=\"rank-math-answer \">\n\n<p>El cirujano comienza la cirug\u00eda de lifting de cuello con una anestesia para garantizar la comodidad del paciente. Una vez que la anestesia ha hecho efecto, el cirujano realiza cuidadosamente incisiones en puntos clave, generalmente detr\u00e1s de las orejas o debajo de la barbilla, teniendo en cuenta las exigencias espec\u00edficas del paciente. Estas incisiones permiten al cirujano llegar a los tejidos subyacentes del cuello. Se pueden utilizar procedimientos de liposucci\u00f3n para eliminar el exceso de grasa, y con frecuencia se tensan y realinean los m\u00fasculos subyacentes para mejorar la forma y la rigidez del cuello. Adem\u00e1s, la piel fl\u00e1cida o suelta se recorta y se vuelve a cubrir minuciosamente para conseguir un aspecto m\u00e1s terso y juvenil. A continuaci\u00f3n se utilizan suturas u otros procedimientos de cierre para cerrar las incisiones, y se dan al paciente instrucciones sobre los cuidados postoperatorios. Seguir las instrucciones del cirujano, controlar las molestias con los f\u00e1rmacos prescritos y acudir a las citas de seguimiento forman parte del proceso de recuperaci\u00f3n.<\/p>\n\n<\/div>\n<\/div>\n<\/div>\n<\/div>\n<p>\u00a0<\/p>\n\n<h3 class=\"wp-block-heading\">P\u00f3ngase en contacto con nosotros si tiene alguna pregunta.<\/h3>\n","protected":false},"excerpt":{"rendered":"<p>Si busca una forma de parecer m\u00e1s joven y deshacerse de la flacidez, el lifting de cuello puede ser la [&hellip;]<\/p>\n","protected":false},"author":4,"featured_media":85327,"parent":0,"menu_order":0,"comment_status":"closed","ping_status":"closed","template":"","meta":{"site-sidebar-layout":"default","site-content-layout":"","ast-site-content-layout":"default","site-content-style":"default","site-sidebar-style":"default","ast-global-header-display":"","ast-banner-title-visibility":"","ast-main-header-display":"","ast-hfb-above-header-display":"","ast-hfb-below-header-display":"","ast-hfb-mobile-header-display":"","site-post-title":"","ast-breadcrumbs-content":"","ast-featured-img":"","footer-sml-layout":"","ast-disable-related-posts":"","theme-transparent-header-meta":"","adv-header-id-meta":"","stick-header-meta":"","header-above-stick-meta":"","header-main-stick-meta":"","header-below-stick-meta":"","astra-migrate-meta-layouts":"default","ast-page-background-enabled":"default","ast-page-background-meta":{"desktop":{"background-color":"var(--ast-global-color-4)","background-image":"","background-repeat":"repeat","background-position":"center center","background-size":"auto","background-attachment":"scroll","background-type":"","background-media":"","overlay-type":"","overlay-color":"","overlay-opacity":"","overlay-gradient":""},"tablet":{"background-color":"","background-image":"","background-repeat":"repeat","background-position":"center center","background-size":"auto","background-attachment":"scroll","background-type":"","background-media":"","overlay-type":"","overlay-color":"","overlay-opacity":"","overlay-gradient":""},"mobile":{"background-color":"","background-image":"","background-repeat":"repeat","background-position":"center center","background-size":"auto","background-attachment":"scroll","background-type":"","background-media":"","overlay-type":"","overlay-color":"","overlay-opacity":"","overlay-gradient":""}},"ast-content-background-meta":{"desktop":{"background-color":"var(--ast-global-color-5)","background-image":"","background-repeat":"repeat","background-position":"center center","background-size":"auto","background-attachment":"scroll","background-type":"","background-media":"","overlay-type":"","overlay-color":"","overlay-opacity":"","overlay-gradient":""},"tablet":{"background-color":"var(--ast-global-color-5)","background-image":"","background-repeat":"repeat","background-position":"center center","background-size":"auto","background-attachment":"scroll","background-type":"","background-media":"","overlay-type":"","overlay-color":"","overlay-opacity":"","overlay-gradient":""},"mobile":{"background-color":"var(--ast-global-color-5)","background-image":"","background-repeat":"repeat","background-position":"center center","background-size":"auto","background-attachment":"scroll","background-type":"","background-media":"","overlay-type":"","overlay-color":"","overlay-opacity":"","overlay-gradient":""}},"footnotes":""},"class_list":["post-145633","page","type-page","status-publish","has-post-thumbnail","hentry"],"_links":{"self":[{"href":"https:\/\/medclinics.com\/es\/wp-json\/wp\/v2\/pages\/145633","targetHints":{"allow":["GET"]}}],"collection":[{"href":"https:\/\/medclinics.com\/es\/wp-json\/wp\/v2\/pages"}],"about":[{"href":"https:\/\/medclinics.com\/es\/wp-json\/wp\/v2\/types\/page"}],"author":[{"embeddable":true,"href":"https:\/\/medclinics.com\/es\/wp-json\/wp\/v2\/users\/4"}],"replies":[{"embeddable":true,"href":"https:\/\/medclinics.com\/es\/wp-json\/wp\/v2\/comments?post=145633"}],"version-history":[{"count":0,"href":"https:\/\/medclinics.com\/es\/wp-json\/wp\/v2\/pages\/145633\/revisions"}],"wp:featuredmedia":[{"embeddable":true,"href":"https:\/\/medclinics.com\/es\/wp-json\/wp\/v2\/media\/85327"}],"wp:attachment":[{"href":"https:\/\/medclinics.com\/es\/wp-json\/wp\/v2\/media?parent=145633"}],"curies":[{"name":"wp","href":"https:\/\/api.w.org\/{rel}","templated":true}]}}