{"id":145625,"date":"2023-04-15T15:04:00","date_gmt":"2023-04-15T15:04:00","guid":{"rendered":"https:\/\/medclinics.com\/lifting-de-la-cara-interna-de-los-muslos\/"},"modified":"2024-04-01T15:14:33","modified_gmt":"2024-04-01T12:14:33","slug":"lifting-de-la-cara-interna-de-los-muslos","status":"publish","type":"page","link":"https:\/\/medclinics.com\/es\/lifting-de-la-cara-interna-de-los-muslos\/","title":{"rendered":"Lifting de la cara interna de los muslos"},"content":{"rendered":"\n<h2 class=\"wp-block-heading\">Si busca una forma de conseguir un aspecto m\u00e1s esculpido, Thihg Lift puede ser la soluci\u00f3n perfecta.<\/h2>\n\n<p>El lifting de la cara interna de los muslos, tambi\u00e9n conocido como lifting medial de muslos, es un procedimiento quir\u00fargico que se centra en la cara interna de los muslos para mejorar su contorno y reducir el exceso de piel y grasa. Se suele realizar en personas que han perdido peso, han envejecido o tienen piel fl\u00e1cida en la zona interna de los muslos.<\/p>\n\n<p>Durante un lifting de la cara interna de los muslos, el cirujano realiza incisiones en el pliegue inguinal o a lo largo de la cara interna del muslo. A continuaci\u00f3n, se elimina el exceso de piel y grasa, y el tejido restante se levanta y tensa para crear un aspecto m\u00e1s terso y tonificado. La <a href=\"https:\/\/en.wikipedia.org\/wiki\/Liposuction\" target=\"_blank\" rel=\"noreferrer noopener\">liposucci\u00f3n<\/a> puede combinarse con un lifting de la cara interna de los muslos para mejorar el contorno general y eliminar dep\u00f3sitos de grasa adicionales.<\/p>\n\n<p>La t\u00e9cnica espec\u00edfica utilizada para el lifting de la cara interna de los muslos puede variar en funci\u00f3n de las necesidades individuales y del grado de correcci\u00f3n requerido. El tiempo de recuperaci\u00f3n puede variar, pero la mayor\u00eda de las personas pueden esperar algo de hinchaz\u00f3n, hematomas y molestias en la zona tratada. Unos cuidados postoperatorios adecuados, que incluyan el uso de prendas de compresi\u00f3n y el seguimiento de las instrucciones del cirujano, son importantes para una curaci\u00f3n \u00f3ptima.<\/p>\n\n<h3 class=\"wp-block-heading\">Todo lo que necesita saber sobre las <a href=\"https:\/\/medclinics.com\/es\/cirugia-plastica-y-estetica\/\" target=\"_blank\" rel=\"noreferrer noopener\">cirug\u00edas pl\u00e1sticas y est\u00e9ticas<\/a>, incluido el precio, los cuidados postoperatorios y el proceso de cicatrizaci\u00f3n, o <a href=\"#requestform\">p\u00f3ngase en contacto con nosotros<\/a>.<\/h3>\n\n<figure class=\"wp-block-image size-large\"><img fetchpriority=\"high\" decoding=\"async\" width=\"8688\" height=\"5792\" class=\"wp-image-85228\" src=\"https:\/\/medclinics.com\/wp-content\/uploads\/2023\/05\/thigh-lift-1.png\" alt=\"Lifting de la cara interna de los muslos\" srcset=\"https:\/\/medclinics.com\/wp-content\/uploads\/2023\/05\/thigh-lift-1.png 8688w, https:\/\/medclinics.com\/wp-content\/uploads\/2023\/05\/thigh-lift-1-500x333.png 500w, https:\/\/medclinics.com\/wp-content\/uploads\/2023\/05\/thigh-lift-1-1024x683.png 1024w, https:\/\/medclinics.com\/wp-content\/uploads\/2023\/05\/thigh-lift-1-768x512.png 768w, https:\/\/medclinics.com\/wp-content\/uploads\/2023\/05\/thigh-lift-1-1536x1024.png 1536w, https:\/\/medclinics.com\/wp-content\/uploads\/2023\/05\/thigh-lift-1-2048x1365.png 2048w, https:\/\/medclinics.com\/wp-content\/uploads\/2023\/05\/thigh-lift-1-24x16.png 24w, https:\/\/medclinics.com\/wp-content\/uploads\/2023\/05\/thigh-lift-1-36x24.png 36w, https:\/\/medclinics.com\/wp-content\/uploads\/2023\/05\/thigh-lift-1-48x32.png 48w\" sizes=\"(max-width: 8688px) 100vw, 8688px\" \/><\/figure>\n\n<h2 class=\"wp-block-heading\">PREGUNTAS FRECUENTES<\/h2>\n<div id=\"rank-math-faq\" class=\"rank-math-block\">\n<div class=\"rank-math-list \">\n<div id=\"faq-question-1682603361561\" class=\"rank-math-list-item\">\n<h3 class=\"rank-math-question \">\u00bfQu\u00e9 son los lifting de la cara interna de los muslos?<\/h3>\n<div class=\"rank-math-answer \">\n\n<p>El lifting de la cara interna de los muslos, o lifting medial de muslos, es un procedimiento quir\u00fargico que se centra en la cara interna de los muslos para mejorar su contorno mediante la eliminaci\u00f3n del exceso de piel y grasa. El cirujano realiza incisiones en el pliegue inguinal o a lo largo de la cara interna del muslo, extirpa el tejido sobrante y levanta y tensa la piel restante para conseguir un aspecto m\u00e1s terso. Suele realizarse en personas con flacidez o piel suelta en la zona interna de los muslos debido a la p\u00e9rdida de peso o al envejecimiento. El tiempo de recuperaci\u00f3n puede variar, y es importante seguir las instrucciones postoperatorias del cirujano para una curaci\u00f3n \u00f3ptima.<\/p>\n\n<\/div>\n<\/div>\n<div id=\"faq-question-1684162762573\" class=\"rank-math-list-item\">\n<h3 class=\"rank-math-question \">\u00bfEs doloroso el lifting de la cara interna de los muslos?<\/h3>\n<div class=\"rank-math-answer \">\n\n<p>Tras una intervenci\u00f3n de lifting de la cara interna de los muslos, es habitual experimentar algunas molestias y un dolor leve. Sin embargo, el nivel de dolor puede variar de una persona a otra y, por lo general, se puede controlar con analg\u00e9sicos recetados. Las incisiones quir\u00fargicas y la manipulaci\u00f3n de los tejidos durante la intervenci\u00f3n pueden causar dolor, hinchaz\u00f3n y hematomas temporales en la zona interna del muslo. Su cirujano le dar\u00e1 instrucciones espec\u00edficas sobre el tratamiento del dolor, incluidos analg\u00e9sicos y t\u00e9cnicas para reducir las molestias durante el periodo de recuperaci\u00f3n. Es importante seguir estas instrucciones al pie de la letra y comunicar al cirujano cualquier dolor importante o persistente.<\/p>\n\n<\/div>\n<\/div>\n<div id=\"faq-question-1684162835341\" class=\"rank-math-list-item\">\n<h3 class=\"rank-math-question \">\u00bfCu\u00e1nto cuesta un lifting de la cara interna de los muslos?<\/h3>\n<div class=\"rank-math-answer \">\n\n<p>El coste de un lifting de la cara interna de los muslos puede variar mucho en funci\u00f3n de varios factores, como la ubicaci\u00f3n geogr\u00e1fica, la experiencia del cirujano, las t\u00e9cnicas espec\u00edficas utilizadas, la complejidad del caso y las instalaciones donde se realice la intervenci\u00f3n. En general, el coste de un lifting de la cara interna de los muslos puede oscilar entre 4.000 y 10.000 d\u00f3lares o m\u00e1s.<\/p>\n\n<\/div>\n<\/div>\n<div id=\"faq-question-1684162893908\" class=\"rank-math-list-item\">\n<h3 class=\"rank-math-question \">\u00bfEs seguro el lifting de la cara interna de los muslos?<\/h3>\n<div class=\"rank-math-answer \">\n\n<p>El lifting de la cara interna de los muslos, cuando lo realiza un cirujano pl\u00e1stico cualificado y con experiencia, suele considerarse seguro. Sin embargo, como cualquier intervenci\u00f3n quir\u00fargica, conlleva ciertos riesgos y posibles complicaciones. Es importante elegir un cirujano cualificado y seguir sus instrucciones preoperatorias y postoperatorias para minimizar los riesgos y garantizar un proceso de recuperaci\u00f3n m\u00e1s seguro.<\/p>\n\n<\/div>\n<\/div>\n<\/div>\n<\/div>\n<p>\u00a0<\/p>\n\n<h3 class=\"wp-block-heading\">P\u00f3ngase en contacto con nosotros si tiene alguna pregunta.<\/h3>\n","protected":false},"excerpt":{"rendered":"<p>Si busca una forma de conseguir un aspecto m\u00e1s esculpido, Thihg Lift puede ser la soluci\u00f3n perfecta. El lifting de [&hellip;]<\/p>\n","protected":false},"author":4,"featured_media":85235,"parent":0,"menu_order":0,"comment_status":"closed","ping_status":"closed","template":"","meta":{"site-sidebar-layout":"default","site-content-layout":"","ast-site-content-layout":"default","site-content-style":"default","site-sidebar-style":"default","ast-global-header-display":"","ast-banner-title-visibility":"","ast-main-header-display":"","ast-hfb-above-header-display":"","ast-hfb-below-header-display":"","ast-hfb-mobile-header-display":"","site-post-title":"","ast-breadcrumbs-content":"","ast-featured-img":"","footer-sml-layout":"","ast-disable-related-posts":"","theme-transparent-header-meta":"","adv-header-id-meta":"","stick-header-meta":"","header-above-stick-meta":"","header-main-stick-meta":"","header-below-stick-meta":"","astra-migrate-meta-layouts":"default","ast-page-background-enabled":"default","ast-page-background-meta":{"desktop":{"background-color":"var(--ast-global-color-4)","background-image":"","background-repeat":"repeat","background-position":"center center","background-size":"auto","background-attachment":"scroll","background-type":"","background-media":"","overlay-type":"","overlay-color":"","overlay-opacity":"","overlay-gradient":""},"tablet":{"background-color":"","background-image":"","background-repeat":"repeat","background-position":"center center","background-size":"auto","background-attachment":"scroll","background-type":"","background-media":"","overlay-type":"","overlay-color":"","overlay-opacity":"","overlay-gradient":""},"mobile":{"background-color":"","background-image":"","background-repeat":"repeat","background-position":"center center","background-size":"auto","background-attachment":"scroll","background-type":"","background-media":"","overlay-type":"","overlay-color":"","overlay-opacity":"","overlay-gradient":""}},"ast-content-background-meta":{"desktop":{"background-color":"var(--ast-global-color-5)","background-image":"","background-repeat":"repeat","background-position":"center center","background-size":"auto","background-attachment":"scroll","background-type":"","background-media":"","overlay-type":"","overlay-color":"","overlay-opacity":"","overlay-gradient":""},"tablet":{"background-color":"var(--ast-global-color-5)","background-image":"","background-repeat":"repeat","background-position":"center center","background-size":"auto","background-attachment":"scroll","background-type":"","background-media":"","overlay-type":"","overlay-color":"","overlay-opacity":"","overlay-gradient":""},"mobile":{"background-color":"var(--ast-global-color-5)","background-image":"","background-repeat":"repeat","background-position":"center center","background-size":"auto","background-attachment":"scroll","background-type":"","background-media":"","overlay-type":"","overlay-color":"","overlay-opacity":"","overlay-gradient":""}},"footnotes":""},"class_list":["post-145625","page","type-page","status-publish","has-post-thumbnail","hentry"],"_links":{"self":[{"href":"https:\/\/medclinics.com\/es\/wp-json\/wp\/v2\/pages\/145625","targetHints":{"allow":["GET"]}}],"collection":[{"href":"https:\/\/medclinics.com\/es\/wp-json\/wp\/v2\/pages"}],"about":[{"href":"https:\/\/medclinics.com\/es\/wp-json\/wp\/v2\/types\/page"}],"author":[{"embeddable":true,"href":"https:\/\/medclinics.com\/es\/wp-json\/wp\/v2\/users\/4"}],"replies":[{"embeddable":true,"href":"https:\/\/medclinics.com\/es\/wp-json\/wp\/v2\/comments?post=145625"}],"version-history":[{"count":0,"href":"https:\/\/medclinics.com\/es\/wp-json\/wp\/v2\/pages\/145625\/revisions"}],"wp:featuredmedia":[{"embeddable":true,"href":"https:\/\/medclinics.com\/es\/wp-json\/wp\/v2\/media\/85235"}],"wp:attachment":[{"href":"https:\/\/medclinics.com\/es\/wp-json\/wp\/v2\/media?parent=145625"}],"curies":[{"name":"wp","href":"https:\/\/api.w.org\/{rel}","templated":true}]}}