{"id":145601,"date":"2023-04-15T14:01:00","date_gmt":"2023-04-15T14:01:00","guid":{"rendered":"https:\/\/medclinics.com\/j-plasma-4\/"},"modified":"2024-04-01T15:18:34","modified_gmt":"2024-04-01T12:18:34","slug":"j-plasma-4","status":"publish","type":"page","link":"https:\/\/medclinics.com\/es\/j-plasma-4\/","title":{"rendered":"J Plasma"},"content":{"rendered":"\n<h2 class=\"wp-block-heading\">Si busca la \u00faltima tecnolog\u00eda para reafirmar su cuerpo, el plasma j puede ser el m\u00e9todo m\u00e1s adecuado para usted.<\/h2>\n\n<p>J Plasma es una tecnolog\u00eda m\u00e9dica avanzada que se utiliza para procedimientos de estiramiento y rejuvenecimiento de la piel. Combina el uso de gas helio y energ\u00eda de radiofrecuencia para crear un haz de plasma controlado y focalizado. El dispositivo J Plasma suministra la energ\u00eda a trav\u00e9s de una peque\u00f1a varita manual a la zona de la piel deseada.<\/p>\n\n<p>Cuando el haz de plasma entra en contacto con la piel, calienta el tejido, provocando una contracci\u00f3n y un estiramiento inmediatos de la piel. Adem\u00e1s, la energ\u00eda estimula la producci\u00f3n de col\u00e1geno, lo que ayuda a mejorar la textura general y la firmeza de la piel con el paso del tiempo.<\/p>\n\n<p>Se utiliza habitualmente en intervenciones de <a href=\"https:\/\/istanbul-tourist-information.com\/en\/medical-treatment\/\" target=\"_blank\" rel=\"noreferrer noopener\">cirug\u00eda pl\u00e1stica<\/a> y est\u00e9tica para tratar diversos problemas, como la reducci\u00f3n de arrugas y l\u00edneas de expresi\u00f3n, el estiramiento de la piel fl\u00e1cida, la mejora del tono y la textura de la piel y el tratamiento de determinados tipos de cicatrices.<\/p>\n\n<h3 class=\"wp-block-heading\">Todo lo que necesita saber sobre la <a href=\"https:\/\/medclinics.com\/es\/liposuccion-2\/\" target=\"_blank\" rel=\"noreferrer noopener\">liposucci\u00f3n<\/a>, incluido el precio, los cuidados postoperatorios y el proceso de cicatrizaci\u00f3n, o p\u00f3ngase <a href=\"#requestform\">en contacto con nosotros<\/a>.<\/h3>\n\n<figure class=\"wp-block-image size-large\"><img fetchpriority=\"high\" decoding=\"async\" width=\"5760\" height=\"3840\" class=\"wp-image-85042\" src=\"https:\/\/medclinics.com\/wp-content\/uploads\/2023\/05\/vaser-hi-def-liposuction.png\" alt=\"J Plasma\" srcset=\"https:\/\/medclinics.com\/wp-content\/uploads\/2023\/05\/vaser-hi-def-liposuction.png 5760w, https:\/\/medclinics.com\/wp-content\/uploads\/2023\/05\/vaser-hi-def-liposuction-500x333.png 500w, https:\/\/medclinics.com\/wp-content\/uploads\/2023\/05\/vaser-hi-def-liposuction-1024x683.png 1024w, https:\/\/medclinics.com\/wp-content\/uploads\/2023\/05\/vaser-hi-def-liposuction-768x512.png 768w, https:\/\/medclinics.com\/wp-content\/uploads\/2023\/05\/vaser-hi-def-liposuction-1536x1024.png 1536w, https:\/\/medclinics.com\/wp-content\/uploads\/2023\/05\/vaser-hi-def-liposuction-2048x1365.png 2048w, https:\/\/medclinics.com\/wp-content\/uploads\/2023\/05\/vaser-hi-def-liposuction-24x16.png 24w, https:\/\/medclinics.com\/wp-content\/uploads\/2023\/05\/vaser-hi-def-liposuction-36x24.png 36w, https:\/\/medclinics.com\/wp-content\/uploads\/2023\/05\/vaser-hi-def-liposuction-48x32.png 48w\" sizes=\"(max-width: 5760px) 100vw, 5760px\" \/><\/figure>\n\n<h2 class=\"wp-block-heading\">PREGUNTAS FRECUENTES<\/h2>\n<div id=\"rank-math-faq\" class=\"rank-math-block\">\n<div class=\"rank-math-list \">\n<div id=\"faq-question-1684158552538\" class=\"rank-math-list-item\">\n<h3 class=\"rank-math-question \">\u00bfMerece la pena el plasma j?<\/h3>\n<div class=\"rank-math-answer \">\n\n<p>La idoneidad de J Plasma depende de las circunstancias y los objetivos individuales. Puede ser una opci\u00f3n valiosa para quienes buscan estiramiento de la piel, reducci\u00f3n de arrugas y tratamiento de cicatrices. Sin embargo, es importante tener en cuenta factores como la gravedad de los problemas, el estado de la piel, los resultados esperados y el coste. Es esencial consultar a un profesional cualificado para evaluar la idoneidad y debatir las posibles ventajas y limitaciones.<\/p>\n\n<\/div>\n<\/div>\n<div id=\"faq-question-1684159005302\" class=\"rank-math-list-item\">\n<h3 class=\"rank-math-question \">\u00bfEs permanente el plasma-J?<\/h3>\n<div class=\"rank-math-answer \">\n\n<p>J El plasma puede proporcionar resultados duraderos. El tratamiento puede mejorar la firmeza de la piel, reducir las arrugas y mejorar el aspecto general de la piel. Sin embargo, la longevidad de los resultados puede variar en funci\u00f3n de factores como las caracter\u00edsticas individuales de la piel, el envejecimiento, el estilo de vida y las pr\u00e1cticas continuas de cuidado de la piel. Aunque estimula la producci\u00f3n de col\u00e1geno, lo que puede contribuir a mejoras a largo plazo, el proceso natural de envejecimiento y los factores externos pueden seguir afectando a la piel con el paso del tiempo. Para mantener los resultados de J Plasma, es importante seguir una rutina constante de cuidado de la piel, protegerla de la exposici\u00f3n al sol y adoptar un estilo de vida saludable. La consulta con un profesional m\u00e9dico cualificado especializado en J Plasma puede proporcionar una mejor comprensi\u00f3n de la duraci\u00f3n prevista de los resultados y recomendaciones personalizadas para el mantenimiento a largo plazo.<\/p>\n\n<\/div>\n<\/div>\n<div id=\"faq-question-1684159135117\" class=\"rank-math-list-item\">\n<h3 class=\"rank-math-question \">\u00bfSe puede hacer j plasma sin lipo?<\/h3>\n<div class=\"rank-math-answer \">\n\n<p>S\u00ed, J Plasma puede realizarse como tratamiento independiente sin necesidad de liposucci\u00f3n. Aunque se suele utilizar junto con procedimientos de liposucci\u00f3n para mejorar el estiramiento y el contorno de la piel, tambi\u00e9n se puede utilizar por s\u00ed sola para tratar problemas espec\u00edficos como el estiramiento de la piel, la reducci\u00f3n de arrugas y el tratamiento de cicatrices. Durante un tratamiento independiente con J Plasma, la energ\u00eda del plasma se dirige a las zonas espec\u00edficas de la piel para promover la producci\u00f3n de col\u00e1geno y estimular el estiramiento cut\u00e1neo. Esto puede ayudar a mejorar la textura general, la firmeza y el aspecto de la piel sin necesidad de eliminar grasa adicional mediante liposucci\u00f3n.<\/p>\n\n<\/div>\n<\/div>\n<\/div>\n<\/div>\n<h3 class=\"wp-block-heading\">P\u00f3ngase en contacto con nosotros si tiene alguna pregunta.<\/h3>\n","protected":false},"excerpt":{"rendered":"<p>Si busca la \u00faltima tecnolog\u00eda para reafirmar su cuerpo, el plasma j puede ser el m\u00e9todo m\u00e1s adecuado para usted. [&hellip;]<\/p>\n","protected":false},"author":4,"featured_media":84998,"parent":0,"menu_order":0,"comment_status":"closed","ping_status":"closed","template":"","meta":{"site-sidebar-layout":"default","site-content-layout":"","ast-site-content-layout":"default","site-content-style":"default","site-sidebar-style":"default","ast-global-header-display":"","ast-banner-title-visibility":"","ast-main-header-display":"","ast-hfb-above-header-display":"","ast-hfb-below-header-display":"","ast-hfb-mobile-header-display":"","site-post-title":"","ast-breadcrumbs-content":"","ast-featured-img":"","footer-sml-layout":"","ast-disable-related-posts":"","theme-transparent-header-meta":"","adv-header-id-meta":"","stick-header-meta":"","header-above-stick-meta":"","header-main-stick-meta":"","header-below-stick-meta":"","astra-migrate-meta-layouts":"default","ast-page-background-enabled":"default","ast-page-background-meta":{"desktop":{"background-color":"var(--ast-global-color-4)","background-image":"","background-repeat":"repeat","background-position":"center center","background-size":"auto","background-attachment":"scroll","background-type":"","background-media":"","overlay-type":"","overlay-color":"","overlay-opacity":"","overlay-gradient":""},"tablet":{"background-color":"","background-image":"","background-repeat":"repeat","background-position":"center center","background-size":"auto","background-attachment":"scroll","background-type":"","background-media":"","overlay-type":"","overlay-color":"","overlay-opacity":"","overlay-gradient":""},"mobile":{"background-color":"","background-image":"","background-repeat":"repeat","background-position":"center center","background-size":"auto","background-attachment":"scroll","background-type":"","background-media":"","overlay-type":"","overlay-color":"","overlay-opacity":"","overlay-gradient":""}},"ast-content-background-meta":{"desktop":{"background-color":"var(--ast-global-color-5)","background-image":"","background-repeat":"repeat","background-position":"center center","background-size":"auto","background-attachment":"scroll","background-type":"","background-media":"","overlay-type":"","overlay-color":"","overlay-opacity":"","overlay-gradient":""},"tablet":{"background-color":"var(--ast-global-color-5)","background-image":"","background-repeat":"repeat","background-position":"center center","background-size":"auto","background-attachment":"scroll","background-type":"","background-media":"","overlay-type":"","overlay-color":"","overlay-opacity":"","overlay-gradient":""},"mobile":{"background-color":"var(--ast-global-color-5)","background-image":"","background-repeat":"repeat","background-position":"center center","background-size":"auto","background-attachment":"scroll","background-type":"","background-media":"","overlay-type":"","overlay-color":"","overlay-opacity":"","overlay-gradient":""}},"footnotes":""},"class_list":["post-145601","page","type-page","status-publish","has-post-thumbnail","hentry"],"_links":{"self":[{"href":"https:\/\/medclinics.com\/es\/wp-json\/wp\/v2\/pages\/145601","targetHints":{"allow":["GET"]}}],"collection":[{"href":"https:\/\/medclinics.com\/es\/wp-json\/wp\/v2\/pages"}],"about":[{"href":"https:\/\/medclinics.com\/es\/wp-json\/wp\/v2\/types\/page"}],"author":[{"embeddable":true,"href":"https:\/\/medclinics.com\/es\/wp-json\/wp\/v2\/users\/4"}],"replies":[{"embeddable":true,"href":"https:\/\/medclinics.com\/es\/wp-json\/wp\/v2\/comments?post=145601"}],"version-history":[{"count":0,"href":"https:\/\/medclinics.com\/es\/wp-json\/wp\/v2\/pages\/145601\/revisions"}],"wp:featuredmedia":[{"embeddable":true,"href":"https:\/\/medclinics.com\/es\/wp-json\/wp\/v2\/media\/84998"}],"wp:attachment":[{"href":"https:\/\/medclinics.com\/es\/wp-json\/wp\/v2\/media?parent=145601"}],"curies":[{"name":"wp","href":"https:\/\/api.w.org\/{rel}","templated":true}]}}