{"id":145591,"date":"2023-04-15T13:28:00","date_gmt":"2023-04-15T13:28:00","guid":{"rendered":"https:\/\/medclinics.com\/liposuccion-vaser-hi-def-2\/"},"modified":"2024-04-01T17:27:09","modified_gmt":"2024-04-01T14:27:09","slug":"liposuccion-vaser-hi-def-2","status":"publish","type":"page","link":"https:\/\/medclinics.com\/es\/liposuccion-vaser-hi-def-2\/","title":{"rendered":"Liposucci\u00f3n Vaser Hi-Def"},"content":{"rendered":"\n<h2 class=\"wp-block-heading\">Si est\u00e1 buscando una forma de conseguir un cuerpo esculpido, la liposucci\u00f3n Vaser Hi-Def puede ser la soluci\u00f3n perfecta.<\/h2>\n\n<p>La liposucci\u00f3n Vaser Hi-Def es una t\u00e9cnica avanzada de esculpido corporal cuyo objetivo es crear contornos m\u00e1s atl\u00e9ticos y definidos. Se trata de una forma especializada de <a href=\"https:\/\/istanbul-tourist-information.com\/en\/medical-treatment\/\" target=\"_blank\" rel=\"noreferrer noopener\">liposucci\u00f3n<\/a> Vaser que utiliza la tecnolog\u00eda de ultrasonidos para localizar y eliminar con precisi\u00f3n las capas superficiales y profundas de grasa con el fin de mejorar la definici\u00f3n muscular.<\/p>\n\n<p>Durante la intervenci\u00f3n, el cirujano elimina estrat\u00e9gicamente el exceso de grasa alrededor de grupos musculares espec\u00edficos para crear un aspecto esculpido. Esta t\u00e9cnica requiere un alto nivel de habilidad y pericia para lograr resultados precisos y realizar el contorno atl\u00e9tico deseado.<\/p>\n\n<p>La liposucci\u00f3n Vaser Hi-Def se realiza normalmente en personas que tienen una buena estructura muscular subyacente, pero que luchan contra los dep\u00f3sitos de grasa persistentes que ocultan la definici\u00f3n muscular. Suele utilizarse para realzar zonas como el abdomen, el pecho, los brazos, la espalda y los muslos.<\/p>\n\n<h3 class=\"wp-block-heading\">Todo lo que necesita saber sobre la <a href=\"https:\/\/medclinics.com\/es\/liposuccion-2\/\" target=\"_blank\" rel=\"noreferrer noopener\">liposucci\u00f3n<\/a>, incluido el precio, los cuidados postoperatorios y el proceso de cicatrizaci\u00f3n, o p\u00f3ngase <a href=\"#requestform\">en contacto con nosotros<\/a>.<\/h3>\n\n<figure class=\"wp-block-image size-large\"><img fetchpriority=\"high\" decoding=\"async\" width=\"9504\" height=\"6336\" src=\"https:\/\/medclinics.com\/wp-content\/uploads\/2023\/05\/vaser-hi-def-liposuction-.png\" alt=\"Liposucci&#xF3;n Vaser Hi-Def Estambul Turqu&#xED;a\" class=\"wp-image-85032\" srcset=\"https:\/\/medclinics.com\/wp-content\/uploads\/2023\/05\/vaser-hi-def-liposuction-.png 9504w, https:\/\/medclinics.com\/wp-content\/uploads\/2023\/05\/vaser-hi-def-liposuction--500x333.png 500w, https:\/\/medclinics.com\/wp-content\/uploads\/2023\/05\/vaser-hi-def-liposuction--1024x683.png 1024w, https:\/\/medclinics.com\/wp-content\/uploads\/2023\/05\/vaser-hi-def-liposuction--768x512.png 768w, https:\/\/medclinics.com\/wp-content\/uploads\/2023\/05\/vaser-hi-def-liposuction--1536x1024.png 1536w, https:\/\/medclinics.com\/wp-content\/uploads\/2023\/05\/vaser-hi-def-liposuction--2048x1365.png 2048w, https:\/\/medclinics.com\/wp-content\/uploads\/2023\/05\/vaser-hi-def-liposuction--24x16.png 24w, https:\/\/medclinics.com\/wp-content\/uploads\/2023\/05\/vaser-hi-def-liposuction--36x24.png 36w, https:\/\/medclinics.com\/wp-content\/uploads\/2023\/05\/vaser-hi-def-liposuction--48x32.png 48w\" sizes=\"(max-width: 9504px) 100vw, 9504px\" \/><\/figure>\n\n<h2 class=\"wp-block-heading\">PREGUNTAS FRECUENTES<\/h2>\n<div id=\"rank-math-faq\" class=\"rank-math-block\">\n<div class=\"rank-math-list \">\n<div id=\"faq-question-1682666956133\" class=\"rank-math-list-item\">\n<h3 class=\"rank-math-question \">\u00bfQu\u00e9 es la liposucci\u00f3n Vaser Hi-Def?<\/h3>\n<div class=\"rank-math-answer \">\n\n<p>La liposucci\u00f3n Vaser Hi-Def es un procedimiento vanguardista de contorno corporal que hace un uso preciso de la tecnolog\u00eda ultras\u00f3nica para mejorar la definici\u00f3n muscular y eliminar la grasa sobrante, proporcionando al paciente una imagen m\u00e1s atl\u00e9tica y definida.<\/p>\n\n<\/div>\n<\/div>\n<div id=\"faq-question-1684156392775\" class=\"rank-math-list-item\">\n<h3 class=\"rank-math-question \">\u00bfC\u00f3mo es la liposucci\u00f3n Vaser Hi-Def Turqu\u00eda?<\/h3>\n<div class=\"rank-math-answer \">\n\n<p>Turqu\u00eda es conocida por su reputaci\u00f3n en el campo del turismo m\u00e9dico y ofrece diversos procedimientos est\u00e9ticos, como la liposucci\u00f3n Vaser Hi-Def. La calidad en Turqu\u00eda depender\u00e1 de la cl\u00ednica o el cirujano que elija. Es esencial investigar a fondo y seleccionar un cirujano pl\u00e1stico reputado y con experiencia que est\u00e9 especializado en este tipo de liposucci\u00f3n. La lectura de las opiniones de los pacientes, la evaluaci\u00f3n de las cualificaciones y la discusi\u00f3n del procedimiento con el cirujano elegido durante una consulta pueden proporcionar informaci\u00f3n sobre la calidad de la liposucci\u00f3n en Turqu\u00eda.<\/p>\n\n<\/div>\n<\/div>\n<\/div>\n<\/div>\n<p>\u00a0<\/p>\n\n<h3 class=\"wp-block-heading\">P\u00f3ngase en contacto con nosotros si tiene alguna pregunta.<\/h3>\n","protected":false},"excerpt":{"rendered":"<p>Si est\u00e1 buscando una forma de conseguir un cuerpo esculpido, la liposucci\u00f3n Vaser Hi-Def puede ser la soluci\u00f3n perfecta. La [&hellip;]<\/p>\n","protected":false},"author":4,"featured_media":85042,"parent":0,"menu_order":0,"comment_status":"closed","ping_status":"closed","template":"","meta":{"site-sidebar-layout":"default","site-content-layout":"","ast-site-content-layout":"default","site-content-style":"default","site-sidebar-style":"default","ast-global-header-display":"","ast-banner-title-visibility":"","ast-main-header-display":"","ast-hfb-above-header-display":"","ast-hfb-below-header-display":"","ast-hfb-mobile-header-display":"","site-post-title":"","ast-breadcrumbs-content":"","ast-featured-img":"","footer-sml-layout":"","ast-disable-related-posts":"","theme-transparent-header-meta":"","adv-header-id-meta":"","stick-header-meta":"","header-above-stick-meta":"","header-main-stick-meta":"","header-below-stick-meta":"","astra-migrate-meta-layouts":"default","ast-page-background-enabled":"default","ast-page-background-meta":{"desktop":{"background-color":"var(--ast-global-color-4)","background-image":"","background-repeat":"repeat","background-position":"center center","background-size":"auto","background-attachment":"scroll","background-type":"","background-media":"","overlay-type":"","overlay-color":"","overlay-opacity":"","overlay-gradient":""},"tablet":{"background-color":"","background-image":"","background-repeat":"repeat","background-position":"center center","background-size":"auto","background-attachment":"scroll","background-type":"","background-media":"","overlay-type":"","overlay-color":"","overlay-opacity":"","overlay-gradient":""},"mobile":{"background-color":"","background-image":"","background-repeat":"repeat","background-position":"center center","background-size":"auto","background-attachment":"scroll","background-type":"","background-media":"","overlay-type":"","overlay-color":"","overlay-opacity":"","overlay-gradient":""}},"ast-content-background-meta":{"desktop":{"background-color":"var(--ast-global-color-5)","background-image":"","background-repeat":"repeat","background-position":"center center","background-size":"auto","background-attachment":"scroll","background-type":"","background-media":"","overlay-type":"","overlay-color":"","overlay-opacity":"","overlay-gradient":""},"tablet":{"background-color":"var(--ast-global-color-5)","background-image":"","background-repeat":"repeat","background-position":"center center","background-size":"auto","background-attachment":"scroll","background-type":"","background-media":"","overlay-type":"","overlay-color":"","overlay-opacity":"","overlay-gradient":""},"mobile":{"background-color":"var(--ast-global-color-5)","background-image":"","background-repeat":"repeat","background-position":"center center","background-size":"auto","background-attachment":"scroll","background-type":"","background-media":"","overlay-type":"","overlay-color":"","overlay-opacity":"","overlay-gradient":""}},"footnotes":""},"class_list":["post-145591","page","type-page","status-publish","has-post-thumbnail","hentry"],"_links":{"self":[{"href":"https:\/\/medclinics.com\/es\/wp-json\/wp\/v2\/pages\/145591","targetHints":{"allow":["GET"]}}],"collection":[{"href":"https:\/\/medclinics.com\/es\/wp-json\/wp\/v2\/pages"}],"about":[{"href":"https:\/\/medclinics.com\/es\/wp-json\/wp\/v2\/types\/page"}],"author":[{"embeddable":true,"href":"https:\/\/medclinics.com\/es\/wp-json\/wp\/v2\/users\/4"}],"replies":[{"embeddable":true,"href":"https:\/\/medclinics.com\/es\/wp-json\/wp\/v2\/comments?post=145591"}],"version-history":[{"count":0,"href":"https:\/\/medclinics.com\/es\/wp-json\/wp\/v2\/pages\/145591\/revisions"}],"wp:featuredmedia":[{"embeddable":true,"href":"https:\/\/medclinics.com\/es\/wp-json\/wp\/v2\/media\/85042"}],"wp:attachment":[{"href":"https:\/\/medclinics.com\/es\/wp-json\/wp\/v2\/media?parent=145591"}],"curies":[{"name":"wp","href":"https:\/\/api.w.org\/{rel}","templated":true}]}}