{"id":145581,"date":"2023-05-15T13:26:42","date_gmt":"2023-05-15T10:26:42","guid":{"rendered":"https:\/\/medclinics.com\/estetica-gingival\/"},"modified":"2025-01-02T15:54:49","modified_gmt":"2025-01-02T12:54:49","slug":"estetica-gingival","status":"publish","type":"page","link":"https:\/\/medclinics.com\/es\/estetica-gingival\/","title":{"rendered":"Est\u00e9tica gingival"},"content":{"rendered":"\n<h2 class=\"wp-block-heading\">\u00bfSufre de enc\u00edas retra\u00eddas? Entonces necesita est\u00e9tica gingival.<\/h2>\n\n<p>La est\u00e9tica gingival es una serie de procedimientos est\u00e9ticos para corregir los problemas de las enc\u00edas. Los problemas de enc\u00edas incluyen enc\u00edas retra\u00eddas, exceso de enc\u00edas, anomal\u00edas en el color y la forma de las enc\u00edas.<\/p>\n\n<p>En la <a href=\"https:\/\/en.wikipedia.org\/wiki\/Gingivectomy\" target=\"_blank\" rel=\"noreferrer noopener\">est\u00e9tica de las enc<\/a>\u00edas se utilizan diversas t\u00e9cnicas para mejorar el aspecto y la est\u00e9tica de las enc\u00edas. Entre ellos se incluyen la correcci\u00f3n quir\u00fargica de enc\u00edas, el injerto de enc\u00edas, los tratamientos con l\u00e1ser, la decoloraci\u00f3n y el cierre de enc\u00edas, los empastes de enc\u00edas y las pr\u00f3tesis de enc\u00edas.<\/p>\n\n<p>Los procedimientos est\u00e9ticos de las enc\u00edas deben ser realizados por un dentista que ponga gran \u00e9nfasis en la salud de las enc\u00edas y la higiene bucal. De este modo, se puede conseguir un resultado saludable y est\u00e9tico sin da\u00f1ar las enc\u00edas durante el procedimiento est\u00e9tico.<\/p>\n\n<h3 class=\"wp-block-heading\">Todo lo que necesita saber sobre <a href=\"https:\/\/medclinics.com\/dental-treatment\/\" target=\"_blank\" rel=\"noreferrer noopener\">tratamientos dentales<\/a>, incluido el precio, los cuidados postoperatorios y el proceso de cicatrizaci\u00f3n, o p\u00f3ngase <a href=\"#requestform\">en contacto con nosotros<\/a>.<\/h3>\n\n<figure class=\"wp-block-image size-full\"><img fetchpriority=\"high\" decoding=\"async\" width=\"960\" height=\"580\" src=\"https:\/\/medclinics.com\/wp-content\/uploads\/2023\/05\/Gingival-aesthetics-.jpg\" alt=\"\" class=\"wp-image-85025\" srcset=\"https:\/\/medclinics.com\/wp-content\/uploads\/2023\/05\/Gingival-aesthetics-.jpg 960w, https:\/\/medclinics.com\/wp-content\/uploads\/2023\/05\/Gingival-aesthetics--500x302.jpg 500w, https:\/\/medclinics.com\/wp-content\/uploads\/2023\/05\/Gingival-aesthetics--768x464.jpg 768w, https:\/\/medclinics.com\/wp-content\/uploads\/2023\/05\/Gingival-aesthetics--24x15.jpg 24w, https:\/\/medclinics.com\/wp-content\/uploads\/2023\/05\/Gingival-aesthetics--36x22.jpg 36w, https:\/\/medclinics.com\/wp-content\/uploads\/2023\/05\/Gingival-aesthetics--48x29.jpg 48w\" sizes=\"(max-width: 960px) 100vw, 960px\" \/><\/figure>\n\n<h3 class=\"wp-block-heading\">PREGUNTAS FRECUENTES<\/h3>\n<div id=\"rank-math-faq\" class=\"rank-math-block\">\n<div class=\"rank-math-list \">\n<div id=\"faq-question-1683898477333\" class=\"rank-math-list-item\">\n<h3 class=\"rank-math-question \">\u00bfQu\u00e9 es una sonrisa gingival?<\/h3>\n<div class=\"rank-math-answer \">\n\n<p>La sonrisa gingival, tambi\u00e9n conocida como enc\u00eda excesiva, es un problema est\u00e9tico. Al sonre\u00edr, se muestra demasiada enc\u00eda. Esto hace que los dientes parezcan m\u00e1s cortos y la sonrisa u0022gomosa.u0022 La causa puede ser un m\u00fasculo hiperactivo del labio superior, un labio superior corto o unas enc\u00edas demasiado grandes. El tratamiento es ortod\u00f3ncico o quir\u00fargico, y el dentista puede recomendar una combinaci\u00f3n de ambos.<\/p>\n\n<\/div>\n<\/div>\n<div id=\"faq-question-1683898525995\" class=\"rank-math-list-item\">\n<h3 class=\"rank-math-question \">\u00bfQu\u00e9 es la est\u00e9tica gingival?<\/h3>\n<div class=\"rank-math-answer \">\n\n<p>La est\u00e9tica gingival, tambi\u00e9n conocida como est\u00e9tica de las enc\u00edas o cirug\u00eda pl\u00e1stica periodontal, es una rama de la odontolog\u00eda que se centra en mejorar el aspecto de las enc\u00edas y los tejidos blandos que rodean los dientes.<\/p>\n\n<\/div>\n<\/div>\n<div id=\"faq-question-1683898720036\" class=\"rank-math-list-item\">\n<h3 class=\"rank-math-question \">\u00bfCu\u00e1les son los tipos de enc\u00eda?<\/h3>\n<div class=\"rank-math-answer \">\n\n<p>Existen dos tipos de enc\u00eda: la enc\u00eda adherida, que es firme y rodea los dientes, y la enc\u00eda mucosa, que es m\u00f3vil y cubre las superficies internas de los labios, las mejillas, el suelo de la boca y la parte inferior de la lengua.<\/p>\n\n<\/div>\n<\/div>\n<\/div>\n<\/div>\n<p>\u00a0<\/p>\n\n<h3 class=\"wp-block-heading\">P\u00f3ngase en contacto con nosotros si tiene alguna pregunta.<\/h3>\n","protected":false},"excerpt":{"rendered":"<p>\u00bfSufre de enc\u00edas retra\u00eddas? Entonces necesita est\u00e9tica gingival. La est\u00e9tica gingival es una serie de procedimientos est\u00e9ticos para corregir los [&hellip;]<\/p>\n","protected":false},"author":4,"featured_media":92277,"parent":0,"menu_order":0,"comment_status":"closed","ping_status":"closed","template":"","meta":{"site-sidebar-layout":"default","site-content-layout":"","ast-site-content-layout":"default","site-content-style":"default","site-sidebar-style":"default","ast-global-header-display":"","ast-banner-title-visibility":"","ast-main-header-display":"","ast-hfb-above-header-display":"","ast-hfb-below-header-display":"","ast-hfb-mobile-header-display":"","site-post-title":"","ast-breadcrumbs-content":"","ast-featured-img":"","footer-sml-layout":"","ast-disable-related-posts":"","theme-transparent-header-meta":"","adv-header-id-meta":"","stick-header-meta":"","header-above-stick-meta":"","header-main-stick-meta":"","header-below-stick-meta":"","astra-migrate-meta-layouts":"default","ast-page-background-enabled":"default","ast-page-background-meta":{"desktop":{"background-color":"var(--ast-global-color-4)","background-image":"","background-repeat":"repeat","background-position":"center center","background-size":"auto","background-attachment":"scroll","background-type":"","background-media":"","overlay-type":"","overlay-color":"","overlay-opacity":"","overlay-gradient":""},"tablet":{"background-color":"","background-image":"","background-repeat":"repeat","background-position":"center center","background-size":"auto","background-attachment":"scroll","background-type":"","background-media":"","overlay-type":"","overlay-color":"","overlay-opacity":"","overlay-gradient":""},"mobile":{"background-color":"","background-image":"","background-repeat":"repeat","background-position":"center center","background-size":"auto","background-attachment":"scroll","background-type":"","background-media":"","overlay-type":"","overlay-color":"","overlay-opacity":"","overlay-gradient":""}},"ast-content-background-meta":{"desktop":{"background-color":"var(--ast-global-color-5)","background-image":"","background-repeat":"repeat","background-position":"center center","background-size":"auto","background-attachment":"scroll","background-type":"","background-media":"","overlay-type":"","overlay-color":"","overlay-opacity":"","overlay-gradient":""},"tablet":{"background-color":"var(--ast-global-color-5)","background-image":"","background-repeat":"repeat","background-position":"center center","background-size":"auto","background-attachment":"scroll","background-type":"","background-media":"","overlay-type":"","overlay-color":"","overlay-opacity":"","overlay-gradient":""},"mobile":{"background-color":"var(--ast-global-color-5)","background-image":"","background-repeat":"repeat","background-position":"center center","background-size":"auto","background-attachment":"scroll","background-type":"","background-media":"","overlay-type":"","overlay-color":"","overlay-opacity":"","overlay-gradient":""}},"footnotes":""},"class_list":["post-145581","page","type-page","status-publish","has-post-thumbnail","hentry"],"_links":{"self":[{"href":"https:\/\/medclinics.com\/es\/wp-json\/wp\/v2\/pages\/145581","targetHints":{"allow":["GET"]}}],"collection":[{"href":"https:\/\/medclinics.com\/es\/wp-json\/wp\/v2\/pages"}],"about":[{"href":"https:\/\/medclinics.com\/es\/wp-json\/wp\/v2\/types\/page"}],"author":[{"embeddable":true,"href":"https:\/\/medclinics.com\/es\/wp-json\/wp\/v2\/users\/4"}],"replies":[{"embeddable":true,"href":"https:\/\/medclinics.com\/es\/wp-json\/wp\/v2\/comments?post=145581"}],"version-history":[{"count":0,"href":"https:\/\/medclinics.com\/es\/wp-json\/wp\/v2\/pages\/145581\/revisions"}],"wp:featuredmedia":[{"embeddable":true,"href":"https:\/\/medclinics.com\/es\/wp-json\/wp\/v2\/media\/92277"}],"wp:attachment":[{"href":"https:\/\/medclinics.com\/es\/wp-json\/wp\/v2\/media?parent=145581"}],"curies":[{"name":"wp","href":"https:\/\/api.w.org\/{rel}","templated":true}]}}