{"id":145565,"date":"2023-04-15T12:56:49","date_gmt":"2023-04-15T12:56:49","guid":{"rendered":"https:\/\/medclinics.com\/liposuccion-vaser-2\/"},"modified":"2024-04-01T17:27:10","modified_gmt":"2024-04-01T14:27:10","slug":"liposuccion-vaser-2","status":"publish","type":"page","link":"https:\/\/medclinics.com\/es\/liposuccion-vaser-2\/","title":{"rendered":"Liposucci\u00f3n Vaser"},"content":{"rendered":"\n<h2 class=\"wp-block-heading\">Si est\u00e1 buscando una forma de conseguir un aspecto m\u00e1s esculpido, la liposucci\u00f3n Vaser puede ser la soluci\u00f3n perfecta.<\/h2>\n\n<p>La liposucci\u00f3n Vaser es una forma especializada de liposucci\u00f3n que utiliza tecnolog\u00eda de ultrasonidos para romper y eliminar selectivamente los dep\u00f3sitos de grasa no deseados. Se trata de un procedimiento est\u00e9tico m\u00ednimamente invasivo que puede centrarse en zonas espec\u00edficas del cuerpo, como el abdomen, los muslos, los brazos o los michelines.<\/p>\n\n<p>Durante la <a href=\"https:\/\/istanbul-tourist-information.com\/en\/medical-treatment\/\" target=\"_blank\" rel=\"noreferrer noopener\">liposucci\u00f3n<\/a> Vaser, el cirujano realiza peque\u00f1as incisiones en la zona deseada e inyecta una soluci\u00f3n tumescente, que ayuda a adormecer la zona y a contraer los vasos sangu\u00edneos. A continuaci\u00f3n, se inserta una peque\u00f1a sonda que emite energ\u00eda ultras\u00f3nica, que descompone las c\u00e9lulas grasas preservando los tejidos circundantes. A continuaci\u00f3n, la grasa licuada se succiona a trav\u00e9s de una fina c\u00e1nula.<\/p>\n\n<p>La ventaja es que se dirige espec\u00edficamente a las c\u00e9lulas adiposas minimizando el da\u00f1o a los tejidos circundantes, lo que produce menos traumatismo, menos tiempo de inactividad y resultados potencialmente m\u00e1s suaves en comparaci\u00f3n con las t\u00e9cnicas de liposucci\u00f3n tradicionales. Sin embargo, como cualquier procedimiento quir\u00fargico, conlleva ciertos riesgos y requiere la consulta con un cirujano pl\u00e1stico cualificado para determinar si es adecuado para las necesidades y objetivos espec\u00edficos de una persona.<\/p>\n\n<h3 class=\"wp-block-heading\">Todo lo que necesita saber sobre la <a href=\"https:\/\/medclinics.com\/es\/liposuccion-2\/\" target=\"_blank\" rel=\"noreferrer noopener\">liposucci\u00f3n<\/a>, incluido el precio, los cuidados postoperatorios y el proceso de cicatrizaci\u00f3n, o p\u00f3ngase <a href=\"#requestform\">en contacto con nosotros<\/a>.<\/h3>\n\n<figure class=\"wp-block-image size-large\"><img fetchpriority=\"high\" decoding=\"async\" width=\"5760\" height=\"3840\" src=\"https:\/\/medclinics.com\/wp-content\/uploads\/2023\/05\/vaser-liposuction.png\" alt=\"Liposucci&#xF3;n Vaser en Estambul Turqu&#xED;a\" class=\"wp-image-84998\" srcset=\"https:\/\/medclinics.com\/wp-content\/uploads\/2023\/05\/vaser-liposuction.png 5760w, https:\/\/medclinics.com\/wp-content\/uploads\/2023\/05\/vaser-liposuction-500x333.png 500w, https:\/\/medclinics.com\/wp-content\/uploads\/2023\/05\/vaser-liposuction-1024x683.png 1024w, https:\/\/medclinics.com\/wp-content\/uploads\/2023\/05\/vaser-liposuction-768x512.png 768w, https:\/\/medclinics.com\/wp-content\/uploads\/2023\/05\/vaser-liposuction-1536x1024.png 1536w, https:\/\/medclinics.com\/wp-content\/uploads\/2023\/05\/vaser-liposuction-2048x1365.png 2048w, https:\/\/medclinics.com\/wp-content\/uploads\/2023\/05\/vaser-liposuction-24x16.png 24w, https:\/\/medclinics.com\/wp-content\/uploads\/2023\/05\/vaser-liposuction-36x24.png 36w, https:\/\/medclinics.com\/wp-content\/uploads\/2023\/05\/vaser-liposuction-48x32.png 48w\" sizes=\"(max-width: 5760px) 100vw, 5760px\" \/><\/figure>\n\n<h2 class=\"wp-block-heading\">PREGUNTAS FRECUENTES<\/h2>\n<div id=\"rank-math-faq\" class=\"rank-math-block\">\n<div class=\"rank-math-list \">\n<div id=\"faq-question-1682603361561\" class=\"rank-math-list-item\">\n<h3 class=\"rank-math-question \">\u00bfEs segura la liposucci\u00f3n vaser?<\/h3>\n<div class=\"rank-math-answer \">\n\n<p>S\u00ed, la liposucci\u00f3n Vaser se considera generalmente un procedimiento seguro cuando lo realiza un cirujano pl\u00e1stico cualificado y con experiencia. Como en cualquier procedimiento quir\u00fargico, existen riesgos potenciales y complicaciones asociadas a la liposucci\u00f3n Vaser, pero son relativamente poco frecuentes. Si elige un cirujano reputado, sigue cuidadosamente las instrucciones pre y postoperatorias y mantiene un buen estado de salud general, puede asegurarse un resultado m\u00e1s seguro y satisfactorio. Es importante tener una consulta exhaustiva con un cirujano pl\u00e1stico cualificado que pueda evaluar su caso individual, discutir los riesgos y complicaciones potenciales y proporcionar recomendaciones personalizadas basadas en sus necesidades y objetivos espec\u00edficos.<\/p>\n\n<\/div>\n<\/div>\n<div id=\"faq-question-1684154435230\" class=\"rank-math-list-item\">\n<h3 class=\"rank-math-question \">\u00bfEs permanente la liposucci\u00f3n vaser?<\/h3>\n<div class=\"rank-math-answer \">\n\n<p>La liposucci\u00f3n Vaser puede proporcionar resultados duraderos, pero no garantiza la eliminaci\u00f3n permanente de la grasa. El procedimiento se centra en las c\u00e9lulas grasas no deseadas de zonas espec\u00edficas del cuerpo y las elimina. Las c\u00e9lulas grasas extra\u00eddas se eliminan permanentemente de esas zonas. No obstante, es importante tener en cuenta que las c\u00e9lulas adiposas restantes pueden seguir aumentando de tama\u00f1o si la persona gana peso despu\u00e9s de la intervenci\u00f3n. Para mantener los resultados de la liposucci\u00f3n Vaser, es esencial adoptar un estilo de vida saludable que incluya ejercicio regular y una dieta equilibrada para evitar nuevas acumulaciones de grasa. La longevidad de los resultados de la liposucci\u00f3n Vaser puede variar de una persona a otra, y factores individuales como la gen\u00e9tica, las elecciones de estilo de vida y el envejecimiento pueden influir en el resultado con el paso del tiempo. La consulta con un cirujano pl\u00e1stico cualificado puede proporcionar una mejor comprensi\u00f3n de la duraci\u00f3n prevista de los resultados y recomendaciones para el mantenimiento a largo plazo.<\/p>\n\n<\/div>\n<\/div>\n<div id=\"faq-question-1684154746000\" class=\"rank-math-list-item\">\n<h3 class=\"rank-math-question \">\u00bfFunciona la liposucci\u00f3n vaser?<\/h3>\n<div class=\"rank-math-answer \">\n\n<p>La liposucci\u00f3n Vaser es un procedimiento probado y eficaz para la eliminaci\u00f3n de grasa y el contorno corporal. Utiliza tecnolog\u00eda avanzada de ultrasonidos para localizar y eliminar selectivamente las c\u00e9lulas grasas no deseadas de zonas espec\u00edficas del cuerpo. Se ha demostrado que el procedimiento proporciona mejoras significativas y perceptibles en la forma y el contorno del cuerpo. Sin embargo, es importante se\u00f1alar que el \u00e9xito y la eficacia de la liposucci\u00f3n Vaser tambi\u00e9n dependen de factores individuales como la elasticidad de la piel y la composici\u00f3n corporal general. Lo mejor es consultar a un cirujano pl\u00e1stico cualificado que pueda evaluar su caso concreto y ofrecerle recomendaciones personalizadas basadas en sus necesidades y objetivos \u00fanicos.<\/p>\n\n<\/div>\n<\/div>\n<div id=\"faq-question-1684154774602\" class=\"rank-math-list-item\">\n<h3 class=\"rank-math-question \">\u00bfVale la pena una liposucci\u00f3n vaser?<\/h3>\n<div class=\"rank-math-answer \">\n\n<p>La decisi\u00f3n de si la liposucci\u00f3n Vaser merece la pena depende de las circunstancias y los objetivos individuales. Puede ser una opci\u00f3n que merezca la pena para las personas que deseen combatir los dep\u00f3sitos de grasa rebeldes y mejorar el contorno corporal. Sin embargo, es importante tener en cuenta factores como los riesgos potenciales, el proceso de recuperaci\u00f3n y el coste antes de tomar una decisi\u00f3n. La consulta con un cirujano pl\u00e1stico cualificado puede proporcionarle asesoramiento personalizado y ayudarle a determinar si la liposucci\u00f3n Vaser es la opci\u00f3n adecuada para usted.<\/p>\n\n<\/div>\n<\/div>\n<\/div>\n<\/div>\n<p>\u00a0<\/p>\n\n<h3 class=\"wp-block-heading\">P\u00f3ngase en contacto con nosotros si tiene alguna pregunta.<\/h3>\n","protected":false},"excerpt":{"rendered":"<p>Si est\u00e1 buscando una forma de conseguir un aspecto m\u00e1s esculpido, la liposucci\u00f3n Vaser puede ser la soluci\u00f3n perfecta. La [&hellip;]<\/p>\n","protected":false},"author":4,"featured_media":85005,"parent":0,"menu_order":0,"comment_status":"closed","ping_status":"closed","template":"","meta":{"site-sidebar-layout":"default","site-content-layout":"","ast-site-content-layout":"default","site-content-style":"default","site-sidebar-style":"default","ast-global-header-display":"","ast-banner-title-visibility":"","ast-main-header-display":"","ast-hfb-above-header-display":"","ast-hfb-below-header-display":"","ast-hfb-mobile-header-display":"","site-post-title":"","ast-breadcrumbs-content":"","ast-featured-img":"","footer-sml-layout":"","ast-disable-related-posts":"","theme-transparent-header-meta":"","adv-header-id-meta":"","stick-header-meta":"","header-above-stick-meta":"","header-main-stick-meta":"","header-below-stick-meta":"","astra-migrate-meta-layouts":"default","ast-page-background-enabled":"default","ast-page-background-meta":{"desktop":{"background-color":"var(--ast-global-color-4)","background-image":"","background-repeat":"repeat","background-position":"center center","background-size":"auto","background-attachment":"scroll","background-type":"","background-media":"","overlay-type":"","overlay-color":"","overlay-opacity":"","overlay-gradient":""},"tablet":{"background-color":"","background-image":"","background-repeat":"repeat","background-position":"center center","background-size":"auto","background-attachment":"scroll","background-type":"","background-media":"","overlay-type":"","overlay-color":"","overlay-opacity":"","overlay-gradient":""},"mobile":{"background-color":"","background-image":"","background-repeat":"repeat","background-position":"center center","background-size":"auto","background-attachment":"scroll","background-type":"","background-media":"","overlay-type":"","overlay-color":"","overlay-opacity":"","overlay-gradient":""}},"ast-content-background-meta":{"desktop":{"background-color":"var(--ast-global-color-5)","background-image":"","background-repeat":"repeat","background-position":"center center","background-size":"auto","background-attachment":"scroll","background-type":"","background-media":"","overlay-type":"","overlay-color":"","overlay-opacity":"","overlay-gradient":""},"tablet":{"background-color":"var(--ast-global-color-5)","background-image":"","background-repeat":"repeat","background-position":"center center","background-size":"auto","background-attachment":"scroll","background-type":"","background-media":"","overlay-type":"","overlay-color":"","overlay-opacity":"","overlay-gradient":""},"mobile":{"background-color":"var(--ast-global-color-5)","background-image":"","background-repeat":"repeat","background-position":"center center","background-size":"auto","background-attachment":"scroll","background-type":"","background-media":"","overlay-type":"","overlay-color":"","overlay-opacity":"","overlay-gradient":""}},"footnotes":""},"class_list":["post-145565","page","type-page","status-publish","has-post-thumbnail","hentry"],"_links":{"self":[{"href":"https:\/\/medclinics.com\/es\/wp-json\/wp\/v2\/pages\/145565","targetHints":{"allow":["GET"]}}],"collection":[{"href":"https:\/\/medclinics.com\/es\/wp-json\/wp\/v2\/pages"}],"about":[{"href":"https:\/\/medclinics.com\/es\/wp-json\/wp\/v2\/types\/page"}],"author":[{"embeddable":true,"href":"https:\/\/medclinics.com\/es\/wp-json\/wp\/v2\/users\/4"}],"replies":[{"embeddable":true,"href":"https:\/\/medclinics.com\/es\/wp-json\/wp\/v2\/comments?post=145565"}],"version-history":[{"count":0,"href":"https:\/\/medclinics.com\/es\/wp-json\/wp\/v2\/pages\/145565\/revisions"}],"wp:featuredmedia":[{"embeddable":true,"href":"https:\/\/medclinics.com\/es\/wp-json\/wp\/v2\/media\/85005"}],"wp:attachment":[{"href":"https:\/\/medclinics.com\/es\/wp-json\/wp\/v2\/media?parent=145565"}],"curies":[{"name":"wp","href":"https:\/\/api.w.org\/{rel}","templated":true}]}}