{"id":145553,"date":"2023-05-15T12:29:46","date_gmt":"2023-05-15T09:29:46","guid":{"rendered":"https:\/\/medclinics.com\/liposuccion-de-brazos\/"},"modified":"2024-12-30T19:14:29","modified_gmt":"2024-12-30T16:14:29","slug":"liposuccion-de-brazos","status":"publish","type":"page","link":"https:\/\/medclinics.com\/es\/liposuccion-de-brazos\/","title":{"rendered":"Liposucci\u00f3n de brazos"},"content":{"rendered":"\n<h2 class=\"wp-block-heading\">Si est\u00e1 buscando una forma de transformaci\u00f3n que revele unos brazos elegantes y esculpidos, la liposucci\u00f3n de brazos puede ser la soluci\u00f3n perfecta.<\/h2>\n\n<p>La liposucci\u00f3n de brazos es un procedimiento cosm\u00e9tico cuyo objetivo es eliminar el exceso de grasa de la parte superior de los brazos. Se suele realizar en personas que tienen dep\u00f3sitos de grasa localizados en la zona de los brazos que se resisten a la dieta y el ejercicio.<\/p>\n\n<p>Durante la <a href=\"https:\/\/istanbul-tourist-information.com\/en\/medical-treatment\/\" target=\"_blank\" rel=\"noreferrer noopener\">liposucci\u00f3n de<\/a> brazos, se realizan peque\u00f1as incisiones en lugares discretos y se introduce un tubo fino denominado c\u00e1nula para succionar el exceso de grasa. El cirujano maniobra cuidadosamente la c\u00e1nula para localizar y eliminar los dep\u00f3sitos de grasa, esculpiendo los brazos para conseguir un aspecto m\u00e1s contorneado y proporcionado.<\/p>\n\n<p>La liposucci\u00f3n de brazos suele realizarse como procedimiento ambulatorio bajo anestesia local o general, dependiendo del alcance del tratamiento. Ofrece una alternativa menos invasiva que la cirug\u00eda tradicional de lifting de brazos y, por lo general, implica un tiempo de recuperaci\u00f3n m\u00e1s corto. Sin embargo, aborda principalmente el exceso de grasa y puede no tratar eficazmente la flacidez de la piel. En los casos en los que existe una laxitud cut\u00e1nea importante, puede recomendarse una combinaci\u00f3n de liposucci\u00f3n y lifting de brazos para obtener unos resultados \u00f3ptimos. La consulta con un cirujano pl\u00e1stico cualificado puede proporcionar una mejor comprensi\u00f3n de la idoneidad y los posibles resultados de la liposucci\u00f3n de brazos para las necesidades individuales.<\/p>\n\n<h3 class=\"wp-block-heading\">Todo lo que necesita saber sobre <a href=\"https:\/\/medclinics.com\/es\/liposuccion-2\/\" target=\"_blank\" rel=\"noreferrer noopener\">la liposucci\u00f3n<\/a>, incluido el precio, los cuidados posteriores y el proceso de curaci\u00f3n, o p\u00f3ngase <a href=\"#requestform\">en contacto con nosotros<\/a>.<\/h3>\n\n<figure class=\"wp-block-image size-large is-resized\"><img fetchpriority=\"high\" decoding=\"async\" width=\"5039\" height=\"3359\" src=\"https:\/\/medclinics.com\/wp-content\/uploads\/2023\/05\/arm-liposuction.png\" alt=\"Lifting de brazos Estambul Turqu&#xED;a\" class=\"wp-image-84941\" style=\"width:960px;height:540px\" srcset=\"https:\/\/medclinics.com\/wp-content\/uploads\/2023\/05\/arm-liposuction.png 5039w, https:\/\/medclinics.com\/wp-content\/uploads\/2023\/05\/arm-liposuction-500x333.png 500w, https:\/\/medclinics.com\/wp-content\/uploads\/2023\/05\/arm-liposuction-1024x683.png 1024w, https:\/\/medclinics.com\/wp-content\/uploads\/2023\/05\/arm-liposuction-768x512.png 768w, https:\/\/medclinics.com\/wp-content\/uploads\/2023\/05\/arm-liposuction-1536x1024.png 1536w, https:\/\/medclinics.com\/wp-content\/uploads\/2023\/05\/arm-liposuction-2048x1365.png 2048w, https:\/\/medclinics.com\/wp-content\/uploads\/2023\/05\/arm-liposuction-24x16.png 24w, https:\/\/medclinics.com\/wp-content\/uploads\/2023\/05\/arm-liposuction-36x24.png 36w, https:\/\/medclinics.com\/wp-content\/uploads\/2023\/05\/arm-liposuction-48x32.png 48w\" sizes=\"(max-width: 5039px) 100vw, 5039px\" \/><\/figure>\n\n<h2 class=\"wp-block-heading\">PREGUNTAS FRECUENTES<\/h2>\n<div id=\"rank-math-faq\" class=\"rank-math-block\">\n<div class=\"rank-math-list \">\n<div id=\"faq-question-1682603361561\" class=\"rank-math-list-item\">\n<h3 class=\"rank-math-question \">\u00bfMerece la pena el lifting de brazos?<\/h3>\n<div class=\"rank-math-answer \">\n\n<p>La decisi\u00f3n de si merece la pena un lifting de brazos depende de las circunstancias individuales y de las preferencias personales. Un lifting de brazos puede ser beneficioso para las personas a las que les molesta el exceso de piel fl\u00e1cida y grasa en la parte superior de los brazos. Puede mejorar el contorno de los brazos, crear un aspecto m\u00e1s tonificado y aumentar la confianza en uno mismo. Sin embargo, es importante tener en cuenta varios factores antes de decidir si un lifting de brazos merece la pena. Entre ellos se incluyen los posibles riesgos y complicaciones asociados a la cirug\u00eda, el proceso de recuperaci\u00f3n y el coste que conlleva. Adem\u00e1s, es esencial tener expectativas realistas, ya que un lifting de brazos dejar\u00e1 una cicatriz visible a lo largo de la cara interna del brazo.<\/p>\n\n<\/div>\n<\/div>\n<div id=\"faq-question-1684152986827\" class=\"rank-math-list-item\">\n<h3 class=\"rank-math-question \">\u00bfEs segura la liposucci\u00f3n de brazos?<\/h3>\n<div class=\"rank-math-answer \">\n\n<p>La liposucci\u00f3n de brazos suele considerarse un procedimiento seguro cuando lo realiza un cirujano pl\u00e1stico cualificado y con experiencia. Como cualquier procedimiento quir\u00fargico, existen riesgos inherentes y posibles complicaciones asociadas a la liposucci\u00f3n de brazos, pero son relativamente poco frecuentes.<\/p>\n\n<\/div>\n<\/div>\n<div id=\"faq-question-1684153069636\" class=\"rank-math-list-item\">\n<h3 class=\"rank-math-question \">\u00bfEs dolorosa la liposucci\u00f3n de brazos?<\/h3>\n<div class=\"rank-math-answer \">\n\n<p>La liposucci\u00f3n de brazos puede conllevar algunas molestias durante el periodo de recuperaci\u00f3n, como hinchaz\u00f3n, hematomas, dolor y sensibilidad. Sin embargo, el dolor puede tratarse con medicaci\u00f3n prescrita. Es importante seguir las instrucciones postoperatorias proporcionadas por su cirujano para garantizar una recuperaci\u00f3n m\u00e1s suave y c\u00f3moda.<\/p>\n\n<\/div>\n<\/div>\n<\/div>\n<\/div>\n<p>\u00a0<\/p>\n\n<h3 class=\"wp-block-heading\">P\u00f3ngase en contacto con nosotros si tiene alguna pregunta.<\/h3>\n","protected":false},"excerpt":{"rendered":"<p>Si est\u00e1 buscando una forma de transformaci\u00f3n que revele unos brazos elegantes y esculpidos, la liposucci\u00f3n de brazos puede ser [&hellip;]<\/p>\n","protected":false},"author":4,"featured_media":84948,"parent":0,"menu_order":0,"comment_status":"closed","ping_status":"closed","template":"","meta":{"site-sidebar-layout":"default","site-content-layout":"","ast-site-content-layout":"default","site-content-style":"default","site-sidebar-style":"default","ast-global-header-display":"","ast-banner-title-visibility":"","ast-main-header-display":"","ast-hfb-above-header-display":"","ast-hfb-below-header-display":"","ast-hfb-mobile-header-display":"","site-post-title":"","ast-breadcrumbs-content":"","ast-featured-img":"","footer-sml-layout":"","ast-disable-related-posts":"","theme-transparent-header-meta":"","adv-header-id-meta":"","stick-header-meta":"","header-above-stick-meta":"","header-main-stick-meta":"","header-below-stick-meta":"","astra-migrate-meta-layouts":"default","ast-page-background-enabled":"default","ast-page-background-meta":{"desktop":{"background-color":"var(--ast-global-color-4)","background-image":"","background-repeat":"repeat","background-position":"center center","background-size":"auto","background-attachment":"scroll","background-type":"","background-media":"","overlay-type":"","overlay-color":"","overlay-opacity":"","overlay-gradient":""},"tablet":{"background-color":"","background-image":"","background-repeat":"repeat","background-position":"center center","background-size":"auto","background-attachment":"scroll","background-type":"","background-media":"","overlay-type":"","overlay-color":"","overlay-opacity":"","overlay-gradient":""},"mobile":{"background-color":"","background-image":"","background-repeat":"repeat","background-position":"center center","background-size":"auto","background-attachment":"scroll","background-type":"","background-media":"","overlay-type":"","overlay-color":"","overlay-opacity":"","overlay-gradient":""}},"ast-content-background-meta":{"desktop":{"background-color":"var(--ast-global-color-5)","background-image":"","background-repeat":"repeat","background-position":"center center","background-size":"auto","background-attachment":"scroll","background-type":"","background-media":"","overlay-type":"","overlay-color":"","overlay-opacity":"","overlay-gradient":""},"tablet":{"background-color":"var(--ast-global-color-5)","background-image":"","background-repeat":"repeat","background-position":"center center","background-size":"auto","background-attachment":"scroll","background-type":"","background-media":"","overlay-type":"","overlay-color":"","overlay-opacity":"","overlay-gradient":""},"mobile":{"background-color":"var(--ast-global-color-5)","background-image":"","background-repeat":"repeat","background-position":"center center","background-size":"auto","background-attachment":"scroll","background-type":"","background-media":"","overlay-type":"","overlay-color":"","overlay-opacity":"","overlay-gradient":""}},"footnotes":""},"class_list":["post-145553","page","type-page","status-publish","has-post-thumbnail","hentry"],"_links":{"self":[{"href":"https:\/\/medclinics.com\/es\/wp-json\/wp\/v2\/pages\/145553","targetHints":{"allow":["GET"]}}],"collection":[{"href":"https:\/\/medclinics.com\/es\/wp-json\/wp\/v2\/pages"}],"about":[{"href":"https:\/\/medclinics.com\/es\/wp-json\/wp\/v2\/types\/page"}],"author":[{"embeddable":true,"href":"https:\/\/medclinics.com\/es\/wp-json\/wp\/v2\/users\/4"}],"replies":[{"embeddable":true,"href":"https:\/\/medclinics.com\/es\/wp-json\/wp\/v2\/comments?post=145553"}],"version-history":[{"count":0,"href":"https:\/\/medclinics.com\/es\/wp-json\/wp\/v2\/pages\/145553\/revisions"}],"wp:featuredmedia":[{"embeddable":true,"href":"https:\/\/medclinics.com\/es\/wp-json\/wp\/v2\/media\/84948"}],"wp:attachment":[{"href":"https:\/\/medclinics.com\/es\/wp-json\/wp\/v2\/media?parent=145553"}],"curies":[{"name":"wp","href":"https:\/\/api.w.org\/{rel}","templated":true}]}}