{"id":145541,"date":"2023-05-15T12:08:51","date_gmt":"2023-05-15T09:08:51","guid":{"rendered":"https:\/\/medclinics.com\/elevacion-de-brazos\/"},"modified":"2024-12-30T19:15:19","modified_gmt":"2024-12-30T16:15:19","slug":"elevacion-de-brazos","status":"publish","type":"page","link":"https:\/\/medclinics.com\/es\/elevacion-de-brazos\/","title":{"rendered":"Elevaci\u00f3n de brazos"},"content":{"rendered":"\n<h2 class=\"wp-block-heading\">Si busca una forma de transformaci\u00f3n que revele unos brazos elegantes y esculpidos, el lifting de brazos puede ser la soluci\u00f3n perfecta.<\/h2>\n\n<p>El lifting de brazos, tambi\u00e9n conocido como braquioplastia, es una intervenci\u00f3n quir\u00fargica cuyo objetivo es remodelar y mejorar el aspecto de la parte superior de los brazos. Suelen solicitarla las personas que tienen un exceso de piel fl\u00e1cida y dep\u00f3sitos de grasa en la zona superior del brazo, normalmente causados por factores como el envejecimiento, la p\u00e9rdida de peso o la predisposici\u00f3n gen\u00e9tica.<\/p>\n\n<p>La intervenci\u00f3n consiste en eliminar el exceso de piel y grasa de los brazos, tensar los tejidos subyacentes y remodelar los brazos para darles un aspecto m\u00e1s tonificado y juvenil.Durante una intervenci\u00f3n de <a href=\"https:\/\/istanbul-tourist-information.com\/en\/\" target=\"_blank\" rel=\"noopener\">lifting de brazos<\/a>, se realiza una incisi\u00f3n a lo largo de la cara interna del brazo, que suele extenderse desde la axila hasta el codo.<\/p>\n\n<p>La longitud y el patr\u00f3n de la incisi\u00f3n pueden variar en funci\u00f3n de las necesidades espec\u00edficas de cada persona. A trav\u00e9s de esta incisi\u00f3n, el cirujano elimina el exceso de piel y grasa, y tambi\u00e9n puede tensar y remodelar los tejidos subyacentes, como las estructuras de sost\u00e9n y los m\u00fasculos. A continuaci\u00f3n, la piel restante se recoloca y se sutura en su sitio, con lo que se consiguen unos brazos m\u00e1s suaves y definidos.<\/p>\n\n<h3 class=\"wp-block-heading\">Todo lo que necesita saber sobre la <a href=\"https:\/\/medclinics.com\/es\/cirugia-plastica-y-estetica\/\" target=\"_blank\" rel=\"noreferrer noopener\">cirug\u00eda pl\u00e1stica y<\/a> est\u00e9tica, incluido el precio, los cuidados postoperatorios y el proceso de cicatrizaci\u00f3n, o p\u00f3ngase <a href=\"#requestform\">en contacto con nosotros<\/a>.<\/h3>\n\n<figure class=\"wp-block-image size-large\"><img fetchpriority=\"high\" decoding=\"async\" width=\"5184\" height=\"3456\" class=\"wp-image-84869\" src=\"https:\/\/medclinics.com\/wp-content\/uploads\/2023\/05\/arm-lift.png\" alt=\"Elevaci&#xF3;n de brazos\" srcset=\"https:\/\/medclinics.com\/wp-content\/uploads\/2023\/05\/arm-lift.png 5184w, https:\/\/medclinics.com\/wp-content\/uploads\/2023\/05\/arm-lift-500x333.png 500w, https:\/\/medclinics.com\/wp-content\/uploads\/2023\/05\/arm-lift-1024x683.png 1024w, https:\/\/medclinics.com\/wp-content\/uploads\/2023\/05\/arm-lift-768x512.png 768w, https:\/\/medclinics.com\/wp-content\/uploads\/2023\/05\/arm-lift-1536x1024.png 1536w, https:\/\/medclinics.com\/wp-content\/uploads\/2023\/05\/arm-lift-2048x1365.png 2048w, https:\/\/medclinics.com\/wp-content\/uploads\/2023\/05\/arm-lift-24x16.png 24w, https:\/\/medclinics.com\/wp-content\/uploads\/2023\/05\/arm-lift-36x24.png 36w, https:\/\/medclinics.com\/wp-content\/uploads\/2023\/05\/arm-lift-48x32.png 48w\" sizes=\"(max-width: 5184px) 100vw, 5184px\" \/><\/figure>\n\n<h2 class=\"wp-block-heading\">PREGUNTAS FRECUENTES<\/h2>\n<div id=\"rank-math-faq\" class=\"rank-math-block\">\n<div class=\"rank-math-list \">\n<div id=\"faq-question-1682603361561\" class=\"rank-math-list-item\">\n<h3 class=\"rank-math-question \">\u00bfEs dolorosa la cirug\u00eda de lifting de brazos?<\/h3>\n<div class=\"rank-math-answer \">\n\n<p>La cirug\u00eda de lifting de brazos puede ser dolorosa durante el periodo de recuperaci\u00f3n. El procedimiento consiste en realizar incisiones, eliminar el exceso de piel y grasa y, posiblemente, tensar los tejidos subyacentes. Este proceso quir\u00fargico puede provocar dolor y molestias postoperatorias mientras el cuerpo se recupera. La inflamaci\u00f3n, los hematomas, la sensibilidad y el dolor son habituales despu\u00e9s de la intervenci\u00f3n. Sin embargo, es importante tener en cuenta que el dolor experimentado var\u00eda de una persona a otra. Algunos individuos pueden tener una mayor tolerancia al dolor y experimentar menos molestias que otros. Adem\u00e1s, el alcance de la intervenci\u00f3n y las t\u00e9cnicas del cirujano tambi\u00e9n pueden influir en el nivel de dolor experimentado.<\/p>\n\n<\/div>\n<\/div>\n<div id=\"faq-question-1684151966879\" class=\"rank-math-list-item\">\n<h3 class=\"rank-math-question \">\u00bfEs peligrosa la cirug\u00eda de lifting de brazos?<\/h3>\n<div class=\"rank-math-answer \">\n\n<p>Como cualquier intervenci\u00f3n quir\u00fargica, la cirug\u00eda de lifting de brazos conlleva ciertos riesgos y posibles complicaciones. Sin embargo, en general se considera un procedimiento seguro cuando lo realiza un cirujano pl\u00e1stico cualificado y con experiencia. Los riesgos potenciales incluyen infecci\u00f3n, hemorragia, mala cicatrizaci\u00f3n de la herida, cicatrices, asimetr\u00eda, lesiones nerviosas, acumulaci\u00f3n de l\u00edquido y reacciones adversas a la anestesia. Estos riesgos pueden minimizarse eligiendo un cirujano de confianza, siguiendo las instrucciones pre y postoperatorias y comunicando al cirujano su historial m\u00e9dico completo. Para garantizar la seguridad de la intervenci\u00f3n, es importante realizar una consulta exhaustiva con un cirujano pl\u00e1stico cualificado que pueda evaluar su caso concreto, comentar los posibles riesgos y complicaciones y ofrecerle recomendaciones personalizadas.<\/p>\n\n<\/div>\n<\/div>\n<div id=\"faq-question-1684152117536\" class=\"rank-math-list-item\">\n<h3 class=\"rank-math-question \">\u00bfQu\u00e9 es la cirug\u00eda de lifting de brazos?<\/h3>\n<div class=\"rank-math-answer \">\n\n<p>La cirug\u00eda de lifting de brazos, tambi\u00e9n llamada braquioplastia, es un procedimiento est\u00e9tico cuyo objetivo es mejorar el aspecto de la parte superior de los brazos. Consiste en eliminar el exceso de piel y grasa y tensar los tejidos subyacentes para conseguir unos brazos m\u00e1s tonificados y definidos.<\/p>\n\n<\/div>\n<\/div>\n<div id=\"faq-question-1684152177743\" class=\"rank-math-list-item\">\n<h3 class=\"rank-math-question \">\u00bfMerece la pena el lifting de brazos?<\/h3>\n<div class=\"rank-math-answer \">\n\n<p>La decisi\u00f3n de si merece la pena un lifting de brazos depende de las circunstancias, preferencias y objetivos individuales. Para las personas a las que les molesta el exceso de piel fl\u00e1cida y grasa en la parte superior de los brazos, un lifting de brazos puede ser un procedimiento transformador que mejore el contorno de los brazos y aumente la confianza en s\u00ed mismos. Puede ayudar a las personas a sentirse m\u00e1s c\u00f3modas con ropa sin mangas o de manga corta y mejorar su aspecto general. Sin embargo, es importante tener en cuenta los riesgos potenciales, el proceso de recuperaci\u00f3n y el coste asociado al procedimiento. Adem\u00e1s, deben establecerse expectativas realistas, ya que un lifting de brazos dejar\u00e1 una cicatriz visible a lo largo de la cara interna del brazo. La consulta con un cirujano pl\u00e1stico cualificado puede proporcionar una mejor comprensi\u00f3n de los posibles beneficios y limitaciones en relaci\u00f3n con los objetivos y expectativas individuales. En \u00faltima instancia, la decisi\u00f3n de si merece la pena someterse a un lifting de brazos es una decisi\u00f3n personal que debe considerarse detenidamente en consulta con un profesional m\u00e9dico de confianza.<\/p>\n\n<\/div>\n<\/div>\n<\/div>\n<\/div>\n<p>\u00a0<\/p>\n\n<h3 class=\"wp-block-heading\">P\u00f3ngase en contacto con nosotros si tiene alguna pregunta.<\/h3>\n","protected":false},"excerpt":{"rendered":"<p>Si busca una forma de transformaci\u00f3n que revele unos brazos elegantes y esculpidos, el lifting de brazos puede ser la [&hellip;]<\/p>\n","protected":false},"author":4,"featured_media":84909,"parent":0,"menu_order":0,"comment_status":"closed","ping_status":"closed","template":"","meta":{"site-sidebar-layout":"default","site-content-layout":"","ast-site-content-layout":"default","site-content-style":"default","site-sidebar-style":"default","ast-global-header-display":"","ast-banner-title-visibility":"","ast-main-header-display":"","ast-hfb-above-header-display":"","ast-hfb-below-header-display":"","ast-hfb-mobile-header-display":"","site-post-title":"","ast-breadcrumbs-content":"","ast-featured-img":"","footer-sml-layout":"","ast-disable-related-posts":"","theme-transparent-header-meta":"","adv-header-id-meta":"","stick-header-meta":"","header-above-stick-meta":"","header-main-stick-meta":"","header-below-stick-meta":"","astra-migrate-meta-layouts":"default","ast-page-background-enabled":"default","ast-page-background-meta":{"desktop":{"background-color":"var(--ast-global-color-4)","background-image":"","background-repeat":"repeat","background-position":"center center","background-size":"auto","background-attachment":"scroll","background-type":"","background-media":"","overlay-type":"","overlay-color":"","overlay-opacity":"","overlay-gradient":""},"tablet":{"background-color":"","background-image":"","background-repeat":"repeat","background-position":"center center","background-size":"auto","background-attachment":"scroll","background-type":"","background-media":"","overlay-type":"","overlay-color":"","overlay-opacity":"","overlay-gradient":""},"mobile":{"background-color":"","background-image":"","background-repeat":"repeat","background-position":"center center","background-size":"auto","background-attachment":"scroll","background-type":"","background-media":"","overlay-type":"","overlay-color":"","overlay-opacity":"","overlay-gradient":""}},"ast-content-background-meta":{"desktop":{"background-color":"var(--ast-global-color-5)","background-image":"","background-repeat":"repeat","background-position":"center center","background-size":"auto","background-attachment":"scroll","background-type":"","background-media":"","overlay-type":"","overlay-color":"","overlay-opacity":"","overlay-gradient":""},"tablet":{"background-color":"var(--ast-global-color-5)","background-image":"","background-repeat":"repeat","background-position":"center center","background-size":"auto","background-attachment":"scroll","background-type":"","background-media":"","overlay-type":"","overlay-color":"","overlay-opacity":"","overlay-gradient":""},"mobile":{"background-color":"var(--ast-global-color-5)","background-image":"","background-repeat":"repeat","background-position":"center center","background-size":"auto","background-attachment":"scroll","background-type":"","background-media":"","overlay-type":"","overlay-color":"","overlay-opacity":"","overlay-gradient":""}},"footnotes":""},"class_list":["post-145541","page","type-page","status-publish","has-post-thumbnail","hentry"],"_links":{"self":[{"href":"https:\/\/medclinics.com\/es\/wp-json\/wp\/v2\/pages\/145541","targetHints":{"allow":["GET"]}}],"collection":[{"href":"https:\/\/medclinics.com\/es\/wp-json\/wp\/v2\/pages"}],"about":[{"href":"https:\/\/medclinics.com\/es\/wp-json\/wp\/v2\/types\/page"}],"author":[{"embeddable":true,"href":"https:\/\/medclinics.com\/es\/wp-json\/wp\/v2\/users\/4"}],"replies":[{"embeddable":true,"href":"https:\/\/medclinics.com\/es\/wp-json\/wp\/v2\/comments?post=145541"}],"version-history":[{"count":0,"href":"https:\/\/medclinics.com\/es\/wp-json\/wp\/v2\/pages\/145541\/revisions"}],"wp:featuredmedia":[{"embeddable":true,"href":"https:\/\/medclinics.com\/es\/wp-json\/wp\/v2\/media\/84909"}],"wp:attachment":[{"href":"https:\/\/medclinics.com\/es\/wp-json\/wp\/v2\/media?parent=145541"}],"curies":[{"name":"wp","href":"https:\/\/api.w.org\/{rel}","templated":true}]}}