{"id":145531,"date":"2023-05-15T11:40:55","date_gmt":"2023-05-15T08:40:55","guid":{"rendered":"https:\/\/medclinics.com\/aplicacion-de-la-fibra\/"},"modified":"2025-01-02T15:53:56","modified_gmt":"2025-01-02T12:53:56","slug":"aplicacion-de-la-fibra","status":"publish","type":"page","link":"https:\/\/medclinics.com\/es\/aplicacion-de-la-fibra\/","title":{"rendered":"Aplicaci\u00f3n de la fibra"},"content":{"rendered":"\n<h2 class=\"wp-block-heading\">La aplicaci\u00f3n de fibras es una t\u00e9cnica utilizada en el tratamiento dental.<\/h2>\n\n<p>En esta t\u00e9cnica se utilizan materiales de fibra especialmente dise\u00f1ados para los dientes. Estos materiales se colocan en la zona da\u00f1ada o rota del diente y la refuerzan, preservando la estructura original del diente.<\/p>\n\n<p>Especialmente en el tratamiento de da\u00f1os en la zona de la ra\u00edz del diente son aplicaciones de fibra con eficacia. Esta pr\u00e1ctica ayuda a los dentistas a salvar dientes da\u00f1ados por diversas razones.<\/p>\n\n<p>La aplicaci\u00f3n de <a href=\"https:\/\/en.wikipedia.org\/wiki\/Fiber\" target=\"_blank\" rel=\"noreferrer noopener\">fibras<\/a> es menos invasiva que otros m\u00e9todos de tratamiento dental y reduce el dolor y las molestias de los pacientes. Por ello, los dentistas suelen preferirla.<\/p>\n\n<p>Sin embargo, la aplicaci\u00f3n de fibras puede no ser adecuada para todos los pacientes. Por lo tanto, es necesaria la evaluaci\u00f3n de un dentista en cada caso. Tambi\u00e9n es importante que los pacientes lleven a cabo un cuidado dental regular tras la aplicaci\u00f3n de la fibra.<\/p>\n\n<h3 class=\"wp-block-heading\">Todo lo que necesita saber sobre <a href=\"https:\/\/medclinics.com\/dental-treatment\/\" target=\"_blank\" rel=\"noreferrer noopener\">tratamientos dentales<\/a>, incluido el precio, los cuidados postoperatorios y el proceso de cicatrizaci\u00f3n, o p\u00f3ngase <a href=\"#requestform\">en contacto con nosotros<\/a>.<\/h3>\n\n<figure class=\"wp-block-image size-full\"><img fetchpriority=\"high\" decoding=\"async\" width=\"960\" height=\"580\" class=\"wp-image-84772\" src=\"https:\/\/medclinics.com\/wp-content\/uploads\/2023\/05\/fiber-application.jpg\" alt=\"\" srcset=\"https:\/\/medclinics.com\/wp-content\/uploads\/2023\/05\/fiber-application.jpg 960w, https:\/\/medclinics.com\/wp-content\/uploads\/2023\/05\/fiber-application-500x302.jpg 500w, https:\/\/medclinics.com\/wp-content\/uploads\/2023\/05\/fiber-application-768x464.jpg 768w, https:\/\/medclinics.com\/wp-content\/uploads\/2023\/05\/fiber-application-24x15.jpg 24w, https:\/\/medclinics.com\/wp-content\/uploads\/2023\/05\/fiber-application-36x22.jpg 36w, https:\/\/medclinics.com\/wp-content\/uploads\/2023\/05\/fiber-application-48x29.jpg 48w\" sizes=\"(max-width: 960px) 100vw, 960px\" \/><\/figure>\n\n<h3 class=\"wp-block-heading\">PREGUNTAS FRECUENTES<\/h3>\n<div id=\"rank-math-faq\" class=\"rank-math-block\">\n<div class=\"rank-math-list \">\n<div id=\"faq-question-1683898477333\" class=\"rank-math-list-item\">\n<h3 class=\"rank-math-question \">\u00bfPor qu\u00e9 se utilizan fibras en los composites?<\/h3>\n<div class=\"rank-math-answer \">\n\n<p>Las fibras se a\u00f1aden a los composites dentales para mejorar su resistencia, tenacidad, manejo y resistencia al desgaste, fractura, contracci\u00f3n y sensibilidad.<\/p>\n\n<\/div>\n<\/div>\n<div id=\"faq-question-1683898525995\" class=\"rank-math-list-item\">\n<h3 class=\"rank-math-question \">\u00bfCu\u00e1les son los distintos tipos de fibra utilizados en la pulpa dental?<\/h3>\n<div class=\"rank-math-answer \">\n\n<p>Las fibras m\u00e1s utilizadas en los composites dentales son de vidrio, carbono o materiales cer\u00e1micos, y su tipo y cantidad pueden variar en funci\u00f3n de la aplicaci\u00f3n espec\u00edfica y las propiedades deseadas del material.<\/p>\n\n<\/div>\n<\/div>\n<div id=\"faq-question-1683898720036\" class=\"rank-math-list-item\">\n<h3 class=\"rank-math-question \">\u00bfQu\u00e9 es la odontolog\u00eda reforzada con fibra?<\/h3>\n<div class=\"rank-math-answer \">\n\n<p>Los composites dentales reforzados con fibras contienen peque\u00f1as fibras de vidrio, carbono o cer\u00e1mica para mejorar sus propiedades mec\u00e1nicas y su resistencia al desgaste, la fractura, la abrasi\u00f3n y la sensibilidad. Las fibras se mezclan con la matriz de resina compuesta y a\u00f1aden resistencia y durabilidad al material. Los composites dentales reforzados con fibra se utilizan habitualmente para restauraciones dentales como empastes, coronas y puentes.<\/p>\n\n<\/div>\n<\/div>\n<\/div>\n<\/div>\n<p>\u00a0<\/p>\n\n<h3 class=\"wp-block-heading\">P\u00f3ngase en contacto con nosotros si tiene alguna pregunta.<\/h3>\n","protected":false},"excerpt":{"rendered":"<p>La aplicaci\u00f3n de fibras es una t\u00e9cnica utilizada en el tratamiento dental. En esta t\u00e9cnica se utilizan materiales de fibra [&hellip;]<\/p>\n","protected":false},"author":4,"featured_media":92263,"parent":0,"menu_order":0,"comment_status":"closed","ping_status":"closed","template":"","meta":{"site-sidebar-layout":"default","site-content-layout":"","ast-site-content-layout":"default","site-content-style":"default","site-sidebar-style":"default","ast-global-header-display":"","ast-banner-title-visibility":"","ast-main-header-display":"","ast-hfb-above-header-display":"","ast-hfb-below-header-display":"","ast-hfb-mobile-header-display":"","site-post-title":"","ast-breadcrumbs-content":"","ast-featured-img":"","footer-sml-layout":"","ast-disable-related-posts":"","theme-transparent-header-meta":"","adv-header-id-meta":"","stick-header-meta":"","header-above-stick-meta":"","header-main-stick-meta":"","header-below-stick-meta":"","astra-migrate-meta-layouts":"default","ast-page-background-enabled":"default","ast-page-background-meta":{"desktop":{"background-color":"var(--ast-global-color-4)","background-image":"","background-repeat":"repeat","background-position":"center center","background-size":"auto","background-attachment":"scroll","background-type":"","background-media":"","overlay-type":"","overlay-color":"","overlay-opacity":"","overlay-gradient":""},"tablet":{"background-color":"","background-image":"","background-repeat":"repeat","background-position":"center center","background-size":"auto","background-attachment":"scroll","background-type":"","background-media":"","overlay-type":"","overlay-color":"","overlay-opacity":"","overlay-gradient":""},"mobile":{"background-color":"","background-image":"","background-repeat":"repeat","background-position":"center center","background-size":"auto","background-attachment":"scroll","background-type":"","background-media":"","overlay-type":"","overlay-color":"","overlay-opacity":"","overlay-gradient":""}},"ast-content-background-meta":{"desktop":{"background-color":"var(--ast-global-color-5)","background-image":"","background-repeat":"repeat","background-position":"center center","background-size":"auto","background-attachment":"scroll","background-type":"","background-media":"","overlay-type":"","overlay-color":"","overlay-opacity":"","overlay-gradient":""},"tablet":{"background-color":"var(--ast-global-color-5)","background-image":"","background-repeat":"repeat","background-position":"center center","background-size":"auto","background-attachment":"scroll","background-type":"","background-media":"","overlay-type":"","overlay-color":"","overlay-opacity":"","overlay-gradient":""},"mobile":{"background-color":"var(--ast-global-color-5)","background-image":"","background-repeat":"repeat","background-position":"center center","background-size":"auto","background-attachment":"scroll","background-type":"","background-media":"","overlay-type":"","overlay-color":"","overlay-opacity":"","overlay-gradient":""}},"footnotes":""},"class_list":["post-145531","page","type-page","status-publish","has-post-thumbnail","hentry"],"_links":{"self":[{"href":"https:\/\/medclinics.com\/es\/wp-json\/wp\/v2\/pages\/145531","targetHints":{"allow":["GET"]}}],"collection":[{"href":"https:\/\/medclinics.com\/es\/wp-json\/wp\/v2\/pages"}],"about":[{"href":"https:\/\/medclinics.com\/es\/wp-json\/wp\/v2\/types\/page"}],"author":[{"embeddable":true,"href":"https:\/\/medclinics.com\/es\/wp-json\/wp\/v2\/users\/4"}],"replies":[{"embeddable":true,"href":"https:\/\/medclinics.com\/es\/wp-json\/wp\/v2\/comments?post=145531"}],"version-history":[{"count":0,"href":"https:\/\/medclinics.com\/es\/wp-json\/wp\/v2\/pages\/145531\/revisions"}],"wp:featuredmedia":[{"embeddable":true,"href":"https:\/\/medclinics.com\/es\/wp-json\/wp\/v2\/media\/92263"}],"wp:attachment":[{"href":"https:\/\/medclinics.com\/es\/wp-json\/wp\/v2\/media?parent=145531"}],"curies":[{"name":"wp","href":"https:\/\/api.w.org\/{rel}","templated":true}]}}